{"id":1026,"date":"2019-11-18T09:16:24","date_gmt":"2019-11-18T09:16:24","guid":{"rendered":"https:\/\/kopperschmidt-spritztechnik.de\/?page_id=1026"},"modified":"2024-05-23T07:30:06","modified_gmt":"2024-05-23T07:30:06","slug":"materialdruckregler-pneumatisch","status":"publish","type":"page","link":"https:\/\/kopperschmidt-spritztechnik.de\/index.php\/automatisierungstechnik\/materialdruckregler-pneumatisch\/","title":{"rendered":"Materialdruckregler pneumatisch"},"content":{"rendered":"<p>[et_pb_section fb_built=&#8220;1&#8243; _builder_version=&#8220;4.0.6&#8243; use_background_color_gradient=&#8220;on&#8220; background_color_gradient_start=&#8220;#000000&#8243; background_color_gradient_end=&#8220;#c4c4c4&#8243;][et_pb_row column_structure=&#8220;1_4,1_4,1_4,1_4&#8243; _builder_version=&#8220;4.0.6&#8243;][et_pb_column type=&#8220;1_4&#8243; _builder_version=&#8220;4.0.6&#8243;][et_pb_blurb title=&#8220;P10-VP&#8220; url=&#8220;https:\/\/kopperschmidt-spritztechnik.de\/index.php\/pu_materialdruckregler_ks-p10vp\/&#8220; image=&#8220;https:\/\/kopperschmidt-spritztechnik.de\/wp-content\/uploads\/2019\/11\/Shop_P10_VP-RP_Manometer.jpg&#8220; _builder_version=&#8220;4.0.9&#8243; text_orientation=&#8220;center&#8220; link_option_url=&#8220;https:\/\/kopperschmidt-spritztechnik.de\/index.php\/pu_materialdruckregler_ks-p10vp\/&#8220;]<\/p>\n<p><span style=\"color: #000000;\">Pneumatisch bet\u00e4tigter Material-Vordruckregler P10-VP, G3\/8\u2033<\/span><\/p>\n<p><span style=\"color: #000000;\">Regelbereich bis 10 Bar<\/span><\/p>\n<p>[\/et_pb_blurb][\/et_pb_column][et_pb_column type=&#8220;1_4&#8243; _builder_version=&#8220;4.0.6&#8243;][et_pb_blurb title=&#8220;P10-RP&#8220; url=&#8220;https:\/\/kopperschmidt-spritztechnik.de\/index.php\/pu_materialdruckregler_ks-p10rp\/&#8220; image=&#8220;https:\/\/kopperschmidt-spritztechnik.de\/wp-content\/uploads\/2019\/11\/Shop_P10_VP-RP.jpg&#8220; _builder_version=&#8220;4.0.9&#8243; text_orientation=&#8220;center&#8220; link_option_url=&#8220;https:\/\/kopperschmidt-spritztechnik.de\/index.php\/pu_materialdruckregler_ks-p10rp\/&#8220;]<\/p>\n<p><span style=\"color: #000000;\">Pneumatisch bet\u00e4tigter Material-R\u00fcckdruckregler P10-RP, G3\/8\u2033<\/span><\/p>\n<p><span style=\"color: #000000;\">Regelbereich bis 10 Bar<\/span><\/p>\n<p>[\/et_pb_blurb][\/et_pb_column][et_pb_column type=&#8220;1_4&#8243; _builder_version=&#8220;4.0.6&#8243;][et_pb_blurb title=&#8220;P20-VP&#8220; url=&#8220;https:\/\/kopperschmidt-spritztechnik.de\/index.php\/pu_materialdruckregler_ks-p20vp\/&#8220; image=&#8220;https:\/\/kopperschmidt-spritztechnik.de\/wp-content\/uploads\/2022\/08\/P20_VP.jpg&#8220; _builder_version=&#8220;4.8.2&#8243; text_orientation=&#8220;center&#8220; link_option_url=&#8220;https:\/\/kopperschmidt-spritztechnik.de\/index.php\/pu_materialdruckregler_ks-p20vp\/&#8220; hover_enabled=&#8220;0&#8243; sticky_enabled=&#8220;0&#8243;]<\/p>\n<p><span style=\"color: #000000;\">Pneumatisch bet\u00e4tigter Material-Vordruckregler P20-VP, G3\/8\u2033<\/span><\/p>\n<p><span style=\"color: #000000;\">Regelbereich bis 20 Bar<\/span><\/p>\n<p>[\/et_pb_blurb][\/et_pb_column][et_pb_column type=&#8220;1_4&#8243; _builder_version=&#8220;4.0.6&#8243;][\/et_pb_column][\/et_pb_row][\/et_pb_section][et_pb_section fb_built=&#8220;1&#8243; _builder_version=&#8220;4.0.6&#8243; use_background_color_gradient=&#8220;on&#8220; background_color_gradient_start=&#8220;#000000&#8243; background_color_gradient_end=&#8220;#c4c4c4&#8243;][et_pb_row column_structure=&#8220;1_4,1_4,1_4,1_4&#8243; _builder_version=&#8220;4.0.6&#8243;][et_pb_column type=&#8220;1_4&#8243; _builder_version=&#8220;4.0.6&#8243;][et_pb_blurb title=&#8220;P60-VP&#8220; url=&#8220;https:\/\/kopperschmidt-spritztechnik.de\/index.php\/pu_materialdruckregler_ks-p60vp\/&#8220; image=&#8220;https:\/\/kopperschmidt-spritztechnik.de\/wp-content\/uploads\/2019\/11\/Shop_P60_VP-P100_RP-P360_RP.jpg&#8220; _builder_version=&#8220;4.0.9&#8243; text_orientation=&#8220;center&#8220; link_option_url=&#8220;https:\/\/kopperschmidt-spritztechnik.de\/index.php\/pu_materialdruckregler_ks-p60vp\/&#8220;]<\/p>\n<p><span style=\"color: #000000;\">Pneumatisch bet\u00e4tigter Material-Vordruckregler P60-VP, G3\/4\u2033<\/span><\/p>\n<p><span style=\"color: #000000;\">Regelbereich bis 60 Bar<\/span><\/p>\n<p>[\/et_pb_blurb][\/et_pb_column][et_pb_column type=&#8220;1_4&#8243; _builder_version=&#8220;4.0.6&#8243;][et_pb_blurb title=&#8220;P100-RP&#8220; url=&#8220;https:\/\/kopperschmidt-spritztechnik.de\/index.php\/pu_materialdruckregler_ks-p100rp\/&#8220; image=&#8220;https:\/\/kopperschmidt-spritztechnik.de\/wp-content\/uploads\/2019\/11\/Shop_P100_RP_Manometer.jpg&#8220; _builder_version=&#8220;4.0.9&#8243; text_orientation=&#8220;center&#8220; link_option_url=&#8220;https:\/\/kopperschmidt-spritztechnik.de\/index.php\/pu_materialdruckregler_ks-p100rp\/&#8220;]<\/p>\n<p><span style=\"color: #000000;\">Pneumatisch bet\u00e4tigter Material-R\u00fcckdruckregler P100-RP, G3\/4\u2033<\/span><\/p>\n<p><span style=\"color: #000000;\">Regelbereich bis 100 Bar<\/span><\/p>\n<p>[\/et_pb_blurb][\/et_pb_column][et_pb_column type=&#8220;1_4&#8243; _builder_version=&#8220;4.0.6&#8243;][et_pb_blurb title=&#8220;P200-VP&#8220; url=&#8220;https:\/\/kopperschmidt-spritztechnik.de\/index.php\/pu_materialdruckregler_ks-p200vp\/&#8220; image=&#8220;https:\/\/kopperschmidt-spritztechnik.de\/wp-content\/uploads\/2019\/11\/Shop_P200_VP.jpg&#8220; _builder_version=&#8220;4.0.9&#8243; text_orientation=&#8220;center&#8220; link_option_url=&#8220;https:\/\/kopperschmidt-spritztechnik.de\/index.php\/pu_materialdruckregler_ks-p200vp\/&#8220;]<\/p>\n<p><span style=\"color: #000000;\">Pneumatisch bet\u00e4tigter Material-Vordruckregler P200-VP, G3\/8\u2033<\/span><\/p>\n<p><span style=\"color: #000000;\">Regelbereich bis 200 Bar<\/span><\/p>\n<p>[\/et_pb_blurb][\/et_pb_column][et_pb_column type=&#8220;1_4&#8243; _builder_version=&#8220;4.0.6&#8243;][et_pb_blurb title=&#8220;PX250-VP&#8220; url=&#8220;https:\/\/kopperschmidt-spritztechnik.de\/index.php\/pu_materialdruckregler_ks-px250vp\/&#8220; image=&#8220;https:\/\/kopperschmidt-spritztechnik.de\/wp-content\/uploads\/2019\/11\/Shop_P200_VP.jpg&#8220; _builder_version=&#8220;4.8.2&#8243; text_orientation=&#8220;center&#8220; link_option_url=&#8220;https:\/\/kopperschmidt-spritztechnik.de\/index.php\/pu_materialdruckregler_ks-px250vp\/&#8220;]<\/p>\n<p><span style=\"color: #000000;\">Pneumatisch bet\u00e4tigter Material-Vordruckregler PX250-VP, G3\/8\u2033<\/span><\/p>\n<p><span style=\"color: #000000;\">erweiterter Regelbereich 15 bis 250 Bar<\/span><\/p>\n<p>[\/et_pb_blurb][\/et_pb_column][\/et_pb_row][\/et_pb_section][et_pb_section fb_built=&#8220;1&#8243; _builder_version=&#8220;4.0.6&#8243; use_background_color_gradient=&#8220;on&#8220; background_color_gradient_start=&#8220;#000000&#8243; background_color_gradient_end=&#8220;#c4c4c4&#8243;][et_pb_row column_structure=&#8220;1_4,1_4,1_4,1_4&#8243; _builder_version=&#8220;4.0.6&#8243;][et_pb_column type=&#8220;1_4&#8243; _builder_version=&#8220;4.0.6&#8243;][et_pb_blurb title=&#8220;P150-VP&#8220; url=&#8220;https:\/\/kopperschmidt-spritztechnik.de\/index.php\/pu_materialdruckregler_ks-p150vp\/&#8220; image=&#8220;https:\/\/kopperschmidt-spritztechnik.de\/wp-content\/uploads\/2019\/11\/Shop_P150_VP-P200_RP.jpg&#8220; _builder_version=&#8220;4.0.9&#8243; text_orientation=&#8220;center&#8220; link_option_url=&#8220;https:\/\/kopperschmidt-spritztechnik.de\/index.php\/pu_materialdruckregler_ks-p150vp\/&#8220;]<\/p>\n<p><span style=\"color: #000000;\">Pneumatisch bet\u00e4tigter Material-Vordruckregler P150-VP, G3\/4\u2033<\/span><\/p>\n<p><span style=\"color: #000000;\">Regelbereich bis 150 Bar<\/span><\/p>\n<p>[\/et_pb_blurb][\/et_pb_column][et_pb_column type=&#8220;1_4&#8243; _builder_version=&#8220;4.0.6&#8243;][et_pb_blurb title=&#8220;P200-RP&#8220; url=&#8220;https:\/\/kopperschmidt-spritztechnik.de\/index.php\/pu_materialdruckregler_ks-p200rp\/&#8220; image=&#8220;https:\/\/kopperschmidt-spritztechnik.de\/wp-content\/uploads\/2019\/11\/Shop_P200_RP_Manometer.jpg&#8220; _builder_version=&#8220;4.0.9&#8243; text_orientation=&#8220;center&#8220; link_option_url=&#8220;https:\/\/kopperschmidt-spritztechnik.de\/index.php\/pu_materialdruckregler_ks-p200rp\/&#8220;]<\/p>\n<p><span style=\"color: #000000;\">Pneumatisch bet\u00e4tigter Material-R\u00fcckdruckregler P200-RP, G3\/4\u2033<\/span><\/p>\n<p><span style=\"color: #000000;\">Regelbereich bis 200 Bar<\/span><\/p>\n<p>[\/et_pb_blurb][\/et_pb_column][et_pb_column type=&#8220;1_4&#8243; _builder_version=&#8220;4.0.6&#8243;][et_pb_blurb title=&#8220;P320-VP&#8220; url=&#8220;https:\/\/kopperschmidt-spritztechnik.de\/index.php\/pu_materialdruckregler_ks-p320vp\/&#8220; image=&#8220;https:\/\/kopperschmidt-spritztechnik.de\/wp-content\/uploads\/2019\/11\/Shop_P320_RP.jpg&#8220; _builder_version=&#8220;4.0.9&#8243; text_orientation=&#8220;center&#8220; link_option_url=&#8220;https:\/\/kopperschmidt-spritztechnik.de\/index.php\/pu_materialdruckregler_ks-p320vp\/&#8220;]<\/p>\n<p><span style=\"color: #000000;\">Pneumatisch bet\u00e4tigter Material-Vordruckregler P320-VP, G3\/4\u2033<\/span><\/p>\n<p><span style=\"color: #000000;\">Regelbereich bis 320 Bar<\/span><\/p>\n<p>[\/et_pb_blurb][\/et_pb_column][et_pb_column type=&#8220;1_4&#8243; _builder_version=&#8220;4.0.6&#8243;][et_pb_blurb title=&#8220;P360-RP&#8220; url=&#8220;https:\/\/kopperschmidt-spritztechnik.de\/index.php\/pu_materialdruckregler_ks-p360rp\/&#8220; image=&#8220;https:\/\/kopperschmidt-spritztechnik.de\/wp-content\/uploads\/2019\/11\/Shop_P360_RP_Manometer.jpg&#8220; _builder_version=&#8220;4.0.9&#8243; text_orientation=&#8220;center&#8220; link_option_url=&#8220;https:\/\/kopperschmidt-spritztechnik.de\/index.php\/pu_materialdruckregler_ks-p360rp\/&#8220;]<\/p>\n<p><span style=\"color: #000000;\">Pneumatisch bet\u00e4tigter Material-R\u00fcckdruckregler P360-RP, G3\/4\u2033<\/span><\/p>\n<p><span style=\"color: #000000;\">Regelbereich bis 360 Bar<\/span><\/p>\n<p>[\/et_pb_blurb][\/et_pb_column][\/et_pb_row][\/et_pb_section][et_pb_section fb_built=&#8220;1&#8243; _builder_version=&#8220;4.0.6&#8243; use_background_color_gradient=&#8220;on&#8220; background_color_gradient_start=&#8220;#000000&#8243; background_color_gradient_end=&#8220;#c4c4c4&#8243;][et_pb_row column_structure=&#8220;1_4,1_4,1_4,1_4&#8243; _builder_version=&#8220;4.0.6&#8243;][et_pb_column type=&#8220;1_4&#8243; _builder_version=&#8220;4.0.6&#8243;][et_pb_blurb title=&#8220;Reglerzubeh\u00f6r P60\/360-VP\/RP&#8220; url=&#8220;https:\/\/www.rrtd.de\/Reglerzubehoer-P60-P360&#8243; url_new_window=&#8220;on&#8220; image=&#8220;https:\/\/kopperschmidt-spritztechnik.de\/wp-content\/uploads\/2019\/12\/Prod_P10-360_Steigrohr_Manometer.jpg&#8220; _builder_version=&#8220;4.8.2&#8243; text_orientation=&#8220;center&#8220; link_option_url=&#8220;https:\/\/www.rrtd.de\/Reglerzubehoer-P60-P360&#8243; link_option_url_new_window=&#8220;on&#8220;]<\/p>\n<p><span style=\"color: #000000;\">Manometer, Steigrohre, Verschraubungen, usw.<\/span><\/p>\n<p>[\/et_pb_blurb][\/et_pb_column][et_pb_column type=&#8220;1_4&#8243; _builder_version=&#8220;4.0.6&#8243;][et_pb_blurb title=&#8220;Reglerzubeh\u00f6r P10-VP\/RP&#8220; url=&#8220;https:\/\/www.rrtd.de\/Reglerzubehoer-P10-P50&#8243; url_new_window=&#8220;on&#8220; image=&#8220;https:\/\/kopperschmidt-spritztechnik.de\/wp-content\/uploads\/2019\/12\/Prod_P10-360_Steigrohr_Manometer.jpg&#8220; _builder_version=&#8220;4.4.7&#8243; text_orientation=&#8220;center&#8220; link_option_url=&#8220;https:\/\/www.rrtd.de\/Reglerzubehoer-P10-P50&#8243; link_option_url_new_window=&#8220;on&#8220;]<\/p>\n<p><span style=\"color: #000000;\">Manometer, Steigrohre, Verschraubungen usw<\/span><\/p>\n<p>[\/et_pb_blurb][\/et_pb_column][et_pb_column type=&#8220;1_4&#8243; _builder_version=&#8220;4.0.6&#8243;][\/et_pb_column][et_pb_column type=&#8220;1_4&#8243; _builder_version=&#8220;4.0.6&#8243;][\/et_pb_column][\/et_pb_row][\/et_pb_section]<\/p>\n","protected":false},"excerpt":{"rendered":"<p>[et_pb_section fb_built=&#8220;1&#8243; _builder_version=&#8220;4.0.6&#8243; use_background_color_gradient=&#8220;on&#8220; background_color_gradient_start=&#8220;#000000&#8243; background_color_gradient_end=&#8220;#c4c4c4&#8243;][et_pb_row column_structure=&#8220;1_4,1_4,1_4,1_4&#8243; _builder_version=&#8220;4.0.6&#8243;][et_pb_column type=&#8220;1_4&#8243; _builder_version=&#8220;4.0.6&#8243;][et_pb_blurb title=&#8220;P10-VP&#8220; url=&#8220;https:\/\/kopperschmidt-spritztechnik.de\/index.php\/pu_materialdruckregler_ks-p10vp\/&#8220; image=&#8220;https:\/\/kopperschmidt-spritztechnik.de\/wp-content\/uploads\/2019\/11\/Shop_P10_VP-RP_Manometer.jpg&#8220; _builder_version=&#8220;4.0.9&#8243; text_orientation=&#8220;center&#8220; link_option_url=&#8220;https:\/\/kopperschmidt-spritztechnik.de\/index.php\/pu_materialdruckregler_ks-p10vp\/&#8220;] Pneumatisch bet\u00e4tigter Material-Vordruckregler P10-VP, G3\/8\u2033 Regelbereich bis 10 Bar [\/et_pb_blurb][\/et_pb_column][et_pb_column type=&#8220;1_4&#8243; _builder_version=&#8220;4.0.6&#8243;][et_pb_blurb title=&#8220;P10-RP&#8220; url=&#8220;https:\/\/kopperschmidt-spritztechnik.de\/index.php\/pu_materialdruckregler_ks-p10rp\/&#8220; image=&#8220;https:\/\/kopperschmidt-spritztechnik.de\/wp-content\/uploads\/2019\/11\/Shop_P10_VP-RP.jpg&#8220; _builder_version=&#8220;4.0.9&#8243; text_orientation=&#8220;center&#8220; link_option_url=&#8220;https:\/\/kopperschmidt-spritztechnik.de\/index.php\/pu_materialdruckregler_ks-p10rp\/&#8220;] Pneumatisch bet\u00e4tigter Material-R\u00fcckdruckregler P10-RP, G3\/8\u2033 Regelbereich bis 10 Bar [\/et_pb_blurb][\/et_pb_column][et_pb_column type=&#8220;1_4&#8243; _builder_version=&#8220;4.0.6&#8243;][et_pb_blurb title=&#8220;P20-VP&#8220; url=&#8220;https:\/\/kopperschmidt-spritztechnik.de\/index.php\/pu_materialdruckregler_ks-p20vp\/&#8220; image=&#8220;https:\/\/kopperschmidt-spritztechnik.de\/wp-content\/uploads\/2022\/08\/P20_VP.jpg&#8220; _builder_version=&#8220;4.8.2&#8243; text_orientation=&#8220;center&#8220; link_option_url=&#8220;https:\/\/kopperschmidt-spritztechnik.de\/index.php\/pu_materialdruckregler_ks-p20vp\/&#8220; hover_enabled=&#8220;0&#8243; sticky_enabled=&#8220;0&#8243;] Pneumatisch [&hellip;]<\/p>\n","protected":false},"author":1,"featured_media":0,"parent":496,"menu_order":0,"comment_status":"closed","ping_status":"closed","template":"","meta":{"_seopress_robots_primary_cat":"","_seopress_titles_title":"","_seopress_titles_desc":"pneumatisch bet\u00e4tigte Materialdruckregler, Vor- und R\u00fcckdruckregler f\u00fcr Regelbereiche bis 10Bar, 60Bar, 100Bar, 150Bar, 200Bar, 320Bar und 360Bar","_seopress_robots_index":"","_et_pb_use_builder":"on","_et_pb_old_content":"","_et_gb_content_width":"","footnotes":""},"class_list":["post-1026","page","type-page","status-publish","hentry"],"_links":{"self":[{"href":"https:\/\/kopperschmidt-spritztechnik.de\/index.php\/wp-json\/wp\/v2\/pages\/1026","targetHints":{"allow":["GET"]}}],"collection":[{"href":"https:\/\/kopperschmidt-spritztechnik.de\/index.php\/wp-json\/wp\/v2\/pages"}],"about":[{"href":"https:\/\/kopperschmidt-spritztechnik.de\/index.php\/wp-json\/wp\/v2\/types\/page"}],"author":[{"embeddable":true,"href":"https:\/\/kopperschmidt-spritztechnik.de\/index.php\/wp-json\/wp\/v2\/users\/1"}],"replies":[{"embeddable":true,"href":"https:\/\/kopperschmidt-spritztechnik.de\/index.php\/wp-json\/wp\/v2\/comments?post=1026"}],"version-history":[{"count":21,"href":"https:\/\/kopperschmidt-spritztechnik.de\/index.php\/wp-json\/wp\/v2\/pages\/1026\/revisions"}],"predecessor-version":[{"id":6258,"href":"https:\/\/kopperschmidt-spritztechnik.de\/index.php\/wp-json\/wp\/v2\/pages\/1026\/revisions\/6258"}],"up":[{"embeddable":true,"href":"https:\/\/kopperschmidt-spritztechnik.de\/index.php\/wp-json\/wp\/v2\/pages\/496"}],"wp:attachment":[{"href":"https:\/\/kopperschmidt-spritztechnik.de\/index.php\/wp-json\/wp\/v2\/media?parent=1026"}],"curies":[{"name":"wp","href":"https:\/\/api.w.org\/{rel}","templated":true}]}}