{"id":1042,"date":"2019-11-18T09:17:13","date_gmt":"2019-11-18T09:17:13","guid":{"rendered":"https:\/\/kopperschmidt-spritztechnik.de\/?page_id=1042"},"modified":"2024-11-15T09:55:41","modified_gmt":"2024-11-15T09:55:41","slug":"pneumatiklifter","status":"publish","type":"page","link":"https:\/\/kopperschmidt-spritztechnik.de\/index.php\/materialhandling\/pneumatiklifter\/","title":{"rendered":"Pneumatiklifter"},"content":{"rendered":"<p>[et_pb_section fb_built=&#8220;1&#8243; _builder_version=&#8220;4.0.6&#8243; use_background_color_gradient=&#8220;on&#8220; background_color_gradient_start=&#8220;#000000&#8243; background_color_gradient_end=&#8220;#c4c4c4&#8243;][et_pb_row column_structure=&#8220;1_4,1_4,1_4,1_4&#8243; _builder_version=&#8220;4.0.6&#8243;][et_pb_column type=&#8220;1_4&#8243; _builder_version=&#8220;4.0.6&#8243;][et_pb_blurb title=&#8220;Pumpenwagen mit Pneumatiklifter&#8220; url=&#8220;https:\/\/kopperschmidt-spritztechnik.de\/index.php\/pu_lifter_hobbock_hub450\/&#8220; image=&#8220;https:\/\/kopperschmidt-spritztechnik.de\/wp-content\/uploads\/2021\/01\/P-Wagen-M2001-450-KoPu.jpg&#8220; _builder_version=&#8220;4.8.2&#8243; text_orientation=&#8220;center&#8220; link_option_url=&#8220;https:\/\/kopperschmidt-spritztechnik.de\/index.php\/pu_lifter_hobbock_hub450\/&#8220;]<\/p>\n<p><span style=\"color: #000000;\">Pumpenwagen f\u00fcr 30 kg Gebinde<\/span><\/p>\n<p><span style=\"color: #000000;\">pneumatisch h\u00f6henverstellbar, f\u00fcr Gebindeh\u00f6hen bis 450mm<br \/> <\/span><\/p>\n<p>[\/et_pb_blurb][\/et_pb_column][et_pb_column type=&#8220;1_4&#8243; _builder_version=&#8220;4.0.6&#8243;][et_pb_blurb title=&#8220;Pneumatiklifter fahrbar, Lightversion&#8220; url=&#8220;https:\/\/kopperschmidt-spritztechnik.de\/index.php\/pu_lifter_hobbock_hub500\/&#8220; image=&#8220;https:\/\/kopperschmidt-spritztechnik.de\/wp-content\/uploads\/2021\/05\/Pneumatik-Lifter-light-Basisversion-mobil.jpg&#8220; _builder_version=&#8220;4.8.2&#8243; text_orientation=&#8220;center&#8220; link_option_url=&#8220;https:\/\/kopperschmidt-spritztechnik.de\/index.php\/pu_lifter_hobbock_hub500\/&#8220;]<\/p>\n<p><span style=\"color: #000000;\">Pneumatiklifter f\u00fcr 30 kg Gebinde<\/span><\/p>\n<p><span style=\"color: #000000;\">pneumatisch h\u00f6henverstellbar, f\u00fcr Gebindeh\u00f6hen bis 500mm<br \/> <\/span><\/p>\n<p>[\/et_pb_blurb][\/et_pb_column][et_pb_column type=&#8220;1_4&#8243; _builder_version=&#8220;4.0.6&#8243;][et_pb_blurb title=&#8220;Pneumatiklifter fahrbar, Industrieversion&#8220; url=&#8220;https:\/\/kopperschmidt-spritztechnik.de\/index.php\/pu_lifter_hobbock_hub600\/&#8220; image=&#8220;https:\/\/kopperschmidt-spritztechnik.de\/wp-content\/uploads\/2019\/11\/Shop_Lifter_30L_EHB_Mepu_mobil.jpg&#8220; _builder_version=&#8220;4.6.0&#8243; text_orientation=&#8220;center&#8220; link_option_url=&#8220;https:\/\/kopperschmidt-spritztechnik.de\/index.php\/pu_lifter_hobbock_hub600\/&#8220;]<\/p>\n<p><span style=\"color: #000000;\">Pneumatiklifter f\u00fcr 30 kg Gebinde<\/span><\/p>\n<p><span style=\"color: #000000;\">pneumatisch h\u00f6henverstellbar, f\u00fcr Gebindeh\u00f6hen bis 600mm<br \/> <\/span><\/p>\n<p>[\/et_pb_blurb][\/et_pb_column][et_pb_column type=&#8220;1_4&#8243; _builder_version=&#8220;4.0.6&#8243;][\/et_pb_column][\/et_pb_row][\/et_pb_section][et_pb_section fb_built=&#8220;1&#8243; _builder_version=&#8220;4.0.6&#8243; use_background_color_gradient=&#8220;on&#8220; background_color_gradient_start=&#8220;#000000&#8243; background_color_gradient_end=&#8220;#c4c4c4&#8243;][et_pb_row column_structure=&#8220;1_4,1_4,1_4,1_4&#8243; _builder_version=&#8220;4.0.6&#8243;][et_pb_column type=&#8220;1_4&#8243; _builder_version=&#8220;4.0.6&#8243;][et_pb_blurb title=&#8220;Pneumatiklifter station\u00e4r, Lightversion&#8220; url=&#8220;https:\/\/kopperschmidt-spritztechnik.de\/index.php\/pu_lifter_hobbock_hub500\/&#8220; image=&#8220;https:\/\/kopperschmidt-spritztechnik.de\/wp-content\/uploads\/2021\/05\/Pneumatik-Lifter-light-8kant-Deckel-stand.jpg&#8220; _builder_version=&#8220;4.8.2&#8243; text_orientation=&#8220;center&#8220; link_option_url=&#8220;https:\/\/kopperschmidt-spritztechnik.de\/index.php\/pu_lifter_hobbock_hub500\/&#8220;]<\/p>\n<p><span style=\"color: #000000;\">Pneumatiklifter f\u00fcr 30 kg Gebinde<\/span><\/p>\n<p><span style=\"color: #000000;\">pneumatisch h\u00f6henverstellbar, f\u00fcr Gebindeh\u00f6hen bis 500mm<br \/> <\/span><\/p>\n<p>[\/et_pb_blurb][\/et_pb_column][et_pb_column type=&#8220;1_4&#8243; _builder_version=&#8220;4.0.6&#8243;][\/et_pb_column][et_pb_column type=&#8220;1_4&#8243; _builder_version=&#8220;4.0.6&#8243;][et_pb_blurb title=&#8220;Pneumatiklifter station\u00e4r, Industrieversion&#8220; url=&#8220;https:\/\/kopperschmidt-spritztechnik.de\/index.php\/pu_lifter_hobbock_hub600\/&#8220; image=&#8220;https:\/\/kopperschmidt-spritztechnik.de\/wp-content\/uploads\/2019\/11\/Shop_Lifter_30L_EHB_Kopu_stand.jpg&#8220; _builder_version=&#8220;4.6.0&#8243; text_orientation=&#8220;center&#8220; link_option_url=&#8220;https:\/\/kopperschmidt-spritztechnik.de\/index.php\/pu_lifter_hobbock_hub600\/&#8220;]<\/p>\n<p><span style=\"color: #000000;\">Pneumatiklifter f\u00fcr 30 kg Gebinde<\/span><\/p>\n<p><span style=\"color: #000000;\">pneumatisch h\u00f6henverstellbar, f\u00fcr Gebindeh\u00f6hen bis 600mm<br \/> <\/span><\/p>\n<p>[\/et_pb_blurb][\/et_pb_column][et_pb_column type=&#8220;1_4&#8243; _builder_version=&#8220;4.0.6&#8243;][\/et_pb_column][\/et_pb_row][\/et_pb_section][et_pb_section fb_built=&#8220;1&#8243; _builder_version=&#8220;4.0.6&#8243; use_background_color_gradient=&#8220;on&#8220; background_color_gradient_start=&#8220;#000000&#8243; background_color_gradient_end=&#8220;#c4c4c4&#8243;][et_pb_row column_structure=&#8220;1_4,1_4,1_4,1_4&#8243; _builder_version=&#8220;4.0.6&#8243;][et_pb_column type=&#8220;1_4&#8243; _builder_version=&#8220;4.0.6&#8243;][et_pb_blurb title=&#8220;Pneumatiklifter station\u00e4r, Industrieversion&#8220; url=&#8220;https:\/\/kopperschmidt-spritztechnik.de\/index.php\/pu_lifter_200l_hub1000\/&#8220; image=&#8220;https:\/\/kopperschmidt-spritztechnik.de\/wp-content\/uploads\/2019\/11\/Shop_Lifter_200L_KD_oRW_1HB.jpg&#8220; _builder_version=&#8220;4.6.0&#8243; text_orientation=&#8220;center&#8220; custom_padding=&#8220;||0px|||&#8220; link_option_url=&#8220;https:\/\/kopperschmidt-spritztechnik.de\/index.php\/pu_lifter_200l_hub1000\/&#8220;]<\/p>\n<p><span style=\"color: #000000;\">Pneumatiklifter f\u00fcr 200L F\u00e4sser<br \/> <\/span><\/p>\n<p><span style=\"color: #000000;\">pneumatissch h\u00f6henverstellbar, mit rundem Deckel, 1\/3 klappbar, max. Hubh\u00f6he: 950mm<br \/> <\/span><\/p>\n<p>[\/et_pb_blurb][\/et_pb_column][et_pb_column type=&#8220;1_4&#8243; _builder_version=&#8220;4.0.6&#8243;][et_pb_blurb title=&#8220;Pneumatiklifter station\u00e4r, Industrieversion&#8220; url=&#8220;https:\/\/kopperschmidt-spritztechnik.de\/index.php\/pu_lifter_200l_hub1000\/&#8220; image=&#8220;https:\/\/kopperschmidt-spritztechnik.de\/wp-content\/uploads\/2019\/11\/Shop_Lifter_200L_gsD_oRW_1HB.jpg&#8220; _builder_version=&#8220;4.6.0&#8243; text_orientation=&#8220;center&#8220; custom_padding=&#8220;||0px|||&#8220; link_option_url=&#8220;https:\/\/kopperschmidt-spritztechnik.de\/index.php\/pu_lifter_200l_hub1000\/&#8220;]<\/p>\n<p><span style=\"color: #000000;\">Pneumatiklifter f\u00fcr 200L F\u00e4sser<br \/> <\/span><\/p>\n<p><span style=\"color: #000000;\">pneumatisch h\u00f6henverstellbar, mit geschlossenem rundem Deckel, max. Hubh\u00f6he: 950mm<br \/> <\/span><\/p>\n<p>[\/et_pb_blurb][\/et_pb_column][et_pb_column type=&#8220;1_4&#8243; _builder_version=&#8220;4.0.6&#8243;][et_pb_blurb title=&#8220;Pneumatiklifter station\u00e4r, Industrieversion&#8220; url=&#8220;https:\/\/kopperschmidt-spritztechnik.de\/index.php\/pu_lifter_200l_hub1000\/&#8220; image=&#8220;https:\/\/kopperschmidt-spritztechnik.de\/wp-content\/uploads\/2019\/11\/Shop_Lifter_200L_8kant-D_oRW_1HB.jpg&#8220; _builder_version=&#8220;4.6.0&#8243; text_orientation=&#8220;center&#8220; custom_padding=&#8220;||0px|||&#8220; link_option_url=&#8220;https:\/\/kopperschmidt-spritztechnik.de\/index.php\/pu_lifter_200l_hub1000\/&#8220;]<\/p>\n<p><span style=\"color: #000000;\">Pneumatiklifter f\u00fcr 200L F\u00e4sser<br \/> <\/span><\/p>\n<p><span style=\"color: #000000;\">pneumatissch h\u00f6henverstellbar, mit geschlossenem 8-kant Deckel, max. Hubh\u00f6he: 950mm<br \/> <\/span><\/p>\n<p>[\/et_pb_blurb][\/et_pb_column][et_pb_column type=&#8220;1_4&#8243; _builder_version=&#8220;4.0.6&#8243;][\/et_pb_column][\/et_pb_row][\/et_pb_section]<\/p>\n","protected":false},"excerpt":{"rendered":"<p>[et_pb_section fb_built=&#8220;1&#8243; _builder_version=&#8220;4.0.6&#8243; use_background_color_gradient=&#8220;on&#8220; background_color_gradient_start=&#8220;#000000&#8243; background_color_gradient_end=&#8220;#c4c4c4&#8243;][et_pb_row column_structure=&#8220;1_4,1_4,1_4,1_4&#8243; _builder_version=&#8220;4.0.6&#8243;][et_pb_column type=&#8220;1_4&#8243; _builder_version=&#8220;4.0.6&#8243;][et_pb_blurb title=&#8220;Pumpenwagen mit Pneumatiklifter&#8220; url=&#8220;https:\/\/kopperschmidt-spritztechnik.de\/index.php\/pu_lifter_hobbock_hub450\/&#8220; image=&#8220;https:\/\/kopperschmidt-spritztechnik.de\/wp-content\/uploads\/2021\/01\/P-Wagen-M2001-450-KoPu.jpg&#8220; _builder_version=&#8220;4.8.2&#8243; text_orientation=&#8220;center&#8220; link_option_url=&#8220;https:\/\/kopperschmidt-spritztechnik.de\/index.php\/pu_lifter_hobbock_hub450\/&#8220;] Pumpenwagen f\u00fcr 30 kg Gebinde pneumatisch h\u00f6henverstellbar, f\u00fcr Gebindeh\u00f6hen bis 450mm [\/et_pb_blurb][\/et_pb_column][et_pb_column type=&#8220;1_4&#8243; _builder_version=&#8220;4.0.6&#8243;][et_pb_blurb title=&#8220;Pneumatiklifter fahrbar, Lightversion&#8220; url=&#8220;https:\/\/kopperschmidt-spritztechnik.de\/index.php\/pu_lifter_hobbock_hub500\/&#8220; image=&#8220;https:\/\/kopperschmidt-spritztechnik.de\/wp-content\/uploads\/2021\/05\/Pneumatik-Lifter-light-Basisversion-mobil.jpg&#8220; _builder_version=&#8220;4.8.2&#8243; text_orientation=&#8220;center&#8220; link_option_url=&#8220;https:\/\/kopperschmidt-spritztechnik.de\/index.php\/pu_lifter_hobbock_hub500\/&#8220;] Pneumatiklifter f\u00fcr 30 kg Gebinde pneumatisch h\u00f6henverstellbar, f\u00fcr Gebindeh\u00f6hen bis 500mm [\/et_pb_blurb][\/et_pb_column][et_pb_column type=&#8220;1_4&#8243; _builder_version=&#8220;4.0.6&#8243;][et_pb_blurb title=&#8220;Pneumatiklifter [&hellip;]<\/p>\n","protected":false},"author":1,"featured_media":0,"parent":506,"menu_order":0,"comment_status":"closed","ping_status":"closed","template":"","meta":{"_seopress_robots_primary_cat":"","_seopress_titles_title":"","_seopress_titles_desc":"pneumatisch bet\u00e4tigte Deckellifter f\u00fcr 30kg Gebinde (station\u00e4r oder mobil), oder f\u00fcr 200 Liter F\u00e4sser (station\u00e4r), mit Verdrehschutz","_seopress_robots_index":"","_et_pb_use_builder":"on","_et_pb_old_content":"","_et_gb_content_width":"","footnotes":""},"class_list":["post-1042","page","type-page","status-publish","hentry"],"_links":{"self":[{"href":"https:\/\/kopperschmidt-spritztechnik.de\/index.php\/wp-json\/wp\/v2\/pages\/1042","targetHints":{"allow":["GET"]}}],"collection":[{"href":"https:\/\/kopperschmidt-spritztechnik.de\/index.php\/wp-json\/wp\/v2\/pages"}],"about":[{"href":"https:\/\/kopperschmidt-spritztechnik.de\/index.php\/wp-json\/wp\/v2\/types\/page"}],"author":[{"embeddable":true,"href":"https:\/\/kopperschmidt-spritztechnik.de\/index.php\/wp-json\/wp\/v2\/users\/1"}],"replies":[{"embeddable":true,"href":"https:\/\/kopperschmidt-spritztechnik.de\/index.php\/wp-json\/wp\/v2\/comments?post=1042"}],"version-history":[{"count":13,"href":"https:\/\/kopperschmidt-spritztechnik.de\/index.php\/wp-json\/wp\/v2\/pages\/1042\/revisions"}],"predecessor-version":[{"id":6265,"href":"https:\/\/kopperschmidt-spritztechnik.de\/index.php\/wp-json\/wp\/v2\/pages\/1042\/revisions\/6265"}],"up":[{"embeddable":true,"href":"https:\/\/kopperschmidt-spritztechnik.de\/index.php\/wp-json\/wp\/v2\/pages\/506"}],"wp:attachment":[{"href":"https:\/\/kopperschmidt-spritztechnik.de\/index.php\/wp-json\/wp\/v2\/media?parent=1042"}],"curies":[{"name":"wp","href":"https:\/\/api.w.org\/{rel}","templated":true}]}}