{"id":1048,"date":"2019-11-18T09:17:30","date_gmt":"2019-11-18T09:17:30","guid":{"rendered":"https:\/\/kopperschmidt-spritztechnik.de\/?page_id=1048"},"modified":"2024-11-15T09:57:03","modified_gmt":"2024-11-15T09:57:03","slug":"ruehrwerke","status":"publish","type":"page","link":"https:\/\/kopperschmidt-spritztechnik.de\/index.php\/materialhandling\/ruehrwerke\/","title":{"rendered":"R\u00fchrwerke"},"content":{"rendered":"<p>[et_pb_section fb_built=&#8220;1&#8243; _builder_version=&#8220;4.0.6&#8243; use_background_color_gradient=&#8220;on&#8220; background_color_gradient_start=&#8220;#000000&#8243; background_color_gradient_end=&#8220;#c4c4c4&#8243;][et_pb_row column_structure=&#8220;1_3,1_3,1_3&#8243; _builder_version=&#8220;4.0.6&#8243;][et_pb_column type=&#8220;1_3&#8243; _builder_version=&#8220;4.0.6&#8243;][et_pb_blurb title=&#8220;Druckluftr\u00fchrwerke&#8220; url=&#8220;https:\/\/kopperschmidt-spritztechnik.de\/index.php\/ruehrwerke-drulusets\/&#8220; image=&#8220;https:\/\/kopperschmidt-spritztechnik.de\/wp-content\/uploads\/2020\/07\/R\u00fchrwerke_\u00dcbersicht.jpg&#8220; _builder_version=&#8220;4.5.1&#8243; text_orientation=&#8220;center&#8220; link_option_url=&#8220;https:\/\/kopperschmidt-spritztechnik.de\/index.php\/ruehrwerke-drulusets\/&#8220;]<\/p>\n<p><span style=\"color: #000000;\">druckluftbetriebene R\u00fchrwerke f\u00fcr Deckelmontage, Stativ oder als Handr\u00fchrwerk<br \/><\/span><\/p>\n<p>[\/et_pb_blurb][\/et_pb_column][et_pb_column type=&#8220;1_3&#8243; _builder_version=&#8220;4.5.1&#8243; _module_preset=&#8220;default&#8220;][\/et_pb_column][et_pb_column type=&#8220;1_3&#8243; _builder_version=&#8220;4.5.1&#8243; _module_preset=&#8220;default&#8220;][et_pb_blurb title=&#8220;Traversenr\u00fchrwerk&#8220; url=&#8220;https:\/\/kopperschmidt-spritztechnik.de\/index.php\/pu_traversenruehrwerk\/&#8220; image=&#8220;https:\/\/kopperschmidt-spritztechnik.de\/wp-content\/uploads\/2019\/11\/Shop_Traversenr\u00fchrwerk_stand.jpg&#8220; _builder_version=&#8220;4.5.1&#8243; text_orientation=&#8220;center&#8220; link_option_url=&#8220;https:\/\/kopperschmidt-spritztechnik.de\/index.php\/pu_traversenruehrwerk\/&#8220;]<\/p>\n<p><span style=\"color: #000000;\">elektrisches R\u00fchrwerk 0,75kW f\u00fcr IBC Gebinde, <\/span><span style=\"color: #000000;\">Drehzahlbereich 2<\/span><span style=\"color: #000000;\">5 bis 250 U\/min<\/span><\/p>\n<p>[\/et_pb_blurb][\/et_pb_column][\/et_pb_row][\/et_pb_section]<\/p>\n","protected":false},"excerpt":{"rendered":"<p>[et_pb_section fb_built=&#8220;1&#8243; _builder_version=&#8220;4.0.6&#8243; use_background_color_gradient=&#8220;on&#8220; background_color_gradient_start=&#8220;#000000&#8243; background_color_gradient_end=&#8220;#c4c4c4&#8243;][et_pb_row column_structure=&#8220;1_3,1_3,1_3&#8243; _builder_version=&#8220;4.0.6&#8243;][et_pb_column type=&#8220;1_3&#8243; _builder_version=&#8220;4.0.6&#8243;][et_pb_blurb title=&#8220;Druckluftr\u00fchrwerke&#8220; url=&#8220;https:\/\/kopperschmidt-spritztechnik.de\/index.php\/ruehrwerke-drulusets\/&#8220; image=&#8220;https:\/\/kopperschmidt-spritztechnik.de\/wp-content\/uploads\/2020\/07\/R\u00fchrwerke_\u00dcbersicht.jpg&#8220; _builder_version=&#8220;4.5.1&#8243; text_orientation=&#8220;center&#8220; link_option_url=&#8220;https:\/\/kopperschmidt-spritztechnik.de\/index.php\/ruehrwerke-drulusets\/&#8220;] druckluftbetriebene R\u00fchrwerke f\u00fcr Deckelmontage, Stativ oder als Handr\u00fchrwerk [\/et_pb_blurb][\/et_pb_column][et_pb_column type=&#8220;1_3&#8243; _builder_version=&#8220;4.5.1&#8243; _module_preset=&#8220;default&#8220;][\/et_pb_column][et_pb_column type=&#8220;1_3&#8243; _builder_version=&#8220;4.5.1&#8243; _module_preset=&#8220;default&#8220;][et_pb_blurb title=&#8220;Traversenr\u00fchrwerk&#8220; url=&#8220;https:\/\/kopperschmidt-spritztechnik.de\/index.php\/pu_traversenruehrwerk\/&#8220; image=&#8220;https:\/\/kopperschmidt-spritztechnik.de\/wp-content\/uploads\/2019\/11\/Shop_Traversenr\u00fchrwerk_stand.jpg&#8220; _builder_version=&#8220;4.5.1&#8243; text_orientation=&#8220;center&#8220; link_option_url=&#8220;https:\/\/kopperschmidt-spritztechnik.de\/index.php\/pu_traversenruehrwerk\/&#8220;] elektrisches R\u00fchrwerk 0,75kW f\u00fcr IBC Gebinde, Drehzahlbereich 25 bis 250 U\/min [\/et_pb_blurb][\/et_pb_column][\/et_pb_row][\/et_pb_section]<\/p>\n","protected":false},"author":1,"featured_media":0,"parent":506,"menu_order":0,"comment_status":"closed","ping_status":"closed","template":"","meta":{"_seopress_robots_primary_cat":"","_seopress_titles_title":"","_seopress_titles_desc":"druckluftbetriebene R\u00fchrwerke f\u00fcr Drehzahlen 500 bis 3000U\/min oder 5 bis 300U\/min, elektrische R\u00fchrwerke bis 1kW mit Drehzahlregelung 0-90U\/min, auch f\u00fcr IBC","_seopress_robots_index":"","_et_pb_use_builder":"on","_et_pb_old_content":"","_et_gb_content_width":"","footnotes":""},"class_list":["post-1048","page","type-page","status-publish","hentry"],"_links":{"self":[{"href":"https:\/\/kopperschmidt-spritztechnik.de\/index.php\/wp-json\/wp\/v2\/pages\/1048","targetHints":{"allow":["GET"]}}],"collection":[{"href":"https:\/\/kopperschmidt-spritztechnik.de\/index.php\/wp-json\/wp\/v2\/pages"}],"about":[{"href":"https:\/\/kopperschmidt-spritztechnik.de\/index.php\/wp-json\/wp\/v2\/types\/page"}],"author":[{"embeddable":true,"href":"https:\/\/kopperschmidt-spritztechnik.de\/index.php\/wp-json\/wp\/v2\/users\/1"}],"replies":[{"embeddable":true,"href":"https:\/\/kopperschmidt-spritztechnik.de\/index.php\/wp-json\/wp\/v2\/comments?post=1048"}],"version-history":[{"count":10,"href":"https:\/\/kopperschmidt-spritztechnik.de\/index.php\/wp-json\/wp\/v2\/pages\/1048\/revisions"}],"predecessor-version":[{"id":6266,"href":"https:\/\/kopperschmidt-spritztechnik.de\/index.php\/wp-json\/wp\/v2\/pages\/1048\/revisions\/6266"}],"up":[{"embeddable":true,"href":"https:\/\/kopperschmidt-spritztechnik.de\/index.php\/wp-json\/wp\/v2\/pages\/506"}],"wp:attachment":[{"href":"https:\/\/kopperschmidt-spritztechnik.de\/index.php\/wp-json\/wp\/v2\/media?parent=1048"}],"curies":[{"name":"wp","href":"https:\/\/api.w.org\/{rel}","templated":true}]}}