{"id":1094,"date":"2019-11-18T09:19:51","date_gmt":"2019-11-18T09:19:51","guid":{"rendered":"https:\/\/kopperschmidt-spritztechnik.de\/?page_id=1094"},"modified":"2021-05-18T08:36:06","modified_gmt":"2021-05-18T08:36:06","slug":"membranpumpen","status":"publish","type":"page","link":"https:\/\/kopperschmidt-spritztechnik.de\/index.php\/pumpentechnik\/membranpumpen\/","title":{"rendered":"Membranpumpen"},"content":{"rendered":"<p>[et_pb_section fb_built=&#8220;1&#8243; _builder_version=&#8220;4.0.6&#8243; use_background_color_gradient=&#8220;on&#8220; background_color_gradient_start=&#8220;#000000&#8243; background_color_gradient_end=&#8220;#c4c4c4&#8243;][et_pb_row column_structure=&#8220;1_3,1_3,1_3&#8243; _builder_version=&#8220;4.0.6&#8243;][et_pb_column type=&#8220;1_3&#8243; _builder_version=&#8220;4.0.6&#8243;][et_pb_blurb title=&#8220;Doppelmembranpumpe KS-20850&#8243; url=&#8220;https:\/\/kopperschmidt-spritztechnik.de\/index.php\/membranpumpe-ks-20850_alu\/&#8220; image=&#8220;https:\/\/kopperschmidt-spritztechnik.de\/wp-content\/uploads\/2019\/11\/Prod_KS20850_Alu-Natur.jpg&#8220; _builder_version=&#8220;4.0.6&#8243; text_orientation=&#8220;center&#8220; link_option_url=&#8220;https:\/\/kopperschmidt-spritztechnik.de\/index.php\/membranpumpe-ks-20850_alu\/&#8220;]<\/p>\n<p><span style=\"color: #000000;\">Doppelmembranpumpe mit Materialausgang 3\/8&#8243; in Aluminium<\/span><\/p>\n<p>[\/et_pb_blurb][\/et_pb_column][et_pb_column type=&#8220;1_3&#8243; _builder_version=&#8220;4.0.6&#8243;][et_pb_blurb title=&#8220;Doppelmembranpumpe KS-20850&#8243; url=&#8220;https:\/\/kopperschmidt-spritztechnik.de\/index.php\/pu_doppelmembranpumpe-ks-20850_est\/&#8220; image=&#8220;https:\/\/kopperschmidt-spritztechnik.de\/wp-content\/uploads\/2019\/11\/Prod_KS20850_EST.jpg&#8220; _builder_version=&#8220;4.0.6&#8243; text_orientation=&#8220;center&#8220; link_option_url=&#8220;https:\/\/kopperschmidt-spritztechnik.de\/index.php\/pu_doppelmembranpumpe-ks-20850_est\/&#8220;]<\/p>\n<p><span style=\"color: #000000;\">Doppelmembranpumpe mit Materialausgang 3\/8&#8243; in Edelstahl<\/span><\/p>\n<p>[\/et_pb_blurb][\/et_pb_column][et_pb_column type=&#8220;1_3&#8243; _builder_version=&#8220;4.0.6&#8243;][et_pb_blurb title=&#8220;Doppelmembranpumpe KS-20850&#8243; url=&#8220;https:\/\/kopperschmidt-spritztechnik.de\/index.php\/pu_doppelmembranpumpe-ks-20850_pp\/&#8220; image=&#8220;https:\/\/kopperschmidt-spritztechnik.de\/wp-content\/uploads\/2019\/11\/Prod_KS20850_PP.jpg&#8220; _builder_version=&#8220;4.0.6&#8243; text_orientation=&#8220;center&#8220; link_option_url=&#8220;https:\/\/kopperschmidt-spritztechnik.de\/index.php\/pu_doppelmembranpumpe-ks-20850_pp\/&#8220;]<\/p>\n<p><span style=\"color: #000000;\">Doppelmembranpumpe mit Materialausgang 1\/2&#8243; in Polypropylen<\/span><\/p>\n<p>[\/et_pb_blurb][\/et_pb_column][\/et_pb_row][\/et_pb_section][et_pb_section fb_built=&#8220;1&#8243; _builder_version=&#8220;4.0.6&#8243; use_background_color_gradient=&#8220;on&#8220; background_color_gradient_start=&#8220;#000000&#8243; background_color_gradient_end=&#8220;#c4c4c4&#8243;][et_pb_row column_structure=&#8220;1_3,1_3,1_3&#8243; _builder_version=&#8220;4.0.6&#8243;][et_pb_column type=&#8220;1_3&#8243; _builder_version=&#8220;4.0.6&#8243;][et_pb_blurb title=&#8220;Doppelmembranpumpe KS-20853&#8243; url=&#8220;https:\/\/kopperschmidt-spritztechnik.de\/index.php\/doppelmembranpumpe-ks-20853\/&#8220; image=&#8220;https:\/\/kopperschmidt-spritztechnik.de\/wp-content\/uploads\/2019\/11\/Prod_KS20853_Winkel.jpg&#8220; _builder_version=&#8220;4.0.6&#8243; text_orientation=&#8220;center&#8220; link_option_url=&#8220;https:\/\/kopperschmidt-spritztechnik.de\/index.php\/doppelmembranpumpe-ks-20853\/&#8220;]<\/p>\n<p><span style=\"color: #000000;\">Doppelmembranpumpe 3:1 mit Materialausgang 3\/8&#8243; in Edelstahl<\/span><\/p>\n<p>[\/et_pb_blurb][\/et_pb_column][et_pb_column type=&#8220;1_3&#8243; _builder_version=&#8220;4.0.6&#8243;][et_pb_blurb title=&#8220;Doppelmembranpumpen KS-3175&#8243; url=&#8220;https:\/\/kopperschmidt-spritztechnik.de\/index.php\/pu_doppelmembranpumpe-ks-13175\/&#8220; image=&#8220;https:\/\/kopperschmidt-spritztechnik.de\/wp-content\/uploads\/2020\/07\/KS13175_08.jpg&#8220; _builder_version=&#8220;4.8.2&#8243; text_orientation=&#8220;center&#8220; link_option_url=&#8220;https:\/\/kopperschmidt-spritztechnik.de\/index.php\/pu_doppelmembranpumpe-ks-13175\/&#8220;]<\/p>\n<p><span style=\"color: #000000;\">druckluftbetriebene Doppelmembranpumpe 3:1 Materialausgang 1&#8243; in Edelstahl<\/span><\/p>\n<p>[\/et_pb_blurb][\/et_pb_column][et_pb_column type=&#8220;1_3&#8243; _builder_version=&#8220;4.0.6&#8243;][et_pb_blurb title=&#8220;Doppelmembranpumpen KS-4175&#8243; image=&#8220;https:\/\/kopperschmidt-spritztechnik.de\/wp-content\/uploads\/2020\/07\/KS13175_08.jpg&#8220; _builder_version=&#8220;4.8.2&#8243; text_orientation=&#8220;center&#8220; hover_enabled=&#8220;0&#8243; url=&#8220;https:\/\/kopperschmidt-spritztechnik.de\/index.php\/pu_doppelmembranpumpe-ks-14175\/&#8220; link_option_url=&#8220;https:\/\/kopperschmidt-spritztechnik.de\/index.php\/pu_doppelmembranpumpe-ks-14175\/&#8220; sticky_enabled=&#8220;0&#8243;]<\/p>\n<p><span style=\"color: #000000;\">druckluftbetriebene Doppelmembranpumpe 4:1 Materialausgang 1&#8243; in Edelstahl<\/span><\/p>\n<p>[\/et_pb_blurb][\/et_pb_column][\/et_pb_row][\/et_pb_section][et_pb_section fb_built=&#8220;1&#8243; _builder_version=&#8220;4.0.6&#8243; use_background_color_gradient=&#8220;on&#8220; background_color_gradient_start=&#8220;#000000&#8243; background_color_gradient_end=&#8220;#c4c4c4&#8243;][et_pb_row column_structure=&#8220;1_3,1_3,1_3&#8243; _builder_version=&#8220;4.0.6&#8243;][et_pb_column type=&#8220;1_3&#8243; _builder_version=&#8220;4.0.6&#8243;][et_pb_blurb title=&#8220;Doppelmembranpumpen KS-11200&#8243; url=&#8220;https:\/\/kopperschmidt-spritztechnik.de\/index.php\/pu_doppelmembranpumpe-ks-11200\/&#8220; image=&#8220;https:\/\/kopperschmidt-spritztechnik.de\/wp-content\/uploads\/2020\/07\/KS11200_08.jpg&#8220; _builder_version=&#8220;4.8.2&#8243; text_orientation=&#8220;center&#8220; link_option_url=&#8220;https:\/\/kopperschmidt-spritztechnik.de\/index.php\/pu_doppelmembranpumpe-ks-11200\/&#8220;]<\/p>\n<p><span style=\"color: #000000;\">druckluftbetriebene Doppelmembranpumpe 1:1 mit Materialausgang 1&#8243; in Edelstahl<\/span><\/p>\n<p>[\/et_pb_blurb][\/et_pb_column][et_pb_column type=&#8220;1_3&#8243; _builder_version=&#8220;4.0.6&#8243;][et_pb_blurb title=&#8220;Pumpenzubeh\u00f6r&#8220; url=&#8220;https:\/\/kopperschmidt-spritztechnik.de\/index.php\/pumpenzubehoer\/&#8220; image=&#8220;https:\/\/kopperschmidt-spritztechnik.de\/wp-content\/uploads\/2019\/12\/Prod_ASYS.jpg&#8220; _builder_version=&#8220;4.5.1&#8243; text_orientation=&#8220;center&#8220; link_option_url=&#8220;https:\/\/kopperschmidt-spritztechnik.de\/index.php\/pumpenzubehoer\/&#8220;]<\/p>\n<p><span style=\"color: #000000;\">Zubeh\u00f6r f\u00fcr Membranpumpen, Ansaugsysteme, Montagesysteme, usw.<\/span><\/p>\n<p>[\/et_pb_blurb][\/et_pb_column][et_pb_column type=&#8220;1_3&#8243; _builder_version=&#8220;4.0.6&#8243;][\/et_pb_column][\/et_pb_row][\/et_pb_section]<\/p>\n","protected":false},"excerpt":{"rendered":"<p>[et_pb_section fb_built=&#8220;1&#8243; _builder_version=&#8220;4.0.6&#8243; use_background_color_gradient=&#8220;on&#8220; background_color_gradient_start=&#8220;#000000&#8243; background_color_gradient_end=&#8220;#c4c4c4&#8243;][et_pb_row column_structure=&#8220;1_3,1_3,1_3&#8243; _builder_version=&#8220;4.0.6&#8243;][et_pb_column type=&#8220;1_3&#8243; _builder_version=&#8220;4.0.6&#8243;][et_pb_blurb title=&#8220;Doppelmembranpumpe KS-20850&#8243; url=&#8220;https:\/\/kopperschmidt-spritztechnik.de\/index.php\/membranpumpe-ks-20850_alu\/&#8220; image=&#8220;https:\/\/kopperschmidt-spritztechnik.de\/wp-content\/uploads\/2019\/11\/Prod_KS20850_Alu-Natur.jpg&#8220; _builder_version=&#8220;4.0.6&#8243; text_orientation=&#8220;center&#8220; link_option_url=&#8220;https:\/\/kopperschmidt-spritztechnik.de\/index.php\/membranpumpe-ks-20850_alu\/&#8220;] Doppelmembranpumpe mit Materialausgang 3\/8&#8243; in Aluminium [\/et_pb_blurb][\/et_pb_column][et_pb_column type=&#8220;1_3&#8243; _builder_version=&#8220;4.0.6&#8243;][et_pb_blurb title=&#8220;Doppelmembranpumpe KS-20850&#8243; url=&#8220;https:\/\/kopperschmidt-spritztechnik.de\/index.php\/pu_doppelmembranpumpe-ks-20850_est\/&#8220; image=&#8220;https:\/\/kopperschmidt-spritztechnik.de\/wp-content\/uploads\/2019\/11\/Prod_KS20850_EST.jpg&#8220; _builder_version=&#8220;4.0.6&#8243; text_orientation=&#8220;center&#8220; link_option_url=&#8220;https:\/\/kopperschmidt-spritztechnik.de\/index.php\/pu_doppelmembranpumpe-ks-20850_est\/&#8220;] Doppelmembranpumpe mit Materialausgang 3\/8&#8243; in Edelstahl [\/et_pb_blurb][\/et_pb_column][et_pb_column type=&#8220;1_3&#8243; _builder_version=&#8220;4.0.6&#8243;][et_pb_blurb title=&#8220;Doppelmembranpumpe KS-20850&#8243; url=&#8220;https:\/\/kopperschmidt-spritztechnik.de\/index.php\/pu_doppelmembranpumpe-ks-20850_pp\/&#8220; image=&#8220;https:\/\/kopperschmidt-spritztechnik.de\/wp-content\/uploads\/2019\/11\/Prod_KS20850_PP.jpg&#8220; _builder_version=&#8220;4.0.6&#8243; text_orientation=&#8220;center&#8220; link_option_url=&#8220;https:\/\/kopperschmidt-spritztechnik.de\/index.php\/pu_doppelmembranpumpe-ks-20850_pp\/&#8220;] Doppelmembranpumpe mit Materialausgang 1\/2&#8243; in Polypropylen [&hellip;]<\/p>\n","protected":false},"author":1,"featured_media":0,"parent":516,"menu_order":0,"comment_status":"closed","ping_status":"closed","template":"","meta":{"_seopress_robots_primary_cat":"","_seopress_titles_title":"","_seopress_titles_desc":"Druckluftbetriebene Doppelmembranpumpen Made in Germany: \u00dcbersetzungsverh\u00e4ltnisse 1:1, 3:1 und 4:1 mit Materialanschlu\u00df 3\/8&quot;, 1\/2&quot; oder 1&quot;, Pumpenzubeh\u00f6r","_seopress_robots_index":"","_et_pb_use_builder":"on","_et_pb_old_content":"<!-- wp:divi\/placeholder \/-->","_et_gb_content_width":"","footnotes":""},"class_list":["post-1094","page","type-page","status-publish","hentry"],"_links":{"self":[{"href":"https:\/\/kopperschmidt-spritztechnik.de\/index.php\/wp-json\/wp\/v2\/pages\/1094","targetHints":{"allow":["GET"]}}],"collection":[{"href":"https:\/\/kopperschmidt-spritztechnik.de\/index.php\/wp-json\/wp\/v2\/pages"}],"about":[{"href":"https:\/\/kopperschmidt-spritztechnik.de\/index.php\/wp-json\/wp\/v2\/types\/page"}],"author":[{"embeddable":true,"href":"https:\/\/kopperschmidt-spritztechnik.de\/index.php\/wp-json\/wp\/v2\/users\/1"}],"replies":[{"embeddable":true,"href":"https:\/\/kopperschmidt-spritztechnik.de\/index.php\/wp-json\/wp\/v2\/comments?post=1094"}],"version-history":[{"count":23,"href":"https:\/\/kopperschmidt-spritztechnik.de\/index.php\/wp-json\/wp\/v2\/pages\/1094\/revisions"}],"predecessor-version":[{"id":5693,"href":"https:\/\/kopperschmidt-spritztechnik.de\/index.php\/wp-json\/wp\/v2\/pages\/1094\/revisions\/5693"}],"up":[{"embeddable":true,"href":"https:\/\/kopperschmidt-spritztechnik.de\/index.php\/wp-json\/wp\/v2\/pages\/516"}],"wp:attachment":[{"href":"https:\/\/kopperschmidt-spritztechnik.de\/index.php\/wp-json\/wp\/v2\/media?parent=1094"}],"curies":[{"name":"wp","href":"https:\/\/api.w.org\/{rel}","templated":true}]}}