{"id":1100,"date":"2019-11-18T09:20:11","date_gmt":"2019-11-18T09:20:11","guid":{"rendered":"https:\/\/kopperschmidt-spritztechnik.de\/?page_id=1100"},"modified":"2020-08-26T09:11:26","modified_gmt":"2020-08-26T09:11:26","slug":"kolbenpumpen","status":"publish","type":"page","link":"https:\/\/kopperschmidt-spritztechnik.de\/index.php\/pumpentechnik\/kolbenpumpen\/","title":{"rendered":"Kolbenpumpen"},"content":{"rendered":"<p>[et_pb_section fb_built=&#8220;1&#8243; _builder_version=&#8220;4.0.6&#8243; use_background_color_gradient=&#8220;on&#8220; background_color_gradient_start=&#8220;#000000&#8243; background_color_gradient_end=&#8220;#c4c4c4&#8243;][et_pb_row column_structure=&#8220;1_4,1_4,1_4,1_4&#8243; _builder_version=&#8220;4.0.6&#8243;][et_pb_column type=&#8220;1_4&#8243; _builder_version=&#8220;4.0.6&#8243;][et_pb_blurb title=&#8220;Kolbenpumpen M2001&#8243; url=&#8220;https:\/\/kopperschmidt-spritztechnik.de\/index.php\/kolbenpumpen-m2001\/&#8220; image=&#8220;https:\/\/kopperschmidt-spritztechnik.de\/wp-content\/uploads\/2019\/11\/ProKat_KoPu_M2001.jpg&#8220; _builder_version=&#8220;4.0.9&#8243; text_orientation=&#8220;center&#8220; link_option_url=&#8220;https:\/\/kopperschmidt-spritztechnik.de\/index.php\/kolbenpumpen-m2001\/&#8220; link_option_url_new_window=&#8220;on&#8220;]<\/p>\n<p><span style=\"color: #000000;\">Druckluftbetriebene Kolbenpumpen M2001 f\u00fcr Airless- und luftunterst\u00fctzte Airlessanwendungen,<\/span><br \/> <span style=\"color: #000000;\"> \u00dcbersetzungsverh\u00e4ltnisse bis 66:1 (~400 Bar)<\/span><\/p>\n<p><span style=\"color: #000000;\">Auch f\u00fcr den Einsatz mit Lebensmitteln in FDA-Konfomer Ausf\u00fchrung erh\u00e4ltlich. Bitte fragen Sie an<\/span><\/p>\n<p>[\/et_pb_blurb][\/et_pb_column][et_pb_column type=&#8220;1_4&#8243; _builder_version=&#8220;4.0.6&#8243;][et_pb_blurb title=&#8220;Kolbenpumpen T2001&#8243; url=&#8220;https:\/\/kopperschmidt-spritztechnik.de\/index.php\/1891-2\/&#8220; image=&#8220;https:\/\/kopperschmidt-spritztechnik.de\/wp-content\/uploads\/2019\/11\/ProKat_KoPu_T2001.jpg&#8220; _builder_version=&#8220;4.0.6&#8243; text_orientation=&#8220;center&#8220; link_option_url=&#8220;https:\/\/kopperschmidt-spritztechnik.de\/index.php\/1891-2\/&#8220;]<\/p>\n<p><span style=\"color: #000000;\">Druckluftbetriebene Kolbenpumpen T2001 f\u00fcr Airless- und luftunterst\u00fctzte Airlessanwendungen,<\/span><br \/> <span style=\"color: #000000;\"> \u00dcbersetzungsverh\u00e4ltnisse bis 75:1 (~450 Bar)<\/span><\/p>\n<p>[\/et_pb_blurb][\/et_pb_column][et_pb_column type=&#8220;1_4&#8243; _builder_version=&#8220;4.0.6&#8243;][et_pb_blurb title=&#8220;Kolbenpumpen P2001&#8243; url=&#8220;https:\/\/kopperschmidt-spritztechnik.de\/index.php\/1913-2\/&#8220; image=&#8220;https:\/\/kopperschmidt-spritztechnik.de\/wp-content\/uploads\/2019\/11\/ProKat_KoPu_P2001.jpg&#8220; _builder_version=&#8220;4.0.6&#8243; text_orientation=&#8220;center&#8220; link_option_url=&#8220;https:\/\/kopperschmidt-spritztechnik.de\/index.php\/1913-2\/&#8220;]<\/p>\n<p><span style=\"color: #000000;\">Druckluftbetriebene Kolbenpumpen P2001 f\u00fcr das F\u00f6rdern und Umf\u00fcllen fl\u00fcssiger Medien,<\/span><br \/><span style=\"color: #000000;\"> \u00dcbersetzungsverh\u00e4ltnisse bis 10:1<\/span><\/p>\n<p>[\/et_pb_blurb][\/et_pb_column][et_pb_column type=&#8220;1_4&#8243; _builder_version=&#8220;4.0.6&#8243;][et_pb_blurb title=&#8220;Pumpenzubeh\u00f6r f\u00fcr Kolbenpumpen&#8220; url=&#8220;https:\/\/kopperschmidt-spritztechnik.de\/index.php\/pumpenzubehoer\/&#8220; image=&#8220;https:\/\/kopperschmidt-spritztechnik.de\/wp-content\/uploads\/2019\/12\/ProKat_Pumpenzubeh\u00f6r-1.jpg&#8220; _builder_version=&#8220;4.5.1&#8243; text_orientation=&#8220;center&#8220; link_option_url=&#8220;https:\/\/kopperschmidt-spritztechnik.de\/index.php\/pumpenzubehoer\/&#8220; hover_enabled=&#8220;0&#8243;]<\/p>\n<p><span style=\"color: #000000;\">Zubeh\u00f6r f\u00fcr druckluftbetriebene Kolbenpumpen, Ansaugsysteme, Anschlu\u00dfeinheiten, Sieb PN500, Doppelsieb PN400, Montage und Pumpenaufstellung, Schl\u00e4uche &amp; Fittings<\/span><\/p>\n<p>[\/et_pb_blurb][\/et_pb_column][\/et_pb_row][\/et_pb_section]<\/p>\n","protected":false},"excerpt":{"rendered":"<p>[et_pb_section fb_built=&#8220;1&#8243; _builder_version=&#8220;4.0.6&#8243; use_background_color_gradient=&#8220;on&#8220; background_color_gradient_start=&#8220;#000000&#8243; background_color_gradient_end=&#8220;#c4c4c4&#8243;][et_pb_row column_structure=&#8220;1_4,1_4,1_4,1_4&#8243; _builder_version=&#8220;4.0.6&#8243;][et_pb_column type=&#8220;1_4&#8243; _builder_version=&#8220;4.0.6&#8243;][et_pb_blurb title=&#8220;Kolbenpumpen M2001&#8243; url=&#8220;https:\/\/kopperschmidt-spritztechnik.de\/index.php\/kolbenpumpen-m2001\/&#8220; image=&#8220;https:\/\/kopperschmidt-spritztechnik.de\/wp-content\/uploads\/2019\/11\/ProKat_KoPu_M2001.jpg&#8220; _builder_version=&#8220;4.0.9&#8243; text_orientation=&#8220;center&#8220; link_option_url=&#8220;https:\/\/kopperschmidt-spritztechnik.de\/index.php\/kolbenpumpen-m2001\/&#8220; link_option_url_new_window=&#8220;on&#8220;] Druckluftbetriebene Kolbenpumpen M2001 f\u00fcr Airless- und luftunterst\u00fctzte Airlessanwendungen, \u00dcbersetzungsverh\u00e4ltnisse bis 66:1 (~400 Bar) Auch f\u00fcr den Einsatz mit Lebensmitteln in FDA-Konfomer Ausf\u00fchrung erh\u00e4ltlich. Bitte fragen Sie an [\/et_pb_blurb][\/et_pb_column][et_pb_column type=&#8220;1_4&#8243; _builder_version=&#8220;4.0.6&#8243;][et_pb_blurb title=&#8220;Kolbenpumpen T2001&#8243; url=&#8220;https:\/\/kopperschmidt-spritztechnik.de\/index.php\/1891-2\/&#8220; image=&#8220;https:\/\/kopperschmidt-spritztechnik.de\/wp-content\/uploads\/2019\/11\/ProKat_KoPu_T2001.jpg&#8220; _builder_version=&#8220;4.0.6&#8243; text_orientation=&#8220;center&#8220; link_option_url=&#8220;https:\/\/kopperschmidt-spritztechnik.de\/index.php\/1891-2\/&#8220;] [&hellip;]<\/p>\n","protected":false},"author":1,"featured_media":0,"parent":516,"menu_order":0,"comment_status":"closed","ping_status":"closed","template":"","meta":{"_seopress_robots_primary_cat":"","_seopress_titles_title":"","_seopress_titles_desc":"Druckluftbetriebene Kolbenpumpen mit \u00dcbersetzungsverh\u00e4ltnissen bis 75:1 (~450 Bar) f\u00fcr Airless- Airmix- Finesprayapplikation oder zu F\u00f6rdern \/ Umf\u00fcllen\r\n","_seopress_robots_index":"","_et_pb_use_builder":"on","_et_pb_old_content":"","_et_gb_content_width":"","footnotes":""},"class_list":["post-1100","page","type-page","status-publish","hentry"],"_links":{"self":[{"href":"https:\/\/kopperschmidt-spritztechnik.de\/index.php\/wp-json\/wp\/v2\/pages\/1100","targetHints":{"allow":["GET"]}}],"collection":[{"href":"https:\/\/kopperschmidt-spritztechnik.de\/index.php\/wp-json\/wp\/v2\/pages"}],"about":[{"href":"https:\/\/kopperschmidt-spritztechnik.de\/index.php\/wp-json\/wp\/v2\/types\/page"}],"author":[{"embeddable":true,"href":"https:\/\/kopperschmidt-spritztechnik.de\/index.php\/wp-json\/wp\/v2\/users\/1"}],"replies":[{"embeddable":true,"href":"https:\/\/kopperschmidt-spritztechnik.de\/index.php\/wp-json\/wp\/v2\/comments?post=1100"}],"version-history":[{"count":23,"href":"https:\/\/kopperschmidt-spritztechnik.de\/index.php\/wp-json\/wp\/v2\/pages\/1100\/revisions"}],"predecessor-version":[{"id":4925,"href":"https:\/\/kopperschmidt-spritztechnik.de\/index.php\/wp-json\/wp\/v2\/pages\/1100\/revisions\/4925"}],"up":[{"embeddable":true,"href":"https:\/\/kopperschmidt-spritztechnik.de\/index.php\/wp-json\/wp\/v2\/pages\/516"}],"wp:attachment":[{"href":"https:\/\/kopperschmidt-spritztechnik.de\/index.php\/wp-json\/wp\/v2\/media?parent=1100"}],"curies":[{"name":"wp","href":"https:\/\/api.w.org\/{rel}","templated":true}]}}