{"id":1103,"date":"2019-11-18T09:20:35","date_gmt":"2019-11-18T09:20:35","guid":{"rendered":"https:\/\/kopperschmidt-spritztechnik.de\/?page_id=1103"},"modified":"2025-04-14T14:09:45","modified_gmt":"2025-04-14T14:09:45","slug":"hochdruckpumpen-tap","status":"publish","type":"page","link":"https:\/\/kopperschmidt-spritztechnik.de\/index.php\/pumpentechnik\/hochdruckpumpen-tap\/","title":{"rendered":"Hochdruckpumpen TAP"},"content":{"rendered":"<p>[et_pb_section fb_built=&#8220;1&#8243; _builder_version=&#8220;4.0.6&#8243; use_background_color_gradient=&#8220;on&#8220; background_color_gradient_start=&#8220;#000000&#8243; background_color_gradient_end=&#8220;#c4c4c4&#8243;][et_pb_row column_structure=&#8220;1_4,1_4,1_4,1_4&#8243; _builder_version=&#8220;4.0.6&#8243;][et_pb_column type=&#8220;1_4&#8243; _builder_version=&#8220;4.0.6&#8243;][et_pb_blurb title=&#8220;Hochdruckpumpe TAP 12&#8243; url=&#8220;https:\/\/kopperschmidt-spritztechnik.de\/index.php\/hochdruckpumpen-tap12&#8243; image=&#8220;https:\/\/kopperschmidt-spritztechnik.de\/wp-content\/uploads\/2020\/02\/Hochdruckpumpe-TAP_A1_Basisger\u00e4t.jpg&#8220; _builder_version=&#8220;4.0.9&#8243; text_orientation=&#8220;center&#8220; link_option_url=&#8220;https:\/\/kopperschmidt-spritztechnik.de\/index.php\/hochdruckpumpen-tap12&#8243;]<\/p>\n<p style=\"text-align: center;\"><span style=\"color: #000000;\">Varianten f\u00fcr Dr\u00fccke bis 160 Bar:<\/span><\/p>\n<p><span style=\"color: #000000;\">TAP12-160: 10 bis 60 Bar bei 0,8 bis 5 Bar Luft, oder <\/span><span style=\"color: #000000;\">10 bis 120 Bar bei 0,8 bis 10 Bar Luft<br \/> <\/span><\/p>\n<p><span style=\"color: #000000;\">\u00a0TAP12-200: 16 bis 100 Bar bei 0,8 bis 5 Bar Luft, oder 16 bis 160 Bar bei 0,8 bis 8 Bar Luft<\/span><\/p>\n<p>[\/et_pb_blurb][\/et_pb_column][et_pb_column type=&#8220;1_4&#8243; _builder_version=&#8220;4.0.6&#8243;][et_pb_blurb title=&#8220;Hochdruckpumpe TAP 20&#8243; url=&#8220;https:\/\/kopperschmidt-spritztechnik.de\/index.php\/hochdruckpumpen-tap20\/&#8220; image=&#8220;https:\/\/kopperschmidt-spritztechnik.de\/wp-content\/uploads\/2020\/02\/Hochdruckpumpe-TAP_A1_Basisger\u00e4t.jpg&#8220; _builder_version=&#8220;4.0.9&#8243; text_orientation=&#8220;center&#8220; link_option_url=&#8220;https:\/\/kopperschmidt-spritztechnik.de\/index.php\/hochdruckpumpen-tap20\/&#8220;]<\/p>\n<p style=\"text-align: center;\"><span style=\"color: #000000;\">Varianten f\u00fcr Dr\u00fccke bis 240 Bar:<\/span><\/p>\n<p><span style=\"color: #000000;\">TAP20-160: 16 bis 100 Bar bei 0,8 bis 5 Bar Luft, oder <\/span><span style=\"color: #000000;\">16 bis 200 Bar bei 0,8 bis 10 Bar Luft<br \/> <\/span><\/p>\n<p><span style=\"color: #000000;\">\u00a0TAP20-200: 24 bis 150 Bar bei 0,8 bis 5 Bar Luft, oder 24 bis 240 Bar bei 0,8 bis 8 Bar Luft<\/span><\/p>\n<p>[\/et_pb_blurb][\/et_pb_column][et_pb_column type=&#8220;1_4&#8243; _builder_version=&#8220;4.0.6&#8243;][et_pb_blurb title=&#8220;Hochdruckpumpe TAP 40&#8243; url=&#8220;https:\/\/kopperschmidt-spritztechnik.de\/index.php\/hochdruckpumpen-tap40\/&#8220; image=&#8220;https:\/\/kopperschmidt-spritztechnik.de\/wp-content\/uploads\/2020\/02\/Hochdruckpumpe-TAP_A1_Basisger\u00e4t.jpg&#8220; _builder_version=&#8220;4.0.9&#8243; text_orientation=&#8220;center&#8220; link_option_url=&#8220;https:\/\/kopperschmidt-spritztechnik.de\/index.php\/hochdruckpumpen-tap40\/&#8220;]<\/p>\n<p style=\"text-align: center;\"><span style=\"color: #000000;\">Varianten f\u00fcr Dr\u00fccke bis 400 Bar:<\/span><\/p>\n<p><span style=\"color: #000000;\">TAP40-160: 32 bis 200 Bar bei 0,8 bis 5 Bar Luft, oder <\/span><span style=\"color: #000000;\">32 bis 400 Bar bei 0,8 bis 10 Bar Luft<br \/> <\/span><\/p>\n<p><span style=\"color: #000000;\">\u00a0TAP40-200: 56 bis 300 Bar bei 0,8 bis 5 Bar Luft, oder 56 bis 420 Bar bei 0,8 bis 7 Bar Luft<\/span><\/p>\n<p>[\/et_pb_blurb][\/et_pb_column][et_pb_column type=&#8220;1_4&#8243; _builder_version=&#8220;4.0.6&#8243;][et_pb_blurb title=&#8220;Hochdruckpumpe TAP 60&#8243; url=&#8220;https:\/\/kopperschmidt-spritztechnik.de\/index.php\/hochdruckpumpen-tap60\/&#8220; image=&#8220;https:\/\/kopperschmidt-spritztechnik.de\/wp-content\/uploads\/2020\/02\/Hochdruckpumpe-TAP_A1_Basisger\u00e4t.jpg&#8220; _builder_version=&#8220;4.0.9&#8243; text_orientation=&#8220;center&#8220; link_option_url=&#8220;https:\/\/kopperschmidt-spritztechnik.de\/index.php\/hochdruckpumpen-tap60\/&#8220;]<\/p>\n<p style=\"text-align: center;\"><span style=\"color: #000000;\">Varianten f\u00fcr Dr\u00fccke bis 400 Bar:<\/span><\/p>\n<p><span style=\"color: #000000;\">TAP60-160: 56 bis 300 Bar bei 0,8 bis 5 Bar Luft, oder <\/span><span style=\"color: #000000;\">56 bis 420 Bar bei 0,8 bis 7 Bar Luft<br \/> <\/span><\/p>\n<p><span style=\"color: #000000;\">\u00a0TAP60-200: 80 bis 420 Bar bei 0,8 bis 5 Bar Luft, oder 80 bis 600 Bar bei 0,8 bis 6 Bar Luft<\/span><\/p>\n<p>[\/et_pb_blurb][\/et_pb_column][\/et_pb_row][\/et_pb_section]<\/p>\n","protected":false},"excerpt":{"rendered":"<p>[et_pb_section fb_built=&#8220;1&#8243; _builder_version=&#8220;4.0.6&#8243; use_background_color_gradient=&#8220;on&#8220; background_color_gradient_start=&#8220;#000000&#8243; background_color_gradient_end=&#8220;#c4c4c4&#8243;][et_pb_row column_structure=&#8220;1_4,1_4,1_4,1_4&#8243; _builder_version=&#8220;4.0.6&#8243;][et_pb_column type=&#8220;1_4&#8243; _builder_version=&#8220;4.0.6&#8243;][et_pb_blurb title=&#8220;Hochdruckpumpe TAP 12&#8243; url=&#8220;https:\/\/kopperschmidt-spritztechnik.de\/index.php\/hochdruckpumpen-tap12&#8243; image=&#8220;https:\/\/kopperschmidt-spritztechnik.de\/wp-content\/uploads\/2020\/02\/Hochdruckpumpe-TAP_A1_Basisger\u00e4t.jpg&#8220; _builder_version=&#8220;4.0.9&#8243; text_orientation=&#8220;center&#8220; link_option_url=&#8220;https:\/\/kopperschmidt-spritztechnik.de\/index.php\/hochdruckpumpen-tap12&#8243;] Varianten f\u00fcr Dr\u00fccke bis 160 Bar: TAP12-160: 10 bis 60 Bar bei 0,8 bis 5 Bar Luft, oder 10 bis 120 Bar bei 0,8 bis 10 Bar Luft \u00a0TAP12-200: 16 bis 100 Bar bei 0,8 bis 5 [&hellip;]<\/p>\n","protected":false},"author":1,"featured_media":0,"parent":516,"menu_order":0,"comment_status":"closed","ping_status":"closed","template":"","meta":{"_seopress_robots_primary_cat":"","_seopress_titles_title":"","_seopress_titles_desc":"Hochdruckpumpen TAP zur Druckpr\u00fcfung von Beh\u00e4ltern und Rohrleitungen f\u00fcr Pr\u00fcfdr\u00fccke bis 600 Bar f\u00fcr station\u00e4ren und mobilen Einsatz","_seopress_robots_index":"","_et_pb_use_builder":"on","_et_pb_old_content":"","_et_gb_content_width":"","footnotes":""},"class_list":["post-1103","page","type-page","status-publish","hentry"],"_links":{"self":[{"href":"https:\/\/kopperschmidt-spritztechnik.de\/index.php\/wp-json\/wp\/v2\/pages\/1103","targetHints":{"allow":["GET"]}}],"collection":[{"href":"https:\/\/kopperschmidt-spritztechnik.de\/index.php\/wp-json\/wp\/v2\/pages"}],"about":[{"href":"https:\/\/kopperschmidt-spritztechnik.de\/index.php\/wp-json\/wp\/v2\/types\/page"}],"author":[{"embeddable":true,"href":"https:\/\/kopperschmidt-spritztechnik.de\/index.php\/wp-json\/wp\/v2\/users\/1"}],"replies":[{"embeddable":true,"href":"https:\/\/kopperschmidt-spritztechnik.de\/index.php\/wp-json\/wp\/v2\/comments?post=1103"}],"version-history":[{"count":17,"href":"https:\/\/kopperschmidt-spritztechnik.de\/index.php\/wp-json\/wp\/v2\/pages\/1103\/revisions"}],"predecessor-version":[{"id":6955,"href":"https:\/\/kopperschmidt-spritztechnik.de\/index.php\/wp-json\/wp\/v2\/pages\/1103\/revisions\/6955"}],"up":[{"embeddable":true,"href":"https:\/\/kopperschmidt-spritztechnik.de\/index.php\/wp-json\/wp\/v2\/pages\/516"}],"wp:attachment":[{"href":"https:\/\/kopperschmidt-spritztechnik.de\/index.php\/wp-json\/wp\/v2\/media?parent=1103"}],"curies":[{"name":"wp","href":"https:\/\/api.w.org\/{rel}","templated":true}]}}