{"id":1144,"date":"2019-11-18T09:27:35","date_gmt":"2019-11-18T09:27:35","guid":{"rendered":"https:\/\/kopperschmidt-spritztechnik.de\/?page_id=1144"},"modified":"2022-07-20T12:37:42","modified_gmt":"2022-07-20T12:37:42","slug":"filter-siebeinsaetze","status":"publish","type":"page","link":"https:\/\/kopperschmidt-spritztechnik.de\/index.php\/zubehoer\/filter-siebeinsaetze\/","title":{"rendered":"Filter &#038; Siebeins\u00e4tze"},"content":{"rendered":"<p>[et_pb_section fb_built=&#8220;1&#8243; _builder_version=&#8220;4.0.6&#8243; background_enable_color=&#8220;off&#8220; use_background_color_gradient=&#8220;on&#8220; background_color_gradient_start=&#8220;#000000&#8243; background_color_gradient_end=&#8220;#c4c4c4&#8243;][et_pb_row column_structure=&#8220;1_3,1_3,1_3&#8243; _builder_version=&#8220;4.0.6&#8243;][et_pb_column type=&#8220;1_3&#8243; _builder_version=&#8220;4.0.6&#8243;][et_pb_blurb title=&#8220;HD-Siebeins\u00e4tze f\u00fcr PN 500&#8243; url=&#8220;https:\/\/kopperschmidt24.de\/produkt\/hd_siebeinsatz-ks\/&#8220; url_new_window=&#8220;on&#8220; image=&#8220;https:\/\/kopperschmidt-spritztechnik.de\/wp-content\/uploads\/2020\/08\/HD-Siebeins\u00e4tze.jpg&#8220; _builder_version=&#8220;4.8.2&#8243; header_text_align=&#8220;center&#8220; link_option_url=&#8220;https:\/\/kopperschmidt24.de\/produkt\/hd_siebeinsatz-ks\/&#8220; link_option_url_new_window=&#8220;on&#8220;]<\/p>\n<p style=\"text-align: center;\"><span style=\"color: #333333;\">Sieb #0 bis Sieb #20<br \/><\/span><\/p>\n<p>[\/et_pb_blurb][\/et_pb_column][et_pb_column type=&#8220;1_3&#8243; _builder_version=&#8220;4.0.6&#8243;][et_pb_blurb title=&#8220;St\u00fctzfedern&#8220; url=&#8220;https:\/\/kopperschmidt24.de\/produkt\/stuetzfedern-fuer-pn500\/&#8220; url_new_window=&#8220;on&#8220; image=&#8220;https:\/\/kopperschmidt-spritztechnik.de\/wp-content\/uploads\/2022\/07\/Stuetzfeder.jpg&#8220; _builder_version=&#8220;4.8.2&#8243; header_text_align=&#8220;center&#8220; link_option_url=&#8220;https:\/\/kopperschmidt24.de\/produkt\/stuetzfedern-fuer-pn500\/&#8220; link_option_url_new_window=&#8220;on&#8220;]<\/p>\n<p style=\"text-align: center;\"><span style=\"color: #333333;\">passend f\u00fcr Kopperschmidt, Eurotechnik, B\u00f6llhoff, usw.<br \/><\/span><\/p>\n<p>[\/et_pb_blurb][\/et_pb_column][et_pb_column type=&#8220;1_3&#8243; _builder_version=&#8220;4.0.6&#8243;][et_pb_blurb title=&#8220;HD-Siebeins\u00e4tze passend f\u00fcr GRACO&#8220; url=&#8220;https:\/\/kopperschmidt24.de\/produkt\/hd-siebeinsaetze-fuer-graco\/&#8220; url_new_window=&#8220;on&#8220; image=&#8220;https:\/\/kopperschmidt-spritztechnik.de\/wp-content\/uploads\/2020\/08\/HD-Siebe-Graco.jpg&#8220; _builder_version=&#8220;4.8.2&#8243; header_text_align=&#8220;center&#8220; link_option_url=&#8220;https:\/\/kopperschmidt24.de\/produkt\/hd-siebeinsaetze-fuer-graco\/&#8220; link_option_url_new_window=&#8220;on&#8220;]<\/p>\n<p style=\"text-align: center;\"><span style=\"color: #333333;\">Maschenweiten von 50 MESH bis 200 MESH<\/span><\/p>\n<p>[\/et_pb_blurb][\/et_pb_column][\/et_pb_row][\/et_pb_section][et_pb_section fb_built=&#8220;1&#8243; _builder_version=&#8220;4.0.6&#8243; use_background_color_gradient=&#8220;on&#8220; background_color_gradient_start=&#8220;#000000&#8243; background_color_gradient_end=&#8220;#c4c4c4&#8243;][et_pb_row column_structure=&#8220;1_3,1_3,1_3&#8243; _builder_version=&#8220;4.0.6&#8243;][et_pb_column type=&#8220;1_3&#8243; _builder_version=&#8220;4.0.6&#8243;][et_pb_blurb title=&#8220;St\u00fctzk\u00f6rper passend f\u00fcr GRACO&#8220; url=&#8220;https:\/\/kopperschmidt24.de\/produkt\/stuetzkoerper-fuer-graco\/&#8220; url_new_window=&#8220;on&#8220; image=&#8220;https:\/\/kopperschmidt-spritztechnik.de\/wp-content\/uploads\/2022\/07\/Stuetzkoerper.jpg&#8220; _builder_version=&#8220;4.8.2&#8243; header_text_align=&#8220;center&#8220; link_option_url=&#8220;https:\/\/kopperschmidt24.de\/produkt\/stuetzkoerper-fuer-graco\/&#8220; link_option_url_new_window=&#8220;on&#8220; hover_enabled=&#8220;0&#8243; title_text=&#8220;St\u00fctzk\u00f6rper&#8220; sticky_enabled=&#8220;0&#8243;]<\/p>\n<p style=\"text-align: center;\"><span style=\"color: #333333;\">lange Ausf\u00fchrung in Nylon<br \/><\/span><\/p>\n<p>[\/et_pb_blurb][\/et_pb_column][et_pb_column type=&#8220;1_3&#8243; _builder_version=&#8220;4.0.6&#8243;][et_pb_blurb title=&#8220;HD-Siebeins\u00e4tze Typ 1&#8243; url=&#8220;https:\/\/kopperschmidt24.de\/produkt\/hd-siebeinsaetze-fuer-wiwa-typ1\/&#8220; url_new_window=&#8220;on&#8220; image=&#8220;https:\/\/kopperschmidt-spritztechnik.de\/wp-content\/uploads\/2020\/08\/HD-Sieb_WIWA_Typ1.jpg&#8220; _builder_version=&#8220;4.8.2&#8243; header_text_align=&#8220;center&#8220; link_option_url=&#8220;https:\/\/kopperschmidt24.de\/produkt\/hd-siebeinsaetze-fuer-wiwa-typ1\/&#8220; link_option_url_new_window=&#8220;on&#8220;]<\/p>\n<p style=\"text-align: center;\"><span style=\"color: #333333;\">Maschenweiten von 30 MESH bis 200 MESH<\/span><\/p>\n<p>[\/et_pb_blurb][\/et_pb_column][et_pb_column type=&#8220;1_3&#8243; _builder_version=&#8220;4.0.6&#8243;][et_pb_blurb title=&#8220;HD-Siebeins\u00e4tze Typ 11&#8243; url=&#8220;https:\/\/kopperschmidt24.de\/produkt\/hd-siebeinsaetze-typ11-passend-fuer-wiwa\/&#8220; url_new_window=&#8220;on&#8220; image=&#8220;https:\/\/kopperschmidt-spritztechnik.de\/wp-content\/uploads\/2020\/08\/HD-Sieb_Typ11.jpg&#8220; _builder_version=&#8220;4.8.2&#8243; header_text_align=&#8220;center&#8220; link_option_url=&#8220;https:\/\/kopperschmidt24.de\/produkt\/hd-siebeinsaetze-typ11-passend-fuer-wiwa\/&#8220; link_option_url_new_window=&#8220;on&#8220;]<\/p>\n<p style=\"text-align: center;\"><span style=\"color: #333333;\">Maschenweiten von 20 MESH bis 200 MESH<\/span><\/p>\n<p>[\/et_pb_blurb][\/et_pb_column][\/et_pb_row][\/et_pb_section]<\/p>\n","protected":false},"excerpt":{"rendered":"<p>[et_pb_section fb_built=&#8220;1&#8243; _builder_version=&#8220;4.0.6&#8243; background_enable_color=&#8220;off&#8220; use_background_color_gradient=&#8220;on&#8220; background_color_gradient_start=&#8220;#000000&#8243; background_color_gradient_end=&#8220;#c4c4c4&#8243;][et_pb_row column_structure=&#8220;1_3,1_3,1_3&#8243; _builder_version=&#8220;4.0.6&#8243;][et_pb_column type=&#8220;1_3&#8243; _builder_version=&#8220;4.0.6&#8243;][et_pb_blurb title=&#8220;HD-Siebeins\u00e4tze f\u00fcr PN 500&#8243; url=&#8220;https:\/\/kopperschmidt24.de\/produkt\/hd_siebeinsatz-ks\/&#8220; url_new_window=&#8220;on&#8220; image=&#8220;https:\/\/kopperschmidt-spritztechnik.de\/wp-content\/uploads\/2020\/08\/HD-Siebeins\u00e4tze.jpg&#8220; _builder_version=&#8220;4.8.2&#8243; header_text_align=&#8220;center&#8220; link_option_url=&#8220;https:\/\/kopperschmidt24.de\/produkt\/hd_siebeinsatz-ks\/&#8220; link_option_url_new_window=&#8220;on&#8220;] Sieb #0 bis Sieb #20 [\/et_pb_blurb][\/et_pb_column][et_pb_column type=&#8220;1_3&#8243; _builder_version=&#8220;4.0.6&#8243;][et_pb_blurb title=&#8220;St\u00fctzfedern&#8220; url=&#8220;https:\/\/kopperschmidt24.de\/produkt\/stuetzfedern-fuer-pn500\/&#8220; url_new_window=&#8220;on&#8220; image=&#8220;https:\/\/kopperschmidt-spritztechnik.de\/wp-content\/uploads\/2022\/07\/Stuetzfeder.jpg&#8220; _builder_version=&#8220;4.8.2&#8243; header_text_align=&#8220;center&#8220; link_option_url=&#8220;https:\/\/kopperschmidt24.de\/produkt\/stuetzfedern-fuer-pn500\/&#8220; link_option_url_new_window=&#8220;on&#8220;] passend f\u00fcr Kopperschmidt, Eurotechnik, B\u00f6llhoff, usw. [\/et_pb_blurb][\/et_pb_column][et_pb_column type=&#8220;1_3&#8243; _builder_version=&#8220;4.0.6&#8243;][et_pb_blurb title=&#8220;HD-Siebeins\u00e4tze passend f\u00fcr GRACO&#8220; url=&#8220;https:\/\/kopperschmidt24.de\/produkt\/hd-siebeinsaetze-fuer-graco\/&#8220; url_new_window=&#8220;on&#8220; image=&#8220;https:\/\/kopperschmidt-spritztechnik.de\/wp-content\/uploads\/2020\/08\/HD-Siebe-Graco.jpg&#8220; _builder_version=&#8220;4.8.2&#8243; [&hellip;]<\/p>\n","protected":false},"author":1,"featured_media":0,"parent":526,"menu_order":0,"comment_status":"closed","ping_status":"closed","template":"","meta":{"_seopress_robots_primary_cat":"","_seopress_titles_title":"Filter &amp; Siebeins\u00e4tze f\u00fcr Hochdruckfilter","_seopress_titles_desc":"Filter &amp; Siebeins\u00e4tze f\u00fcr Hochdruckfilter","_seopress_robots_index":"","_et_pb_use_builder":"on","_et_pb_old_content":"","_et_gb_content_width":"","footnotes":""},"class_list":["post-1144","page","type-page","status-publish","hentry"],"_links":{"self":[{"href":"https:\/\/kopperschmidt-spritztechnik.de\/index.php\/wp-json\/wp\/v2\/pages\/1144","targetHints":{"allow":["GET"]}}],"collection":[{"href":"https:\/\/kopperschmidt-spritztechnik.de\/index.php\/wp-json\/wp\/v2\/pages"}],"about":[{"href":"https:\/\/kopperschmidt-spritztechnik.de\/index.php\/wp-json\/wp\/v2\/types\/page"}],"author":[{"embeddable":true,"href":"https:\/\/kopperschmidt-spritztechnik.de\/index.php\/wp-json\/wp\/v2\/users\/1"}],"replies":[{"embeddable":true,"href":"https:\/\/kopperschmidt-spritztechnik.de\/index.php\/wp-json\/wp\/v2\/comments?post=1144"}],"version-history":[{"count":15,"href":"https:\/\/kopperschmidt-spritztechnik.de\/index.php\/wp-json\/wp\/v2\/pages\/1144\/revisions"}],"predecessor-version":[{"id":6145,"href":"https:\/\/kopperschmidt-spritztechnik.de\/index.php\/wp-json\/wp\/v2\/pages\/1144\/revisions\/6145"}],"up":[{"embeddable":true,"href":"https:\/\/kopperschmidt-spritztechnik.de\/index.php\/wp-json\/wp\/v2\/pages\/526"}],"wp:attachment":[{"href":"https:\/\/kopperschmidt-spritztechnik.de\/index.php\/wp-json\/wp\/v2\/media?parent=1144"}],"curies":[{"name":"wp","href":"https:\/\/api.w.org\/{rel}","templated":true}]}}