{"id":1863,"date":"2019-12-05T13:45:51","date_gmt":"2019-12-05T13:45:51","guid":{"rendered":"https:\/\/kopperschmidt-spritztechnik.de\/?page_id=1863"},"modified":"2025-04-29T06:41:27","modified_gmt":"2025-04-29T06:41:27","slug":"kolbenpumpen-m2001","status":"publish","type":"page","link":"https:\/\/kopperschmidt-spritztechnik.de\/index.php\/kolbenpumpen-m2001\/","title":{"rendered":"Kolbenpumpen M2001"},"content":{"rendered":"<p>[et_pb_section fb_built=&#8220;1&#8243; _builder_version=&#8220;4.0.6&#8243; use_background_color_gradient=&#8220;on&#8220; background_color_gradient_start=&#8220;#000000&#8243; background_color_gradient_end=&#8220;#c4c4c4&#8243;][et_pb_row column_structure=&#8220;1_4,1_4,1_4,1_4&#8243; _builder_version=&#8220;4.0.6&#8243;][et_pb_column type=&#8220;1_4&#8243; _builder_version=&#8220;4.0.6&#8243;][et_pb_blurb title=&#8220;M2001_08_85&#8243; url=&#8220;https:\/\/kopperschmidt-spritztechnik.de\/index.php\/m2001-kolbenpumpen\/&#8220; image=&#8220;https:\/\/kopperschmidt-spritztechnik.de\/wp-content\/uploads\/2019\/11\/Prod_M2001_110-085.jpg&#8220; _builder_version=&#8220;4.0.6&#8243; text_orientation=&#8220;center&#8220; link_option_url=&#8220;https:\/\/kopperschmidt-spritztechnik.de\/index.php\/m2001-kolbenpumpen\/&#8220; link_option_url_new_window=&#8220;on&#8220;]<\/p>\n<p><span style=\"color: #000000;\">Druckluftbetriebene Kolbenpumpe<\/span><\/p>\n<p><span style=\"color: #000000;\">\u00dc: 8:1, F: 170ccm\/DH<\/span><\/p>\n<p>[\/et_pb_blurb][\/et_pb_column][et_pb_column type=&#8220;1_4&#8243; _builder_version=&#8220;4.0.6&#8243;][et_pb_blurb title=&#8220;M2001_14_50&#8243; url=&#8220;https:\/\/kopperschmidt-spritztechnik.de\/index.php\/pu_m2001-kolbenpumpe-14_50\/&#8220; image=&#8220;https:\/\/kopperschmidt-spritztechnik.de\/wp-content\/uploads\/2019\/11\/Prod_M2001_110-050.jpg&#8220; _builder_version=&#8220;4.0.9&#8243; text_orientation=&#8220;center&#8220; link_option_url=&#8220;https:\/\/kopperschmidt-spritztechnik.de\/index.php\/pu_m2001-kolbenpumpe-14_50\/&#8220; link_option_url_new_window=&#8220;on&#8220;]<\/p>\n<p><span style=\"color: #000000;\">Druckluftbetriebene Kolbenpumpe<\/span><\/p>\n<p><span style=\"color: #000000;\">\u00dc: 14:1, F: 100ccm\/DH<\/span><\/p>\n<p>[\/et_pb_blurb][\/et_pb_column][et_pb_column type=&#8220;1_4&#8243; _builder_version=&#8220;4.0.6&#8243;][et_pb_blurb title=&#8220;M2001_20_35&#8243; url=&#8220;https:\/\/kopperschmidt-spritztechnik.de\/index.php\/pu_m2001-kolbenpumpe-20_35\/&#8220; image=&#8220;https:\/\/kopperschmidt-spritztechnik.de\/wp-content\/uploads\/2019\/11\/Prod_M2001_110-035.jpg&#8220; _builder_version=&#8220;4.0.9&#8243; text_orientation=&#8220;center&#8220; link_option_url=&#8220;https:\/\/kopperschmidt-spritztechnik.de\/index.php\/pu_m2001-kolbenpumpe-20_35\/&#8220; link_option_url_new_window=&#8220;on&#8220;]<\/p>\n<p><span style=\"color: #000000;\">Druckluftbetriebene Kolbenpumpe<\/span><\/p>\n<p><span style=\"color: #000000;\">\u00dc: 20:1, F: 70ccm\/DH<\/span><\/p>\n<p>[\/et_pb_blurb][\/et_pb_column][et_pb_column type=&#8220;1_4&#8243; _builder_version=&#8220;4.0.6&#8243;][et_pb_blurb title=&#8220;M2001_30_20&#8243; url=&#8220;https:\/\/kopperschmidt-spritztechnik.de\/index.php\/pu_m2001-kolbenpumpe-30_20\/&#8220; image=&#8220;https:\/\/kopperschmidt-spritztechnik.de\/wp-content\/uploads\/2019\/11\/Prod_M2001_110-020.jpg&#8220; _builder_version=&#8220;4.0.9&#8243; text_orientation=&#8220;center&#8220; link_option_url=&#8220;https:\/\/kopperschmidt-spritztechnik.de\/index.php\/pu_m2001-kolbenpumpe-30_20\/&#8220; link_option_url_new_window=&#8220;on&#8220;]<\/p>\n<p><span style=\"color: #000000;\">Druckluftbetriebene Kolbenpumpe<\/span><\/p>\n<p><span style=\"color: #000000;\">\u00dc: 30:1, F: 40ccm\/DH<\/span><\/p>\n<p>[\/et_pb_blurb][\/et_pb_column][\/et_pb_row][\/et_pb_section][et_pb_section fb_built=&#8220;1&#8243; _builder_version=&#8220;4.0.6&#8243; use_background_color_gradient=&#8220;on&#8220; background_color_gradient_start=&#8220;#000000&#8243; background_color_gradient_end=&#8220;#c4c4c4&#8243;][et_pb_row column_structure=&#8220;1_4,1_4,1_4,1_4&#8243; _builder_version=&#8220;4.0.6&#8243;][et_pb_column type=&#8220;1_4&#8243; _builder_version=&#8220;4.0.6&#8243;][et_pb_blurb title=&#8220;M2001_16_85&#8243; url=&#8220;https:\/\/kopperschmidt-spritztechnik.de\/index.php\/pu_m2001-kolbenpumpe-16_085\/&#8220; image=&#8220;https:\/\/kopperschmidt-spritztechnik.de\/wp-content\/uploads\/2019\/12\/Prod_M2001_160-085.jpg&#8220; _builder_version=&#8220;4.0.9&#8243; text_orientation=&#8220;center&#8220; link_option_url=&#8220;https:\/\/kopperschmidt-spritztechnik.de\/index.php\/pu_m2001-kolbenpumpe-16_085\/&#8220; link_option_url_new_window=&#8220;on&#8220;]<\/p>\n<p><span style=\"color: #000000;\">Druckluftbetriebene Kolbenpumpe<\/span><\/p>\n<p><span style=\"color: #000000;\">\u00dc: 16:1, F: 170ccm\/DH<\/span><\/p>\n<p>[\/et_pb_blurb][\/et_pb_column][et_pb_column type=&#8220;1_4&#8243; _builder_version=&#8220;4.0.6&#8243;][et_pb_blurb title=&#8220;M2001_30_50&#8243; url=&#8220;https:\/\/kopperschmidt-spritztechnik.de\/index.php\/pu_m2001-kolbenpumpe-30_50\/&#8220; image=&#8220;https:\/\/kopperschmidt-spritztechnik.de\/wp-content\/uploads\/2019\/12\/Prod_M2001_160-050.jpg&#8220; _builder_version=&#8220;4.0.9&#8243; text_orientation=&#8220;center&#8220; link_option_url=&#8220;https:\/\/kopperschmidt-spritztechnik.de\/index.php\/pu_m2001-kolbenpumpe-30_50\/&#8220; link_option_url_new_window=&#8220;on&#8220;]<\/p>\n<p><span style=\"color: #000000;\">Druckluftbetriebene Kolbenpumpe<\/span><\/p>\n<p><span style=\"color: #000000;\">\u00dc: 30:1, F: 100ccm\/DH<\/span><\/p>\n<p>[\/et_pb_blurb][\/et_pb_column][et_pb_column type=&#8220;1_4&#8243; _builder_version=&#8220;4.0.6&#8243;][et_pb_blurb title=&#8220;M2001_42_35&#8243; url=&#8220;https:\/\/kopperschmidt-spritztechnik.de\/index.php\/pu_m2001-kolbenpumpe-40_35\/&#8220; image=&#8220;https:\/\/kopperschmidt-spritztechnik.de\/wp-content\/uploads\/2019\/12\/Prod_M2001_160-035.jpg&#8220; _builder_version=&#8220;4.8.2&#8243; text_orientation=&#8220;center&#8220; link_option_url=&#8220;https:\/\/kopperschmidt-spritztechnik.de\/index.php\/pu_m2001-kolbenpumpe-40_35\/&#8220; link_option_url_new_window=&#8220;on&#8220; hover_enabled=&#8220;0&#8243; sticky_enabled=&#8220;0&#8243;]<\/p>\n<p><span style=\"color: #000000;\">Druckluftbetriebene Kolbenpumpe<\/span><\/p>\n<p><span style=\"color: #000000;\">\u00dc: 42:1, F: 70ccm\/DH<\/span><\/p>\n<p>[\/et_pb_blurb][\/et_pb_column][et_pb_column type=&#8220;1_4&#8243; _builder_version=&#8220;4.0.6&#8243;][et_pb_blurb title=&#8220;M2001_64_20&#8243; url=&#8220;https:\/\/kopperschmidt-spritztechnik.de\/index.php\/pu_m2001-kolbenpumpe-64_20\/&#8220; image=&#8220;https:\/\/kopperschmidt-spritztechnik.de\/wp-content\/uploads\/2019\/12\/Prod_M2001_160-020.jpg&#8220; _builder_version=&#8220;4.8.2&#8243; text_orientation=&#8220;center&#8220; link_option_url=&#8220;https:\/\/kopperschmidt-spritztechnik.de\/index.php\/pu_m2001-kolbenpumpe-64_20\/&#8220; link_option_url_new_window=&#8220;on&#8220;]<\/p>\n<p><span style=\"color: #000000;\">Druckluftbetriebene Kolbenpumpe<\/span><\/p>\n<p><span style=\"color: #000000;\">\u00dc: 64:1, F: 40ccm\/DH<\/span><\/p>\n<p>[\/et_pb_blurb][\/et_pb_column][\/et_pb_row][\/et_pb_section][et_pb_section fb_built=&#8220;1&#8243; _builder_version=&#8220;4.0.6&#8243; use_background_color_gradient=&#8220;on&#8220; background_color_gradient_start=&#8220;#000000&#8243; background_color_gradient_end=&#8220;#c4c4c4&#8243;][et_pb_row column_structure=&#8220;1_4,1_4,1_4,1_4&#8243; _builder_version=&#8220;4.0.6&#8243;][et_pb_column type=&#8220;1_4&#8243; _builder_version=&#8220;4.0.6&#8243;][et_pb_blurb title=&#8220;M2001_25_85&#8243; url=&#8220;https:\/\/kopperschmidt-spritztechnik.de\/index.php\/pu_m2001-kolbenpumpe-25_085\/&#8220; image=&#8220;https:\/\/kopperschmidt-spritztechnik.de\/wp-content\/uploads\/2019\/11\/Prod_M2001_200-085.jpg&#8220; _builder_version=&#8220;4.0.9&#8243; text_orientation=&#8220;center&#8220; link_option_url=&#8220;https:\/\/kopperschmidt-spritztechnik.de\/index.php\/pu_m2001-kolbenpumpe-25_085\/&#8220; link_option_url_new_window=&#8220;on&#8220;]<\/p>\n<p><span style=\"color: #000000;\">Druckluftbetriebene Kolbenpumpe<\/span><\/p>\n<p><span style=\"color: #000000;\">\u00dc: 25:1, F: 170ccm\/DH<\/span><\/p>\n<p>[\/et_pb_blurb][\/et_pb_column][et_pb_column type=&#8220;1_4&#8243; _builder_version=&#8220;4.0.6&#8243;][et_pb_blurb title=&#8220;M2001_45_50&#8243; url=&#8220;https:\/\/kopperschmidt-spritztechnik.de\/index.php\/pu_m2001-kolbenpumpe-45_50\/&#8220; image=&#8220;https:\/\/kopperschmidt-spritztechnik.de\/wp-content\/uploads\/2019\/12\/Prod_M2001_200-050.jpg&#8220; _builder_version=&#8220;4.0.9&#8243; text_orientation=&#8220;center&#8220; link_option_url=&#8220;https:\/\/kopperschmidt-spritztechnik.de\/index.php\/pu_m2001-kolbenpumpe-45_50\/&#8220; link_option_url_new_window=&#8220;on&#8220;]<\/p>\n<p><span style=\"color: #000000;\">Druckluftbetriebene Kolbenpumpe<\/span><\/p>\n<p><span style=\"color: #000000;\">\u00dc: 45:1, F: 100ccm\/DH<\/span><\/p>\n<p>[\/et_pb_blurb][\/et_pb_column][et_pb_column type=&#8220;1_4&#8243; _builder_version=&#8220;4.0.6&#8243;][et_pb_blurb title=&#8220;M2001_66_35&#8243; url=&#8220;https:\/\/kopperschmidt-spritztechnik.de\/index.php\/pu_m2001-kolbenpumpe-66_35\/&#8220; image=&#8220;https:\/\/kopperschmidt-spritztechnik.de\/wp-content\/uploads\/2019\/11\/Prod_M2001_200-035.jpg&#8220; _builder_version=&#8220;4.0.9&#8243; text_orientation=&#8220;center&#8220; link_option_url=&#8220;https:\/\/kopperschmidt-spritztechnik.de\/index.php\/pu_m2001-kolbenpumpe-66_35\/&#8220;]<\/p>\n<p><span style=\"color: #000000;\">Druckluftbetriebene Kolbenpumpe<\/span><\/p>\n<p><span style=\"color: #000000;\">\u00dc: 66:1, F: 70ccm\/D<\/span>H<\/p>\n<p>[\/et_pb_blurb][\/et_pb_column][et_pb_column type=&#8220;1_4&#8243; _builder_version=&#8220;4.0.6&#8243;][et_pb_blurb title=&#8220;Pumpenzubeh\u00f6r&#8220; url=&#8220;https:\/\/kopperschmidt-spritztechnik.de\/index.php\/zubehoer\/&#8220; image=&#8220;https:\/\/kopperschmidt-spritztechnik.de\/wp-content\/uploads\/2019\/12\/Prod_Pumpenzubeh\u00f6r.jpg&#8220; _builder_version=&#8220;4.0.9&#8243; text_orientation=&#8220;center&#8220; link_option_url=&#8220;https:\/\/kopperschmidt-spritztechnik.de\/index.php\/zubehoer\/&#8220;]<\/p>\n<p><span style=\"color: #000000;\">Zubeh\u00f6r f\u00fcr Kolbenpumpen, Ansaugsysteme, Anschlu\u00dfeinheiten, usw.<\/span><\/p>\n<p>[\/et_pb_blurb][\/et_pb_column][\/et_pb_row][\/et_pb_section]<\/p>\n","protected":false},"excerpt":{"rendered":"<p>[et_pb_section fb_built=&#8220;1&#8243; _builder_version=&#8220;4.0.6&#8243; use_background_color_gradient=&#8220;on&#8220; background_color_gradient_start=&#8220;#000000&#8243; background_color_gradient_end=&#8220;#c4c4c4&#8243;][et_pb_row column_structure=&#8220;1_4,1_4,1_4,1_4&#8243; _builder_version=&#8220;4.0.6&#8243;][et_pb_column type=&#8220;1_4&#8243; _builder_version=&#8220;4.0.6&#8243;][et_pb_blurb title=&#8220;M2001_08_85&#8243; url=&#8220;https:\/\/kopperschmidt-spritztechnik.de\/index.php\/m2001-kolbenpumpen\/&#8220; image=&#8220;https:\/\/kopperschmidt-spritztechnik.de\/wp-content\/uploads\/2019\/11\/Prod_M2001_110-085.jpg&#8220; _builder_version=&#8220;4.0.6&#8243; text_orientation=&#8220;center&#8220; link_option_url=&#8220;https:\/\/kopperschmidt-spritztechnik.de\/index.php\/m2001-kolbenpumpen\/&#8220; link_option_url_new_window=&#8220;on&#8220;] Druckluftbetriebene Kolbenpumpe \u00dc: 8:1, F: 170ccm\/DH [\/et_pb_blurb][\/et_pb_column][et_pb_column type=&#8220;1_4&#8243; _builder_version=&#8220;4.0.6&#8243;][et_pb_blurb title=&#8220;M2001_14_50&#8243; url=&#8220;https:\/\/kopperschmidt-spritztechnik.de\/index.php\/pu_m2001-kolbenpumpe-14_50\/&#8220; image=&#8220;https:\/\/kopperschmidt-spritztechnik.de\/wp-content\/uploads\/2019\/11\/Prod_M2001_110-050.jpg&#8220; _builder_version=&#8220;4.0.9&#8243; text_orientation=&#8220;center&#8220; link_option_url=&#8220;https:\/\/kopperschmidt-spritztechnik.de\/index.php\/pu_m2001-kolbenpumpe-14_50\/&#8220; link_option_url_new_window=&#8220;on&#8220;] Druckluftbetriebene Kolbenpumpe \u00dc: 14:1, F: 100ccm\/DH [\/et_pb_blurb][\/et_pb_column][et_pb_column type=&#8220;1_4&#8243; _builder_version=&#8220;4.0.6&#8243;][et_pb_blurb title=&#8220;M2001_20_35&#8243; url=&#8220;https:\/\/kopperschmidt-spritztechnik.de\/index.php\/pu_m2001-kolbenpumpe-20_35\/&#8220; image=&#8220;https:\/\/kopperschmidt-spritztechnik.de\/wp-content\/uploads\/2019\/11\/Prod_M2001_110-035.jpg&#8220; _builder_version=&#8220;4.0.9&#8243; text_orientation=&#8220;center&#8220; link_option_url=&#8220;https:\/\/kopperschmidt-spritztechnik.de\/index.php\/pu_m2001-kolbenpumpe-20_35\/&#8220; link_option_url_new_window=&#8220;on&#8220;] Druckluftbetriebene Kolbenpumpe \u00dc: 20:1, F: 70ccm\/DH [&hellip;]<\/p>\n","protected":false},"author":2,"featured_media":0,"parent":0,"menu_order":0,"comment_status":"closed","ping_status":"closed","template":"","meta":{"_seopress_robots_primary_cat":"","_seopress_titles_title":"","_seopress_titles_desc":"Kolbenpumpen M2001 von Kopperschmidt Spritztechnik sind Pumpen der mittleren Leistungsklasse mit F\u00f6rdervolumen von bis zu 170ccm\/DH und Dr\u00fccken bis 400 Bar","_seopress_robots_index":"","_et_pb_use_builder":"on","_et_pb_old_content":"","_et_gb_content_width":"","footnotes":""},"class_list":["post-1863","page","type-page","status-publish","hentry"],"_links":{"self":[{"href":"https:\/\/kopperschmidt-spritztechnik.de\/index.php\/wp-json\/wp\/v2\/pages\/1863","targetHints":{"allow":["GET"]}}],"collection":[{"href":"https:\/\/kopperschmidt-spritztechnik.de\/index.php\/wp-json\/wp\/v2\/pages"}],"about":[{"href":"https:\/\/kopperschmidt-spritztechnik.de\/index.php\/wp-json\/wp\/v2\/types\/page"}],"author":[{"embeddable":true,"href":"https:\/\/kopperschmidt-spritztechnik.de\/index.php\/wp-json\/wp\/v2\/users\/2"}],"replies":[{"embeddable":true,"href":"https:\/\/kopperschmidt-spritztechnik.de\/index.php\/wp-json\/wp\/v2\/comments?post=1863"}],"version-history":[{"count":26,"href":"https:\/\/kopperschmidt-spritztechnik.de\/index.php\/wp-json\/wp\/v2\/pages\/1863\/revisions"}],"predecessor-version":[{"id":7044,"href":"https:\/\/kopperschmidt-spritztechnik.de\/index.php\/wp-json\/wp\/v2\/pages\/1863\/revisions\/7044"}],"wp:attachment":[{"href":"https:\/\/kopperschmidt-spritztechnik.de\/index.php\/wp-json\/wp\/v2\/media?parent=1863"}],"curies":[{"name":"wp","href":"https:\/\/api.w.org\/{rel}","templated":true}]}}