{"id":2300,"date":"2019-12-22T15:14:44","date_gmt":"2019-12-22T15:14:44","guid":{"rendered":"https:\/\/kopperschmidt-spritztechnik.de\/?page_id=2300"},"modified":"2025-09-10T13:37:36","modified_gmt":"2025-09-10T13:37:36","slug":"pu_m2001-kolbenpumpe-30_50","status":"publish","type":"page","link":"https:\/\/kopperschmidt-spritztechnik.de\/index.php\/pu_m2001-kolbenpumpe-30_50\/","title":{"rendered":"PU_M2001 Kolbenpumpe 30_50"},"content":{"rendered":"<p>[et_pb_section fb_built=&#8220;1&#8243; _builder_version=&#8220;4.0.6&#8243; use_background_color_gradient=&#8220;on&#8220;][et_pb_row _builder_version=&#8220;4.0.6&#8243;][et_pb_column type=&#8220;4_4&#8243; _builder_version=&#8220;4.0.6&#8243;][et_pb_text _builder_version=&#8220;4.0.9&#8243; use_background_color_gradient=&#8220;on&#8220; background_color_gradient_start=&#8220;#000000&#8243; background_color_gradient_end=&#8220;#c4c4c4&#8243;]<\/p>\n<h1 style=\"text-align: center;\"><span style=\"color: #ccffff;\"><strong>Die Kopperschmidt Kolbenpumpe M2001_30.50<br \/> <\/strong><\/span><\/h1>\n<p>[\/et_pb_text][\/et_pb_column][\/et_pb_row][et_pb_row column_structure=&#8220;1_3,1_3,1_3&#8243; _builder_version=&#8220;4.0.6&#8243; use_background_color_gradient=&#8220;on&#8220;][et_pb_column type=&#8220;1_3&#8243; _builder_version=&#8220;4.0.6&#8243;][et_pb_image src=&#8220;https:\/\/kopperschmidt-spritztechnik.de\/wp-content\/uploads\/2019\/12\/Prod_M2001_160-050.jpg&#8220; _builder_version=&#8220;4.0.9&#8243; background_enable_image=&#8220;off&#8220;][\/et_pb_image][et_pb_image src=&#8220;https:\/\/kopperschmidt-spritztechnik.de\/wp-content\/uploads\/2019\/12\/Prod_KoPu_Schwenkbecher.jpg&#8220; _builder_version=&#8220;4.0.6&#8243;][\/et_pb_image][\/et_pb_column][et_pb_column type=&#8220;1_3&#8243; _builder_version=&#8220;4.0.6&#8243;][et_pb_text _builder_version=&#8220;4.0.9&#8243; use_background_color_gradient=&#8220;on&#8220;]<\/p>\n<p><strong><span style=\"color: #000000;\">Technische Daten<\/span><\/strong><br \/> <span style=\"color: #000000;\"> \u00dc-Verh\u00e4ltnis:<\/span><br \/> <span style=\"color: #000000;\"> F\u00f6rdermenge max.:<\/span><br \/> <span style=\"color: #000000;\"> zul. Betriebs\u00fcberdruck:<\/span><br \/> <span style=\"color: #000000;\"> Lufteingangsdruck max.:<\/span><br \/> <span style=\"color: #000000;\"> Volumen pro Zyklus (Doppelhub):<\/span><br \/> <span style=\"color: #000000;\"> Gewicht:<\/span><br \/> <span style=\"color: #000000;\"> Saugh\u00f6he (leere Pumpe):<\/span><br \/> <span style=\"color: #000000;\"> Saugh\u00f6he (gef\u00fcllte Pumpe):<\/span><br \/> <span style=\"color: #000000;\"> Lufteingangsdruck min.:<\/span><br \/> <span style=\"color: #000000;\"> Umgebungstemperatur min.:<\/span><br \/> <span style=\"color: #000000;\"> Umgebungstemperatur max.:<\/span><br \/> <span style=\"color: #000000;\"> Mediumstemperatur min.:<\/span><br \/> <span style=\"color: #000000;\"> Mediumstemperatur max.:<\/span><br \/> <span style=\"color: #000000;\"> Hubfrequenz max. (kurz):<\/span><br \/> <span style=\"color: #000000;\"> Hubfrequenz max. (Dauer):<\/span><br \/> <span style=\"color: #000000;\"> Schalldruckpegel*:<\/span><br \/> <span style=\"color: #000000;\"> Luftanschluss:<\/span><br \/> <span style=\"color: #000000;\"> Materialausgang:<\/span><br \/> <span style=\"color: #000000;\"> Materialeingang:<\/span><span style=\"color: #000000;\"><\/span><br \/> <span style=\"color: #000000;\"> Medienber\u00fchrten Teile aus:<\/span><\/p>\n<p><span style=\"color: #000000;\">*Messung aus 1 Meter Entfernung<\/span><\/p>\n<p>[\/et_pb_text][\/et_pb_column][et_pb_column type=&#8220;1_3&#8243; _builder_version=&#8220;4.0.6&#8243;][et_pb_text _builder_version=&#8220;4.0.9&#8243;]<\/p>\n<p><strong><span style=\"color: #000000;\">Technische Daten<\/span><\/strong><br \/> <span style=\"color: #000000;\"> 30:1<\/span><br \/> <span style=\"color: #000000;\"> 6,0 l\/min<\/span><br \/> <span style=\"color: #000000;\"> 240 Bar<\/span><br \/> <span style=\"color: #000000;\"> 8 Bar<\/span><br \/> <span style=\"color: #000000;\"> 100 ccm<\/span><br \/> <span style=\"color: #000000;\"> 20 kg ???<\/span><br \/> <span style=\"color: #000000;\"> 1,5 mWS<\/span><br \/> <span style=\"color: #000000;\"> 6,5 mWS<\/span><br \/> <span style=\"color: #000000;\"> 0,8 bis 1,5 Bar<\/span><br \/> <span style=\"color: #000000;\"> + 5 \u00b0C<\/span><br \/> <span style=\"color: #000000;\"> + 40 \u00b0C<\/span><br \/> <span style=\"color: #000000;\"> +10 \u00b0C<\/span><br \/> <span style=\"color: #000000;\"> +70 \u00b0C<\/span><br \/> <span style=\"color: #000000;\"> 60 DH\/min.<\/span><br \/> <span style=\"color: #000000;\"> 25 DH\/min.<\/span><br \/> <span style=\"color: #000000;\"> 82 dB(A)<\/span><br \/> <span style=\"color: #000000;\"> G3\/8\u201c<\/span><br \/> <span style=\"color: #000000;\"> G3\/8\u201c<\/span><br \/> <span style=\"color: #000000;\">M26 x 1,5mm <\/span><br \/> <span style=\"color: #000000;\"> Edelstahl<\/span><\/p>\n<p>[\/et_pb_text][\/et_pb_column][\/et_pb_row][et_pb_row _builder_version=&#8220;4.0.6&#8243; use_background_color_gradient=&#8220;on&#8220;][et_pb_column type=&#8220;4_4&#8243; _builder_version=&#8220;4.0.6&#8243;][et_pb_text _builder_version=&#8220;4.0.9&#8243;]<\/p>\n<p><span style=\"color: #000000;\">Die Kolbenpumpen M2001 sind robust konstruierte druckluftbetriebne Airlesspumpen entwickelt zum F\u00f6rdern und Lackieren.<\/span><\/p>\n<p><span style=\"color: #000000;\"><\/span><span style=\"color: #000000;\">Die Materialber\u00fchrten Teile sind aus Edelstahl, Hartmetall, PTFE oder PE. Eine ATEX-Zulassung f\u00fcr den Einsatz in explosionsgef\u00e4hrdeten Bereichen eine FDA-konforme Version f\u00fcr den Einsatz mit Lebensmitteln rundet das Bild ab und macht die Pumpen vielseitig einsetzbar. Nachfolgend finden Sie die Vorteile auf einen Blick:<\/span><span style=\"color: #000000;\"><\/span><\/p>\n<ul>\n<li><span style=\"color: #000000;\">Minimale Pulsation f\u00fcr gleichm\u00e4\u00dfigen Materialstrom beim F\u00f6rdern und Spritzen<\/span><\/li>\n<li><span style=\"color: #000000;\">Vielseitig einsetzbar durch Edelstahl, Hartmrtall, PTFE oder PE im Materialbereich<\/span><\/li>\n<li><span style=\"color: #000000;\">Einfache Inbetriebnahme durch selbstansaugendes System<\/span><\/li>\n<li><span style=\"color: #000000;\">Wartungsfreies Ger\u00e4t, keine Schmierung erforderlich<\/span><\/li>\n<li><span style=\"color: #000000;\">Integriertes Sicherheitsventil entsprechend den Unfallverh\u00fctungsvorschriften<\/span><\/li>\n<\/ul>\n<p><span style=\"color: #000000;\">Diese Vorteile zusammen mit einer Vielzahl an Zubeh\u00f6r, machen die M2001 Pumpen zu universell einsetzbaren Pumpen f\u00fcr Materialdr\u00fccke bis 400 Bar und F\u00f6rdermengen bis 10,0 l\/min.<\/span><br \/> <span style=\"color: #000000;\"> F\u00fcr die M2001 Pumpen steht folgendes Zubeh\u00f6r zu Verf\u00fcgung: <\/span><\/p>\n<ul>\n<li><span style=\"color: #000000;\">Wand- oder Deckelmontage<\/span><\/li>\n<li><span style=\"color: #000000;\">fahrbare Versionen auf Pumpenkarre oder Pumpenwagen mit verschiedenen Ansaugsystemen starr, flexibel oder mit Oberbeh\u00e4lter<br \/> <\/span><\/li>\n<li><span style=\"color: #000000;\">f\u00fcr mobile oder station\u00e4re Farbversorgungseinrichtungen auf Pneumatikliftern f\u00fcr Hobbock oder 200L Gebinde.<\/span><\/li>\n<\/ul>\n<p>[\/et_pb_text][\/et_pb_column][\/et_pb_row][et_pb_row _builder_version=&#8220;4.0.6&#8243;][et_pb_column type=&#8220;4_4&#8243; _builder_version=&#8220;4.0.6&#8243;][et_pb_text _builder_version=&#8220;4.0.6&#8243; use_background_color_gradient=&#8220;on&#8220; background_color_gradient_start=&#8220;#000000&#8243; background_color_gradient_end=&#8220;#bec4c3&#8243;]<\/p>\n<h1 style=\"text-align: center;\"><span style=\"color: #ccffff;\">Downloads<\/span><\/h1>\n<p>[\/et_pb_text][et_pb_text _builder_version=&#8220;4.8.2&#8243; use_background_color_gradient=&#8220;on&#8220; background_color_gradient_start=&#8220;#000000&#8243; background_color_gradient_end=&#8220;#c4c4c4&#8243; custom_padding=&#8220;||8px|||&#8220; link_option_url_new_window=&#8220;on&#8220; hover_enabled=&#8220;0&#8243; sticky_enabled=&#8220;0&#8243;]<\/p>\n<p style=\"text-align: center;\"><span style=\"color: #808080;\"><a href=\"https:\/\/kopperschmidt-spritztechnik.de\/wp-content\/uploads\/2025\/04\/M2001-Pumpen-Ueberblick_PI_D_0425.pdf\" target=\"_blank\" rel=\"noopener noreferrer\"><span style=\"color: #00ccff;\">Druckansicht\u00a0<\/span><\/a> \u00a0 \u00a0\u00a0\u00a0 <a href=\"https:\/\/kopperschmidt-spritztechnik.de\/wp-content\/uploads\/2025\/09\/M2001_30_50-Kolbenpumpe_PD_D_e_0925.pdf\" target=\"_blank\" rel=\"noopener noreferrer\"><span style=\"color: #00ccff;\">Ersatzteilblatt<\/span><\/a>\u00a0\u00a0\u00a0\u00a0\u00a0\u00a0\u00a0 <span style=\"color: #00ccff;\"><a href=\"https:\/\/kopperschmidt-spritztechnik.de\/wp-content\/uploads\/2025\/04\/M2001.020-bis-050_MD_D_0425.pdf\" target=\"_blank\" rel=\"noopener noreferrer\" style=\"color: #00ccff;\">Materialdatenblatt<\/a><\/span>\u00a0\u00a0\u00a0\u00a0\u00a0\u00a0\u00a0\u00a0\u00a0 <span style=\"color: #00ccff;\"><a href=\"https:\/\/kopperschmidt-spritztechnik.de\/wp-content\/uploads\/2025\/04\/M2001-30_50_Massblatt_D_0425.pdf\" target=\"_blank\" rel=\"noopener noreferrer\" style=\"color: #00ccff;\">Massblatt 1<\/a><\/span>\u00a0\u00a0\u00a0\u00a0\u00a0\u00a0\u00a0 Massblatt 2\u00a0\u00a0\u00a0\u00a0\u00a0\u00a0\u00a0 Massblatt 3\u00a0\u00a0\u00a0\u00a0\u00a0\u00a0\u00a0 <a href=\"https:\/\/kopperschmidt-spritztechnik.de\/wp-content\/uploads\/2025\/04\/M2001_Montage_PUe_D_0425.pdf\" target=\"_blank\" rel=\"noopener noreferrer\"><span style=\"color: #00ccff;\">Montagearten<\/span><\/a>\u00a0\u00a0\u00a0\u00a0 <span style=\"color: #00ccff;\"><a href=\"https:\/\/kopperschmidt24.de\/produkt\/m2001-30-50\/\" target=\"_blank\" rel=\"noopener noreferrer\" style=\"color: #00ccff;\">Preisinfo<\/a><\/span><\/span><\/p>\n<p>[\/et_pb_text][et_pb_text _builder_version=&#8220;4.8.2&#8243; use_background_color_gradient=&#8220;on&#8220; background_color_gradient_start=&#8220;#000000&#8243; background_color_gradient_end=&#8220;#c4c4c4&#8243; custom_padding=&#8220;||8px|||&#8220; link_option_url_new_window=&#8220;on&#8220; hover_enabled=&#8220;0&#8243; sticky_enabled=&#8220;0&#8243;]<\/p>\n<p style=\"text-align: center;\"><span style=\"color: #808080;\"><a href=\"https:\/\/kopperschmidt-spritztechnik.de\/wp-content\/uploads\/2025\/04\/M2001-Pumpen-Ueberblick_PI_E_0425.pdf\" target=\"_blank\" rel=\"noopener noreferrer\"><span style=\"color: #00ccff;\">Printversion<\/span><\/a> \u00a0 \u00a0\u00a0\u00a0 <a href=\"https:\/\/kopperschmidt-spritztechnik.de\/wp-content\/uploads\/2025\/09\/M2001_30_50-Kolbenpumpe_PD_E_e_0925.pdf\" target=\"_blank\" rel=\"noopener noreferrer\"><span style=\"color: #00ccff;\">Spareparts<\/span><\/a> \u00a0\u00a0\u00a0\u00a0\u00a0\u00a0 <span style=\"color: #00ccff;\"><a href=\"https:\/\/kopperschmidt-spritztechnik.de\/wp-content\/uploads\/2025\/04\/M2001.020-bis-050_MD_E_0425.pdf\" target=\"_blank\" rel=\"noopener noreferrer\" style=\"color: #00ccff;\">Material contact parts<\/a><\/span>\u00a0\u00a0\u00a0\u00a0\u00a0\u00a0\u00a0\u00a0\u00a0 <span style=\"color: #00ccff;\"><a href=\"https:\/\/kopperschmidt-spritztechnik.de\/wp-content\/uploads\/2025\/04\/M2001-30_50_Massblatt_E_0425.pdf\" target=\"_blank\" rel=\"noopener noreferrer\" style=\"color: #00ccff;\">Dimensions 1<\/a><\/span>\u00a0\u00a0\u00a0\u00a0\u00a0\u00a0\u00a0 Dimensions 2\u00a0\u00a0\u00a0\u00a0\u00a0\u00a0\u00a0 Dimensions 3\u00a0\u00a0\u00a0\u00a0\u00a0\u00a0\u00a0 <a href=\"https:\/\/kopperschmidt-spritztechnik.de\/wp-content\/uploads\/2025\/04\/M2001_Montage_PUe_E_0425.pdf\" target=\"_blank\" rel=\"noopener noreferrer\"><span style=\"color: #00ccff;\">Mounting<\/span><\/a> \u00a0\u00a0\u00a0 <span style=\"color: #00ccff;\"><a href=\"https:\/\/kopperschmidt24.de\/produkt\/m2001-30-50\/\" target=\"_blank\" rel=\"noopener noreferrer\" style=\"color: #00ccff;\">Prices<\/a><\/span><\/span><\/p>\n<p>[\/et_pb_text][\/et_pb_column][\/et_pb_row][\/et_pb_section]<\/p>\n","protected":false},"excerpt":{"rendered":"<p>[et_pb_section fb_built=&#8220;1&#8243; _builder_version=&#8220;4.0.6&#8243; use_background_color_gradient=&#8220;on&#8220;][et_pb_row _builder_version=&#8220;4.0.6&#8243;][et_pb_column type=&#8220;4_4&#8243; _builder_version=&#8220;4.0.6&#8243;][et_pb_text _builder_version=&#8220;4.0.9&#8243; use_background_color_gradient=&#8220;on&#8220; background_color_gradient_start=&#8220;#000000&#8243; background_color_gradient_end=&#8220;#c4c4c4&#8243;] Die Kopperschmidt Kolbenpumpe M2001_30.50 [\/et_pb_text][\/et_pb_column][\/et_pb_row][et_pb_row column_structure=&#8220;1_3,1_3,1_3&#8243; _builder_version=&#8220;4.0.6&#8243; use_background_color_gradient=&#8220;on&#8220;][et_pb_column type=&#8220;1_3&#8243; _builder_version=&#8220;4.0.6&#8243;][et_pb_image src=&#8220;https:\/\/kopperschmidt-spritztechnik.de\/wp-content\/uploads\/2019\/12\/Prod_M2001_160-050.jpg&#8220; _builder_version=&#8220;4.0.9&#8243; background_enable_image=&#8220;off&#8220;][\/et_pb_image][et_pb_image src=&#8220;https:\/\/kopperschmidt-spritztechnik.de\/wp-content\/uploads\/2019\/12\/Prod_KoPu_Schwenkbecher.jpg&#8220; _builder_version=&#8220;4.0.6&#8243;][\/et_pb_image][\/et_pb_column][et_pb_column type=&#8220;1_3&#8243; _builder_version=&#8220;4.0.6&#8243;][et_pb_text _builder_version=&#8220;4.0.9&#8243; use_background_color_gradient=&#8220;on&#8220;] Technische Daten \u00dc-Verh\u00e4ltnis: F\u00f6rdermenge max.: zul. Betriebs\u00fcberdruck: Lufteingangsdruck max.: Volumen pro Zyklus (Doppelhub): Gewicht: Saugh\u00f6he (leere Pumpe): Saugh\u00f6he (gef\u00fcllte Pumpe): Lufteingangsdruck min.: Umgebungstemperatur min.: Umgebungstemperatur [&hellip;]<\/p>\n","protected":false},"author":2,"featured_media":0,"parent":0,"menu_order":0,"comment_status":"closed","ping_status":"closed","template":"","meta":{"_seopress_robots_primary_cat":"","_seopress_titles_title":"","_seopress_titles_desc":"Die M2001-30.50 ist eine robust konstruierte Kolbenpumpe, entwickelt zum Lackieren f\u00fcr Airless und luftunterst\u00fctzte Applikationstechniken. ","_seopress_robots_index":"","_et_pb_use_builder":"on","_et_pb_old_content":"","_et_gb_content_width":"","footnotes":""},"class_list":["post-2300","page","type-page","status-publish","hentry"],"_links":{"self":[{"href":"https:\/\/kopperschmidt-spritztechnik.de\/index.php\/wp-json\/wp\/v2\/pages\/2300","targetHints":{"allow":["GET"]}}],"collection":[{"href":"https:\/\/kopperschmidt-spritztechnik.de\/index.php\/wp-json\/wp\/v2\/pages"}],"about":[{"href":"https:\/\/kopperschmidt-spritztechnik.de\/index.php\/wp-json\/wp\/v2\/types\/page"}],"author":[{"embeddable":true,"href":"https:\/\/kopperschmidt-spritztechnik.de\/index.php\/wp-json\/wp\/v2\/users\/2"}],"replies":[{"embeddable":true,"href":"https:\/\/kopperschmidt-spritztechnik.de\/index.php\/wp-json\/wp\/v2\/comments?post=2300"}],"version-history":[{"count":31,"href":"https:\/\/kopperschmidt-spritztechnik.de\/index.php\/wp-json\/wp\/v2\/pages\/2300\/revisions"}],"predecessor-version":[{"id":7384,"href":"https:\/\/kopperschmidt-spritztechnik.de\/index.php\/wp-json\/wp\/v2\/pages\/2300\/revisions\/7384"}],"wp:attachment":[{"href":"https:\/\/kopperschmidt-spritztechnik.de\/index.php\/wp-json\/wp\/v2\/media?parent=2300"}],"curies":[{"name":"wp","href":"https:\/\/api.w.org\/{rel}","templated":true}]}}