{"id":2424,"date":"2019-12-31T13:18:33","date_gmt":"2019-12-31T13:18:33","guid":{"rendered":"https:\/\/kopperschmidt-spritztechnik.de\/?page_id=2424"},"modified":"2025-06-05T14:39:38","modified_gmt":"2025-06-05T14:39:38","slug":"pu_t2001-kolbenpumpe-75_110","status":"publish","type":"page","link":"https:\/\/kopperschmidt-spritztechnik.de\/index.php\/pu_t2001-kolbenpumpe-75_110\/","title":{"rendered":"PU_T2001 Kolbenpumpe 75_110"},"content":{"rendered":"<p>[et_pb_section fb_built=&#8220;1&#8243; _builder_version=&#8220;4.0.6&#8243; use_background_color_gradient=&#8220;on&#8220;][et_pb_row _builder_version=&#8220;4.0.6&#8243;][et_pb_column type=&#8220;4_4&#8243; _builder_version=&#8220;4.0.6&#8243;][et_pb_text _builder_version=&#8220;4.0.9&#8243; use_background_color_gradient=&#8220;on&#8220; background_color_gradient_start=&#8220;#000000&#8243; background_color_gradient_end=&#8220;#c4c4c4&#8243;]<\/p>\n<h1 style=\"text-align: center;\"><span style=\"color: #ccffff;\"><strong>Die Kopperschmidt Kolbenpumpe T2001_75.110<br \/> <\/strong><\/span><\/h1>\n<p>[\/et_pb_text][\/et_pb_column][\/et_pb_row][et_pb_row column_structure=&#8220;1_3,1_3,1_3&#8243; _builder_version=&#8220;4.0.6&#8243; use_background_color_gradient=&#8220;on&#8220;][et_pb_column type=&#8220;1_3&#8243; _builder_version=&#8220;4.0.6&#8243;][et_pb_image src=&#8220;https:\/\/kopperschmidt-spritztechnik.de\/wp-content\/uploads\/2019\/11\/Prod_T2001_230-150.jpg&#8220; _builder_version=&#8220;4.0.9&#8243; background_enable_image=&#8220;off&#8220;][\/et_pb_image][et_pb_image src=&#8220;https:\/\/kopperschmidt-spritztechnik.de\/wp-content\/uploads\/2020\/08\/T2001_300-110_150_200_P-Wagen.jpg&#8220; title_text=&#8220;T2001_300-110_150_200_P-Wagen&#8220; _builder_version=&#8220;4.5.1&#8243;][\/et_pb_image][\/et_pb_column][et_pb_column type=&#8220;1_3&#8243; _builder_version=&#8220;4.0.6&#8243;][et_pb_text _builder_version=&#8220;4.5.1&#8243; use_background_color_gradient=&#8220;on&#8220;]<\/p>\n<p><strong><span style=\"color: #000000;\">Technische Daten:<\/span><\/strong><br \/> <span style=\"color: #000000;\"> \u00dc-Verh\u00e4ltnis:<\/span><br \/> <span style=\"color: #000000;\"> F\u00f6rdermenge max.:<\/span><br \/> <span style=\"color: #000000;\"> zul. Betriebs\u00fcberdruck:<\/span><br \/> <span style=\"color: #000000;\"> Lufteingangsdruck max.:<\/span><br \/> <span style=\"color: #000000;\"> Volumen pro Zyklus (Doppelhub):<\/span><br \/> <span style=\"color: #000000;\"> Gewicht:<\/span><br \/> <span style=\"color: #000000;\"> Saugh\u00f6he (leere Pumpe):<\/span><br \/> <span style=\"color: #000000;\"> Saugh\u00f6he (gef\u00fcllte Pumpe):<\/span><br \/> <span style=\"color: #000000;\"> Lufteingangsdruck min.:<\/span><br \/> <span style=\"color: #000000;\"> Umgebungstemperatur min.:<\/span><br \/> <span style=\"color: #000000;\"> Umgebungstemperatur max.:<\/span><br \/> <span style=\"color: #000000;\"> Mediumstemperatur min.:<\/span><br \/> <span style=\"color: #000000;\"> Mediumstemperatur max.:<\/span><br \/> <span style=\"color: #000000;\"> Hubfrequenz max. (kurz):<\/span><br \/> <span style=\"color: #000000;\"> Hubfrequenz max. (Dauer):<\/span><br \/> <span style=\"color: #000000;\"> Schalldruckpegel*:<\/span><br \/> <span style=\"color: #000000;\"> Luftanschluss:<\/span><br \/> <span style=\"color: #000000;\"> Materialausgang:<\/span><br \/> <span style=\"color: #000000;\"> Materialeingang:<\/span><span style=\"color: #000000;\"><\/span><br \/> <span style=\"color: #000000;\"> Medienber\u00fchrten Teile aus:<\/span><\/p>\n<p><span style=\"color: #000000;\">*Messung aus 1 Meter Entfernung<\/span><\/p>\n<p>[\/et_pb_text][\/et_pb_column][et_pb_column type=&#8220;1_3&#8243; _builder_version=&#8220;4.0.6&#8243;][et_pb_text _builder_version=&#8220;4.5.1&#8243;]<\/p>\n<p><strong><span style=\"color: #000000;\">Technische Daten:<\/span><\/strong><br \/> <span style=\"color: #000000;\">75:1<\/span><br \/> <span style=\"color: #000000;\">11<\/span> <span style=\"color: #000000;\"> l\/min<\/span><br \/> <span style=\"color: #000000;\"> 450 Bar<\/span><br \/> <span style=\"color: #000000;\">6 Bar<\/span><br \/> <span style=\"color: #000000;\"> 220 ccm<\/span><br \/> <span style=\"color: #000000;\"> 50 kg ???<\/span><br \/> <span style=\"color: #000000;\"> 1,5 mWS<\/span><br \/> <span style=\"color: #000000;\"> 6,5 mWS<\/span><br \/> <span style=\"color: #000000;\"> 1,0 bis 1,5 Bar<\/span><br \/> <span style=\"color: #000000;\"> + 5 \u00b0C<\/span><br \/> <span style=\"color: #000000;\"> + 40 \u00b0C<\/span><br \/> <span style=\"color: #000000;\"> +10 \u00b0C<\/span><br \/> <span style=\"color: #000000;\"> +70 \u00b0C<\/span><br \/> <span style=\"color: #000000;\"> 50 DH\/min.<\/span><br \/> <span style=\"color: #000000;\"> 20 DH\/min.<\/span><br \/> <span style=\"color: #000000;\"> 85 dB(A)<\/span><br \/> <span style=\"color: #000000;\"> G3\/4\u201c<\/span><br \/> <span style=\"color: #000000;\"> G3\/8\u201c<\/span><br \/> <span style=\"color: #000000;\">M38 x 1.5mm, alternativ G1&#8243;<\/span><br \/> <span style=\"color: #000000;\"> Edelstahl<\/span><\/p>\n<p>[\/et_pb_text][\/et_pb_column][\/et_pb_row][et_pb_row _builder_version=&#8220;4.0.6&#8243; use_background_color_gradient=&#8220;on&#8220;][et_pb_column type=&#8220;4_4&#8243; _builder_version=&#8220;4.0.6&#8243;][et_pb_text _builder_version=&#8220;4.0.9&#8243;]<\/p>\n<p><span style=\"color: #000000;\">Die Kolbenpumpen T2001 sind robust konstruierte druckluftbetriebne Airlesspumpen entwickelt zum F\u00f6rdern, Umf\u00fcllen und Lackieren mit mehreren Pistolen.<\/span><\/p>\n<p><span style=\"color: #000000;\">Die Materialber\u00fchrten Teile sind aus Edelstahl, Hartmetall, PTFE oder PE. Eine ATEX-Zulassung f\u00fcr den Einsatz in explosionsgef\u00e4hrdeten Bereichen rundet das Bild ab und macht die Pumpen <\/span><span style=\"color: #000000;\">vielseitig einsetzbar. Nachfolgend finden Sie die Vorteile auf einen Blick:<\/span><span style=\"color: #000000;\"><\/span><\/p>\n<ul>\n<li><span style=\"color: #000000;\">Minimale Pulsation f\u00fcr gleichm\u00e4\u00dfigen Materialstrom beim F\u00f6rdern und Spritzen<\/span><\/li>\n<li><span style=\"color: #000000;\">Vielseitig einsetzbar durch Edelstahl, Hartmrtall, PTFE oder PE im Materialbereich<\/span><\/li>\n<li><span style=\"color: #000000;\">Einfache Inbetriebnahme durch selbstansaugendes System<\/span><\/li>\n<li><span style=\"color: #000000;\">Wartungsfreies Ger\u00e4t, keine Schmierung erforderlich<\/span><\/li>\n<li><span style=\"color: #000000;\">Integriertes Sicherheitsventil entsprechend den Unfallverh\u00fctungsvorschriften<\/span><\/li>\n<\/ul>\n<p><span style=\"color: #000000;\">Diese Vorteile zusammen mit einer Vielzahl an Zubeh\u00f6r, machen die T2001 Pumpen zu universell einsetzbaren Pumpen f\u00fcr Materialdr\u00fccke bis 400 Bar und F\u00f6rdermengen bis 10,0 l\/min.<\/span><br \/> <span style=\"color: #000000;\"> F\u00fcr die T2001 Pumpen steht folgendes Zubeh\u00f6r zu Verf\u00fcgung: <\/span><\/p>\n<ul>\n<li><span style=\"color: #000000;\">Wand- oder Liftermontage<\/span><\/li>\n<li><span style=\"color: #000000;\">fahrbare Versionen auf Pumpenwagen<br \/> <\/span><\/li>\n<li><span style=\"color: #000000;\">f\u00fcr mobile oder station\u00e4re Farbversorgungseinrichtungen auf Pneumatikliftern f\u00fcr 200L Gebinde.<\/span><\/li>\n<\/ul>\n<p>[\/et_pb_text][\/et_pb_column][\/et_pb_row][et_pb_row _builder_version=&#8220;4.0.6&#8243;][et_pb_column type=&#8220;4_4&#8243; _builder_version=&#8220;4.0.6&#8243;][et_pb_text _builder_version=&#8220;4.0.6&#8243; use_background_color_gradient=&#8220;on&#8220; background_color_gradient_start=&#8220;#000000&#8243; background_color_gradient_end=&#8220;#bec4c3&#8243;]<\/p>\n<h1 style=\"text-align: center;\"><span style=\"color: #ccffff;\">Downloads<\/span><\/h1>\n<p>[\/et_pb_text][et_pb_text _builder_version=&#8220;4.8.2&#8243; use_background_color_gradient=&#8220;on&#8220; background_color_gradient_start=&#8220;#000000&#8243; background_color_gradient_end=&#8220;#c4c4c4&#8243; custom_padding=&#8220;||8px|||&#8220; link_option_url=&#8220;https:\/\/kopperschmidt-spritztechnik.de\/wp-content\/uploads\/2019\/12\/T2001_\u00dcbersicht_P\u00dc_D.pdf&#8220; link_option_url_new_window=&#8220;on&#8220;]<\/p>\n<p style=\"text-align: center;\"><span style=\"color: #808080;\"><span style=\"color: #00ccff;\"><a href=\"https:\/\/kopperschmidt-spritztechnik.de\/wp-content\/uploads\/2025\/06\/T2001-110-150-220_PUe_D_0525.pdf\" target=\"_blank\" rel=\"noopener noreferrer\" style=\"color: #00ccff;\">Druckansicht<\/a><\/span>\u00a0 \u00a0 \u00a0\u00a0\u00a0 <span style=\"color: #00ccff;\"><a href=\"https:\/\/kopperschmidt-spritztechnik.de\/wp-content\/uploads\/2025\/06\/T2001_75_110-Kolbenpumpe_PD_D_e_0525.pdf\" style=\"color: #00ccff;\" target=\"_blank\" rel=\"noopener noreferrer\">Ersatzteilblatt<\/a><\/span>\u00a0\u00a0\u00a0\u00a0\u00a0\u00a0\u00a0 <span style=\"color: #00ccff;\"><a href=\"https:\/\/kopperschmidt-spritztechnik.de\/wp-content\/uploads\/2025\/06\/T2001_Uebersicht_PUe_D_0525.pdf\" target=\"_blank\" rel=\"noopener noreferrer\" style=\"color: #00ccff;\">Pumpen\u00fcbersicht<\/a><\/span> \u00a0\u00a0\u00a0\u00a0\u00a0\u00a0 <span style=\"color: #00ccff;\"><a href=\"https:\/\/kopperschmidt-spritztechnik.de\/wp-content\/uploads\/2025\/06\/T2001-110-150-220_MD_D_0525.pdf\" target=\"_blank\" rel=\"noopener noreferrer\" style=\"color: #00ccff;\">Materialdatenblatt\u00a0<\/a><\/span>\u00a0\u00a0\u00a0\u00a0\u00a0\u00a0\u00a0\u00a0 <span style=\"color: #00ccff;\"><a href=\"https:\/\/kopperschmidt-spritztechnik.de\/wp-content\/uploads\/2025\/06\/T2001-D230D300-110-150-220_Massblatt_D_0525.pdf\" target=\"_blank\" rel=\"noopener noreferrer\" style=\"color: #00ccff;\">Massblatt 1<\/a><\/span>\u00a0\u00a0\u00a0\u00a0\u00a0\u00a0\u00a0 <span style=\"color: #00ccff;\"><a href=\"https:\/\/kopperschmidt-spritztechnik.de\/wp-content\/uploads\/2025\/06\/T2001-110-150-220_Zubehoer_PI_D_0525.pdf\" target=\"_blank\" rel=\"noopener noreferrer\" style=\"color: #00ccff;\">Zubeh\u00f6r<\/a><\/span>\u00a0\u00a0\u00a0\u00a0\u00a0\u00a0\u00a0\u00a0 <span style=\"color: #00ccff;\"><a href=\"https:\/\/kopperschmidt-spritztechnik.de\/wp-content\/uploads\/2025\/06\/T2001_Montage_PUe_D_0525.pdf\" target=\"_blank\" rel=\"noopener noreferrer\" style=\"color: #00ccff;\">Montagearten<\/a><\/span>\u00a0\u00a0\u00a0\u00a0\u00a0\u00a0\u00a0\u00a0\u00a0 <a href=\"https:\/\/kopperschmidt24.de\/produkt\/t2001-75-110\/\" target=\"_blank\" rel=\"noopener noreferrer\"><span style=\"color: #00ccff;\">Preisinfo<\/span><\/a><\/span><\/p>\n<p>[\/et_pb_text][et_pb_text _builder_version=&#8220;4.8.2&#8243; use_background_color_gradient=&#8220;on&#8220; background_color_gradient_start=&#8220;#000000&#8243; background_color_gradient_end=&#8220;#c4c4c4&#8243; custom_padding=&#8220;||8px|||&#8220; link_option_url=&#8220;https:\/\/kopperschmidt-spritztechnik.de\/wp-content\/uploads\/2019\/12\/T2001_\u00dcbersicht_P\u00dc_D.pdf&#8220; link_option_url_new_window=&#8220;on&#8220; hover_enabled=&#8220;0&#8243; sticky_enabled=&#8220;0&#8243;]<\/p>\n<p style=\"text-align: center;\"><span style=\"color: #808080;\"><span style=\"color: #00ccff;\"><a href=\"https:\/\/kopperschmidt-spritztechnik.de\/wp-content\/uploads\/2025\/06\/T2001-110-150-220_PUe_E_0525.pdf\" target=\"_blank\" rel=\"noopener noreferrer\" style=\"color: #00ccff;\">Printversion<\/a><\/span>\u00a0 \u00a0 \u00a0\u00a0\u00a0 <span style=\"color: #00ccff;\"><a href=\"https:\/\/kopperschmidt-spritztechnik.de\/wp-content\/uploads\/2025\/06\/T2001_75_110-Kolbenpumpe_PD_E_e_0525.pdf\" style=\"color: #00ccff;\" target=\"_blank\" rel=\"noopener noreferrer\">Spareparts<\/a><\/span> \u00a0\u00a0\u00a0\u00a0\u00a0\u00a0 <span style=\"color: #00ccff;\"><a href=\"https:\/\/kopperschmidt-spritztechnik.de\/wp-content\/uploads\/2025\/06\/T2001_Uebersicht_PUe_E_0525.pdf\" target=\"_blank\" rel=\"noopener noreferrer\" style=\"color: #00ccff;\">Productoverview<\/a><\/span> \u00a0\u00a0\u00a0\u00a0\u00a0\u00a0 <span style=\"color: #00ccff;\"><a href=\"https:\/\/kopperschmidt-spritztechnik.de\/wp-content\/uploads\/2025\/06\/T2001-110-150-220_MD_E_0525.pdf\" target=\"_blank\" rel=\"noopener noreferrer\" style=\"color: #00ccff;\">Material Contact Parts<\/a><\/span> \u00a0\u00a0\u00a0\u00a0\u00a0\u00a0\u00a0\u00a0 <span style=\"color: #00ccff;\"><a href=\"https:\/\/kopperschmidt-spritztechnik.de\/wp-content\/uploads\/2025\/06\/T2001-D230D300-110-150-220_Massblatt_E_0525.pdf\" target=\"_blank\" rel=\"noopener noreferrer\" style=\"color: #00ccff;\">Dimensions 1<\/a><\/span>\u00a0\u00a0\u00a0\u00a0\u00a0\u00a0\u00a0 <span style=\"color: #00ccff;\"><a href=\"https:\/\/kopperschmidt-spritztechnik.de\/wp-content\/uploads\/2025\/06\/T2001-110-150-220_Zubehoer_PI_E_0525.pdf\" target=\"_blank\" rel=\"noopener noreferrer\" style=\"color: #00ccff;\">Accessories<\/a><\/span> \u00a0\u00a0\u00a0\u00a0\u00a0\u00a0\u00a0 <span style=\"color: #00ccff;\"><a href=\"https:\/\/kopperschmidt-spritztechnik.de\/wp-content\/uploads\/2025\/06\/T2001_Montage_PUe_E_0525.pdf\" target=\"_blank\" rel=\"noopener noreferrer\" style=\"color: #00ccff;\">Mounting<\/a><\/span> \u00a0\u00a0\u00a0\u00a0\u00a0\u00a0\u00a0\u00a0 <span style=\"color: #00ccff;\"><a href=\"https:\/\/kopperschmidt24.de\/produkt\/t2001-75-110\/\" target=\"_blank\" rel=\"noopener noreferrer\" style=\"color: #00ccff;\">Prices<\/a><\/span><\/span><\/p>\n<p>[\/et_pb_text][\/et_pb_column][\/et_pb_row][\/et_pb_section]<\/p>\n","protected":false},"excerpt":{"rendered":"<p>[et_pb_section fb_built=&#8220;1&#8243; _builder_version=&#8220;4.0.6&#8243; use_background_color_gradient=&#8220;on&#8220;][et_pb_row _builder_version=&#8220;4.0.6&#8243;][et_pb_column type=&#8220;4_4&#8243; _builder_version=&#8220;4.0.6&#8243;][et_pb_text _builder_version=&#8220;4.0.9&#8243; use_background_color_gradient=&#8220;on&#8220; background_color_gradient_start=&#8220;#000000&#8243; background_color_gradient_end=&#8220;#c4c4c4&#8243;] Die Kopperschmidt Kolbenpumpe T2001_75.110 [\/et_pb_text][\/et_pb_column][\/et_pb_row][et_pb_row column_structure=&#8220;1_3,1_3,1_3&#8243; _builder_version=&#8220;4.0.6&#8243; use_background_color_gradient=&#8220;on&#8220;][et_pb_column type=&#8220;1_3&#8243; _builder_version=&#8220;4.0.6&#8243;][et_pb_image src=&#8220;https:\/\/kopperschmidt-spritztechnik.de\/wp-content\/uploads\/2019\/11\/Prod_T2001_230-150.jpg&#8220; _builder_version=&#8220;4.0.9&#8243; background_enable_image=&#8220;off&#8220;][\/et_pb_image][et_pb_image src=&#8220;https:\/\/kopperschmidt-spritztechnik.de\/wp-content\/uploads\/2020\/08\/T2001_300-110_150_200_P-Wagen.jpg&#8220; title_text=&#8220;T2001_300-110_150_200_P-Wagen&#8220; _builder_version=&#8220;4.5.1&#8243;][\/et_pb_image][\/et_pb_column][et_pb_column type=&#8220;1_3&#8243; _builder_version=&#8220;4.0.6&#8243;][et_pb_text _builder_version=&#8220;4.5.1&#8243; use_background_color_gradient=&#8220;on&#8220;] Technische Daten: \u00dc-Verh\u00e4ltnis: F\u00f6rdermenge max.: zul. Betriebs\u00fcberdruck: Lufteingangsdruck max.: Volumen pro Zyklus (Doppelhub): Gewicht: Saugh\u00f6he (leere Pumpe): Saugh\u00f6he (gef\u00fcllte Pumpe): Lufteingangsdruck min.: Umgebungstemperatur min.: [&hellip;]<\/p>\n","protected":false},"author":2,"featured_media":0,"parent":0,"menu_order":0,"comment_status":"closed","ping_status":"closed","template":"","meta":{"_seopress_robots_primary_cat":"","_seopress_titles_title":"","_seopress_titles_desc":"Die T2001-75.110 ist eine robust konstruierte Kolbenpumpe, entwickelt zur Materialversorgung mit hoher F\u00f6rderleistung bei mittleren und hohen Materialdr\u00fccken.","_seopress_robots_index":"","_et_pb_use_builder":"on","_et_pb_old_content":"","_et_gb_content_width":"","footnotes":""},"class_list":["post-2424","page","type-page","status-publish","hentry"],"_links":{"self":[{"href":"https:\/\/kopperschmidt-spritztechnik.de\/index.php\/wp-json\/wp\/v2\/pages\/2424","targetHints":{"allow":["GET"]}}],"collection":[{"href":"https:\/\/kopperschmidt-spritztechnik.de\/index.php\/wp-json\/wp\/v2\/pages"}],"about":[{"href":"https:\/\/kopperschmidt-spritztechnik.de\/index.php\/wp-json\/wp\/v2\/types\/page"}],"author":[{"embeddable":true,"href":"https:\/\/kopperschmidt-spritztechnik.de\/index.php\/wp-json\/wp\/v2\/users\/2"}],"replies":[{"embeddable":true,"href":"https:\/\/kopperschmidt-spritztechnik.de\/index.php\/wp-json\/wp\/v2\/comments?post=2424"}],"version-history":[{"count":23,"href":"https:\/\/kopperschmidt-spritztechnik.de\/index.php\/wp-json\/wp\/v2\/pages\/2424\/revisions"}],"predecessor-version":[{"id":7184,"href":"https:\/\/kopperschmidt-spritztechnik.de\/index.php\/wp-json\/wp\/v2\/pages\/2424\/revisions\/7184"}],"wp:attachment":[{"href":"https:\/\/kopperschmidt-spritztechnik.de\/index.php\/wp-json\/wp\/v2\/media?parent=2424"}],"curies":[{"name":"wp","href":"https:\/\/api.w.org\/{rel}","templated":true}]}}