{"id":2829,"date":"2020-01-02T13:31:04","date_gmt":"2020-01-02T13:31:04","guid":{"rendered":"https:\/\/kopperschmidt-spritztechnik.de\/?page_id=2829"},"modified":"2026-03-13T08:23:50","modified_gmt":"2026-03-13T08:23:50","slug":"pu_zirkulationsventil","status":"publish","type":"page","link":"https:\/\/kopperschmidt-spritztechnik.de\/index.php\/pu_zirkulationsventil\/","title":{"rendered":"PU_Zirkulationsventil"},"content":{"rendered":"<p>[et_pb_section fb_built=&#8220;1&#8243; _builder_version=&#8220;4.0.6&#8243; use_background_color_gradient=&#8220;on&#8220;][et_pb_row _builder_version=&#8220;4.0.6&#8243;][et_pb_column type=&#8220;4_4&#8243; _builder_version=&#8220;4.0.6&#8243;][et_pb_text _builder_version=&#8220;4.0.9&#8243; use_background_color_gradient=&#8220;on&#8220; background_color_gradient_start=&#8220;#000000&#8243; background_color_gradient_end=&#8220;#c4c4c4&#8243;]<\/p>\n<h1 style=\"text-align: center;\"><span style=\"color: #ccffff;\"><strong>Das Kopperschmidt Zirkulationsventil<br \/> <\/strong><\/span><\/h1>\n<p>[\/et_pb_text][\/et_pb_column][\/et_pb_row][et_pb_row column_structure=&#8220;1_3,1_3,1_3&#8243; _builder_version=&#8220;4.0.6&#8243; use_background_color_gradient=&#8220;on&#8220;][et_pb_column type=&#8220;1_3&#8243; _builder_version=&#8220;4.0.6&#8243;][et_pb_image src=&#8220;https:\/\/kopperschmidt-spritztechnik.de\/wp-content\/uploads\/2025\/03\/ZKLV.jpg&#8220; _builder_version=&#8220;4.8.2&#8243; background_enable_image=&#8220;off&#8220;][\/et_pb_image][et_pb_image src=&#8220;https:\/\/kopperschmidt-spritztechnik.de\/wp-content\/uploads\/2025\/03\/ZKLV_Funktionsschema.jpg&#8220; title_text=&#8220;ZKLV_Funktionsschema&#8220; _builder_version=&#8220;4.8.2&#8243;][\/et_pb_image][\/et_pb_column][et_pb_column type=&#8220;1_3&#8243; _builder_version=&#8220;4.0.6&#8243;][et_pb_text _builder_version=&#8220;4.0.9&#8243; use_background_color_gradient=&#8220;on&#8220; background_color_gradient_start=&#8220;rgba(0,0,0,0)&#8220; background_color_gradient_end=&#8220;rgba(0,0,0,0)&#8220;]<strong><span style=\"color: #000000;\">Technische Daten<\/span><\/strong><br \/>\n<span style=\"color: #000000;\"> Einstellbereich:<\/span><br \/>\n<span style=\"color: #000000;\"> Eingangsdruck max.:<\/span><br \/>\n<span style=\"color: #000000;\"> Durchflussmenge:<\/span><br \/>\n<span style=\"color: #000000;\">Viskosit\u00e4tsbereich:<\/span><br \/>\n<span style=\"color: #000000;\"> Gewicht:<\/span><br \/>\n<span style=\"color: #000000;\"> Lagertemperatur:<\/span><br \/>\n<span style=\"color: #000000;\"> Umgebungstemperatur min.:<\/span><br \/>\n<span style=\"color: #000000;\"> Umgebungstemperatur max.:<\/span><br \/>\n<span style=\"color: #000000;\"> Mediumstemperatur min.:<\/span><br \/>\n<span style=\"color: #000000;\"> Mediumstemperatur max.:<\/span><br \/>\n<span style=\"color: #000000;\"> Materialeingang (vom Gebinde):<\/span><br \/>\n<span style=\"color: #000000;\"> Materialausgang (zur Pumpe):<\/span><br \/>\n<span style=\"color: #000000;\">Materialanschluss (R\u00fccklauf):<\/span><br \/>\n<span style=\"color: #000000;\">Materialanschluss (Entleerung):<\/span><span style=\"color: #000000;\"><\/span><span style=\"color: #000000;\"><\/span><br \/>\n<span style=\"color: #000000;\"> Medienber\u00fchrten Teile aus:<\/span>[\/et_pb_text][\/et_pb_column][et_pb_column type=&#8220;1_3&#8243; _builder_version=&#8220;4.0.6&#8243;][et_pb_text _builder_version=&#8220;4.0.9&#8243;]<strong><span style=\"color: #000000;\">Technische Daten<\/span><\/strong><br \/>\n<span style=\"color: #000000;\">manuelle Durchflussdrosselung<\/span><br \/>\n<span style=\"color: #000000;\">235 Bar<\/span><br \/>\n~<span style=\"color: #000000;\">23,4 Liter\/Minute *<\/span><br \/>\n<span style=\"color: #000000;\">30 bis 1.500 mm2\/sec<\/span><br \/>\n<span style=\"color: #000000;\"> 1,5 kg ???<\/span><br \/>\n<span style=\"color: #000000;\">0\u00b0C bis +70\u00b0C<\/span><span style=\"color: #000000;\"><\/span><br \/>\n<span style=\"color: #000000;\"> + 5 \u00b0C<\/span><br \/>\n<span style=\"color: #000000;\"> + 40 \u00b0C<\/span><br \/>\n<span style=\"color: #000000;\"> +10 \u00b0C<\/span><br \/>\n<span style=\"color: #000000;\"> +70 \u00b0C<\/span><span style=\"color: #000000;\"><\/span><br \/>\n<span style=\"color: #000000;\">M26 x 1,5mm, i<\/span><br \/>\n<span style=\"color: #000000;\"> G1\/2\u201ci<\/span><br \/>\n<span style=\"color: #000000;\">G3\/8&#8243;a<\/span><br \/>\n<span style=\"color: #000000;\"> G3\/8&#8243;a<\/span><br \/>\n<span style=\"color: #000000;\">Edelstahl<\/span><\/p>\n<p><span style=\"color: #000000;\"><\/span><\/p>\n<p><span style=\"color: #000000;\">* bei freiem Durchgang ermittelt mit Wasser<br \/>\n<\/span>[\/et_pb_text][\/et_pb_column][\/et_pb_row][et_pb_row _builder_version=&#8220;4.0.6&#8243; use_background_color_gradient=&#8220;on&#8220;][et_pb_column type=&#8220;4_4&#8243; _builder_version=&#8220;4.0.6&#8243;][et_pb_text _builder_version=&#8220;4.0.9&#8243;]<\/p>\n<p><span style=\"color: #000000;\">Das Drosselventil ist speziell konzipiert f\u00fcr Zirkulationseinrichtungen in Verbindung mit Materialvorw\u00e4rmung. Hier wird das erw\u00e4rmte Material im Kreislauf gefahren und auf Temperatur gehalten. Nur bei Materialabnahme wird kaltes Material aus dem Vorratsgebinde entnommen. So wird der Energieverbrauch minimiert und eine gleichbleibend vorgew\u00e4rmte Temperatur erreicht ohne den Materialvorrat komplett zu erw\u00e4rmen.<\/span><br \/><span style=\"color: #000000;\"> Das Kopperschmidt Zirkulationsventil gibt es in den Anschlussgr\u00f6\u00dfen M26 x 1,5mm bzw. D22.<\/span><br \/><span style=\"color: #000000;\"> Das Zirkulationsventil ist so aufgebaut, dass es direkt unter den Sauganschluss der Pumpe montiert werden kann. Ferner sind Anschl\u00fcsse f\u00fcr den Saugschlauch, die R\u00fccklaufleitung und den Entleerungsanschluss vorhanden.<\/span><\/p>\n<p>[\/et_pb_text][\/et_pb_column][\/et_pb_row][et_pb_row _builder_version=&#8220;4.0.9&#8243;][et_pb_column type=&#8220;4_4&#8243; _builder_version=&#8220;4.0.6&#8243;][et_pb_text _builder_version=&#8220;4.0.6&#8243; use_background_color_gradient=&#8220;on&#8220; background_color_gradient_start=&#8220;#000000&#8243; background_color_gradient_end=&#8220;#bec4c3&#8243;]<\/p>\n<h1 style=\"text-align: center;\"><span style=\"color: #ccffff;\">Downloads<\/span><\/h1>\n<p>[\/et_pb_text][et_pb_text _builder_version=&#8220;4.8.2&#8243; use_background_color_gradient=&#8220;on&#8220; background_color_gradient_start=&#8220;#000000&#8243; background_color_gradient_end=&#8220;#c4c4c4&#8243; custom_padding=&#8220;||8px|||&#8220; hover_enabled=&#8220;0&#8243; sticky_enabled=&#8220;0&#8243;]<\/p>\n<p style=\"text-align: center;\"><span style=\"color: #00ffff;\"><a href=\"https:\/\/kopperschmidt-spritztechnik.de\/wp-content\/uploads\/2025\/03\/Zirkulationsventil_PUe_D_0325.pdf\" target=\"_blank\" rel=\"noopener noreferrer\" style=\"color: #00ffff;\"><span style=\"color: #00ccff;\">Druckansicht<\/span>\u00a0<\/a> <\/span>\u00a0 \u00a0\u00a0\u00a0\u00a0<span style=\"color: #00ccff;\"><a href=\"https:\/\/kopperschmidt-spritztechnik.de\/wp-content\/uploads\/2026\/03\/Zirkulationsventil_PD_D_0326.pdf\" target=\"_blank\" rel=\"noopener noreferrer\" style=\"color: #00ccff;\">Ersatzteilblatt<\/a><\/span><span style=\"color: #ccffff;\"> \u00a0\u00a0\u00a0\u00a0\u00a0 <span style=\"color: #00ccff;\"><a href=\"https:\/\/kopperschmidt-spritztechnik.de\/wp-content\/uploads\/2026\/03\/Zirkulationsventil_MD_D_0326.pdf\" target=\"_blank\" rel=\"noopener noreferrer\" style=\"color: #00ccff;\">Materialdatenblatt<\/a><\/span>\u00a0\u00a0\u00a0\u00a0\u00a0\u00a0\u00a0\u00a0\u00a0 <a href=\"https:\/\/kopperschmidt-spritztechnik.de\/wp-content\/uploads\/2025\/03\/Zirkulationsventil_PI_D-F_0325.pdf\" target=\"_blank\" rel=\"noopener noreferrer\"><span style=\"color: #00ccff;\">Anschlussbelegung<\/span><\/a><span style=\"color: #00ccff;\"><\/span><span style=\"color: #00ccff;\">\u00a0<\/span>\u00a0\u00a0\u00a0\u00a0\u00a0\u00a0<a href=\"https:\/\/kopperschmidt-spritztechnik.de\/wp-content\/uploads\/2025\/03\/Zirkulationsventil_PI_D_0325.pdf\" target=\"_blank\" rel=\"noopener noreferrer\"><span style=\"color: #00ffff;\"> <span style=\"color: #00ccff;\">Zubeh\u00f6r<\/span> \u00a0<\/span><\/a>\u00a0\u00a0\u00a0\u00a0\u00a0 <span style=\"color: #808080;\">Massblatt 3\u00a0\u00a0\u00a0\u00a0\u00a0\u00a0\u00a0 Montagearten\u00a0\u00a0\u00a0\u00a0 <span style=\"color: #00ccff;\"><a href=\"https:\/\/kopperschmidt24.de\/produkt\/zirkulationsventil\/\" target=\"_blank\" rel=\"noopener noreferrer\" style=\"color: #00ccff;\">Preisinfo<\/a><\/span><\/span><\/span><\/p>\n<p>[\/et_pb_text][et_pb_text _builder_version=&#8220;4.8.2&#8243; use_background_color_gradient=&#8220;on&#8220; background_color_gradient_start=&#8220;#000000&#8243; background_color_gradient_end=&#8220;#c4c4c4&#8243; custom_padding=&#8220;||8px|||&#8220; hover_enabled=&#8220;0&#8243; sticky_enabled=&#8220;0&#8243;]<\/p>\n<p style=\"text-align: center;\"><span style=\"color: #00ffff;\"><a href=\"https:\/\/kopperschmidt-spritztechnik.de\/wp-content\/uploads\/2025\/03\/Zirkulationsventil_PUe_E_0325.pdf\" target=\"_blank\" rel=\"noopener noreferrer\"><span style=\"color: #00ccff;\">Printversion<\/span><\/a>\u00a0 <\/span>\u00a0 \u00a0\u00a0\u00a0 <a href=\"https:\/\/kopperschmidt-spritztechnik.de\/wp-content\/uploads\/2026\/03\/Zirkulationsventil_PD_E_0326.pdf\" target=\"_blank\" rel=\"noopener noreferrer\"><span style=\"color: #00ccff;\">Spareparts<\/span><\/a><span style=\"color: #ccffff;\"> \u00a0\u00a0\u00a0\u00a0\u00a0 <a href=\"https:\/\/kopperschmidt-spritztechnik.de\/wp-content\/uploads\/2026\/03\/Zirkulationsventil_MD_E_0326.pdf\" target=\"_blank\" rel=\"noopener noreferrer\"><span style=\"color: #00ccff;\">Material Contact Parts<\/span><\/a> \u00a0\u00a0\u00a0\u00a0\u00a0\u00a0\u00a0\u00a0 <a href=\"https:\/\/kopperschmidt-spritztechnik.de\/wp-content\/uploads\/2025\/03\/Zirkulationsventil_PI_E-F_0325.pdf\" target=\"_blank\" rel=\"noopener noreferrer\"><span style=\"color: #00ccff;\">Implementation<\/span><\/a><span style=\"color: #00ccff;\"> <\/span>\u00a0\u00a0\u00a0\u00a0\u00a0\u00a0<span style=\"color: #00ffff;\"><a href=\"https:\/\/kopperschmidt-spritztechnik.de\/wp-content\/uploads\/2025\/03\/Zirkulationsventil_PI_E_0325.pdf\" target=\"_blank\" rel=\"noopener noreferrer\"> <span style=\"color: #00ccff;\">Accessories<\/span><\/a> \u00a0<\/span>\u00a0\u00a0\u00a0\u00a0\u00a0 <span style=\"color: #808080;\">Dimensions 3\u00a0\u00a0\u00a0\u00a0\u00a0\u00a0\u00a0 Mounting \u00a0\u00a0\u00a0 <span style=\"color: #00ccff;\"><a href=\"https:\/\/kopperschmidt24.de\/produkt\/zirkulationsventil\/\" target=\"_blank\" rel=\"noopener noreferrer\" style=\"color: #00ccff;\">Prices<\/a><\/span><\/span><\/span><\/p>\n<p>[\/et_pb_text][\/et_pb_column][\/et_pb_row][\/et_pb_section]<\/p>\n","protected":false},"excerpt":{"rendered":"<p>[et_pb_section fb_built=&#8220;1&#8243; _builder_version=&#8220;4.0.6&#8243; use_background_color_gradient=&#8220;on&#8220;][et_pb_row _builder_version=&#8220;4.0.6&#8243;][et_pb_column type=&#8220;4_4&#8243; _builder_version=&#8220;4.0.6&#8243;][et_pb_text _builder_version=&#8220;4.0.9&#8243; use_background_color_gradient=&#8220;on&#8220; background_color_gradient_start=&#8220;#000000&#8243; background_color_gradient_end=&#8220;#c4c4c4&#8243;] Das Kopperschmidt Zirkulationsventil [\/et_pb_text][\/et_pb_column][\/et_pb_row][et_pb_row column_structure=&#8220;1_3,1_3,1_3&#8243; _builder_version=&#8220;4.0.6&#8243; use_background_color_gradient=&#8220;on&#8220;][et_pb_column type=&#8220;1_3&#8243; _builder_version=&#8220;4.0.6&#8243;][et_pb_image src=&#8220;https:\/\/kopperschmidt-spritztechnik.de\/wp-content\/uploads\/2025\/03\/ZKLV.jpg&#8220; _builder_version=&#8220;4.8.2&#8243; background_enable_image=&#8220;off&#8220;][\/et_pb_image][et_pb_image src=&#8220;https:\/\/kopperschmidt-spritztechnik.de\/wp-content\/uploads\/2025\/03\/ZKLV_Funktionsschema.jpg&#8220; title_text=&#8220;ZKLV_Funktionsschema&#8220; _builder_version=&#8220;4.8.2&#8243;][\/et_pb_image][\/et_pb_column][et_pb_column type=&#8220;1_3&#8243; _builder_version=&#8220;4.0.6&#8243;][et_pb_text _builder_version=&#8220;4.0.9&#8243; use_background_color_gradient=&#8220;on&#8220; background_color_gradient_start=&#8220;rgba(0,0,0,0)&#8220; background_color_gradient_end=&#8220;rgba(0,0,0,0)&#8220;]Technische Daten Einstellbereich: Eingangsdruck max.: Durchflussmenge: Viskosit\u00e4tsbereich: Gewicht: Lagertemperatur: Umgebungstemperatur min.: Umgebungstemperatur max.: Mediumstemperatur min.: Mediumstemperatur max.: Materialeingang (vom Gebinde): Materialausgang (zur Pumpe): Materialanschluss [&hellip;]<\/p>\n","protected":false},"author":2,"featured_media":0,"parent":0,"menu_order":0,"comment_status":"closed","ping_status":"closed","template":"","meta":{"_seopress_robots_primary_cat":"","_seopress_titles_title":"","_seopress_titles_desc":"Das Zirkulationsventil dient der Durchflussdrosselung in Zirkulationseinrichtungen, insbesondere bei Materialerw\u00e4rmung","_seopress_robots_index":"","_et_pb_use_builder":"on","_et_pb_old_content":"","_et_gb_content_width":"","footnotes":""},"class_list":["post-2829","page","type-page","status-publish","hentry"],"_links":{"self":[{"href":"https:\/\/kopperschmidt-spritztechnik.de\/index.php\/wp-json\/wp\/v2\/pages\/2829","targetHints":{"allow":["GET"]}}],"collection":[{"href":"https:\/\/kopperschmidt-spritztechnik.de\/index.php\/wp-json\/wp\/v2\/pages"}],"about":[{"href":"https:\/\/kopperschmidt-spritztechnik.de\/index.php\/wp-json\/wp\/v2\/types\/page"}],"author":[{"embeddable":true,"href":"https:\/\/kopperschmidt-spritztechnik.de\/index.php\/wp-json\/wp\/v2\/users\/2"}],"replies":[{"embeddable":true,"href":"https:\/\/kopperschmidt-spritztechnik.de\/index.php\/wp-json\/wp\/v2\/comments?post=2829"}],"version-history":[{"count":29,"href":"https:\/\/kopperschmidt-spritztechnik.de\/index.php\/wp-json\/wp\/v2\/pages\/2829\/revisions"}],"predecessor-version":[{"id":7610,"href":"https:\/\/kopperschmidt-spritztechnik.de\/index.php\/wp-json\/wp\/v2\/pages\/2829\/revisions\/7610"}],"wp:attachment":[{"href":"https:\/\/kopperschmidt-spritztechnik.de\/index.php\/wp-json\/wp\/v2\/media?parent=2829"}],"curies":[{"name":"wp","href":"https:\/\/api.w.org\/{rel}","templated":true}]}}