{"id":2993,"date":"2020-01-03T09:38:20","date_gmt":"2020-01-03T09:38:20","guid":{"rendered":"https:\/\/kopperschmidt-spritztechnik.de\/?page_id=2993"},"modified":"2025-03-28T10:00:24","modified_gmt":"2025-03-28T10:00:24","slug":"pu_materialdruckregler_ks-p320vp","status":"publish","type":"page","link":"https:\/\/kopperschmidt-spritztechnik.de\/index.php\/pu_materialdruckregler_ks-p320vp\/","title":{"rendered":"PU_Materialdruckregler_KS-P320VP"},"content":{"rendered":"<p>[et_pb_section fb_built=&#8220;1&#8243; _builder_version=&#8220;4.0.6&#8243; use_background_color_gradient=&#8220;on&#8220;][et_pb_row _builder_version=&#8220;4.0.6&#8243;][et_pb_column type=&#8220;4_4&#8243; _builder_version=&#8220;4.0.6&#8243;][et_pb_text _builder_version=&#8220;4.0.9&#8243; use_background_color_gradient=&#8220;on&#8220; background_color_gradient_start=&#8220;#000000&#8243; background_color_gradient_end=&#8220;#c4c4c4&#8243;]<\/p>\n<h1 style=\"text-align: center;\"><span style=\"color: #ccffff;\"><strong>Der Kopperschmidt Materialdruckregler KS-P320VP<br \/> <\/strong><\/span><\/h1>\n<p>[\/et_pb_text][\/et_pb_column][\/et_pb_row][et_pb_row column_structure=&#8220;1_3,1_3,1_3&#8243; _builder_version=&#8220;4.0.6&#8243; use_background_color_gradient=&#8220;on&#8220;][et_pb_column type=&#8220;1_3&#8243; _builder_version=&#8220;4.0.6&#8243;][et_pb_image src=&#8220;https:\/\/kopperschmidt-spritztechnik.de\/wp-content\/uploads\/2019\/11\/Shop_P320_RP.jpg&#8220; _builder_version=&#8220;4.0.9&#8243; background_enable_image=&#8220;off&#8220;][\/et_pb_image][et_pb_image src=&#8220;https:\/\/kopperschmidt-spritztechnik.de\/wp-content\/uploads\/2019\/11\/Shop_P320_RP_Manometer.jpg&#8220; _builder_version=&#8220;4.0.9&#8243;][\/et_pb_image][\/et_pb_column][et_pb_column type=&#8220;1_3&#8243; _builder_version=&#8220;4.0.6&#8243;][et_pb_text _builder_version=&#8220;4.0.9&#8243; use_background_color_gradient=&#8220;on&#8220; background_color_gradient_start=&#8220;rgba(0,0,0,0)&#8220; background_color_gradient_end=&#8220;rgba(0,0,0,0)&#8220;]<\/p>\n<p><strong><span style=\"color: #000000;\">Technische Daten<\/span><\/strong><br \/> <span style=\"color: #000000;\"> Einstellbereich:<\/span><br \/> <span style=\"color: #000000;\"> Eingangsdruck max.:<\/span><br \/> <span style=\"color: #000000;\"> Steuerluftdruck max:<\/span><br \/> <span style=\"color: #000000;\"> \u00dcbersetzungsverh\u00e4ltnis:<\/span><br \/> <span style=\"color: #000000;\"> Durchflussmenge:<\/span><br \/> <span style=\"color: #000000;\">Viskosit\u00e4tsbereich:<\/span><br \/> <span style=\"color: #000000;\"> Gewicht:<\/span><br \/> <span style=\"color: #000000;\"> Lagertemperatur:<\/span><br \/> <span style=\"color: #000000;\"> Umgebungstemperatur min.:<\/span><br \/> <span style=\"color: #000000;\"> Umgebungstemperatur max.:<\/span><br \/> <span style=\"color: #000000;\"> Mediumstemperatur min.:<\/span><br \/> <span style=\"color: #000000;\"> Mediumstemperatur max.:<\/span><br \/> <span style=\"color: #000000;\"> Materialeingang:<\/span><br \/> <span style=\"color: #000000;\"> Materialausgang:<\/span><br \/> <span style=\"color: #000000;\"> Manometeranschlu\u00df:<\/span><br \/> <span style=\"color: #000000;\">Steuerluftanschluss:<\/span><span style=\"color: #000000;\"><\/span><br \/> <span style=\"color: #000000;\"> Medienber\u00fchrten Teile aus:<\/span><\/p>\n<p>[\/et_pb_text][\/et_pb_column][et_pb_column type=&#8220;1_3&#8243; _builder_version=&#8220;4.0.6&#8243;][et_pb_text _builder_version=&#8220;4.8.2&#8243;]<\/p>\n<p><strong><span style=\"color: #000000;\">Technische Daten<\/span><\/strong><br \/> <span style=\"color: #000000;\">40,0 bis 320 Bar<\/span><br \/> <span style=\"color: #000000;\">360 Bar<\/span><br \/> <span style=\"color: #000000;\">8 Bar<\/span><br \/> <span style=\"color: #000000;\"> ~40:1 ???<\/span><br \/> <span style=\"color: #000000;\">43,0 Liter\/Minute *<\/span><br \/> <span style=\"color: #000000;\">30 bis 1.500 mm2\/sec<\/span><br \/> <span style=\"color: #000000;\"> 6,1 kg<\/span><br \/> <span style=\"color: #000000;\">0\u00b0C bis +70\u00b0C<\/span><span style=\"color: #000000;\"><\/span><br \/> <span style=\"color: #000000;\"> + 5 \u00b0C<\/span><br \/> <span style=\"color: #000000;\"> + 40 \u00b0C<\/span><br \/> <span style=\"color: #000000;\"> +10 \u00b0C<\/span><br \/> <span style=\"color: #000000;\"> +70 \u00b0C<\/span><span style=\"color: #000000;\"><\/span><br \/> <span style=\"color: #000000;\"> G3\/4\u201ci<\/span><br \/> <span style=\"color: #000000;\"> G3\/4\u201ci<\/span><br \/> <span style=\"color: #000000;\">G1\/4&#8243;i<\/span><br \/> <span style=\"color: #000000;\"> G1\/4&#8243;i<\/span><br \/> <span style=\"color: #000000;\"> Edelstahl<\/span><\/p>\n<p><span style=\"color: #000000;\"><\/span><\/p>\n<p><span style=\"color: #000000;\">* ermittelt bei freiem Durchgang<br \/> <\/span><\/p>\n<p>[\/et_pb_text][\/et_pb_column][\/et_pb_row][et_pb_row _builder_version=&#8220;4.0.6&#8243; use_background_color_gradient=&#8220;on&#8220;][et_pb_column type=&#8220;4_4&#8243; _builder_version=&#8220;4.0.6&#8243;][et_pb_text _builder_version=&#8220;4.0.9&#8243;]<\/p>\n<p><span style=\"color: #000000;\">Die Materialdruckregler KS-P320VP sind robust konstruiert und bestens f\u00fcr eine pulsationsfreie Druckregelung geeignet.<\/span><\/p>\n<p><span style=\"color: #000000;\">Die Materialber\u00fchrten Teile sind aus Edelstahl, Hartmetall, PTFE oder Viton. Eine ATEX-Zulassung f\u00fcr den Einsatz in explosionsgef\u00e4hrdeten Bereichen rundet das Bild ab und macht die Regler <\/span><span style=\"color: #000000;\">vielseitig einsetzbar. Nachfolgend finden Sie die Vorteile auf einen Blick:<\/span><span style=\"color: #000000;\"><\/span><\/p>\n<ul>\n<li><span style=\"color: #000000;\">Fein einstellbarer, mechanisch gesteuerter Materialdruckregler f\u00fcr Vordruckregelung (VP) mit materialf\u00fchrenden Teile aus Edelstahl. Das erm\u00f6glicht einen universellen Einsatz f\u00fcr wasser- und l\u00f6semittelbasierende Materialien wie Farben, \u00d6le, H\u00e4rter, Alkohol, Wasserlacke, Dispersionen und viele weitere Fl\u00fcssigkeiten, auch mit aggressiven oder abrasiven Eigenschaften.<br \/> <\/span><\/li>\n<li><span style=\"color: #000000;\">Vielseitig einsetzbar und gute Standzeiten durch Edelstahl, Hartmetall, PTFE oder PE im Materialbereich<\/span><\/li>\n<li><span style=\"color: #000000;\">Regelt den Materialdruck von Fl\u00fcssigkeiten eines breiten Viskosit\u00e4tsspektrums<\/span><\/li>\n<li><span style=\"color: #000000;\">Wartungsfreies Ger\u00e4t, keine Schmierung erforderlich<\/span><\/li>\n<li><span style=\"color: #000000;\">Platzsparende, kompakte Bauform wahlweise mit oder ohne Manometer<\/span><\/li>\n<\/ul>\n<p><span style=\"color: #000000;\">Bitte beachten Sie:<\/span><br \/> <span style=\"color: #000000;\">Vor dem Einsatz mit besonders hochviskosen, aggressiven oder abrasiven Medien empfehlen wir Ihnen die Werkstoffe auf Vertr\u00e4glichkeit zu pr\u00fcfen oder mit uns R\u00fccksprache zu nehmen.<\/span><\/p>\n<p>[\/et_pb_text][\/et_pb_column][\/et_pb_row][et_pb_row _builder_version=&#8220;4.0.9&#8243;][et_pb_column type=&#8220;4_4&#8243; _builder_version=&#8220;4.0.6&#8243;][et_pb_text _builder_version=&#8220;4.0.6&#8243; use_background_color_gradient=&#8220;on&#8220; background_color_gradient_start=&#8220;#000000&#8243; background_color_gradient_end=&#8220;#bec4c3&#8243;]<\/p>\n<h1 style=\"text-align: center;\"><span style=\"color: #ccffff;\">Downloads<\/span><\/h1>\n<p>[\/et_pb_text][et_pb_text _builder_version=&#8220;4.8.2&#8243; use_background_color_gradient=&#8220;on&#8220; background_color_gradient_start=&#8220;#000000&#8243; background_color_gradient_end=&#8220;#c4c4c4&#8243; custom_padding=&#8220;||8px|||&#8220; hover_enabled=&#8220;0&#8243; sticky_enabled=&#8220;0&#8243;]<\/p>\n<p style=\"text-align: center;\"><span style=\"color: #00ffff;\"><a href=\"https:\/\/kopperschmidt-spritztechnik.de\/wp-content\/uploads\/2025\/03\/P60-100-150-200-320-360RP-VP_PUe_D_0325.pdf\" target=\"_blank\" rel=\"noopener noreferrer\" style=\"color: #00ffff;\"><span style=\"color: #00ccff;\">Druckansicht<\/span>\u00a0<\/a> <\/span>\u00a0 \u00a0\u00a0\u00a0\u00a0<a href=\"https:\/\/kopperschmidt-spritztechnik.de\/wp-content\/uploads\/2025\/03\/P320VP_PD_D_e_0325.pdf\" target=\"_blank\" rel=\"noopener noreferrer\"><span style=\"color: #00ccff;\">Ersatzteilblatt<\/span><\/a><span style=\"color: #ccffff;\"> \u00a0\u00a0\u00a0\u00a0\u00a0 <span style=\"color: #00ccff;\"><a href=\"https:\/\/kopperschmidt-spritztechnik.de\/wp-content\/uploads\/2025\/03\/P60-360-VP_RP_MD_D_0325.pdf\" target=\"_blank\" rel=\"noopener noreferrer\" style=\"color: #00ccff;\">Materialdatenblatt<\/a><\/span>\u00a0\u00a0\u00a0\u00a0\u00a0\u00a0\u00a0\u00a0\u00a0 <span style=\"color: #00ccff;\"><a href=\"https:\/\/kopperschmidt-spritztechnik.de\/wp-content\/uploads\/2025\/03\/P320-VP_Massblatt_D_0325.pdf\" target=\"_blank\" rel=\"noopener noreferrer\" style=\"color: #00ccff;\">Massblatt 1<\/a><\/span>\u00a0\u00a0\u00a0\u00a0\u00a0\u00a0<span style=\"color: #808080;\">\u00a0 Zubeh\u00f6r \u00a0<\/span>\u00a0\u00a0\u00a0\u00a0\u00a0 <span style=\"color: #808080;\">Massblatt 3\u00a0\u00a0\u00a0\u00a0\u00a0\u00a0\u00a0 Montagearten\u00a0\u00a0\u00a0\u00a0 <span style=\"color: #00ccff;\"><a href=\"https:\/\/kopperschmidt24.de\/produkt\/materialdruckregler-p320-vp\/\" target=\"_blank\" rel=\"noopener noreferrer\" style=\"color: #00ccff;\">Preisinfo<\/a><\/span><\/span><\/span><\/p>\n<p>[\/et_pb_text][et_pb_text _builder_version=&#8220;4.8.2&#8243; use_background_color_gradient=&#8220;on&#8220; background_color_gradient_start=&#8220;#000000&#8243; background_color_gradient_end=&#8220;#c4c4c4&#8243; custom_padding=&#8220;||8px|||&#8220;]<\/p>\n<p style=\"text-align: center;\"><span style=\"color: #00ffff;\"><a href=\"https:\/\/kopperschmidt-spritztechnik.de\/wp-content\/uploads\/2025\/03\/P60-100-150-200-320-360RP-VP_PUe_E_0325.pdf\" target=\"_blank\" rel=\"noopener noreferrer\"><span style=\"color: #00ccff;\">Printversion<\/span><\/a>\u00a0 <\/span>\u00a0 \u00a0\u00a0\u00a0 <a href=\"https:\/\/kopperschmidt-spritztechnik.de\/wp-content\/uploads\/2025\/03\/P320VP_PD_E_e_0325.pdf\" target=\"_blank\" rel=\"noopener noreferrer\"><span style=\"color: #00ccff;\">Spareparts<\/span><\/a><span style=\"color: #ccffff;\"> \u00a0\u00a0\u00a0\u00a0\u00a0 <a href=\"https:\/\/kopperschmidt-spritztechnik.de\/wp-content\/uploads\/2025\/03\/P60-360-VP_RP_MD_E_0325.pdf\" target=\"_blank\" rel=\"noopener noreferrer\"><span style=\"color: #00ccff;\">Material Contact Parts<\/span><\/a> \u00a0\u00a0\u00a0\u00a0\u00a0\u00a0\u00a0\u00a0 <a href=\"https:\/\/kopperschmidt-spritztechnik.de\/wp-content\/uploads\/2025\/03\/P320-VP_Massblatt_E_0325.pdf\" target=\"_blank\" rel=\"noopener noreferrer\"><span style=\"color: #00ccff;\">Dimensions 1<\/span><\/a>\u00a0\u00a0\u00a0\u00a0\u00a0\u00a0<span style=\"color: #808080;\">\u00a0 Accessorires \u00a0<\/span>\u00a0\u00a0\u00a0\u00a0\u00a0 <span style=\"color: #808080;\">Dimensions 3\u00a0\u00a0\u00a0\u00a0\u00a0\u00a0\u00a0 Mounting \u00a0\u00a0\u00a0 <span style=\"color: #00ccff;\"><a href=\"https:\/\/kopperschmidt24.de\/produkt\/materialdruckregler-p320-vp\/\" target=\"_blank\" rel=\"noopener noreferrer\" style=\"color: #00ccff;\">Prices<\/a><\/span><\/span><\/span><\/p>\n<p>[\/et_pb_text][\/et_pb_column][\/et_pb_row][\/et_pb_section]<\/p>\n","protected":false},"excerpt":{"rendered":"<p>[et_pb_section fb_built=&#8220;1&#8243; _builder_version=&#8220;4.0.6&#8243; use_background_color_gradient=&#8220;on&#8220;][et_pb_row _builder_version=&#8220;4.0.6&#8243;][et_pb_column type=&#8220;4_4&#8243; _builder_version=&#8220;4.0.6&#8243;][et_pb_text _builder_version=&#8220;4.0.9&#8243; use_background_color_gradient=&#8220;on&#8220; background_color_gradient_start=&#8220;#000000&#8243; background_color_gradient_end=&#8220;#c4c4c4&#8243;] Der Kopperschmidt Materialdruckregler KS-P320VP [\/et_pb_text][\/et_pb_column][\/et_pb_row][et_pb_row column_structure=&#8220;1_3,1_3,1_3&#8243; _builder_version=&#8220;4.0.6&#8243; use_background_color_gradient=&#8220;on&#8220;][et_pb_column type=&#8220;1_3&#8243; _builder_version=&#8220;4.0.6&#8243;][et_pb_image src=&#8220;https:\/\/kopperschmidt-spritztechnik.de\/wp-content\/uploads\/2019\/11\/Shop_P320_RP.jpg&#8220; _builder_version=&#8220;4.0.9&#8243; background_enable_image=&#8220;off&#8220;][\/et_pb_image][et_pb_image src=&#8220;https:\/\/kopperschmidt-spritztechnik.de\/wp-content\/uploads\/2019\/11\/Shop_P320_RP_Manometer.jpg&#8220; _builder_version=&#8220;4.0.9&#8243;][\/et_pb_image][\/et_pb_column][et_pb_column type=&#8220;1_3&#8243; _builder_version=&#8220;4.0.6&#8243;][et_pb_text _builder_version=&#8220;4.0.9&#8243; use_background_color_gradient=&#8220;on&#8220; background_color_gradient_start=&#8220;rgba(0,0,0,0)&#8220; background_color_gradient_end=&#8220;rgba(0,0,0,0)&#8220;] Technische Daten Einstellbereich: Eingangsdruck max.: Steuerluftdruck max: \u00dcbersetzungsverh\u00e4ltnis: Durchflussmenge: Viskosit\u00e4tsbereich: Gewicht: Lagertemperatur: Umgebungstemperatur min.: Umgebungstemperatur max.: Mediumstemperatur min.: Mediumstemperatur max.: Materialeingang: Materialausgang: Manometeranschlu\u00df: [&hellip;]<\/p>\n","protected":false},"author":2,"featured_media":0,"parent":0,"menu_order":0,"comment_status":"closed","ping_status":"closed","template":"","meta":{"_seopress_robots_primary_cat":"","_seopress_titles_title":"","_seopress_titles_desc":"Der KS-P320VP ist ein pneumatisch gesteuerter Materialdruckregler mit materialf\u00fchrenden Teilen aus Edelstahl.","_seopress_robots_index":"","_et_pb_use_builder":"on","_et_pb_old_content":"","_et_gb_content_width":"","footnotes":""},"class_list":["post-2993","page","type-page","status-publish","hentry"],"_links":{"self":[{"href":"https:\/\/kopperschmidt-spritztechnik.de\/index.php\/wp-json\/wp\/v2\/pages\/2993","targetHints":{"allow":["GET"]}}],"collection":[{"href":"https:\/\/kopperschmidt-spritztechnik.de\/index.php\/wp-json\/wp\/v2\/pages"}],"about":[{"href":"https:\/\/kopperschmidt-spritztechnik.de\/index.php\/wp-json\/wp\/v2\/types\/page"}],"author":[{"embeddable":true,"href":"https:\/\/kopperschmidt-spritztechnik.de\/index.php\/wp-json\/wp\/v2\/users\/2"}],"replies":[{"embeddable":true,"href":"https:\/\/kopperschmidt-spritztechnik.de\/index.php\/wp-json\/wp\/v2\/comments?post=2993"}],"version-history":[{"count":23,"href":"https:\/\/kopperschmidt-spritztechnik.de\/index.php\/wp-json\/wp\/v2\/pages\/2993\/revisions"}],"predecessor-version":[{"id":6840,"href":"https:\/\/kopperschmidt-spritztechnik.de\/index.php\/wp-json\/wp\/v2\/pages\/2993\/revisions\/6840"}],"wp:attachment":[{"href":"https:\/\/kopperschmidt-spritztechnik.de\/index.php\/wp-json\/wp\/v2\/media?parent=2993"}],"curies":[{"name":"wp","href":"https:\/\/api.w.org\/{rel}","templated":true}]}}