{"id":3179,"date":"2020-01-24T18:42:19","date_gmt":"2020-01-24T18:42:19","guid":{"rendered":"https:\/\/kopperschmidt-spritztechnik.de\/?page_id=3179"},"modified":"2022-01-05T08:49:13","modified_gmt":"2022-01-05T08:49:13","slug":"pu_automatikpistole-afs-2000","status":"publish","type":"page","link":"https:\/\/kopperschmidt-spritztechnik.de\/index.php\/pu_automatikpistole-afs-2000\/","title":{"rendered":"PU_Automatikpistole AFS 2000"},"content":{"rendered":"<p>[et_pb_section fb_built=&#8220;1&#8243; _builder_version=&#8220;4.0.6&#8243; use_background_color_gradient=&#8220;on&#8220;][et_pb_row _builder_version=&#8220;4.0.6&#8243;][et_pb_column type=&#8220;4_4&#8243; _builder_version=&#8220;4.0.6&#8243;][et_pb_text _builder_version=&#8220;4.0.9&#8243; use_background_color_gradient=&#8220;on&#8220; background_color_gradient_start=&#8220;#000000&#8243; background_color_gradient_end=&#8220;#c4c4c4&#8243;]<\/p>\n<h1 style=\"text-align: center;\"><span style=\"color: #ccffff;\"><strong>Die Kopperschmidt Finespray-Automatikpistole KS-AFS 2000<br \/> <\/strong><\/span><\/h1>\n<p>[\/et_pb_text][\/et_pb_column][\/et_pb_row][et_pb_row column_structure=&#8220;1_3,1_3,1_3&#8243; _builder_version=&#8220;4.0.6&#8243; use_background_color_gradient=&#8220;on&#8220;][et_pb_column type=&#8220;1_3&#8243; _builder_version=&#8220;4.0.6&#8243;][et_pb_image src=&#8220;https:\/\/kopperschmidt-spritztechnik.de\/wp-content\/uploads\/2019\/12\/ProKat_KS-AFS_2000_EST.jpg&#8220; _builder_version=&#8220;4.0.9&#8243; background_enable_image=&#8220;off&#8220;][\/et_pb_image][et_pb_image src=&#8220;https:\/\/kopperschmidt-spritztechnik.de\/wp-content\/uploads\/2019\/12\/ProKat_KS-AFS_2000_POM.jpg&#8220; _builder_version=&#8220;4.0.9&#8243;][\/et_pb_image][\/et_pb_column][et_pb_column type=&#8220;1_3&#8243; _builder_version=&#8220;4.0.6&#8243;][et_pb_text _builder_version=&#8220;4.0.9&#8243; use_background_color_gradient=&#8220;on&#8220; background_color_gradient_start=&#8220;rgba(0,0,0,0)&#8220; background_color_gradient_end=&#8220;rgba(0,0,0,0)&#8220;]<\/p>\n<p><strong><span style=\"color: #000000;\">Technische Daten<\/span><\/strong><br \/> <span style=\"color: #000000;\"> Materialdruck max.:<\/span><br \/> <span style=\"color: #000000;\"> Steuerluftdruck.:<\/span><br \/> <span style=\"color: #000000;\"> Schaltfrequenz max:<\/span><br \/> <span style=\"color: #000000;\"> Gewicht VA:<\/span><br \/> <span style=\"color: #000000;\">Gewicht POM:<\/span><br \/> <span style=\"color: #000000;\"> Lagertemperatur VA:<\/span><br \/> <span style=\"color: #000000;\">Lagertemperatur POM:<\/span><br \/> <span style=\"color: #000000;\"> Umgebungstemperatur min.:<\/span><br \/> <span style=\"color: #000000;\"> Umgebungstemperatur max.:<\/span><br \/> <span style=\"color: #000000;\"> Mediumstemperatur min.:<\/span><br \/> <span style=\"color: #000000;\"> Mediumstemperatur max. VA:<\/span><br \/> <span style=\"color: #000000;\">Mediumstemperatur max. POM:<\/span><br \/> <span style=\"color: #000000;\"> Materialanschlu\u00df:<\/span><br \/> <span style=\"color: #000000;\"> Luftanschl\u00fcsse:<\/span><br \/> <span style=\"color: #000000;\"> Befestigung:<\/span><span style=\"color: #000000;\"><\/span><span style=\"color: #000000;\"><\/span><span style=\"color: #000000;\"><\/span><br \/> <span style=\"color: #000000;\"> Medienber\u00fchrten Teile aus:<\/span><\/p>\n<p>[\/et_pb_text][\/et_pb_column][et_pb_column type=&#8220;1_3&#8243; _builder_version=&#8220;4.0.6&#8243;][et_pb_text _builder_version=&#8220;4.0.9&#8243;]<\/p>\n<p><strong><span style=\"color: #000000;\">Technische Daten<\/span><\/strong><br \/> <span style=\"color: #000000;\">8-10 Bar<\/span><br \/> <span style=\"color: #000000;\">6 Bar<\/span><br \/> <span style=\"color: #000000;\">120 Hub\/min<\/span><br \/> <span style=\"color: #000000;\">580g *<\/span><br \/> <span style=\"color: #000000;\">300g *<\/span><br \/> <span style=\"color: #000000;\">0\u00b0C bis +70\u00b0C<\/span><br \/> <span style=\"color: #000000;\">0\u00b0C bis +40\u00b0C<\/span><span style=\"color: #000000;\"><\/span><br \/> <span style=\"color: #000000;\"> + 5 \u00b0C<\/span><br \/> <span style=\"color: #000000;\"> + 40 \u00b0C<\/span><br \/> <span style=\"color: #000000;\"> +10 \u00b0C<\/span><br \/> <span style=\"color: #000000;\"> +70 \u00b0C<\/span><br \/> <span style=\"color: #000000;\"><\/span><span style=\"color: #000000;\">+40 \u00b0C<\/span><br \/> <span style=\"color: #000000;\"> G1\/4\u201ci<\/span><br \/> <span style=\"color: #000000;\">G1\/8&#8243;i<\/span><br \/> <span style=\"color: #000000;\">M10 hinten<\/span><br \/> <span style=\"color: #000000;\"> Edelstahl bzw. POM<br \/> <\/span><\/p>\n<p><span style=\"color: #000000;\"><\/span><\/p>\n<p><span style=\"color: #000000;\">* ohne Anschl\u00fcsse<br \/> <\/span><\/p>\n<p>[\/et_pb_text][\/et_pb_column][\/et_pb_row][et_pb_row _builder_version=&#8220;4.0.6&#8243; use_background_color_gradient=&#8220;on&#8220;][et_pb_column type=&#8220;4_4&#8243; _builder_version=&#8220;4.0.6&#8243;][et_pb_text _builder_version=&#8220;4.0.9&#8243;]<\/p>\n<p><span style=\"color: #000000;\">Die Finespray-Automatikpistolen KS-AFS 2000 sind robust konstruiert und bestens geeignet f\u00fcr die Applikation fl\u00fcssiger\u00a0 Medien auf L\u00f6semittel- und Wasserbasis.<\/span><\/p>\n<p><span style=\"color: #000000;\">Die Materialber\u00fchrten Teile sind aus Edelstahl, POM, Hartmetall, PTFE oder Viton. Eine ATEX-Zulassung f\u00fcr den Einsatz in explosionsgef\u00e4hrdeten Bereichen rundet das Bild ab und macht die Automatikpistolen <\/span><span style=\"color: #000000;\">vielseitig einsetzbar. Nachfolgend finden Sie die Vorteile auf einen Blick:<\/span><span style=\"color: #000000;\"><\/span><\/p>\n<ul>\n<li><span style=\"color: #000000;\">Vielseitig einsetzbar durch materialf\u00fchrende Teile aus Edelstahl. Das erm\u00f6glicht einen universellen Einsatz f\u00fcr wasser- und l\u00f6semittelbasierende Materialien wie Farben, \u00d6le, H\u00e4rter, Alkohol, Wasserlacke, Dispersionen und viele weitere Fl\u00fcssigkeiten, auch mit aggressiven oder abrasiven Eigenschaften.<br \/> <\/span><\/li>\n<li><span style=\"color: #000000;\">Vielseitig einsetzbar und gute Standzeiten <br \/><\/span><\/li>\n<li><span style=\"color: #000000;\">Die Basisausf\u00fchrung hat 2 Materialanschl\u00fcsse G1\/4&#8243;i f\u00fcr Zirkulation serienm\u00e4\u00dfig.<\/span><span style=\"color: #000000;\"><\/span><\/li>\n<li><span style=\"color: #000000;\">Platzsparende, kompakte Bauform wahlweise ohne Anschl\u00fcsse, mit 1 oder mit 2 Materialanschlu\u00dfwinkeln<br \/> <\/span><\/li>\n<li><span style=\"color: #000000;\">Durch Verwendung von Aluminium im Luftbereich wird die AFS 2000 als leichte Roboterpistole gerne eingesetzt<\/span><\/li>\n<\/ul>\n<p>[\/et_pb_text][\/et_pb_column][\/et_pb_row][et_pb_row _builder_version=&#8220;4.0.9&#8243;][et_pb_column type=&#8220;4_4&#8243; _builder_version=&#8220;4.0.6&#8243;][et_pb_text _builder_version=&#8220;4.0.6&#8243; use_background_color_gradient=&#8220;on&#8220; background_color_gradient_start=&#8220;#000000&#8243; background_color_gradient_end=&#8220;#bec4c3&#8243;]<\/p>\n<h1 style=\"text-align: center;\"><span style=\"color: #ccffff;\">Downloads<\/span><\/h1>\n<p>[\/et_pb_text][et_pb_text _builder_version=&#8220;4.8.2&#8243; use_background_color_gradient=&#8220;on&#8220; background_color_gradient_start=&#8220;#000000&#8243; background_color_gradient_end=&#8220;#c4c4c4&#8243; custom_padding=&#8220;||8px|||&#8220; hover_enabled=&#8220;0&#8243; sticky_enabled=&#8220;0&#8243;]<\/p>\n<p style=\"text-align: center;\"><span style=\"color: #00ffff;\"><a href=\"https:\/\/kopperschmidt-spritztechnik.de\/wp-content\/uploads\/2019\/12\/KS-AFS-2000_P\u00dc_D.pdf\" target=\"_blank\" rel=\"noopener noreferrer\"><span style=\"color: #00ccff;\">Druckansicht<\/span><\/a>\u00a0 <\/span>\u00a0 \u00a0\u00a0\u00a0\u00a0<a href=\"https:\/\/kopperschmidt-spritztechnik.de\/wp-content\/uploads\/2022\/01\/KS-AFS-2000_PD_D_e.pdf\" target=\"_blank\" rel=\"noopener noreferrer\"><span style=\"color: #00ccff;\">Ersatzteilblatt<\/span><\/a><span style=\"color: #ccffff;\"> \u00a0\u00a0\u00a0\u00a0\u00a0 <span style=\"color: #808080;\"><span style=\"color: #00ccff;\"><a href=\"https:\/\/kopperschmidt-spritztechnik.de\/wp-content\/uploads\/2020\/08\/KS-AFS-2000_MD_D.pdf\" target=\"_blank\" rel=\"noopener noreferrer\" style=\"color: #00ccff;\">Materialdatenblatt<\/a><\/span>\u00a0\u00a0\u00a0\u00a0<\/span>\u00a0\u00a0\u00a0\u00a0\u00a0 <span style=\"color: #00ccff;\"><a href=\"https:\/\/kopperschmidt-spritztechnik.de\/wp-content\/uploads\/2019\/12\/KS-AFS-2000_Massblatt_D.pdf\" target=\"_blank\" rel=\"noopener noreferrer\" style=\"color: #00ccff;\">Massblatt<\/a>\u00a0<\/span>\u00a0\u00a0\u00a0\u00a0\u00a0\u00a0<span style=\"color: #00ffff;\"><a href=\"https:\/\/kopperschmidt-spritztechnik.de\/wp-content\/uploads\/2020\/09\/KS-AFS-2000_PI_D.pdf\" target=\"_blank\" rel=\"noopener noreferrer\"><span style=\"color: #808080;\"> <span style=\"color: #00ccff;\">Zubeh\u00f6r<\/span> <\/span><\/a>\u00a0<\/span><span style=\"color: #808080;\">\u00a0\u00a0\u00a0\u00a0 <a href=\"https:\/\/kopperschmidt24.de\/produkt\/finespray-automatikpistole-ks-afs-2000\/\" target=\"_blank\" rel=\"noopener noreferrer\"><span style=\"color: #00ccff;\">Preisinfo<\/span><\/a><span style=\"color: #00ccff;\"><\/span><\/span><\/span><\/p>\n<p>[\/et_pb_text][et_pb_text _builder_version=&#8220;4.8.2&#8243; use_background_color_gradient=&#8220;on&#8220; background_color_gradient_start=&#8220;#000000&#8243; background_color_gradient_end=&#8220;#c4c4c4&#8243; custom_padding=&#8220;||8px|||&#8220; hover_enabled=&#8220;0&#8243; sticky_enabled=&#8220;0&#8243;]<\/p>\n<p style=\"text-align: center;\"><span style=\"color: #00ffff;\"><a href=\"https:\/\/kopperschmidt-spritztechnik.de\/wp-content\/uploads\/2020\/07\/KS-AFS-2000_P\u00dc_E.pdf\" target=\"_blank\" rel=\"noopener noreferrer\"><span style=\"color: #00ccff;\">Printversion<\/span><\/a>\u00a0 <\/span>\u00a0 \u00a0\u00a0\u00a0 <span style=\"color: #00ccff;\"><a href=\"https:\/\/kopperschmidt-spritztechnik.de\/wp-content\/uploads\/2022\/01\/KS-AFS-2000_PD_E_e.pdf\" target=\"_blank\" rel=\"noopener noreferrer\" style=\"color: #00ccff;\">Spareparts<\/a><\/span><span style=\"color: #ccffff;\"> \u00a0\u00a0\u00a0\u00a0\u00a0 <span style=\"color: #808080;\"><a href=\"https:\/\/kopperschmidt-spritztechnik.de\/wp-content\/uploads\/2020\/08\/KS-AFS-2000_MD_E.pdf\" target=\"_blank\" rel=\"noopener noreferrer\"><span style=\"color: #00ccff;\">Material Contact Parts<\/span><\/a> \u00a0\u00a0<\/span>\u00a0\u00a0\u00a0\u00a0\u00a0 <span style=\"color: #00ccff;\"><a href=\"https:\/\/kopperschmidt-spritztechnik.de\/wp-content\/uploads\/2020\/07\/KS-AFS-2000_Massblatt_E.pdf\" target=\"_blank\" rel=\"noopener noreferrer\" style=\"color: #00ccff;\">Dimensions<\/a>\u00a0<\/span>\u00a0\u00a0\u00a0\u00a0\u00a0\u00a0<span style=\"color: #00ffff;\"><a href=\"https:\/\/kopperschmidt-spritztechnik.de\/wp-content\/uploads\/2020\/09\/KS-AFS-2000_PI_E.pdf\" target=\"_blank\" rel=\"noopener noreferrer\"><span style=\"color: #808080;\"> <span style=\"color: #00ccff;\">Accessories<\/span>\u00a0<\/span><\/a><\/span><span style=\"color: #808080;\"> \u00a0\u00a0\u00a0 <span style=\"color: #00ccff;\"><a href=\"https:\/\/kopperschmidt24.de\/produkt\/finespray-automatikpistole-ks-afs-2000\/\" target=\"_blank\" rel=\"noopener noreferrer\" style=\"color: #00ccff;\">Prices<\/a><\/span><\/span><\/span><\/p>\n<p>[\/et_pb_text][\/et_pb_column][\/et_pb_row][\/et_pb_section]<\/p>\n","protected":false},"excerpt":{"rendered":"<p>[et_pb_section fb_built=&#8220;1&#8243; _builder_version=&#8220;4.0.6&#8243; use_background_color_gradient=&#8220;on&#8220;][et_pb_row _builder_version=&#8220;4.0.6&#8243;][et_pb_column type=&#8220;4_4&#8243; _builder_version=&#8220;4.0.6&#8243;][et_pb_text _builder_version=&#8220;4.0.9&#8243; use_background_color_gradient=&#8220;on&#8220; background_color_gradient_start=&#8220;#000000&#8243; background_color_gradient_end=&#8220;#c4c4c4&#8243;] Die Kopperschmidt Finespray-Automatikpistole KS-AFS 2000 [\/et_pb_text][\/et_pb_column][\/et_pb_row][et_pb_row column_structure=&#8220;1_3,1_3,1_3&#8243; _builder_version=&#8220;4.0.6&#8243; use_background_color_gradient=&#8220;on&#8220;][et_pb_column type=&#8220;1_3&#8243; _builder_version=&#8220;4.0.6&#8243;][et_pb_image src=&#8220;https:\/\/kopperschmidt-spritztechnik.de\/wp-content\/uploads\/2019\/12\/ProKat_KS-AFS_2000_EST.jpg&#8220; _builder_version=&#8220;4.0.9&#8243; background_enable_image=&#8220;off&#8220;][\/et_pb_image][et_pb_image src=&#8220;https:\/\/kopperschmidt-spritztechnik.de\/wp-content\/uploads\/2019\/12\/ProKat_KS-AFS_2000_POM.jpg&#8220; _builder_version=&#8220;4.0.9&#8243;][\/et_pb_image][\/et_pb_column][et_pb_column type=&#8220;1_3&#8243; _builder_version=&#8220;4.0.6&#8243;][et_pb_text _builder_version=&#8220;4.0.9&#8243; use_background_color_gradient=&#8220;on&#8220; background_color_gradient_start=&#8220;rgba(0,0,0,0)&#8220; background_color_gradient_end=&#8220;rgba(0,0,0,0)&#8220;] Technische Daten Materialdruck max.: Steuerluftdruck.: Schaltfrequenz max: Gewicht VA: Gewicht POM: Lagertemperatur VA: Lagertemperatur POM: Umgebungstemperatur min.: Umgebungstemperatur max.: Mediumstemperatur min.: Mediumstemperatur [&hellip;]<\/p>\n","protected":false},"author":2,"featured_media":0,"parent":0,"menu_order":0,"comment_status":"closed","ping_status":"closed","template":"","meta":{"_seopress_robots_primary_cat":"","_seopress_titles_title":"","_seopress_titles_desc":"Die Kopperschmidt Finespraypistolen KS-AFS 2000 eignen sich f\u00fcr das Verarbeiten von Farben, Lacken, Beizen und anderen Materialien bei Dr\u00fccken bis 10 Bar.","_seopress_robots_index":"","_et_pb_use_builder":"on","_et_pb_old_content":"","_et_gb_content_width":"","footnotes":""},"class_list":["post-3179","page","type-page","status-publish","hentry"],"_links":{"self":[{"href":"https:\/\/kopperschmidt-spritztechnik.de\/index.php\/wp-json\/wp\/v2\/pages\/3179","targetHints":{"allow":["GET"]}}],"collection":[{"href":"https:\/\/kopperschmidt-spritztechnik.de\/index.php\/wp-json\/wp\/v2\/pages"}],"about":[{"href":"https:\/\/kopperschmidt-spritztechnik.de\/index.php\/wp-json\/wp\/v2\/types\/page"}],"author":[{"embeddable":true,"href":"https:\/\/kopperschmidt-spritztechnik.de\/index.php\/wp-json\/wp\/v2\/users\/2"}],"replies":[{"embeddable":true,"href":"https:\/\/kopperschmidt-spritztechnik.de\/index.php\/wp-json\/wp\/v2\/comments?post=3179"}],"version-history":[{"count":21,"href":"https:\/\/kopperschmidt-spritztechnik.de\/index.php\/wp-json\/wp\/v2\/pages\/3179\/revisions"}],"predecessor-version":[{"id":6059,"href":"https:\/\/kopperschmidt-spritztechnik.de\/index.php\/wp-json\/wp\/v2\/pages\/3179\/revisions\/6059"}],"wp:attachment":[{"href":"https:\/\/kopperschmidt-spritztechnik.de\/index.php\/wp-json\/wp\/v2\/media?parent=3179"}],"curies":[{"name":"wp","href":"https:\/\/api.w.org\/{rel}","templated":true}]}}