{"id":3238,"date":"2020-01-25T07:43:57","date_gmt":"2020-01-25T07:43:57","guid":{"rendered":"https:\/\/kopperschmidt-spritztechnik.de\/?page_id=3238"},"modified":"2025-09-17T06:33:53","modified_gmt":"2025-09-17T06:33:53","slug":"pu_airlesspistole-ks-b500","status":"publish","type":"page","link":"https:\/\/kopperschmidt-spritztechnik.de\/index.php\/pu_airlesspistole-ks-b500\/","title":{"rendered":"PU_Airlesspistole KS-B500"},"content":{"rendered":"<p>[et_pb_section fb_built=&#8220;1&#8243; _builder_version=&#8220;4.0.6&#8243; use_background_color_gradient=&#8220;on&#8220;][et_pb_row _builder_version=&#8220;4.0.6&#8243;][et_pb_column type=&#8220;4_4&#8243; _builder_version=&#8220;4.0.6&#8243;][et_pb_text _builder_version=&#8220;4.0.9&#8243; use_background_color_gradient=&#8220;on&#8220; background_color_gradient_start=&#8220;#000000&#8243; background_color_gradient_end=&#8220;#c4c4c4&#8243;]<\/p>\n<h1 style=\"text-align: center;\"><span style=\"color: #ccffff;\"><strong>Die Kopperschmidt Airless-Handpistole KS-B500<br \/> <\/strong><\/span><\/h1>\n<p>[\/et_pb_text][\/et_pb_column][\/et_pb_row][et_pb_row column_structure=&#8220;1_3,1_3,1_3&#8243; _builder_version=&#8220;4.0.6&#8243; use_background_color_gradient=&#8220;on&#8220;][et_pb_column type=&#8220;1_3&#8243; _builder_version=&#8220;4.0.6&#8243;][et_pb_image src=&#8220;https:\/\/kopperschmidt-spritztechnik.de\/wp-content\/uploads\/2019\/11\/Prod_KS-B500.jpg&#8220; _builder_version=&#8220;4.0.9&#8243; background_enable_image=&#8220;off&#8220;][\/et_pb_image][et_pb_image _builder_version=&#8220;4.0.9&#8243;][\/et_pb_image][\/et_pb_column][et_pb_column type=&#8220;1_3&#8243; _builder_version=&#8220;4.0.6&#8243;][et_pb_text _builder_version=&#8220;4.0.9&#8243; use_background_color_gradient=&#8220;on&#8220; background_color_gradient_start=&#8220;rgba(0,0,0,0)&#8220; background_color_gradient_end=&#8220;rgba(0,0,0,0)&#8220;]<\/p>\n<p><strong><span style=\"color: #000000;\">Technische Daten<\/span><\/strong><br \/> <span style=\"color: #000000;\"> Materialdruck max.:<\/span><span style=\"color: #000000;\"><\/span><br \/> <span style=\"color: #000000;\"> Gewicht:<\/span><br \/> <span style=\"color: #000000;\"> Lagertemperatur:<\/span><br \/> <span style=\"color: #000000;\"> Umgebungstemperatur min.:<\/span><br \/> <span style=\"color: #000000;\"> Umgebungstemperatur max.:<\/span><br \/> <span style=\"color: #000000;\"> Mediumstemperatur min.:<\/span><br \/> <span style=\"color: #000000;\"> Mediumstemperatur max.:<\/span><br \/> <span style=\"color: #000000;\"> Materialanschlu\u00df:<\/span><span style=\"color: #000000;\"><\/span><span style=\"color: #000000;\"><\/span><span style=\"color: #000000;\"><\/span><span style=\"color: #000000;\"><\/span><span style=\"color: #000000;\"><\/span><br \/> <span style=\"color: #000000;\"> Medienber\u00fchrten Teile aus:<\/span><\/p>\n<p>[\/et_pb_text][\/et_pb_column][et_pb_column type=&#8220;1_3&#8243; _builder_version=&#8220;4.0.6&#8243;][et_pb_text _builder_version=&#8220;4.0.9&#8243;]<\/p>\n<p><strong><span style=\"color: #000000;\">Technische Daten<\/span><\/strong><br \/> <span style=\"color: #000000;\">500 Bar<\/span><span style=\"color: #000000;\"><\/span><br \/> <span style=\"color: #000000;\">350g * ????<\/span><br \/> <span style=\"color: #000000;\">0\u00b0C bis +70\u00b0C<\/span><span style=\"color: #000000;\"><\/span><br \/> <span style=\"color: #000000;\"> + 15 \u00b0C<\/span><br \/> <span style=\"color: #000000;\"> + 40 \u00b0C<\/span><br \/> <span style=\"color: #000000;\"> +10 \u00b0C<\/span><br \/> <span style=\"color: #000000;\"> +35 \u00b0C<\/span><span style=\"color: #000000;\"><\/span><br \/> <span style=\"color: #000000;\"> G1\/4\u201ci<\/span><span style=\"color: #000000;\"><\/span><br \/> <span style=\"color: #000000;\">hochlegierter Stahl<br \/> <\/span><\/p>\n<p><span style=\"color: #000000;\"><\/span><\/p>\n<p><span style=\"color: #000000;\">* ohne Anschl\u00fcsse<br \/> <\/span><\/p>\n<p>[\/et_pb_text][\/et_pb_column][\/et_pb_row][et_pb_row _builder_version=&#8220;4.0.6&#8243; use_background_color_gradient=&#8220;on&#8220;][et_pb_column type=&#8220;4_4&#8243; _builder_version=&#8220;4.0.6&#8243;][et_pb_text _builder_version=&#8220;4.6.0&#8243;]<\/p>\n<p><span style=\"color: #000000;\">Die Airless-Handpistolen KS-B500 sind robust konstruiert und bestens geeignet f\u00fcr die Applikation fl\u00fcssiger\u00a0 Medien auf L\u00f6semittel- und Wasserbasis.<\/span><\/p>\n<p><span style=\"color: #000000;\">Die Materialber\u00fchrten Teile sind aus Stahl, Hartmetall, PTFE oder Viton. Eine ATEX-Zulassung f\u00fcr den Einsatz in explosionsgef\u00e4hrdeten Bereichen rundet das Bild ab und macht die Handpistolen <\/span><span style=\"color: #000000;\">vielseitig einsetzbar. Nachfolgend finden Sie die Vorteile auf einen Blick:<\/span><span style=\"color: #000000;\"><\/span><\/p>\n<ul>\n<li><span style=\"color: #000000;\">Vielseitig einsetzbar durch materialf\u00fchrende Teile aus Stahl. Das erm\u00f6glicht einen universellen Einsatz f\u00fcr wasser- und l\u00f6semittelbasierende Materialien wie Farben, \u00d6le, H\u00e4rter, Alkohol, Wasserlacke, Dispersionen und viele weitere Fl\u00fcssigkeiten, auch mit abrasiven Eigenschaften.<br \/> <\/span><\/li>\n<li><span style=\"color: #000000;\">Vielseitig einsetzbar und gute Standzeiten durch Hartmetallventilsitz und Hartmetallnadelspitze<\/span><\/li>\n<li><span style=\"color: #000000;\">Das leichtg\u00e4ngige Drehgelenk erm\u00f6glicht ein erm\u00fcdungsfreies Arbeiten und gute Bewegungsfreiheit<\/span><span style=\"color: #000000;\"><\/span><\/li>\n<\/ul>\n<p>[\/et_pb_text][\/et_pb_column][\/et_pb_row][et_pb_row _builder_version=&#8220;4.0.9&#8243;][et_pb_column type=&#8220;4_4&#8243; _builder_version=&#8220;4.0.6&#8243;][et_pb_text _builder_version=&#8220;4.0.6&#8243; use_background_color_gradient=&#8220;on&#8220; background_color_gradient_start=&#8220;#000000&#8243; background_color_gradient_end=&#8220;#bec4c3&#8243;]<\/p>\n<h1 style=\"text-align: center;\"><span style=\"color: #ccffff;\">Downloads<\/span><\/h1>\n<p>[\/et_pb_text][et_pb_text _builder_version=&#8220;4.8.2&#8243; use_background_color_gradient=&#8220;on&#8220; background_color_gradient_start=&#8220;#000000&#8243; background_color_gradient_end=&#8220;#c4c4c4&#8243; custom_padding=&#8220;||8px|||&#8220; hover_enabled=&#8220;0&#8243; sticky_enabled=&#8220;0&#8243;]<\/p>\n<p style=\"text-align: center;\"><span style=\"color: #00ffff;\"><a href=\"https:\/\/kopperschmidt-spritztechnik.de\/wp-content\/uploads\/2025\/09\/KS-B500_PUe_D_0925.pdf\" target=\"_blank\" rel=\"noopener noreferrer\"><span style=\"color: #00ccff;\">Druckansicht<\/span><\/a>\u00a0 <\/span>\u00a0 \u00a0\u00a0\u00a0\u00a0<span style=\"color: #808080;\">Ersatzteilblatt<\/span><span style=\"color: #ccffff;\"> \u00a0\u00a0\u00a0\u00a0\u00a0 <span style=\"color: #808080;\">Materialdatenblatt\u00a0\u00a0\u00a0\u00a0<\/span>\u00a0\u00a0\u00a0\u00a0\u00a0 <span style=\"color: #00ccff;\"><a href=\"https:\/\/kopperschmidt-spritztechnik.de\/wp-content\/uploads\/2025\/09\/KS-B500_Massblatt_D_0925.pdf\" target=\"_blank\" rel=\"noopener noreferrer\" style=\"color: #00ccff;\">Massblatt 1<\/a>\u00a0<\/span>\u00a0\u00a0\u00a0\u00a0\u00a0\u00a0<span style=\"color: #00ffff;\"><span style=\"color: #808080;\"> Zubeh\u00f6r <\/span>\u00a0<\/span>\u00a0\u00a0\u00a0\u00a0\u00a0 <span style=\"color: #808080;\">Massblatt 3\u00a0\u00a0\u00a0\u00a0\u00a0\u00a0\u00a0 Montagearten\u00a0\u00a0\u00a0\u00a0 <a href=\"https:\/\/kopperschmidt24.de\/produkt\/airless-handpistole-ks1-dd\/\" target=\"_blank\" rel=\"noopener noreferrer\"><span style=\"color: #00ccff;\">Preisinfo<\/span><\/a><span style=\"color: #00ccff;\"><\/span><\/span><\/span><\/p>\n<p>[\/et_pb_text][\/et_pb_column][\/et_pb_row][\/et_pb_section]<\/p>\n","protected":false},"excerpt":{"rendered":"<p>[et_pb_section fb_built=&#8220;1&#8243; _builder_version=&#8220;4.0.6&#8243; use_background_color_gradient=&#8220;on&#8220;][et_pb_row _builder_version=&#8220;4.0.6&#8243;][et_pb_column type=&#8220;4_4&#8243; _builder_version=&#8220;4.0.6&#8243;][et_pb_text _builder_version=&#8220;4.0.9&#8243; use_background_color_gradient=&#8220;on&#8220; background_color_gradient_start=&#8220;#000000&#8243; background_color_gradient_end=&#8220;#c4c4c4&#8243;] Die Kopperschmidt Airless-Handpistole KS-B500 [\/et_pb_text][\/et_pb_column][\/et_pb_row][et_pb_row column_structure=&#8220;1_3,1_3,1_3&#8243; _builder_version=&#8220;4.0.6&#8243; use_background_color_gradient=&#8220;on&#8220;][et_pb_column type=&#8220;1_3&#8243; _builder_version=&#8220;4.0.6&#8243;][et_pb_image src=&#8220;https:\/\/kopperschmidt-spritztechnik.de\/wp-content\/uploads\/2019\/11\/Prod_KS-B500.jpg&#8220; _builder_version=&#8220;4.0.9&#8243; background_enable_image=&#8220;off&#8220;][\/et_pb_image][et_pb_image _builder_version=&#8220;4.0.9&#8243;][\/et_pb_image][\/et_pb_column][et_pb_column type=&#8220;1_3&#8243; _builder_version=&#8220;4.0.6&#8243;][et_pb_text _builder_version=&#8220;4.0.9&#8243; use_background_color_gradient=&#8220;on&#8220; background_color_gradient_start=&#8220;rgba(0,0,0,0)&#8220; background_color_gradient_end=&#8220;rgba(0,0,0,0)&#8220;] Technische Daten Materialdruck max.: Gewicht: Lagertemperatur: Umgebungstemperatur min.: Umgebungstemperatur max.: Mediumstemperatur min.: Mediumstemperatur max.: Materialanschlu\u00df: Medienber\u00fchrten Teile aus: [\/et_pb_text][\/et_pb_column][et_pb_column type=&#8220;1_3&#8243; _builder_version=&#8220;4.0.6&#8243;][et_pb_text _builder_version=&#8220;4.0.9&#8243;] Technische Daten [&hellip;]<\/p>\n","protected":false},"author":2,"featured_media":0,"parent":0,"menu_order":0,"comment_status":"closed","ping_status":"closed","template":"","meta":{"_seopress_robots_primary_cat":"","_seopress_titles_title":"","_seopress_titles_desc":"Die Kopperschmidt Airlesspistole KS-B500 eignen sich f\u00fcr das Verarbeiten von Farben, Lacken, Beizen und anderen Materialien bei Dr\u00fccken bis 500 Bar.","_seopress_robots_index":"","_et_pb_use_builder":"on","_et_pb_old_content":"","_et_gb_content_width":"","footnotes":""},"class_list":["post-3238","page","type-page","status-publish","hentry"],"_links":{"self":[{"href":"https:\/\/kopperschmidt-spritztechnik.de\/index.php\/wp-json\/wp\/v2\/pages\/3238","targetHints":{"allow":["GET"]}}],"collection":[{"href":"https:\/\/kopperschmidt-spritztechnik.de\/index.php\/wp-json\/wp\/v2\/pages"}],"about":[{"href":"https:\/\/kopperschmidt-spritztechnik.de\/index.php\/wp-json\/wp\/v2\/types\/page"}],"author":[{"embeddable":true,"href":"https:\/\/kopperschmidt-spritztechnik.de\/index.php\/wp-json\/wp\/v2\/users\/2"}],"replies":[{"embeddable":true,"href":"https:\/\/kopperschmidt-spritztechnik.de\/index.php\/wp-json\/wp\/v2\/comments?post=3238"}],"version-history":[{"count":11,"href":"https:\/\/kopperschmidt-spritztechnik.de\/index.php\/wp-json\/wp\/v2\/pages\/3238\/revisions"}],"predecessor-version":[{"id":7459,"href":"https:\/\/kopperschmidt-spritztechnik.de\/index.php\/wp-json\/wp\/v2\/pages\/3238\/revisions\/7459"}],"wp:attachment":[{"href":"https:\/\/kopperschmidt-spritztechnik.de\/index.php\/wp-json\/wp\/v2\/media?parent=3238"}],"curies":[{"name":"wp","href":"https:\/\/api.w.org\/{rel}","templated":true}]}}