{"id":39,"date":"2019-11-06T08:20:42","date_gmt":"2019-11-06T08:20:42","guid":{"rendered":"https:\/\/kopperschmidt-spritztechnik.de\/?page_id=39"},"modified":"2025-10-08T08:23:30","modified_gmt":"2025-10-08T08:23:30","slug":"wir-ueber-uns","status":"publish","type":"page","link":"https:\/\/kopperschmidt-spritztechnik.de\/index.php\/wir-ueber-uns\/","title":{"rendered":"Wir \u00fcber uns"},"content":{"rendered":"<p>[et_pb_section fb_built=&#8220;1&#8243; _builder_version=&#8220;4.0.6&#8243; use_background_color_gradient=&#8220;on&#8220; background_color_gradient_start=&#8220;#000000&#8243; background_color_gradient_end=&#8220;#000000&#8243;][et_pb_row _builder_version=&#8220;4.0.6&#8243; background_enable_color=&#8220;off&#8220;][et_pb_column type=&#8220;4_4&#8243; _builder_version=&#8220;4.0.5&#8243;][et_pb_text _builder_version=&#8220;4.8.2&#8243; background_color=&#8220;rgba(0,0,0,0)&#8220;]<\/p>\n<p><span style=\"color: #00ccff;\"><strong>Versandgro\u00dfhandel f\u00fcr <\/strong><strong>Oberfl\u00e4chentechnik seit 1998<\/strong><\/span><\/p>\n<p><span style=\"color: #00ccff;\">Die Firma L. R. Eurotechnik begann im Jahr 1998 als Versandgro\u00dfhandels-KG f\u00fcr Filter, D\u00fcsen, Siebe und andere hersteller\u00fcbergreifende Produkte. Bis im Jahr 2000 das Spektrum durch den Vertrieb von \u201eKopperschmidt Spritztechnik\u201c Ersatzteilen und Ger\u00e4ten vergr\u00f6\u00dfert wurde. Die Firma L. R. Eurotechnik ist exklusiver Vertriebspartner f\u00fcr Kopperschmidt Produkte in Europa und beliefert bis heute europaweit nicht nur den Fachhandel, sondern auch Anlagenbauer sowie Industrie- und Handwerkskunden.<\/span><\/p>\n<p><span style=\"color: #00ccff;\">Die Marke \u201eKopperschmidt Spritztechnik\u201c ist ein Begriff f\u00fcr <strong>Qualit\u00e4tsprodukte<\/strong> mit sehr gutem <strong>Preis-\/ Leistungsverh\u00e4ltnis<\/strong> und h\u00f6chster <strong>Kundenzufriedenheit<\/strong>.\u00a0 <\/span><\/p>\n<p><span style=\"color: #00ccff;\">L. R. Eurotechnik fertigt die Produkte der Marke \u201eKopperschmidt Spritztechnik\u201c exklusiv als Hausmarke und perfektioniert diese bis heute weiter.<\/span><\/p>\n<p><span style=\"color: #00ccff;\">Dar\u00fcber hinaus werden viele weitere Produkte namhafter Hersteller in unserem Lieferprogramm gef\u00fchrt.<\/span><\/p>\n<p><span style=\"color: #00ccff;\"><strong>Wir sind stolz darauf sagen zu k\u00f6nnen, dass alle Produkte der Marke \u201eKopperschmidt Spritztechnik\u201c <\/strong><\/span><span style=\"color: #00ccff;\"><strong>in Deutschland hergestellt werden.<\/strong> So erhalten Sie exklusive Produkte <strong>\u201eMade in Germany\u201c<\/strong>. Seit 2024 wurde die L. R. Eurotechnik KG in die L. R. Eurotechnik GmbH \u00fcberf\u00fchrt, um den neuen Herausforderungen des Marktes besser gerecht zu werden.<br \/> <\/span><\/p>\n<p><span style=\"color: #00ccff;\">Sichern auch Sie sich Ihren Anteil an dieser Erfolgsstory <strong>\u201eMade in Germany\u201c<\/strong> und profitieren Sie dar\u00fcber hinaus noch von zwei entscheidenden Faktoren:<\/span><\/p>\n<ul>\n<li><span style=\"color: #00ccff;\"><strong>\u00dcber 25 Jahre Qualit\u00e4tsprodukte \u201eMade in Germany\u201c.<\/strong><\/span><\/li>\n<\/ul>\n<p><span style=\"color: #00ccff;\">Die Ger\u00e4te werden allesamt in Deutschland entwickelt, montiert und gepr\u00fcft.<\/span><\/p>\n<ul>\n<li><span style=\"color: #00ccff;\"><strong> Garantierte Vertriebstreue an OEM und \u201eprivate Label\u201c Kunden.<\/strong><\/span><\/li>\n<\/ul>\n<p><span style=\"color: #00ccff;\">Finden Sie Ihr Wunschprodukt nach Ihrem Bedarf exklusiv bei L. R. Eurotechnik!<\/span><\/p>\n<p><span style=\"color: #00ccff;\">Sind Sie noch kein Eurotechnik-Kunde, aber Sie m\u00f6chten an dieser Erfolgsstory teilhaben? Werden Sie <\/span><span style=\"color: #00ccff;\">doch unser Vertriebspartner f\u00fcr Ihre Region. Sie sehen, es gibt gute Gr\u00fcnde mit L. R. Eurotechnik als Partner zu arbeiten. Haben wir Ihr Interesse geweckt? Z\u00f6gern Sie nicht, uns anzusprechen.<\/span><\/p>\n<p><span style=\"color: #00ccff;\">\u00a0<\/span><span style=\"color: #00ccff;\">\u00a0<\/span><\/p>\n<p><span style=\"color: #00ccff;\"><strong>PRODUKTE &amp; <\/strong><strong>LEISTUNGEN DER L. R. Eurotechnik GmbH<\/strong><\/span><\/p>\n<p><span style=\"color: #00ccff;\"><strong>\u00a0<\/strong><\/span><\/p>\n<p><span style=\"color: #00ccff;\"><strong>SPRITZTECHNIK<\/strong><\/span><\/p>\n<p><span style=\"color: #00ccff;\">&#8211; Manuelle Spritzpistolen<\/span><\/p>\n<p><span style=\"color: #00ccff;\">&#8211; Automatische Spritzpistolen<\/span><\/p>\n<p><span style=\"color: #00ccff;\">&#8211; Beheizbare Farbschl\u00e4uche und Farberhitzer<\/span><\/p>\n<p><span style=\"color: #00ccff;\"><strong>PUMPENTECHNIK<\/strong><\/span><\/p>\n<p><span style=\"color: #00ccff;\">&#8211; Kolbenpumpen<\/span><\/p>\n<p><span style=\"color: #00ccff;\">&#8211; Membranpumpen<\/span><\/p>\n<p><span style=\"color: #00ccff;\"><strong>ANLAGENTECHNIK<\/strong><\/span><\/p>\n<p><span style=\"color: #00ccff;\">&#8211; Deckel-Lifter mit Verdrehschutz vom Hobbock bis zum 200L Fa\u00df<\/span><\/p>\n<p><span style=\"color: #00ccff;\">&#8211; Farbwechselventile<br \/> <\/span><\/p>\n<p><span style=\"color: #00ccff;\">&#8211; 2-Komponenten-Technik<\/span><\/p>\n<p><span style=\"color: #00ccff;\">&#8211; Materialfilter bis 500 Bar<\/span><\/p>\n<p><span style=\"color: #00ccff;\">&#8211; F\u00fcllstands\u00fcberwachung<\/span><\/p>\n<p><span style=\"color: #00ccff;\">&#8211; Materialdruckregler<\/span><\/p>\n<p><span style=\"color: #00ccff;\">&#8211; Hydrospeicher<\/span><\/p>\n<p><span style=\"color: #00ccff;\">&#8211; R\u00fchrwerke<\/span><\/p>\n<p><span style=\"color: #00ccff;\"><strong>ZUBEH\u00d6R<\/strong><\/span><\/p>\n<p><span style=\"color: #00ccff;\">&#8211; Manometer<\/span><\/p>\n<p><span style=\"color: #00ccff;\">&#8211; Materialkupplungen<\/span><\/p>\n<p><span style=\"color: #00ccff;\">&#8211; Filter- und Siebeins\u00e4tze<\/span><\/p>\n<p><span style=\"color: #00ccff;\">&#8211; Ansaugsysteme und Siebe<\/span><\/p>\n<p><span style=\"color: #00ccff;\">&#8211; D\u00fcsen + Verl\u00e4ngerungen<\/span><\/p>\n<p><span style=\"color: #00ccff;\">&#8211; Farb- und Luftschl\u00e4uche<\/span><\/p>\n<p><span style=\"color: #00ccff;\">&#8211; D\u00fcsenreinigungsnadeln und B\u00fcrsten<\/span><\/p>\n<p><span style=\"color: #00ccff;\">\u00a0<\/span><\/p>\n<p><span style=\"color: #00ccff;\"><strong>HILFSMITTEL <\/strong><\/span><span style=\"color: #00ccff;\"><strong>F\u00dcR DEN LACKIERER<\/strong><\/span><\/p>\n<p><span style=\"color: #00ccff;\">&#8211; Luftfiltermatten<\/span><\/p>\n<p><span style=\"color: #00ccff;\">&#8211; Schichtdickenmesser<\/span><\/p>\n<p><span style=\"color: #00ccff;\">&#8211; Viskosit\u00e4tsme\u00dfbecher<\/span><\/p>\n<p><span style=\"color: #00ccff;\">&#8211; Lack- und Bechersiebe<\/span><\/p>\n<p><span style=\"color: #00ccff;\"><strong>ERSATZTEILSERVICE <\/strong><strong>&amp; KUNDENDIENST<\/strong><\/span><\/p>\n<p><span style=\"color: #00ccff;\">&#8211; Reparaturservice zentral oder vor Ort<\/span><\/p>\n<p><span style=\"color: #00ccff;\">&#8211; Herstellung von Reparaturs\u00e4tzen f\u00fcr Airlessger\u00e4te in Standardausf\u00fchrung oder nach Kundenanforderungen<\/span><\/p>\n<p><span style=\"color: #00ccff;\">&#8211; Konfektion von Farb- &amp; Luftschl\u00e4uchen nach Kundenvorgaben<\/span><\/p>\n<p><span style=\"color: #00ccff;\">&#8211; Ersatzteillieferung f\u00fcr viele Fabrikate, auch nach Muster oder Kundenspezifikation<\/span><\/p>\n<p><span style=\"color: #00ccff;\">&#8211; Schlauchverschraubungen und Gewindeadapter<\/span><\/p>\n<p><span style=\"color: #00ccff;\">&#8211; Viele O-Ringe und Dichtringe unterschiedlicher Werkstoffe ab Lager verf\u00fcgbar<\/span><\/p>\n<p><span style=\"color: #00ccff;\"><strong>UND VIELES MEHR!<\/strong><\/span><\/p>\n<p><span style=\"color: #00ccff;\"><strong><u>Bitte sprechen Sie uns an<\/u><\/strong><\/span><\/p>\n<p><span style=\"color: #00ccff;\">L. R. Eurotechnik GmbH<\/span><\/p>\n<p><span style=\"color: #00ccff;\">Versandgrosshandel f\u00fcr Oberfl\u00e4chentechnik<\/span><\/p>\n<p><span style=\"color: #00ccff;\">Hohnshecker Weg 18<\/span><\/p>\n<p><span style=\"color: #00ccff;\">D &#8211; 53881 Euskirchen<\/span><\/p>\n<p><span style=\"color: #00ccff;\">Telefon: +49(0)22 55 \/ 94 85-0<\/span><\/p>\n<p><span style=\"color: #00ccff;\">E-Mail: info@eurotechnik.gmbh<\/span><\/p>\n<p>[\/et_pb_text][et_pb_image src=&#8220;https:\/\/kopperschmidt-spritztechnik.de\/wp-content\/uploads\/2025\/10\/27-Jahre_Eurotechnik.png&#8220; title_text=&#8220;27 Jahre_Eurotechnik&#8220; _builder_version=&#8220;4.8.2&#8243; hover_enabled=&#8220;0&#8243; sticky_enabled=&#8220;0&#8243;][\/et_pb_image][\/et_pb_column][\/et_pb_row][\/et_pb_section]<\/p>\n","protected":false},"excerpt":{"rendered":"<p>[et_pb_section fb_built=&#8220;1&#8243; _builder_version=&#8220;4.0.6&#8243; use_background_color_gradient=&#8220;on&#8220; background_color_gradient_start=&#8220;#000000&#8243; background_color_gradient_end=&#8220;#000000&#8243;][et_pb_row _builder_version=&#8220;4.0.6&#8243; background_enable_color=&#8220;off&#8220;][et_pb_column type=&#8220;4_4&#8243; _builder_version=&#8220;4.0.5&#8243;][et_pb_text _builder_version=&#8220;4.8.2&#8243; background_color=&#8220;rgba(0,0,0,0)&#8220;] Versandgro\u00dfhandel f\u00fcr Oberfl\u00e4chentechnik seit 1998 Die Firma L. R. Eurotechnik begann im Jahr 1998 als Versandgro\u00dfhandels-KG f\u00fcr Filter, D\u00fcsen, Siebe und andere hersteller\u00fcbergreifende Produkte. Bis im Jahr 2000 das Spektrum durch den Vertrieb von \u201eKopperschmidt Spritztechnik\u201c Ersatzteilen und Ger\u00e4ten vergr\u00f6\u00dfert wurde. Die Firma [&hellip;]<\/p>\n","protected":false},"author":1,"featured_media":0,"parent":0,"menu_order":0,"comment_status":"closed","ping_status":"closed","template":"","meta":{"_seopress_robots_primary_cat":"","_seopress_titles_title":"","_seopress_titles_desc":"","_seopress_robots_index":"","_et_pb_use_builder":"on","_et_pb_old_content":"<!-- wp:divi\/placeholder \/-->","_et_gb_content_width":"","footnotes":""},"class_list":["post-39","page","type-page","status-publish","hentry"],"_links":{"self":[{"href":"https:\/\/kopperschmidt-spritztechnik.de\/index.php\/wp-json\/wp\/v2\/pages\/39","targetHints":{"allow":["GET"]}}],"collection":[{"href":"https:\/\/kopperschmidt-spritztechnik.de\/index.php\/wp-json\/wp\/v2\/pages"}],"about":[{"href":"https:\/\/kopperschmidt-spritztechnik.de\/index.php\/wp-json\/wp\/v2\/types\/page"}],"author":[{"embeddable":true,"href":"https:\/\/kopperschmidt-spritztechnik.de\/index.php\/wp-json\/wp\/v2\/users\/1"}],"replies":[{"embeddable":true,"href":"https:\/\/kopperschmidt-spritztechnik.de\/index.php\/wp-json\/wp\/v2\/comments?post=39"}],"version-history":[{"count":17,"href":"https:\/\/kopperschmidt-spritztechnik.de\/index.php\/wp-json\/wp\/v2\/pages\/39\/revisions"}],"predecessor-version":[{"id":7470,"href":"https:\/\/kopperschmidt-spritztechnik.de\/index.php\/wp-json\/wp\/v2\/pages\/39\/revisions\/7470"}],"wp:attachment":[{"href":"https:\/\/kopperschmidt-spritztechnik.de\/index.php\/wp-json\/wp\/v2\/media?parent=39"}],"curies":[{"name":"wp","href":"https:\/\/api.w.org\/{rel}","templated":true}]}}