{"id":4229,"date":"2020-07-28T12:09:14","date_gmt":"2020-07-28T12:09:14","guid":{"rendered":"https:\/\/kopperschmidt-spritztechnik.de\/?page_id=4229"},"modified":"2026-02-02T15:21:13","modified_gmt":"2026-02-02T15:21:13","slug":"pu_lifter_200l_hub1000","status":"publish","type":"page","link":"https:\/\/kopperschmidt-spritztechnik.de\/index.php\/pu_lifter_200l_hub1000\/","title":{"rendered":"PU_Lifter_200L_Hub1000"},"content":{"rendered":"<p>[et_pb_section fb_built=&#8220;1&#8243; _builder_version=&#8220;4.0.6&#8243; use_background_color_gradient=&#8220;on&#8220;][et_pb_row _builder_version=&#8220;4.0.6&#8243;][et_pb_column type=&#8220;4_4&#8243; _builder_version=&#8220;4.0.6&#8243;][et_pb_text _builder_version=&#8220;4.4.7&#8243; use_background_color_gradient=&#8220;on&#8220; background_color_gradient_start=&#8220;#000000&#8243; background_color_gradient_end=&#8220;#c4c4c4&#8243;]<\/p>\n<h1 style=\"text-align: center;\"><span style=\"color: #ccffff;\"><strong>Kopperschmidt Pneumatiklifter f\u00fcr 200L F\u00e4sser<br \/> <\/strong><\/span><\/h1>\n<p>[\/et_pb_text][\/et_pb_column][\/et_pb_row][et_pb_row column_structure=&#8220;1_3,1_3,1_3&#8243; _builder_version=&#8220;4.0.6&#8243; use_background_color_gradient=&#8220;on&#8220;][et_pb_column type=&#8220;1_3&#8243; _builder_version=&#8220;4.0.6&#8243;][et_pb_image src=&#8220;https:\/\/kopperschmidt-spritztechnik.de\/wp-content\/uploads\/2020\/07\/Pneumatiklifter_EHB.jpg&#8220; title_text=&#8220;Pneumatiklifter_EHB&#8220; _builder_version=&#8220;4.4.7&#8243;][\/et_pb_image][et_pb_image src=&#8220;https:\/\/kopperschmidt-spritztechnik.de\/wp-content\/uploads\/2020\/07\/Pneumatiklifter_ZHB.jpg&#8220; title_text=&#8220;Pneumatiklifter_ZHB&#8220; _builder_version=&#8220;4.4.7&#8243; use_background_color_gradient=&#8220;on&#8220; background_color_gradient_start=&#8220;#000000&#8243; background_color_gradient_end=&#8220;#c4c4c4&#8243;][\/et_pb_image][\/et_pb_column][et_pb_column type=&#8220;1_3&#8243; _builder_version=&#8220;4.0.6&#8243;][et_pb_text _builder_version=&#8220;4.8.2&#8243; use_background_color_gradient=&#8220;on&#8220;]<\/p>\n<p><strong><span style=\"color: #000000;\">Technische Daten<\/span><\/strong><br \/> <span style=\"color: #000000;\"> Nutzlast:<\/span><br \/> <span style=\"color: #000000;\"> max. Hub:<\/span><span style=\"color: #000000;\"><\/span><br \/> <span style=\"color: #000000;\"> Lufteingangsdruck max.:<\/span><br \/> <span style=\"color: #000000;\"> Gebindeanschlag:<\/span><br \/> <span style=\"color: #000000;\"> Gewicht:<\/span><br \/> <span style=\"color: #000000;\"> Einhand-Bedienung:<\/span><br \/> <span style=\"color: #000000;\"> 2-Hand-Bedienung:<\/span><br \/> <span style=\"color: #000000;\"> Lufteingangsdruck min.:<\/span><br \/> <span style=\"color: #000000;\"> Umgebungstemperatur min.:<\/span><br \/> <span style=\"color: #000000;\"> Umgebungstemperatur max.:<\/span><span style=\"color: #000000;\"><\/span><br \/> <span style=\"color: #000000;\"> Hubgeschwindigkeit &#8222;HEBEN&#8220;:<\/span><br \/> <span style=\"color: #000000;\"> Hubgeschwindigkeit &#8222;SENKEN&#8220;:<\/span><br \/> <span style=\"color: #000000;\"> Deckelausf\u00fchrung 8-kant:<\/span><br \/> <span style=\"color: #000000;\"> Deckelausf\u00fchrung rund, geschlossen:<\/span><br \/> <span style=\"color: #000000;\"> Deckelausf\u00fchrung rund, 1\/3 klappbar:<\/span><br \/> <span style=\"color: #000000;\"> Deckel\u00f6ffnungen standard:<\/span><\/p>\n<p><span style=\"color: #000000;\">nicht benutzte Deckel\u00f6ffnungen:<\/span><\/p>\n<p><span style=\"color: #000000;\"><\/span><\/p>\n<p>[\/et_pb_text][\/et_pb_column][et_pb_column type=&#8220;1_3&#8243; _builder_version=&#8220;4.0.6&#8243;][et_pb_text _builder_version=&#8220;4.8.2&#8243;]<\/p>\n<p><strong><span style=\"color: #000000;\">Technische Daten<\/span><\/strong><br \/> <span style=\"color: #000000;\">ca. 75 kg<\/span><br \/> <span style=\"color: #000000;\">1000 mm<\/span><span style=\"color: #000000;\"><\/span><br \/><span style=\"color: #000000;\">6 Bar<\/span><br \/> <span style=\"color: #000000;\">JA<\/span><br \/> <span style=\"color: #000000;\"> ca. 40 kg (ohne Pumpe und Deckel)<\/span><br \/> <span style=\"color: #000000;\">Standard<\/span><br \/> <span style=\"color: #000000;\">Optional<\/span><br \/> <span style=\"color: #000000;\"> 5 Bar<\/span><br \/> <span style=\"color: #000000;\"> + 5 \u00b0C<\/span><br \/> <span style=\"color: #000000;\"> + 40 \u00b0C<\/span><span style=\"color: #000000;\"><\/span><br \/> <span style=\"color: #000000;\">\u00fcber Drosselventil einstellbar<\/span><br \/> <span style=\"color: #000000;\">\u00fcber Drosselventil einstellbar<\/span><br \/> <span style=\"color: #000000;\">Innendurchmesser ca. 598mm<\/span><br \/> <span style=\"color: #000000;\">Innendurchmesser ca. 598mm<\/span><br \/> <span style=\"color: #000000;\">Innendurchmesser ca. 598mm<\/span><br \/> <span style=\"color: #000000;\">4 St\u00fcck (Saugrohr, R\u00fchrwerk, F\u00fcllstandssonde, R\u00fccklauf)<\/span><br \/> <span style=\"color: #000000;\"><\/span><span style=\"color: #000000;\">k\u00f6nnen durch optionale Verschlu\u00dfdeckel geschlossen werden<br \/> <\/span><\/p>\n<p><span style=\"color: #000000;\"><\/span><\/p>\n<p>[\/et_pb_text][\/et_pb_column][\/et_pb_row][et_pb_row _builder_version=&#8220;4.0.6&#8243; use_background_color_gradient=&#8220;on&#8220;][et_pb_column type=&#8220;4_4&#8243; _builder_version=&#8220;4.0.6&#8243;][et_pb_text _builder_version=&#8220;4.4.7&#8243;]<\/p>\n<p><span style=\"text-decoration: underline;\"><span style=\"color: #000000; text-decoration: underline;\"><strong>Pneumatisch bet\u00e4tigter Lifter f\u00fcr 200 Liter Gebinde und Anbauger\u00e4te<\/strong><\/span><\/span><\/p>\n<p><span style=\"color: #000000;\"><\/span><\/p>\n<p><span style=\"color: #000000;\">Der Pneumatik-Lifter f\u00fcr 200 Liter Gebinde ist ein druckluftbetriebenes Hubger\u00e4t in einer soliden Konstruktion mit Verdrehschutz, konzipiert zum Anheben und Absenken eines Deckels mit optionalen Anbauger\u00e4ten.<\/span><\/p>\n<p><span style=\"color: #000000;\"><u>F\u00fcr den Betrieb vorgesehene Anbauten sind:<\/u>\u00a0 ein R\u00fchrwerk (druckluft- oder elektrisch betrieben); ein Ansaugrohr mit R\u00fcckschlagventil; eine F\u00fcllstandsonde; ein R\u00fccklaufrohr und\/oder eine Pumpe mit Ansaugsystem.<\/span><\/p>\n<p><span style=\"color: #000000;\">\u00a0Um die Einsatzm\u00f6glichkeiten besser anzupassen, stehen verschiedene Ausstattungsvarianten zur Verf\u00fcgung. Die Basisausf\u00fchrung ist mit Deckelhalterung <em>(ohne Deckel)<\/em> und Steuerventil 1-Handbedienung ausgestattet. Hierzu stehen drei verschiedene standardisierte Deckelvarianten zur Auswahl.<\/span><\/p>\n<p><span style=\"color: #000000;\"><u>Weitere Optionen sind:<\/u> Pumpenhalterungen und Ansaugsysteme f\u00fcr M2001 bzw. KS2085\/KS20853 Pumpen, ein Anschlagwinkel f\u00fcr die einfache Fa\u00dfpositionierung, verschiedene R\u00fchrorgane, eine Auffangwanne mit Gitterrost usw..<\/span><\/p>\n<p><span style=\"color: #000000;\">F\u00fcr die Montage der optionalen Anbauten stehen verschiedene Flansche f\u00fcr die Deckelmontage zur Verf\u00fcgung.<\/span><\/p>\n<p><span style=\"color: #000000;\">\u00a0<\/span><\/p>\n<p><span style=\"color: #000000;\">Weitere Optionen sind auf Anfrage m\u00f6glich.<\/span><\/p>\n<p><span style=\"color: #000000;\">Um den unterschiedlichen <strong>Sicherheitsanforderungen<\/strong> gerecht werden zu k\u00f6nnen, gibt es die nachfolgenden <strong>Sicherheitsoptionen<\/strong>:<\/span><\/p>\n<p><span style=\"color: #000000;\">\u00a0<\/span><\/p>\n<ul>\n<li><span style=\"color: #000000;\"><strong><u>Sicherheitsoption 1<\/u><\/strong><u>:<\/u> Befehlsger\u00e4tetr\u00e4ger best\u00fcckt mit Kontakten f\u00fcr die <strong>2-Handbedienung<\/strong> beim Absenken des Hebers.<\/span><\/li>\n<li><span style=\"color: #000000;\"><strong><u>Sicherheitsoption 2<\/u><\/strong><u>:<\/u> <strong>Zuluftabschaltung<\/strong> f\u00fcr R\u00fchrwerk + Pumpe wenn Deckel der nicht in der unteren Endlage ist.<\/span><\/li>\n<li><span style=\"color: #000000;\"><strong><u>Sicherheitsoption 3<\/u><\/strong><u>:<\/u> <strong>abschlie\u00dfbarer<\/strong> Kugelhahn f\u00fcr die\u00a0\u00a0 sichere Unterbrechung der <strong>Zuluftversorgung<\/strong> bei Wartungsarbeiten oder Au\u00dferbetriebsetzung<\/span><\/li>\n<li><span style=\"color: #000000;\"><strong><u>Sicherheitsoption 4<\/u><\/strong><u>:<\/u> Pneumatikzylinder mit <strong>ATEX <\/strong>Zertifikat<\/span><\/li>\n<\/ul>\n<p>[\/et_pb_text][\/et_pb_column][\/et_pb_row][et_pb_row _builder_version=&#8220;4.0.6&#8243;][et_pb_column type=&#8220;4_4&#8243; _builder_version=&#8220;4.0.6&#8243;][et_pb_text _builder_version=&#8220;4.0.6&#8243; use_background_color_gradient=&#8220;on&#8220; background_color_gradient_start=&#8220;#000000&#8243; background_color_gradient_end=&#8220;#bec4c3&#8243;]<\/p>\n<h1 style=\"text-align: center;\"><span style=\"color: #ccffff;\">Downloads<\/span><\/h1>\n<p>[\/et_pb_text][et_pb_text _builder_version=&#8220;4.8.2&#8243; use_background_color_gradient=&#8220;on&#8220; background_color_gradient_start=&#8220;#000000&#8243; background_color_gradient_end=&#8220;#c4c4c4&#8243; custom_padding=&#8220;1px||8px|||&#8220; hover_enabled=&#8220;0&#8243; sticky_enabled=&#8220;0&#8243;]<\/p>\n<p style=\"text-align: center;\"><span style=\"color: #00ccff;\"><a href=\"https:\/\/kopperschmidt-spritztechnik.de\/wp-content\/uploads\/2026\/02\/Pneumatik-Lifter-200L_PUe_D_0126.pdf\" rel=\"attachment wp-att-1658 noopener noreferrer\" target=\"_blank\" style=\"color: #00ccff;\">Druckansicht<\/a>\u00a0\u00a0 \u00a0 \u00a0\u00a0\u00a0 <\/span><span style=\"color: #999999;\"><span style=\"color: #00ccff;\"><a href=\"https:\/\/kopperschmidt-spritztechnik.de\/wp-content\/uploads\/2026\/02\/Ersatzteiluebersicht-Pneumatik-Lifter-200L_PD_D_0126.pdf\" rel=\"attachment wp-att-1654 noopener noreferrer\" target=\"_blank\" style=\"color: #00ccff;\">Ersatzteilblatt<\/a> \u00a0\u00a0\u00a0\u00a0\u00a0\u00a0\u00a0<a href=\"https:\/\/kopperschmidt-spritztechnik.de\/wp-content\/uploads\/2026\/02\/Ausfuehrungsvarianten-Pneumatik-Lifter-200L_PI_D_0126.pdf\" rel=\"attachment wp-att-1655 noopener noreferrer\" target=\"_blank\" style=\"color: #00ccff;\">Ausstattungsoptionen<\/a> \u00a0\u00a0\u00a0\u00a0\u00a0\u00a0\u00a0\u00a0\u00a0<a href=\"https:\/\/kopperschmidt-spritztechnik.de\/wp-content\/uploads\/2026\/02\/Pneumatik-Lifter-200L_Massblatt_D_0126.pdf\" rel=\"attachment wp-att-1653 noopener noreferrer\" target=\"_blank\" style=\"color: #00ccff;\">Massblatt 1<\/a> \u00a0\u00a0\u00a0\u00a0\u00a0\u00a0\u00a0<a href=\"https:\/\/kopperschmidt-spritztechnik.de\/wp-content\/uploads\/2020\/07\/Deckeln-\u00dcbersicht_02-scaled.jpg\" rel=\"attachment wp-att-1433 noopener noreferrer\" target=\"_blank\" style=\"color: #00ccff;\">Deckeloptionen<\/a> \u00a0\u00a0\u00a0\u00a0\u00a0\u00a0 <span style=\"color: #808080;\">Zubeh\u00f6r<\/span> \u00a0\u00a0\u00a0\u00a0\u00a0\u00a0 <span style=\"color: #808080;\">Montagearten<\/span> \u00a0\u00a0\u00a0 <\/span><a href=\"https:\/\/kopperschmidt24.de\/produkt-kategorie\/materialhandling\/pneumatik-lifter\/\" target=\"_blank\" rel=\"noopener noreferrer\"><span style=\"color: #00ccff;\">Preisinfo<\/span><\/a><\/span><\/p>\n<p>[\/et_pb_text][et_pb_text _builder_version=&#8220;4.8.2&#8243; use_background_color_gradient=&#8220;on&#8220; background_color_gradient_start=&#8220;#000000&#8243; background_color_gradient_end=&#8220;#c4c4c4&#8243; custom_padding=&#8220;1px||8px|||&#8220;]<\/p>\n<p style=\"text-align: center;\"><span style=\"color: #00ccff;\"><a href=\"https:\/\/kopperschmidt-spritztechnik.de\/wp-content\/uploads\/2026\/02\/Pneumatik-Lifter-200L_PUe_E_0126.pdf\" target=\"_blank\" rel=\"noopener noreferrer\" style=\"color: #00ccff;\">Printversion<\/a> \u00a0 \u00a0 \u00a0\u00a0\u00a0 <\/span><span style=\"color: #999999;\"><span style=\"color: #00ccff;\"><a href=\"https:\/\/kopperschmidt-spritztechnik.de\/wp-content\/uploads\/2026\/02\/Ersatzteiluebersicht-Pneumatik-Lifter-200L_PD_E_0126.pdf\" target=\"_blank\" rel=\"noopener noreferrer\" style=\"color: #00ccff;\">Spareparts<\/a> \u00a0\u00a0\u00a0\u00a0\u00a0\u00a0 <a href=\"https:\/\/kopperschmidt-spritztechnik.de\/wp-content\/uploads\/2026\/02\/Ausfuehrungsvarianten-Pneumatik-Lifter-200L_PI_E_0126.pdf\" target=\"_blank\" rel=\"noopener noreferrer\" style=\"color: #00ccff;\">Lifter-Options<\/a> \u00a0\u00a0\u00a0\u00a0\u00a0\u00a0\u00a0\u00a0 <a href=\"https:\/\/kopperschmidt-spritztechnik.de\/wp-content\/uploads\/2026\/02\/Pneumatik-Lifter-200L_Massblatt_E_0126.pdf\" target=\"_blank\" rel=\"noopener noreferrer\"><span style=\"color: #00ccff;\">Dimensions<\/span> <span style=\"color: #00ccff;\">1<\/span><\/a> \u00a0\u00a0\u00a0\u00a0\u00a0\u00a0 <a href=\"https:\/\/kopperschmidt-spritztechnik.de\/wp-content\/uploads\/2020\/07\/Deckeln-\u00dcbersicht_02-scaled.jpg\" target=\"_blank\" rel=\"noopener noreferrer\" style=\"color: #00ccff;\">Lid-Options<\/a> \u00a0\u00a0\u00a0\u00a0\u00a0\u00a0 <span style=\"color: #808080;\">Accessories<\/span> \u00a0\u00a0\u00a0\u00a0\u00a0\u00a0 <span style=\"color: #808080;\">Mounting<\/span> \u00a0\u00a0\u00a0 <a href=\"https:\/\/kopperschmidt24.de\/produkt-kategorie\/materialhandling\/pneumatik-lifter\/\" target=\"_blank\" rel=\"noopener noreferrer\" style=\"color: #00ccff;\">Prices<\/a><\/span><\/span><\/p>\n<p>[\/et_pb_text][\/et_pb_column][\/et_pb_row][\/et_pb_section]<\/p>\n","protected":false},"excerpt":{"rendered":"<p>[et_pb_section fb_built=&#8220;1&#8243; _builder_version=&#8220;4.0.6&#8243; use_background_color_gradient=&#8220;on&#8220;][et_pb_row _builder_version=&#8220;4.0.6&#8243;][et_pb_column type=&#8220;4_4&#8243; _builder_version=&#8220;4.0.6&#8243;][et_pb_text _builder_version=&#8220;4.4.7&#8243; use_background_color_gradient=&#8220;on&#8220; background_color_gradient_start=&#8220;#000000&#8243; background_color_gradient_end=&#8220;#c4c4c4&#8243;] Kopperschmidt Pneumatiklifter f\u00fcr 200L F\u00e4sser [\/et_pb_text][\/et_pb_column][\/et_pb_row][et_pb_row column_structure=&#8220;1_3,1_3,1_3&#8243; _builder_version=&#8220;4.0.6&#8243; use_background_color_gradient=&#8220;on&#8220;][et_pb_column type=&#8220;1_3&#8243; _builder_version=&#8220;4.0.6&#8243;][et_pb_image src=&#8220;https:\/\/kopperschmidt-spritztechnik.de\/wp-content\/uploads\/2020\/07\/Pneumatiklifter_EHB.jpg&#8220; title_text=&#8220;Pneumatiklifter_EHB&#8220; _builder_version=&#8220;4.4.7&#8243;][\/et_pb_image][et_pb_image src=&#8220;https:\/\/kopperschmidt-spritztechnik.de\/wp-content\/uploads\/2020\/07\/Pneumatiklifter_ZHB.jpg&#8220; title_text=&#8220;Pneumatiklifter_ZHB&#8220; _builder_version=&#8220;4.4.7&#8243; use_background_color_gradient=&#8220;on&#8220; background_color_gradient_start=&#8220;#000000&#8243; background_color_gradient_end=&#8220;#c4c4c4&#8243;][\/et_pb_image][\/et_pb_column][et_pb_column type=&#8220;1_3&#8243; _builder_version=&#8220;4.0.6&#8243;][et_pb_text _builder_version=&#8220;4.8.2&#8243; use_background_color_gradient=&#8220;on&#8220;] Technische Daten Nutzlast: max. Hub: Lufteingangsdruck max.: Gebindeanschlag: Gewicht: Einhand-Bedienung: 2-Hand-Bedienung: Lufteingangsdruck min.: Umgebungstemperatur min.: Umgebungstemperatur max.: Hubgeschwindigkeit &#8222;HEBEN&#8220;: Hubgeschwindigkeit [&hellip;]<\/p>\n","protected":false},"author":2,"featured_media":0,"parent":0,"menu_order":0,"comment_status":"closed","ping_status":"closed","template":"","meta":{"_seopress_robots_primary_cat":"","_seopress_titles_title":"","_seopress_titles_desc":"Pneumatiklifter mit Verdrehschutz  f\u00fcr R\u00fchrwerke und Pumpen passend zu 200L Gebinden, Basisversion inklusive Pneumatik-Steuerventil und Deckelhalterung (jedoch ohne Deckel)","_seopress_robots_index":"","_et_pb_use_builder":"on","_et_pb_old_content":"","_et_gb_content_width":"","footnotes":""},"class_list":["post-4229","page","type-page","status-publish","hentry"],"_links":{"self":[{"href":"https:\/\/kopperschmidt-spritztechnik.de\/index.php\/wp-json\/wp\/v2\/pages\/4229","targetHints":{"allow":["GET"]}}],"collection":[{"href":"https:\/\/kopperschmidt-spritztechnik.de\/index.php\/wp-json\/wp\/v2\/pages"}],"about":[{"href":"https:\/\/kopperschmidt-spritztechnik.de\/index.php\/wp-json\/wp\/v2\/types\/page"}],"author":[{"embeddable":true,"href":"https:\/\/kopperschmidt-spritztechnik.de\/index.php\/wp-json\/wp\/v2\/users\/2"}],"replies":[{"embeddable":true,"href":"https:\/\/kopperschmidt-spritztechnik.de\/index.php\/wp-json\/wp\/v2\/comments?post=4229"}],"version-history":[{"count":19,"href":"https:\/\/kopperschmidt-spritztechnik.de\/index.php\/wp-json\/wp\/v2\/pages\/4229\/revisions"}],"predecessor-version":[{"id":7549,"href":"https:\/\/kopperschmidt-spritztechnik.de\/index.php\/wp-json\/wp\/v2\/pages\/4229\/revisions\/7549"}],"wp:attachment":[{"href":"https:\/\/kopperschmidt-spritztechnik.de\/index.php\/wp-json\/wp\/v2\/media?parent=4229"}],"curies":[{"name":"wp","href":"https:\/\/api.w.org\/{rel}","templated":true}]}}