{"id":4264,"date":"2020-07-28T13:49:55","date_gmt":"2020-07-28T13:49:55","guid":{"rendered":"https:\/\/kopperschmidt-spritztechnik.de\/?page_id=4264"},"modified":"2022-10-17T08:07:29","modified_gmt":"2022-10-17T08:07:29","slug":"pu_traversenruehrwerk","status":"publish","type":"page","link":"https:\/\/kopperschmidt-spritztechnik.de\/index.php\/pu_traversenruehrwerk\/","title":{"rendered":"PU_Traversenr\u00fchrwerk"},"content":{"rendered":"<p>[et_pb_section fb_built=&#8220;1&#8243; _builder_version=&#8220;4.0.6&#8243; use_background_color_gradient=&#8220;on&#8220;][et_pb_row _builder_version=&#8220;4.0.6&#8243;][et_pb_column type=&#8220;4_4&#8243; _builder_version=&#8220;4.0.6&#8243;][et_pb_text _builder_version=&#8220;4.4.7&#8243; use_background_color_gradient=&#8220;on&#8220; background_color_gradient_start=&#8220;#000000&#8243; background_color_gradient_end=&#8220;#c4c4c4&#8243;]<\/p>\n<h1 style=\"text-align: center;\"><span style=\"color: #ccffff;\"><strong>Kopperschmidt Traversenr\u00fchrwerk f\u00fcr IBC<br \/> <\/strong><\/span><\/h1>\n<p>[\/et_pb_text][\/et_pb_column][\/et_pb_row][et_pb_row column_structure=&#8220;1_3,1_3,1_3&#8243; _builder_version=&#8220;4.0.6&#8243; use_background_color_gradient=&#8220;on&#8220;][et_pb_column type=&#8220;1_3&#8243; _builder_version=&#8220;4.0.6&#8243;][et_pb_image src=&#8220;https:\/\/kopperschmidt-spritztechnik.de\/wp-content\/uploads\/2019\/11\/Prod_Traversenr\u00fchrwerk_stand.jpg&#8220; title_text=&#8220;Prod_Traversenr\u00fchrwerk_stand&#8220; _builder_version=&#8220;4.4.7&#8243;][\/et_pb_image][et_pb_image src=&#8220;https:\/\/kopperschmidt-spritztechnik.de\/wp-content\/uploads\/2020\/07\/Traverse_IBC_01_H.jpg&#8220; title_text=&#8220;Traverse_IBC_01_H&#8220; _builder_version=&#8220;4.4.7&#8243; use_background_color_gradient=&#8220;on&#8220; background_color_gradient_start=&#8220;#000000&#8243; background_color_gradient_end=&#8220;#c4c4c4&#8243;][\/et_pb_image][\/et_pb_column][et_pb_column type=&#8220;1_3&#8243; _builder_version=&#8220;4.0.6&#8243;][et_pb_text _builder_version=&#8220;4.4.7&#8243; use_background_color_gradient=&#8220;on&#8220;]<\/p>\n<p><strong><span style=\"color: #000000;\">Technische Daten<\/span><\/strong><br \/> <span style=\"color: #000000;\"> Gewicht:<\/span><br \/> <span style=\"color: #000000;\"> Wellenl\u00e4nge:<\/span><span style=\"color: #000000;\"><\/span><br \/> <span style=\"color: #000000;\"> elektrischer Anschlu\u00df:<\/span><br \/> <span style=\"color: #000000;\">Drehzahl:<\/span><br \/> <span style=\"color: #000000;\"> Motorleistung:<\/span><br \/> <span style=\"color: #000000;\"> Frequenzumrichter:<\/span><span style=\"color: #000000;\"><\/span><br \/> <span style=\"color: #000000;\"> Drehzahlbereich:<\/span><br \/> <span style=\"color: #000000;\"> ATEX:<\/span><br \/> <span style=\"color: #000000;\"> Sicherheitsabschaltung:<\/span><br \/> <span style=\"color: #000000;\">Motorschutz:<\/span><br \/> <span style=\"color: #000000;\">Unterspannungsausl\u00f6ser:<\/span><br \/> <span style=\"color: #000000;\"> Umgebungstemperatur min.:<\/span><br \/> <span style=\"color: #000000;\"> Umgebungstemperatur max.:<\/span><span style=\"color: #000000;\"><\/span><br \/> <span style=\"color: #000000;\"><\/span><span style=\"color: #000000;\"><\/span><\/p>\n<p><span style=\"color: #000000;\"><\/span><\/p>\n<p>[\/et_pb_text][\/et_pb_column][et_pb_column type=&#8220;1_3&#8243; _builder_version=&#8220;4.0.6&#8243;][et_pb_text _builder_version=&#8220;4.8.2&#8243;]<strong><span style=\"color: #000000;\">Technische Daten<\/span><\/strong><br \/>\n<span style=\"color: #000000;\">ca. 40 kg<\/span><br \/>\n<span style=\"color: #000000;\">965 mm (Unterkante Traverse-UK R\u00fchrorgan)<\/span><span style=\"color: #000000;\"><\/span><br \/>\n<span style=\"color: #000000;\">3~ 230V\/-400V\/50\/60Hz\/IP54<\/span><br \/>\n<span style=\"color: #000000;\">25 &#8211; 250U\/min<\/span><br \/>\n<span style=\"color: #000000;\">0,75kW (Standard)<\/span><br \/>\n<span style=\"color: #000000;\">Standard<\/span><br \/>\n<span style=\"color: #000000;\">25-250 rpm<\/span><br \/>\n<span style=\"color: #000000;\">Optional<\/span><br \/>\n<span style=\"color: #000000;\">JA<\/span><br \/>\n<span style=\"color: #000000;\">JA<\/span><br \/>\n<span style=\"color: #000000;\">JA<\/span><br \/>\n<span style=\"color: #000000;\"> + 5 \u00b0C<\/span><br \/>\n<span style=\"color: #000000;\"> + 40 \u00b0C<\/span><span style=\"color: #000000;\"><\/span><br \/>\n<span style=\"color: #000000;\"><br \/>\n<\/span><\/p>\n<p><span style=\"color: #000000;\"><\/span>[\/et_pb_text][\/et_pb_column][\/et_pb_row][et_pb_row _builder_version=&#8220;4.0.6&#8243; use_background_color_gradient=&#8220;on&#8220;][et_pb_column type=&#8220;4_4&#8243; _builder_version=&#8220;4.0.6&#8243;][et_pb_text _builder_version=&#8220;4.4.7&#8243;]<\/p>\n<p><span style=\"color: #000000;\"><strong><u>Elektrisch betriebenes <\/u><\/strong><strong><u>Traversenr\u00fchrwerk f\u00fcr IBC-Container<\/u><\/strong><\/span><\/p>\n<p><span style=\"color: #000000;\">Das elektrisch betriebene Traversenr\u00fchrwerk der Marke Kopperschmidt ist f\u00fcr das Aufr\u00fchren und Mischen verschiedenster Beschichtungsmaterialien <\/span><br \/> <span style=\"color: #000000;\"> wie Primer, Basislacke, Decklacke, Dispersionen, Trenn- &amp; Ziehmittel etc. in IBC-Containern geeignet und konzipiert worden. Alle Komponenten des Traversenr\u00fchrwerks bestehen aus Edelstahl.<\/span><\/p>\n<p><span style=\"color: #000000;\">Das Traversenr\u00fchrwerk wird nicht fest mit dem IBC-Container verbaut, sondern es wird manuell auf den Container <\/span><br \/><span style=\"color: #000000;\"> <em>(per Gabelstapler; Kran\u00f6sen oder Tragegriffe)<\/em> aufgesetzt und mit zwei Verriegelungshaken am Rahmen gesichert.<\/span><\/p>\n<p><span style=\"color: #000000;\">\u00a0<\/span><span style=\"color: #000000;\">Das Aufr\u00fchren der Medien erfolgt \u00fcber ein R\u00fchrwerk mit R\u00fchrwerkswelle und Klappr\u00fchrorgan. Das Klappr\u00fchrorgan <\/span><br \/><span style=\"color: #000000;\"> ist f\u00fcr IBC-Container mit Beh\u00e4lter\u00f6ffungen ab 150mm Durchmesser geeignet. Wird das R\u00fchrwerk in Betrieb <br \/> genommen so stellen sich die R\u00fchrfl\u00fcgel des Klappr\u00fchrorgans durch die Fliehkraft selbstst\u00e4ndig auf. <em>(Die optimale Motorleistung ergibt sich aus der Viskosit\u00e4t und der Dichte des Mediums, ebenso aus zu bew\u00e4ltigenden R\u00fchraufgabe.)<\/em><\/span><\/p>\n<p><span style=\"color: #000000;\">\u00a0<\/span><span style=\"color: #000000;\">Standardm\u00e4\u00dfig ist das Traversenr\u00fchrwerk mit einem 0,75kW <em>(bis 1,1kW ist auf Anfrage m\u00f6glich)<\/em> Getriebemotor <\/span><br \/><span style=\"color: #000000;\"> und Frequenzumrichter ausgestattet, mit dessen Hilfe sich die Drehzahl zwischen 25 und 250 U\/min einstellen l\u00e4\u00dft.<\/span><\/p>\n<p><span style=\"color: #000000;\">\u00a0<\/span><span style=\"color: #000000;\"><strong><u>Das Traversenr\u00fchrwerk wird in 4 Basisversionen eingeteilt:<\/u><\/strong><\/span><\/p>\n<p><span style=\"color: #000000;\">\u00a0<\/span><span style=\"color: #000000;\"><strong><u>Montageart des R\u00fchrwerkes:<\/u><\/strong><strong> <\/strong>liegend oder stehend<\/span><\/p>\n<p><span style=\"color: #000000;\">\u00a0<\/span><span style=\"color: #000000;\"><strong><u>Handlingsvariante:<\/u><\/strong> mit Handgriffen oder Kran\u00f6sen<\/span><\/p>\n<p><span style=\"color: #000000;\">\u00a0<\/span><span style=\"color: #000000;\"><strong><u>Sicherheitsfeatures:<\/u><\/strong> Grenztaster f\u00fcr automatische Abschaltung wenn die Traverse bei laufendem R\u00fchrwerk angehoben wird <em>(nicht bei ATEX Version)<\/em>, Schutz gegen Wiederanlauf nach einem Spannungsausfall.<\/span><\/p>\n<p><span style=\"color: #000000;\">\u00a0<\/span><span style=\"color: #000000;\"><strong><u>Optionale Ausstattung:<\/u><\/strong> ATEX Zulassung <em>(Motor\/Getriebe)<\/em> f\u00fcr liegenden Motor mit 1,1kW m\u00f6glich.<\/span><\/p>\n<p><span style=\"color: #000000;\">\u00a0<\/span><span style=\"color: #000000;\">Wenn Sie weitere Empfehlungen ben\u00f6tigen, sprechen Sie mit unserer Anwendungsabteilung \u00fcber die geeignete Ger\u00e4teausstattung.<\/span><\/p>\n<p>[\/et_pb_text][\/et_pb_column][\/et_pb_row][et_pb_row _builder_version=&#8220;4.0.6&#8243;][et_pb_column type=&#8220;4_4&#8243; _builder_version=&#8220;4.0.6&#8243;][et_pb_text _builder_version=&#8220;4.0.6&#8243; use_background_color_gradient=&#8220;on&#8220; background_color_gradient_start=&#8220;#000000&#8243; background_color_gradient_end=&#8220;#bec4c3&#8243;]<\/p>\n<h1 style=\"text-align: center;\"><span style=\"color: #ccffff;\">Downloads<\/span><\/h1>\n<p>[\/et_pb_text][et_pb_text _builder_version=&#8220;4.8.2&#8243; use_background_color_gradient=&#8220;on&#8220; background_color_gradient_start=&#8220;#000000&#8243; background_color_gradient_end=&#8220;#c4c4c4&#8243; custom_padding=&#8220;1px||8px|||&#8220; hover_enabled=&#8220;0&#8243; sticky_enabled=&#8220;0&#8243;]<\/p>\n<p style=\"text-align: center;\"><span style=\"color: #00ccff;\"><a href=\"https:\/\/kopperschmidt-spritztechnik.de\/wp-content\/uploads\/2020\/07\/Traversenr\u00fchrwerk_P\u00dc_D.pdf\" rel=\"attachment wp-att-1658 noopener noreferrer\" target=\"_blank\" style=\"color: #00ccff;\">Druckansicht<\/a>\u00a0\u00a0 \u00a0 \u00a0\u00a0\u00a0 <\/span><span style=\"color: #999999;\"><span style=\"color: #00ccff;\"><a href=\"https:\/\/kopperschmidt-spritztechnik.de\/wp-content\/uploads\/2020\/07\/Traversenr\u00fchrwerk_PD_D.pdf\" rel=\"attachment wp-att-1654 noopener noreferrer\" target=\"_blank\" style=\"color: #00ccff;\">Ersatzteilblatt<\/a> \u00a0\u00a0\u00a0\u00a0\u00a0\u00a0\u00a0<a href=\"https:\/\/kopperschmidt-spritztechnik.de\/wp-content\/uploads\/2020\/07\/Traversenr\u00fchrwerk-stehend_Massblatt_D.pdf\" rel=\"attachment wp-att-1655 noopener noreferrer\" target=\"_blank\" style=\"color: #00ccff;\">Massblatt 1<\/a> \u00a0\u00a0\u00a0\u00a0\u00a0\u00a0\u00a0\u00a0\u00a0<a href=\"https:\/\/kopperschmidt-spritztechnik.de\/wp-content\/uploads\/2020\/07\/Traversenr\u00fchrwerk-liegend_Massblatt_D.pdf\" rel=\"attachment wp-att-1653 noopener noreferrer\" target=\"_blank\" style=\"color: #00ccff;\">Massblatt 2<\/a> \u00a0\u00a0\u00a0\u00a0\u00a0\u00a0 <span style=\"color: #808080;\">Massblatt 3<\/span> \u00a0\u00a0\u00a0\u00a0\u00a0\u00a0 <span style=\"color: #808080;\">Zubeh\u00f6r<\/span> \u00a0\u00a0\u00a0\u00a0\u00a0\u00a0 <span style=\"color: #808080;\">Montagearten<\/span> \u00a0\u00a0\u00a0 <\/span><a href=\"https:\/\/kopperschmidt24.de\/produkt\/elektrobetriebenes-traversen-ruehrwerk-fuer-ibc\/\" target=\"_blank\" rel=\"noopener noreferrer\"><span style=\"color: #00ccff;\">Preisinfo<\/span><\/a><\/span><\/p>\n<p>[\/et_pb_text][et_pb_text _builder_version=&#8220;4.8.2&#8243; use_background_color_gradient=&#8220;on&#8220; background_color_gradient_start=&#8220;#000000&#8243; background_color_gradient_end=&#8220;#c4c4c4&#8243; custom_padding=&#8220;1px||8px|||&#8220; hover_enabled=&#8220;0&#8243; sticky_enabled=&#8220;0&#8243;]<\/p>\n<p style=\"text-align: center;\"><span style=\"color: #00ccff;\"><a href=\"https:\/\/kopperschmidt-spritztechnik.de\/wp-content\/uploads\/2020\/07\/Traversenr\u00fchrwerk_P\u00dc_E.pdf\" target=\"_blank\" rel=\"noopener noreferrer\" style=\"color: #00ccff;\">Printversion<\/a> \u00a0 \u00a0 \u00a0\u00a0\u00a0 <\/span><span style=\"color: #999999;\"><span style=\"color: #00ccff;\"><a href=\"https:\/\/kopperschmidt-spritztechnik.de\/wp-content\/uploads\/2020\/07\/Traversenr\u00fchrwerk_PD_E.pdf\" target=\"_blank\" rel=\"noopener noreferrer\" style=\"color: #00ccff;\">Spareparts<\/a> \u00a0\u00a0\u00a0\u00a0\u00a0\u00a0 <a href=\"https:\/\/kopperschmidt-spritztechnik.de\/wp-content\/uploads\/2020\/07\/Traversenr\u00fchrwerk-stehend_Massblatt_E.pdf\" target=\"_blank\" rel=\"noopener noreferrer\" style=\"color: #00ccff;\">Dimensions 1<\/a> \u00a0\u00a0\u00a0\u00a0\u00a0\u00a0\u00a0\u00a0 <a href=\"https:\/\/kopperschmidt-spritztechnik.de\/wp-content\/uploads\/2020\/07\/Traversenr\u00fchrwerk-liegend_Massblatt_E.pdf\" target=\"_blank\" rel=\"noopener noreferrer\"><span style=\"color: #00ccff;\">Dimensions<\/span> <span style=\"color: #00ccff;\">2<\/span><\/a> \u00a0\u00a0\u00a0\u00a0\u00a0\u00a0 <span style=\"color: #808080;\">Dimensions 3<\/span> \u00a0\u00a0\u00a0\u00a0\u00a0\u00a0 <span style=\"color: #808080;\">Accessories<\/span> \u00a0\u00a0\u00a0\u00a0\u00a0\u00a0 <span style=\"color: #808080;\">Mounting<\/span> \u00a0\u00a0\u00a0 <a href=\"https:\/\/kopperschmidt24.de\/produkt\/elektrobetriebenes-traversen-ruehrwerk-fuer-ibc\/\" target=\"_blank\" rel=\"noopener noreferrer\" style=\"color: #00ccff;\">Prices<\/a><\/span><\/span><\/p>\n<p>[\/et_pb_text][\/et_pb_column][\/et_pb_row][\/et_pb_section]<\/p>\n","protected":false},"excerpt":{"rendered":"<p>[et_pb_section fb_built=&#8220;1&#8243; _builder_version=&#8220;4.0.6&#8243; use_background_color_gradient=&#8220;on&#8220;][et_pb_row _builder_version=&#8220;4.0.6&#8243;][et_pb_column type=&#8220;4_4&#8243; _builder_version=&#8220;4.0.6&#8243;][et_pb_text _builder_version=&#8220;4.4.7&#8243; use_background_color_gradient=&#8220;on&#8220; background_color_gradient_start=&#8220;#000000&#8243; background_color_gradient_end=&#8220;#c4c4c4&#8243;] Kopperschmidt Traversenr\u00fchrwerk f\u00fcr IBC [\/et_pb_text][\/et_pb_column][\/et_pb_row][et_pb_row column_structure=&#8220;1_3,1_3,1_3&#8243; _builder_version=&#8220;4.0.6&#8243; use_background_color_gradient=&#8220;on&#8220;][et_pb_column type=&#8220;1_3&#8243; _builder_version=&#8220;4.0.6&#8243;][et_pb_image src=&#8220;https:\/\/kopperschmidt-spritztechnik.de\/wp-content\/uploads\/2019\/11\/Prod_Traversenr\u00fchrwerk_stand.jpg&#8220; title_text=&#8220;Prod_Traversenr\u00fchrwerk_stand&#8220; _builder_version=&#8220;4.4.7&#8243;][\/et_pb_image][et_pb_image src=&#8220;https:\/\/kopperschmidt-spritztechnik.de\/wp-content\/uploads\/2020\/07\/Traverse_IBC_01_H.jpg&#8220; title_text=&#8220;Traverse_IBC_01_H&#8220; _builder_version=&#8220;4.4.7&#8243; use_background_color_gradient=&#8220;on&#8220; background_color_gradient_start=&#8220;#000000&#8243; background_color_gradient_end=&#8220;#c4c4c4&#8243;][\/et_pb_image][\/et_pb_column][et_pb_column type=&#8220;1_3&#8243; _builder_version=&#8220;4.0.6&#8243;][et_pb_text _builder_version=&#8220;4.4.7&#8243; use_background_color_gradient=&#8220;on&#8220;] Technische Daten Gewicht: Wellenl\u00e4nge: elektrischer Anschlu\u00df: Drehzahl: Motorleistung: Frequenzumrichter: Drehzahlbereich: ATEX: Sicherheitsabschaltung: Motorschutz: Unterspannungsausl\u00f6ser: Umgebungstemperatur min.: Umgebungstemperatur max.: [\/et_pb_text][\/et_pb_column][et_pb_column type=&#8220;1_3&#8243; _builder_version=&#8220;4.0.6&#8243;][et_pb_text [&hellip;]<\/p>\n","protected":false},"author":2,"featured_media":0,"parent":0,"menu_order":0,"comment_status":"closed","ping_status":"closed","template":"","meta":{"_seopress_robots_primary_cat":"","_seopress_titles_title":"","_seopress_titles_desc":"IBC R\u00fchrwerk 0.75kW-400V mit Frequenzumrichter f\u00fcr die elektronische Drehzahlregelung 1:10 in stehender Ausf\u00fchrung, Traverse mit 4 Handgriffen, Netzschalter mit Motorschutzfunktion und Unterspannungsausl\u00f6ser, 5-poliger CEE Stecker mit 0.5m Netzkabel,","_seopress_robots_index":"","_et_pb_use_builder":"on","_et_pb_old_content":"","_et_gb_content_width":"","footnotes":""},"class_list":["post-4264","page","type-page","status-publish","hentry"],"_links":{"self":[{"href":"https:\/\/kopperschmidt-spritztechnik.de\/index.php\/wp-json\/wp\/v2\/pages\/4264","targetHints":{"allow":["GET"]}}],"collection":[{"href":"https:\/\/kopperschmidt-spritztechnik.de\/index.php\/wp-json\/wp\/v2\/pages"}],"about":[{"href":"https:\/\/kopperschmidt-spritztechnik.de\/index.php\/wp-json\/wp\/v2\/types\/page"}],"author":[{"embeddable":true,"href":"https:\/\/kopperschmidt-spritztechnik.de\/index.php\/wp-json\/wp\/v2\/users\/2"}],"replies":[{"embeddable":true,"href":"https:\/\/kopperschmidt-spritztechnik.de\/index.php\/wp-json\/wp\/v2\/comments?post=4264"}],"version-history":[{"count":18,"href":"https:\/\/kopperschmidt-spritztechnik.de\/index.php\/wp-json\/wp\/v2\/pages\/4264\/revisions"}],"predecessor-version":[{"id":6194,"href":"https:\/\/kopperschmidt-spritztechnik.de\/index.php\/wp-json\/wp\/v2\/pages\/4264\/revisions\/6194"}],"wp:attachment":[{"href":"https:\/\/kopperschmidt-spritztechnik.de\/index.php\/wp-json\/wp\/v2\/media?parent=4264"}],"curies":[{"name":"wp","href":"https:\/\/api.w.org\/{rel}","templated":true}]}}