{"id":4317,"date":"2020-07-29T13:15:30","date_gmt":"2020-07-29T13:15:30","guid":{"rendered":"https:\/\/kopperschmidt-spritztechnik.de\/?page_id=4317"},"modified":"2023-01-27T10:26:33","modified_gmt":"2023-01-27T10:26:33","slug":"ruehrwerke-drulusets","status":"publish","type":"page","link":"https:\/\/kopperschmidt-spritztechnik.de\/index.php\/ruehrwerke-drulusets\/","title":{"rendered":"R\u00fchrwerke DruLuSets"},"content":{"rendered":"<p>[et_pb_section fb_built=&#8220;1&#8243; _builder_version=&#8220;4.0.6&#8243; use_background_color_gradient=&#8220;on&#8220; background_color_gradient_start=&#8220;#000000&#8243; background_color_gradient_end=&#8220;#c4c4c4&#8243;][et_pb_row column_structure=&#8220;1_4,1_4,1_4,1_4&#8243; _builder_version=&#8220;4.0.6&#8243;][et_pb_column type=&#8220;1_4&#8243; _builder_version=&#8220;4.0.6&#8243;][et_pb_blurb title=&#8220;Deckelmontage&#8220; url=&#8220;https:\/\/kopperschmidt24.de\/produkt\/druckluft-rw-montagesets-propeller\/&#8220; url_new_window=&#8220;on&#8220; image=&#8220;https:\/\/kopperschmidt-spritztechnik.de\/wp-content\/uploads\/2020\/07\/R\u00fchrwerk-056kw-mit-Deckel.jpg&#8220; _builder_version=&#8220;4.8.2&#8243; text_orientation=&#8220;center&#8220; link_option_url=&#8220;https:\/\/kopperschmidt24.de\/produkt\/druckluft-rw-montagesets-propeller\/&#8220; link_option_url_new_window=&#8220;on&#8220; hover_enabled=&#8220;0&#8243; sticky_enabled=&#8220;0&#8243;]<\/p>\n<p><span style=\"color: #000000;\">Druckluftbetriebene R\u00fchrwerks-Sets f\u00fcr die Deckelmontage<\/span><span style=\"color: #000000;\"><\/span><\/p>\n<p>[\/et_pb_blurb][\/et_pb_column][et_pb_column type=&#8220;1_4&#8243; _builder_version=&#8220;4.0.6&#8243;][et_pb_blurb title=&#8220;Handr\u00fchrwerke&#8220; url=&#8220;https:\/\/kopperschmidt24.de\/produkt\/druckluft-handruehrwerke\/&#8220; url_new_window=&#8220;on&#8220; image=&#8220;https:\/\/kopperschmidt-spritztechnik.de\/wp-content\/uploads\/2020\/07\/Handr\u00fchrwerk-056kw.jpg&#8220; _builder_version=&#8220;4.8.2&#8243; text_orientation=&#8220;center&#8220; link_option_url=&#8220;https:\/\/kopperschmidt24.de\/produkt\/druckluft-handruehrwerke\/&#8220; link_option_url_new_window=&#8220;on&#8220; hover_enabled=&#8220;0&#8243; sticky_enabled=&#8220;0&#8243;]<\/p>\n<p><span style=\"color: #000000;\">Druckluftbetriebene Handr\u00fchrwerke<\/span><span style=\"color: #000000;\"><\/span><\/p>\n<p>[\/et_pb_blurb][\/et_pb_column][et_pb_column type=&#8220;1_4&#8243; _builder_version=&#8220;4.0.6&#8243;][et_pb_blurb title=&#8220;R\u00fchrwerke auf Stativ&#8220; url=&#8220;https:\/\/kopperschmidt24.de\/produkt\/druckluftruehrwerke-auf-stativ\/&#8220; url_new_window=&#8220;on&#8220; image=&#8220;https:\/\/kopperschmidt-spritztechnik.de\/wp-content\/uploads\/2020\/07\/R\u00fchrwerk-033kw-mit-Stativ.jpg&#8220; _builder_version=&#8220;4.8.2&#8243; text_orientation=&#8220;center&#8220; link_option_url=&#8220;https:\/\/kopperschmidt24.de\/produkt\/druckluftruehrwerke-auf-stativ\/&#8220; link_option_url_new_window=&#8220;on&#8220; hover_enabled=&#8220;0&#8243; sticky_enabled=&#8220;0&#8243;]<\/p>\n<p><span style=\"color: #000000;\">Druckluftbetriebene R\u00fchrewerke auf Stativ f\u00fcr 30 Liter Gebinde<\/span><span style=\"color: #000000;\"><\/span><\/p>\n<p>[\/et_pb_blurb][\/et_pb_column][et_pb_column type=&#8220;1_4&#8243; _builder_version=&#8220;4.0.6&#8243;][et_pb_blurb title=&#8220;Becher-R\u00fchrwerke&#8220; url=&#8220;https:\/\/kopperschmidt24.de\/produkt\/druckluft-rw-montagesets-becherruehrer\/&#8220; url_new_window=&#8220;on&#8220; image=&#8220;https:\/\/kopperschmidt-spritztechnik.de\/wp-content\/uploads\/2019\/11\/Shop_PMO_Moto_RW.jpg&#8220; _builder_version=&#8220;4.8.2&#8243; text_orientation=&#8220;center&#8220; link_option_url=&#8220;https:\/\/kopperschmidt24.de\/produkt\/druckluft-rw-montagesets-becherruehrer\/&#8220; link_option_url_new_window=&#8220;on&#8220; hover_enabled=&#8220;0&#8243; sticky_enabled=&#8220;0&#8243;]<\/p>\n<p><span style=\"color: #000000;\">Druckluftbetriebene R\u00fchrwerke mit Becher-R\u00fchrorgan<\/span><span style=\"color: #000000;\"><\/span><\/p>\n<p>[\/et_pb_blurb][\/et_pb_column][\/et_pb_row][\/et_pb_section]<\/p>\n","protected":false},"excerpt":{"rendered":"<p>[et_pb_section fb_built=&#8220;1&#8243; _builder_version=&#8220;4.0.6&#8243; use_background_color_gradient=&#8220;on&#8220; background_color_gradient_start=&#8220;#000000&#8243; background_color_gradient_end=&#8220;#c4c4c4&#8243;][et_pb_row column_structure=&#8220;1_4,1_4,1_4,1_4&#8243; _builder_version=&#8220;4.0.6&#8243;][et_pb_column type=&#8220;1_4&#8243; _builder_version=&#8220;4.0.6&#8243;][et_pb_blurb title=&#8220;Deckelmontage&#8220; url=&#8220;https:\/\/kopperschmidt24.de\/produkt\/druckluft-rw-montagesets-propeller\/&#8220; url_new_window=&#8220;on&#8220; image=&#8220;https:\/\/kopperschmidt-spritztechnik.de\/wp-content\/uploads\/2020\/07\/R\u00fchrwerk-056kw-mit-Deckel.jpg&#8220; _builder_version=&#8220;4.8.2&#8243; text_orientation=&#8220;center&#8220; link_option_url=&#8220;https:\/\/kopperschmidt24.de\/produkt\/druckluft-rw-montagesets-propeller\/&#8220; link_option_url_new_window=&#8220;on&#8220; hover_enabled=&#8220;0&#8243; sticky_enabled=&#8220;0&#8243;] Druckluftbetriebene R\u00fchrwerks-Sets f\u00fcr die Deckelmontage [\/et_pb_blurb][\/et_pb_column][et_pb_column type=&#8220;1_4&#8243; _builder_version=&#8220;4.0.6&#8243;][et_pb_blurb title=&#8220;Handr\u00fchrwerke&#8220; url=&#8220;https:\/\/kopperschmidt24.de\/produkt\/druckluft-handruehrwerke\/&#8220; url_new_window=&#8220;on&#8220; image=&#8220;https:\/\/kopperschmidt-spritztechnik.de\/wp-content\/uploads\/2020\/07\/Handr\u00fchrwerk-056kw.jpg&#8220; _builder_version=&#8220;4.8.2&#8243; text_orientation=&#8220;center&#8220; link_option_url=&#8220;https:\/\/kopperschmidt24.de\/produkt\/druckluft-handruehrwerke\/&#8220; link_option_url_new_window=&#8220;on&#8220; hover_enabled=&#8220;0&#8243; sticky_enabled=&#8220;0&#8243;] Druckluftbetriebene Handr\u00fchrwerke [\/et_pb_blurb][\/et_pb_column][et_pb_column type=&#8220;1_4&#8243; _builder_version=&#8220;4.0.6&#8243;][et_pb_blurb title=&#8220;R\u00fchrwerke auf Stativ&#8220; url=&#8220;https:\/\/kopperschmidt24.de\/produkt\/druckluftruehrwerke-auf-stativ\/&#8220; url_new_window=&#8220;on&#8220; image=&#8220;https:\/\/kopperschmidt-spritztechnik.de\/wp-content\/uploads\/2020\/07\/R\u00fchrwerk-033kw-mit-Stativ.jpg&#8220; _builder_version=&#8220;4.8.2&#8243; text_orientation=&#8220;center&#8220; link_option_url=&#8220;https:\/\/kopperschmidt24.de\/produkt\/druckluftruehrwerke-auf-stativ\/&#8220; link_option_url_new_window=&#8220;on&#8220; hover_enabled=&#8220;0&#8243; sticky_enabled=&#8220;0&#8243;] [&hellip;]<\/p>\n","protected":false},"author":2,"featured_media":0,"parent":0,"menu_order":0,"comment_status":"closed","ping_status":"closed","template":"","meta":{"_seopress_robots_primary_cat":"","_seopress_titles_title":"Druckluftr\u00fchrwerke","_seopress_titles_desc":"Druckluftbetriebene R\u00fchrwerkssets f\u00fcr die Deckelmontage, auf Stativ oder als Handr\u00fchrwerk","_seopress_robots_index":"","_et_pb_use_builder":"on","_et_pb_old_content":"","_et_gb_content_width":"","footnotes":""},"class_list":["post-4317","page","type-page","status-publish","hentry"],"_links":{"self":[{"href":"https:\/\/kopperschmidt-spritztechnik.de\/index.php\/wp-json\/wp\/v2\/pages\/4317","targetHints":{"allow":["GET"]}}],"collection":[{"href":"https:\/\/kopperschmidt-spritztechnik.de\/index.php\/wp-json\/wp\/v2\/pages"}],"about":[{"href":"https:\/\/kopperschmidt-spritztechnik.de\/index.php\/wp-json\/wp\/v2\/types\/page"}],"author":[{"embeddable":true,"href":"https:\/\/kopperschmidt-spritztechnik.de\/index.php\/wp-json\/wp\/v2\/users\/2"}],"replies":[{"embeddable":true,"href":"https:\/\/kopperschmidt-spritztechnik.de\/index.php\/wp-json\/wp\/v2\/comments?post=4317"}],"version-history":[{"count":8,"href":"https:\/\/kopperschmidt-spritztechnik.de\/index.php\/wp-json\/wp\/v2\/pages\/4317\/revisions"}],"predecessor-version":[{"id":6214,"href":"https:\/\/kopperschmidt-spritztechnik.de\/index.php\/wp-json\/wp\/v2\/pages\/4317\/revisions\/6214"}],"wp:attachment":[{"href":"https:\/\/kopperschmidt-spritztechnik.de\/index.php\/wp-json\/wp\/v2\/media?parent=4317"}],"curies":[{"name":"wp","href":"https:\/\/api.w.org\/{rel}","templated":true}]}}