{"id":4651,"date":"2020-08-11T11:21:58","date_gmt":"2020-08-11T11:21:58","guid":{"rendered":"https:\/\/kopperschmidt-spritztechnik.de\/?page_id=4651"},"modified":"2020-08-25T11:25:56","modified_gmt":"2020-08-25T11:25:56","slug":"sieb-pn-500","status":"publish","type":"page","link":"https:\/\/kopperschmidt-spritztechnik.de\/index.php\/sieb-pn-500\/","title":{"rendered":"Sieb PN 500"},"content":{"rendered":"<p>[et_pb_section fb_built=&#8220;1&#8243; _builder_version=&#8220;4.0.6&#8243; background_color=&#8220;#ffffff&#8220; use_background_color_gradient=&#8220;on&#8220; background_color_gradient_start=&#8220;#000000&#8243; background_color_gradient_end=&#8220;#ededed&#8220; background_enable_image=&#8220;off&#8220;][et_pb_row column_structure=&#8220;1_3,1_3,1_3&#8243; _builder_version=&#8220;4.0.6&#8243;][et_pb_column type=&#8220;1_3&#8243; _builder_version=&#8220;4.0.6&#8243;][et_pb_image src=&#8220;https:\/\/kopperschmidt-spritztechnik.de\/wp-content\/uploads\/2019\/12\/ProKat_PN500.jpg&#8220; title_text=&#8220;ProKat_PN500&#8243; url=&#8220;https:\/\/kopperschmidt-spritztechnik.de\/index.php\/pu_sieb-pn-500\/&#8220; _builder_version=&#8220;4.5.1&#8243;][\/et_pb_image][et_pb_text _builder_version=&#8220;4.5.1&#8243; custom_margin=&#8220;-38px||6px||false|false&#8220; custom_padding=&#8220;10px||11px||false|false&#8220; link_option_url=&#8220;https:\/\/kopperschmidt-spritztechnik.de\/index.php\/pu_sieb-pn-500\/&#8220;]<\/p>\n<p style=\"text-align: center;\"><strong><span style=\"color: #000000;\">Sieb PN 500<\/span><br \/> <\/strong><\/p>\n<p>[\/et_pb_text][\/et_pb_column][et_pb_column type=&#8220;1_3&#8243; _builder_version=&#8220;4.0.6&#8243;][et_pb_image src=&#8220;https:\/\/kopperschmidt-spritztechnik.de\/wp-content\/uploads\/2019\/12\/ProKat_DoppelsiebPN400.jpg&#8220; title_text=&#8220;ProKat_DoppelsiebPN400&#8243; url=&#8220;https:\/\/kopperschmidt-spritztechnik.de\/index.php\/pu_sieb-pn-500\/&#8220; _builder_version=&#8220;4.5.1&#8243;][\/et_pb_image][et_pb_text _builder_version=&#8220;4.5.1&#8243; custom_margin=&#8220;-38px||6px||false|false&#8220; custom_padding=&#8220;10px||11px||false|false&#8220; link_option_url=&#8220;https:\/\/kopperschmidt-spritztechnik.de\/index.php\/pu_sieb-pn-500\/&#8220;]<\/p>\n<p style=\"text-align: center;\"><strong><span style=\"color: #000000;\">Doppelsieb PN 400<\/span><br \/> <\/strong><\/p>\n<p>[\/et_pb_text][\/et_pb_column][et_pb_column type=&#8220;1_3&#8243; _builder_version=&#8220;4.0.6&#8243;][et_pb_image src=&#8220;https:\/\/kopperschmidt-spritztechnik.de\/wp-content\/uploads\/2020\/08\/HD-Siebeinsaetze_fl.jpg&#8220; title_text=&#8220;HD-Siebeinsaetze_fl&#8220; url=&#8220;https:\/\/kopperschmidt-spritztechnik.de\/index.php\/zubehoer\/filter-siebeinsaetze\/&#8220; _builder_version=&#8220;4.5.1&#8243; hover_enabled=&#8220;0&#8243;][\/et_pb_image][et_pb_text _builder_version=&#8220;4.5.1&#8243; custom_margin=&#8220;-38px||6px||false|false&#8220; custom_padding=&#8220;10px||11px||false|false&#8220; link_option_url=&#8220;https:\/\/www.rrtd.de\/Siebeinsaetze-fuer-Hochdruckfilter&#8220; link_option_url_new_window=&#8220;on&#8220;]<\/p>\n<p style=\"text-align: center;\"><span style=\"color: #000000;\"><strong>HD-Filterzubeh\u00f6r<\/strong><\/span><\/p>\n<p>[\/et_pb_text][\/et_pb_column][\/et_pb_row][\/et_pb_section]<\/p>\n","protected":false},"excerpt":{"rendered":"<p>[et_pb_section fb_built=&#8220;1&#8243; _builder_version=&#8220;4.0.6&#8243; background_color=&#8220;#ffffff&#8220; use_background_color_gradient=&#8220;on&#8220; background_color_gradient_start=&#8220;#000000&#8243; background_color_gradient_end=&#8220;#ededed&#8220; background_enable_image=&#8220;off&#8220;][et_pb_row column_structure=&#8220;1_3,1_3,1_3&#8243; _builder_version=&#8220;4.0.6&#8243;][et_pb_column type=&#8220;1_3&#8243; _builder_version=&#8220;4.0.6&#8243;][et_pb_image src=&#8220;https:\/\/kopperschmidt-spritztechnik.de\/wp-content\/uploads\/2019\/12\/ProKat_PN500.jpg&#8220; title_text=&#8220;ProKat_PN500&#8243; url=&#8220;https:\/\/kopperschmidt-spritztechnik.de\/index.php\/pu_sieb-pn-500\/&#8220; _builder_version=&#8220;4.5.1&#8243;][\/et_pb_image][et_pb_text _builder_version=&#8220;4.5.1&#8243; custom_margin=&#8220;-38px||6px||false|false&#8220; custom_padding=&#8220;10px||11px||false|false&#8220; link_option_url=&#8220;https:\/\/kopperschmidt-spritztechnik.de\/index.php\/pu_sieb-pn-500\/&#8220;] Sieb PN 500 [\/et_pb_text][\/et_pb_column][et_pb_column type=&#8220;1_3&#8243; _builder_version=&#8220;4.0.6&#8243;][et_pb_image src=&#8220;https:\/\/kopperschmidt-spritztechnik.de\/wp-content\/uploads\/2019\/12\/ProKat_DoppelsiebPN400.jpg&#8220; title_text=&#8220;ProKat_DoppelsiebPN400&#8243; url=&#8220;https:\/\/kopperschmidt-spritztechnik.de\/index.php\/pu_sieb-pn-500\/&#8220; _builder_version=&#8220;4.5.1&#8243;][\/et_pb_image][et_pb_text _builder_version=&#8220;4.5.1&#8243; custom_margin=&#8220;-38px||6px||false|false&#8220; custom_padding=&#8220;10px||11px||false|false&#8220; link_option_url=&#8220;https:\/\/kopperschmidt-spritztechnik.de\/index.php\/pu_sieb-pn-500\/&#8220;] Doppelsieb PN 400 [\/et_pb_text][\/et_pb_column][et_pb_column type=&#8220;1_3&#8243; _builder_version=&#8220;4.0.6&#8243;][et_pb_image src=&#8220;https:\/\/kopperschmidt-spritztechnik.de\/wp-content\/uploads\/2020\/08\/HD-Siebeinsaetze_fl.jpg&#8220; title_text=&#8220;HD-Siebeinsaetze_fl&#8220; url=&#8220;https:\/\/kopperschmidt-spritztechnik.de\/index.php\/zubehoer\/filter-siebeinsaetze\/&#8220; _builder_version=&#8220;4.5.1&#8243; hover_enabled=&#8220;0&#8243;][\/et_pb_image][et_pb_text _builder_version=&#8220;4.5.1&#8243; custom_margin=&#8220;-38px||6px||false|false&#8220; custom_padding=&#8220;10px||11px||false|false&#8220; link_option_url=&#8220;https:\/\/www.rrtd.de\/Siebeinsaetze-fuer-Hochdruckfilter&#8220; link_option_url_new_window=&#8220;on&#8220;] HD-Filterzubeh\u00f6r [\/et_pb_text][\/et_pb_column][\/et_pb_row][\/et_pb_section]<\/p>\n","protected":false},"author":2,"featured_media":0,"parent":0,"menu_order":0,"comment_status":"closed","ping_status":"closed","template":"","meta":{"_seopress_robots_primary_cat":"","_seopress_titles_title":"","_seopress_titles_desc":"Das Sieb PN500 dient zum Herausfiltern von Fremdk\u00f6rpern, welche den Betrieb der Lackiereinrichtung nachteilig beeinflussen k\u00f6nnten. Im Innern des Filters dient eine Feder als St\u00fctzk\u00f6rper f\u00fcr den Siebeinsatz.","_seopress_robots_index":"","_et_pb_use_builder":"on","_et_pb_old_content":"","_et_gb_content_width":"","footnotes":""},"class_list":["post-4651","page","type-page","status-publish","hentry"],"_links":{"self":[{"href":"https:\/\/kopperschmidt-spritztechnik.de\/index.php\/wp-json\/wp\/v2\/pages\/4651","targetHints":{"allow":["GET"]}}],"collection":[{"href":"https:\/\/kopperschmidt-spritztechnik.de\/index.php\/wp-json\/wp\/v2\/pages"}],"about":[{"href":"https:\/\/kopperschmidt-spritztechnik.de\/index.php\/wp-json\/wp\/v2\/types\/page"}],"author":[{"embeddable":true,"href":"https:\/\/kopperschmidt-spritztechnik.de\/index.php\/wp-json\/wp\/v2\/users\/2"}],"replies":[{"embeddable":true,"href":"https:\/\/kopperschmidt-spritztechnik.de\/index.php\/wp-json\/wp\/v2\/comments?post=4651"}],"version-history":[{"count":12,"href":"https:\/\/kopperschmidt-spritztechnik.de\/index.php\/wp-json\/wp\/v2\/pages\/4651\/revisions"}],"predecessor-version":[{"id":4904,"href":"https:\/\/kopperschmidt-spritztechnik.de\/index.php\/wp-json\/wp\/v2\/pages\/4651\/revisions\/4904"}],"wp:attachment":[{"href":"https:\/\/kopperschmidt-spritztechnik.de\/index.php\/wp-json\/wp\/v2\/media?parent=4651"}],"curies":[{"name":"wp","href":"https:\/\/api.w.org\/{rel}","templated":true}]}}