{"id":4667,"date":"2020-08-12T10:02:27","date_gmt":"2020-08-12T10:02:27","guid":{"rendered":"https:\/\/kopperschmidt-spritztechnik.de\/?page_id=4667"},"modified":"2026-04-24T12:20:08","modified_gmt":"2026-04-24T12:20:08","slug":"pu_sieb-pn-500","status":"publish","type":"page","link":"https:\/\/kopperschmidt-spritztechnik.de\/index.php\/pu_sieb-pn-500\/","title":{"rendered":"PU_Sieb PN 500"},"content":{"rendered":"<p>[et_pb_section fb_built=&#8220;1&#8243; _builder_version=&#8220;4.0.6&#8243; use_background_color_gradient=&#8220;on&#8220;][et_pb_row _builder_version=&#8220;4.0.6&#8243;][et_pb_column type=&#8220;4_4&#8243; _builder_version=&#8220;4.0.6&#8243;][et_pb_text _builder_version=&#8220;4.5.1&#8243; use_background_color_gradient=&#8220;on&#8220; background_color_gradient_start=&#8220;#000000&#8243; background_color_gradient_end=&#8220;#c4c4c4&#8243;]<\/p>\n<h1 style=\"text-align: center;\"><span style=\"color: #ccffff;\"><strong>Das Kopperschmidt Sieb PN 500 &amp; Doppelsieb PN 400<br \/> <\/strong><\/span><\/h1>\n<p>[\/et_pb_text][\/et_pb_column][\/et_pb_row][et_pb_row column_structure=&#8220;1_3,1_3,1_3&#8243; _builder_version=&#8220;4.0.6&#8243; use_background_color_gradient=&#8220;on&#8220;][et_pb_column type=&#8220;1_3&#8243; _builder_version=&#8220;4.0.6&#8243;][et_pb_image src=&#8220;https:\/\/kopperschmidt-spritztechnik.de\/wp-content\/uploads\/2019\/12\/Prod_PN500.jpg&#8220; title_text=&#8220;Prod_PN500&#8243; _builder_version=&#8220;4.5.1&#8243; background_enable_image=&#8220;off&#8220;][\/et_pb_image][et_pb_image src=&#8220;https:\/\/kopperschmidt-spritztechnik.de\/wp-content\/uploads\/2022\/01\/Doppelsieb-PN400_3-2Wege-Kugelhahn_Ablassschraube.jpg&#8220; title_text=&#8220;Doppelsieb PN400_3-2Wege Kugelhahn_Ablassschraube&#8220; _builder_version=&#8220;4.8.2&#8243;][\/et_pb_image][\/et_pb_column][et_pb_column type=&#8220;1_3&#8243; _builder_version=&#8220;4.0.6&#8243;][et_pb_text _builder_version=&#8220;4.8.2&#8243; use_background_color_gradient=&#8220;on&#8220; background_color_gradient_start=&#8220;rgba(0,0,0,0)&#8220; background_color_gradient_end=&#8220;rgba(0,0,0,0)&#8220;]<\/p>\n<p><strong><span style=\"color: #000000;\">Technische Daten PN 500:<\/span><\/strong><br \/> <span style=\"color: #000000;\"> Materialdruck max.:<\/span><span style=\"color: #000000;\"><\/span><br \/> <span style=\"color: #000000;\"> Gewicht:<\/span><br \/> <span style=\"color: #000000;\"> Lagertemperatur:<\/span><br \/> <span style=\"color: #000000;\"> Umgebungstemperatur min.:<\/span><br \/> <span style=\"color: #000000;\"> Umgebungstemperatur max.:<\/span><br \/> <span style=\"color: #000000;\"> Mediumstemperatur min.:<\/span><br \/> <span style=\"color: #000000;\"> Mediumstemperatur max.:<\/span><br \/> <span style=\"color: #000000;\"> Materialanschlu\u00df:<\/span><span style=\"color: #000000;\"><\/span><span style=\"color: #000000;\"><\/span><span style=\"color: #000000;\"><\/span><span style=\"color: #000000;\"><\/span><span style=\"color: #000000;\"><\/span><br \/> <span style=\"color: #000000;\"> Medienber\u00fchrten Teile aus:<\/span><\/p>\n<p><span style=\"color: #000000;\"><\/span><\/p>\n<p><span style=\"color: #000000;\"><\/span><\/p>\n<p><span style=\"color: #000000;\"><\/span><\/p>\n<p><span style=\"color: #000000;\"><\/span><\/p>\n<p><span style=\"color: #000000;\"><\/span><\/p>\n<p><span style=\"color: #000000;\"><strong>Technische Daten PN 400:<\/strong><br \/> Materialdruck max.:<br \/> Gewicht:<br \/> Lagertemperatur:<br \/> Umgebungstemperatur min.:<br \/> Umgebungstemperatur max.:<br \/> Mediumstemperatur min.:<br \/> Mediumstemperatur max.:<br \/> Materialanschlu\u00df:<br \/> Medienber\u00fchrten Teile aus:<\/span><\/p>\n<p><span style=\"color: #000000;\"><\/span><\/p>\n<p><span style=\"color: #000000;\"><\/span><\/p>\n<p><span style=\"color: #000000;\"><\/span><\/p>\n<p><span style=\"color: #000000;\"><\/span><\/p>\n<p><span style=\"color: #000000;\"><\/span><\/p>\n<p>[\/et_pb_text][\/et_pb_column][et_pb_column type=&#8220;1_3&#8243; _builder_version=&#8220;4.0.6&#8243;][et_pb_text _builder_version=&#8220;4.8.2&#8243;]<\/p>\n<p><strong><span style=\"color: #000000;\">Technische Daten PN 500:<\/span><\/strong><br \/> <span style=\"color: #000000;\">500 Bar, 400 Bar bei pulsierender Belastung<\/span><span style=\"color: #000000;\"><\/span><br \/> <span style=\"color: #000000;\">ca. 500g * ????<\/span><br \/> <span style=\"color: #000000;\">0\u00b0C bis +70\u00b0C<\/span><span style=\"color: #000000;\"><\/span><br \/> <span style=\"color: #000000;\"> + 5 \u00b0C<\/span><br \/> <span style=\"color: #000000;\"> + 40 \u00b0C<\/span><br \/> <span style=\"color: #000000;\"> +10 \u00b0C<\/span><br \/> <span style=\"color: #000000;\"> +120 \u00b0C<\/span><span style=\"color: #000000;\"><\/span><br \/> <span style=\"color: #000000;\"> G3\/8\u201ci<\/span><span style=\"color: #000000;\"><\/span><br \/> <span style=\"color: #000000;\"> Edelstahl<br \/> <\/span><\/p>\n<p><span style=\"color: #000000;\"><\/span><\/p>\n<p><span style=\"color: #000000;\"><\/span><\/p>\n<p><span style=\"color: #000000;\"><\/span><\/p>\n<p><span style=\"color: #000000;\"><\/span><\/p>\n<p><span style=\"color: #000000;\"><strong>Technische Daten PN 400:<\/strong><br \/> 400 Bar<br \/> ca. 2.500g * ????<br \/> 0\u00b0C bis +70\u00b0C<br \/> + 5 \u00b0C<br \/> + 40 \u00b0C<br \/> +10 \u00b0C<br \/> +70 \u00b0C<br \/> G3\/8\u201ci<br \/> Edelstahl<\/span><\/p>\n<p><span style=\"color: #000000;\"><\/span><\/p>\n<p><span style=\"color: #000000;\">* ohne Anschl\u00fcsse<\/span><\/p>\n<p><span style=\"color: #000000;\"><\/span><\/p>\n<p><span style=\"color: #000000;\"><\/span><\/p>\n<p>[\/et_pb_text][\/et_pb_column][\/et_pb_row][et_pb_row _builder_version=&#8220;4.0.6&#8243; use_background_color_gradient=&#8220;on&#8220;][et_pb_column type=&#8220;4_4&#8243; _builder_version=&#8220;4.0.6&#8243;][et_pb_text _builder_version=&#8220;4.8.2&#8243;]<\/p>\n<p><span style=\"text-decoration: underline; color: #000000;\"><strong>Hochdruckfilter Sieb PN 500<\/strong><\/span><br \/> <span style=\"color: #000000;\"> Das Sieb PN500 dient zum Herausfiltern von Fremdk\u00f6rpern, welche den Betrieb der Lackiereinrichtung nachteilig beeinflussen k\u00f6nnten. Das Sieb-geh\u00e4use ist mit der \u00dcberwurfmutter an der Pumpe befestigt. Im Innern des Filters dient eine Feder als St\u00fctzk\u00f6rper f\u00fcr den Siebeinsatz.<\/span><br \/> <span style=\"color: #000000;\"> Je nach Verwendungszweck stehen verschiedene Filterausf\u00fchrungen mit unterschiedlichen Anschl\u00fcssen und Abla\u00dfvorrichtungen zur Verf\u00fcgung. Um ein einwandfreies Spritzbild gew\u00e4hrleisten zu k\u00f6nnen, sollte der Siebeinsatz in der richtigen Maschenweite ausgew\u00e4hlt und gegebenenfalls regelm\u00e4\u00dfig gereinigt werden.<\/span><\/p>\n<p><span style=\"color: #000000;\"><\/span><\/p>\n<p><span style=\"color: #000000;\"><span style=\"text-decoration: underline;\"><strong>Doppelsieb PN 60 und PN400<\/strong><\/span><br \/> Das Doppelsieb dient der unterbrechungsfreien Materialversorgung w\u00e4hrend der Filterreinigung. Eurotechnik bietet das Doppelsieb in 2 Grundvarianten und insgesamt 5 Ausf\u00fchrungen an. Diese sind:<\/span><\/p>\n<p><span style=\"color: #000000;\">Das Doppelsieb mit 2 St\u00fcck 3\/2-Wege Kugelhahn zur Umschaltung zwischen den Filtern. Diese Variante zeichnet sich durch besonders platzsparenden Aufbau aus. Der Materialeingang ist von unten, der Materialausgang am oberen Kugelhahn. Materialein- und Ausgang haben in der Grundversion ein 3\/8\u201c Innengewinde, welches mit Anschlussnippeln f\u00fcr die gew\u00fcnschte Anlagenverbindung versehen werden kann. Materialber\u00fchrte Teile aus Edelstahl. <br \/> <\/span><\/p>\n<p>[\/et_pb_text][\/et_pb_column][\/et_pb_row][et_pb_row _builder_version=&#8220;4.0.9&#8243;][et_pb_column type=&#8220;4_4&#8243; _builder_version=&#8220;4.0.6&#8243;][et_pb_text _builder_version=&#8220;4.0.6&#8243; use_background_color_gradient=&#8220;on&#8220; background_color_gradient_start=&#8220;#000000&#8243; background_color_gradient_end=&#8220;#bec4c3&#8243;]<\/p>\n<h1 style=\"text-align: center;\"><span style=\"color: #ccffff;\">Downloads<\/span><\/h1>\n<p>[\/et_pb_text][et_pb_text _builder_version=&#8220;4.8.2&#8243; use_background_color_gradient=&#8220;on&#8220; background_color_gradient_start=&#8220;#000000&#8243; background_color_gradient_end=&#8220;#c4c4c4&#8243; custom_padding=&#8220;||8px|||&#8220;]<\/p>\n<p style=\"text-align: center;\"><span style=\"color: #00ffff;\"><a href=\"https:\/\/kopperschmidt-spritztechnik.de\/wp-content\/uploads\/2026\/04\/Sieb-PN-500_PUe_D_0426.pdf\" target=\"_blank\" rel=\"noopener noreferrer\"><span style=\"color: #00ccff;\">Druckansicht PN 500<\/span><\/a>\u00a0 <\/span>\u00a0 \u00a0 \u00a0<span style=\"color: #ccffff;\"><a href=\"https:\/\/kopperschmidt-spritztechnik.de\/wp-content\/uploads\/2026\/04\/Sieb-PN-500_PD_D_0426.pdf\" target=\"_blank\" rel=\"noopener noreferrer\"><span style=\"color: #00ccff;\">Ersatzteilblatt<\/span><\/a><\/span><span style=\"color: #ccffff;\"> \u00a0\u00a0\u00a0\u00a0\u00a0 <span style=\"color: #808080;\"><span style=\"color: #00ccff;\"><a style=\"color: #00ccff;\" href=\"https:\/\/kopperschmidt-spritztechnik.de\/wp-content\/uploads\/2026\/04\/Doppelsieb-PN-400-PN-500_MD_D_0426.pdf\" target=\"_blank\" rel=\"noopener noreferrer\">Materialdatenblatt<\/a><\/span>\u00a0\u00a0\u00a0\u00a0<\/span>\u00a0\u00a0\u00a0\u00a0\u00a0 <span style=\"color: #00ccff;\"><span style=\"color: #808080;\">Massblatt 1<\/span>\u00a0<\/span>\u00a0\u00a0\u00a0\u00a0\u00a0\u00a0<span style=\"color: #00ffff;\"><span style=\"color: #808080;\"> Zubeh\u00f6r<\/span><\/span><span style=\"color: #808080;\">\u00a0\u00a0\u00a0\u00a0\u00a0\u00a0\u00a0 Montagearten\u00a0\u00a0\u00a0\u00a0 <a href=\"https:\/\/kopperschmidt24.de\/produkt-kategorie\/pumpentechnik\/sieb-pn500\/\" target=\"_blank\" rel=\"noopener noreferrer\"><span style=\"color: #00ccff;\">Preisinfo<\/span><\/a><\/span><\/span><\/p>\n<p>[\/et_pb_text][et_pb_text _builder_version=&#8220;4.8.2&#8243; use_background_color_gradient=&#8220;on&#8220; background_color_gradient_start=&#8220;#000000&#8243; background_color_gradient_end=&#8220;#c4c4c4&#8243; custom_padding=&#8220;||8px|||&#8220;]<\/p>\n<p style=\"text-align: center;\"><span style=\"color: #00ffff;\"><a href=\"https:\/\/kopperschmidt-spritztechnik.de\/wp-content\/uploads\/2026\/04\/Doppelsieb-PN-400_PUe_D_0426.pdf\" target=\"_blank\" rel=\"noopener noreferrer\"><span style=\"color: #00ccff;\">Druckansicht PN 400<\/span><\/a>\u00a0 <\/span>\u00a0 \u00a0\u00a0<span style=\"color: #ccffff;\"><span style=\"color: #00ccff;\"><a style=\"color: #00ccff;\" href=\"https:\/\/kopperschmidt-spritztechnik.de\/wp-content\/uploads\/2026\/04\/Doppelsieb-PN-400_PD_D_0426.pdf\" target=\"_blank\" rel=\"noopener noreferrer\">Ersatzteilblatt<\/a><\/span><\/span><span style=\"color: #ccffff;\"> \u00a0\u00a0\u00a0\u00a0\u00a0 <span style=\"color: #808080;\"><span style=\"color: #00ccff;\"><a style=\"color: #00ccff;\" href=\"https:\/\/kopperschmidt-spritztechnik.de\/wp-content\/uploads\/2026\/04\/Doppelsieb-PN-400-PN-500_MD_D_0426.pdf\" target=\"_blank\" rel=\"noopener noreferrer\">Materialdatenblatt<\/a><\/span>\u00a0\u00a0\u00a0\u00a0<\/span>\u00a0\u00a0\u00a0\u00a0\u00a0\u00a0<span style=\"color: #00ccff;\"><a href=\"https:\/\/kopperschmidt-spritztechnik.de\/wp-content\/uploads\/2026\/04\/Doppelsieb-PN-400_Massblatt_D_0426.pdf\" target=\"_blank\" rel=\"noopener noreferrer\"><span style=\"color: #00ccff;\">Massblatt PN400<\/span><\/a>\u00a0<\/span>\u00a0\u00a0\u00a0\u00a0\u00a0\u00a0<span style=\"color: #808080;\">Montagearten\u00a0\u00a0\u00a0\u00a0 <a href=\"https:\/\/kopperschmidt24.de\/produkt\/doppelsieb-pn400\/\" target=\"_blank\" rel=\"noopener noreferrer\"><span style=\"color: #00ccff;\">Preisinfo<\/span><\/a><\/span><\/span><\/p>\n<p>[\/et_pb_text][et_pb_text _builder_version=&#8220;4.8.2&#8243; use_background_color_gradient=&#8220;on&#8220; background_color_gradient_start=&#8220;#000000&#8243; background_color_gradient_end=&#8220;#c4c4c4&#8243; custom_padding=&#8220;||8px|||&#8220; hover_enabled=&#8220;0&#8243; sticky_enabled=&#8220;0&#8243;]<\/p>\n<p style=\"text-align: center;\"><span style=\"color: #00ffff;\"><span style=\"color: #00ccff;\"><a style=\"color: #00ccff;\" href=\"https:\/\/kopperschmidt-spritztechnik.de\/wp-content\/uploads\/2026\/04\/Sieb-PN-500_PUe_E_0426.pdf\" target=\"_blank\" rel=\"noopener noreferrer\">Printversion PN 500<\/a> \u00a0\u00a0\u00a0\u00a0\u00a0\u00a0 <\/span><\/span><a href=\"https:\/\/kopperschmidt-spritztechnik.de\/wp-content\/uploads\/2026\/04\/Sieb-PN-500_PD_E_0426.pdf\" target=\"_blank\" rel=\"noopener noreferrer\"><span style=\"color: #00ccff;\">Spareparts<\/span><\/a><span style=\"color: #ccffff;\"> \u00a0\u00a0\u00a0\u00a0\u00a0 <span style=\"color: #808080;\"><span style=\"color: #00ccff;\"><a style=\"color: #00ccff;\" href=\"https:\/\/kopperschmidt-spritztechnik.de\/wp-content\/uploads\/2026\/04\/Doppelsieb-PN-400-PN-500_MD_E_0426.pdf\" target=\"_blank\" rel=\"noopener noreferrer\">Material Contact Parts<\/a><\/span> \u00a0\u00a0\u00a0<\/span>\u00a0\u00a0\u00a0\u00a0\u00a0 <span style=\"color: #00ccff;\"><span style=\"color: #808080;\">Dimensions 1<\/span>\u00a0<\/span>\u00a0\u00a0\u00a0\u00a0\u00a0\u00a0<span style=\"color: #00ffff;\"><span style=\"color: #808080;\"> Accessories<\/span><\/span><span style=\"color: #808080;\">\u00a0\u00a0\u00a0\u00a0\u00a0\u00a0\u00a0 Mounting \u00a0\u00a0 <span style=\"color: #00ccff;\"><a style=\"color: #00ccff;\" href=\"https:\/\/kopperschmidt24.de\/produkt\/sieb-pn500\/\" target=\"_blank\" rel=\"noopener noreferrer\">Prices<\/a><\/span><\/span><\/span><\/p>\n<p>[\/et_pb_text][et_pb_text _builder_version=&#8220;4.8.2&#8243; use_background_color_gradient=&#8220;on&#8220; background_color_gradient_start=&#8220;#000000&#8243; background_color_gradient_end=&#8220;#c4c4c4&#8243; custom_padding=&#8220;||8px|||&#8220; hover_enabled=&#8220;0&#8243; sticky_enabled=&#8220;0&#8243;]<\/p>\n<p style=\"text-align: center;\"><span style=\"color: #00ffff;\"><span style=\"color: #00ccff;\"><a href=\"https:\/\/kopperschmidt-spritztechnik.de\/wp-content\/uploads\/2026\/04\/Doppelsieb-PN-400_PUe_E_0426.pdf\" target=\"_blank\" rel=\"noopener noreferrer\"><span style=\"color: #00ccff;\">Printversion PN 400<\/span><\/a>\u00a0 \u00a0 \u00a0 \u00a0<\/span><\/span><span style=\"color: #00ccff;\"><a style=\"color: #00ccff;\" href=\"https:\/\/kopperschmidt-spritztechnik.de\/wp-content\/uploads\/2026\/04\/Doppelsieb-PN-400_PD_E_0426.pdf\" target=\"_blank\" rel=\"noopener noreferrer\">Spareparts<\/a><\/span><span style=\"color: #ccffff;\"> \u00a0\u00a0\u00a0\u00a0\u00a0 <span style=\"color: #808080;\"><span style=\"color: #00ccff;\"><a style=\"color: #00ccff;\" href=\"https:\/\/kopperschmidt-spritztechnik.de\/wp-content\/uploads\/2026\/04\/Doppelsieb-PN-400-PN-500_MD_E_0426.pdf\" target=\"_blank\" rel=\"noopener noreferrer\">Material Contact Parts<\/a><\/span> \u00a0\u00a0\u00a0<\/span>\u00a0\u00a0\u00a0\u00a0\u00a0\u00a0<span style=\"color: #00ccff;\"><a style=\"color: #00ccff;\" href=\"https:\/\/kopperschmidt-spritztechnik.de\/wp-content\/uploads\/2026\/04\/Doppelsieb-PN-400_Massblatt_E_0426.pdf\" target=\"_blank\" rel=\"noopener noreferrer\">Dimensions PN400<\/a>\u00a0<\/span>\u00a0 \u00a0\u00a0<span style=\"color: #808080;\">Mounting \u00a0\u00a0 <span style=\"color: #00ccff;\"><a style=\"color: #00ccff;\" href=\"https:\/\/kopperschmidt24.de\/produkt\/doppelsieb-pn400\/\" target=\"_blank\" rel=\"noopener noreferrer\">Prices<\/a><\/span><\/span><\/span><\/p>\n<p>[\/et_pb_text][\/et_pb_column][\/et_pb_row][\/et_pb_section]<\/p>\n","protected":false},"excerpt":{"rendered":"<p>[et_pb_section fb_built=&#8220;1&#8243; _builder_version=&#8220;4.0.6&#8243; use_background_color_gradient=&#8220;on&#8220;][et_pb_row _builder_version=&#8220;4.0.6&#8243;][et_pb_column type=&#8220;4_4&#8243; _builder_version=&#8220;4.0.6&#8243;][et_pb_text _builder_version=&#8220;4.5.1&#8243; use_background_color_gradient=&#8220;on&#8220; background_color_gradient_start=&#8220;#000000&#8243; background_color_gradient_end=&#8220;#c4c4c4&#8243;] Das Kopperschmidt Sieb PN 500 &amp; Doppelsieb PN 400 [\/et_pb_text][\/et_pb_column][\/et_pb_row][et_pb_row column_structure=&#8220;1_3,1_3,1_3&#8243; _builder_version=&#8220;4.0.6&#8243; use_background_color_gradient=&#8220;on&#8220;][et_pb_column type=&#8220;1_3&#8243; _builder_version=&#8220;4.0.6&#8243;][et_pb_image src=&#8220;https:\/\/kopperschmidt-spritztechnik.de\/wp-content\/uploads\/2019\/12\/Prod_PN500.jpg&#8220; title_text=&#8220;Prod_PN500&#8243; _builder_version=&#8220;4.5.1&#8243; background_enable_image=&#8220;off&#8220;][\/et_pb_image][et_pb_image src=&#8220;https:\/\/kopperschmidt-spritztechnik.de\/wp-content\/uploads\/2022\/01\/Doppelsieb-PN400_3-2Wege-Kugelhahn_Ablassschraube.jpg&#8220; title_text=&#8220;Doppelsieb PN400_3-2Wege Kugelhahn_Ablassschraube&#8220; _builder_version=&#8220;4.8.2&#8243;][\/et_pb_image][\/et_pb_column][et_pb_column type=&#8220;1_3&#8243; _builder_version=&#8220;4.0.6&#8243;][et_pb_text _builder_version=&#8220;4.8.2&#8243; use_background_color_gradient=&#8220;on&#8220; background_color_gradient_start=&#8220;rgba(0,0,0,0)&#8220; background_color_gradient_end=&#8220;rgba(0,0,0,0)&#8220;] Technische Daten PN 500: Materialdruck max.: Gewicht: Lagertemperatur: Umgebungstemperatur min.: Umgebungstemperatur max.: Mediumstemperatur min.: [&hellip;]<\/p>\n","protected":false},"author":2,"featured_media":0,"parent":0,"menu_order":0,"comment_status":"closed","ping_status":"closed","template":"","meta":{"_seopress_robots_primary_cat":"","_seopress_titles_title":"Sieb PN 500 - Doppelsieb PN 400","_seopress_titles_desc":"Das Sieb PN500 dient zum Herausfiltern von Fremdk\u00f6rpern, welche den Betrieb der Lackiereinrichtung nachteilig beeinflussen k\u00f6nnten. Im Innern des Filters dient eine Feder als St\u00fctzk\u00f6rper f\u00fcr den Siebeinsatz.","_seopress_robots_index":"","_et_pb_use_builder":"on","_et_pb_old_content":"","_et_gb_content_width":"","footnotes":""},"class_list":["post-4667","page","type-page","status-publish","hentry"],"_links":{"self":[{"href":"https:\/\/kopperschmidt-spritztechnik.de\/index.php\/wp-json\/wp\/v2\/pages\/4667","targetHints":{"allow":["GET"]}}],"collection":[{"href":"https:\/\/kopperschmidt-spritztechnik.de\/index.php\/wp-json\/wp\/v2\/pages"}],"about":[{"href":"https:\/\/kopperschmidt-spritztechnik.de\/index.php\/wp-json\/wp\/v2\/types\/page"}],"author":[{"embeddable":true,"href":"https:\/\/kopperschmidt-spritztechnik.de\/index.php\/wp-json\/wp\/v2\/users\/2"}],"replies":[{"embeddable":true,"href":"https:\/\/kopperschmidt-spritztechnik.de\/index.php\/wp-json\/wp\/v2\/comments?post=4667"}],"version-history":[{"count":41,"href":"https:\/\/kopperschmidt-spritztechnik.de\/index.php\/wp-json\/wp\/v2\/pages\/4667\/revisions"}],"predecessor-version":[{"id":7696,"href":"https:\/\/kopperschmidt-spritztechnik.de\/index.php\/wp-json\/wp\/v2\/pages\/4667\/revisions\/7696"}],"wp:attachment":[{"href":"https:\/\/kopperschmidt-spritztechnik.de\/index.php\/wp-json\/wp\/v2\/media?parent=4667"}],"curies":[{"name":"wp","href":"https:\/\/api.w.org\/{rel}","templated":true}]}}