{"id":4776,"date":"2020-08-24T07:12:38","date_gmt":"2020-08-24T07:12:38","guid":{"rendered":"https:\/\/kopperschmidt-spritztechnik.de\/?page_id=4776"},"modified":"2026-03-11T07:46:06","modified_gmt":"2026-03-11T07:46:06","slug":"pu_ansaugrohre","status":"publish","type":"page","link":"https:\/\/kopperschmidt-spritztechnik.de\/index.php\/pu_ansaugrohre\/","title":{"rendered":"PU_Ansaugrohre"},"content":{"rendered":"<p>[et_pb_section fb_built=&#8220;1&#8243; _builder_version=&#8220;4.0.6&#8243; use_background_color_gradient=&#8220;on&#8220;][et_pb_row _builder_version=&#8220;4.0.6&#8243;][et_pb_column type=&#8220;4_4&#8243; _builder_version=&#8220;4.0.6&#8243;][et_pb_text _builder_version=&#8220;4.5.1&#8243; use_background_color_gradient=&#8220;on&#8220; background_color_gradient_start=&#8220;#000000&#8243; background_color_gradient_end=&#8220;#c4c4c4&#8243;]<\/p>\n<h1 style=\"text-align: center;\"><span style=\"color: #ccffff;\"><strong>Ansaugrohre<br \/> <\/strong><\/span><\/h1>\n<p>[\/et_pb_text][\/et_pb_column][\/et_pb_row][et_pb_row column_structure=&#8220;1_3,1_3,1_3&#8243; _builder_version=&#8220;4.0.6&#8243; use_background_color_gradient=&#8220;on&#8220;][et_pb_column type=&#8220;1_3&#8243; _builder_version=&#8220;4.0.6&#8243;][et_pb_image src=&#8220;https:\/\/kopperschmidt-spritztechnik.de\/wp-content\/uploads\/2020\/08\/ASYS_SRohr_RSV.jpg&#8220; title_text=&#8220;ASYS_SRohr_RSV&#8220; _builder_version=&#8220;4.5.1&#8243; background_enable_image=&#8220;off&#8220;][\/et_pb_image][et_pb_image src=&#8220;https:\/\/kopperschmidt-spritztechnik.de\/wp-content\/uploads\/2020\/08\/ASYS_SRohr_Siebkorb.jpg&#8220; title_text=&#8220;ASYS_SRohr_Siebkorb&#8220; _builder_version=&#8220;4.5.1&#8243;][\/et_pb_image][\/et_pb_column][et_pb_column type=&#8220;1_3&#8243; _builder_version=&#8220;4.0.6&#8243;][et_pb_text _builder_version=&#8220;4.5.1&#8243; use_background_color_gradient=&#8220;on&#8220; background_color_gradient_start=&#8220;rgba(0,0,0,0)&#8220; background_color_gradient_end=&#8220;rgba(0,0,0,0)&#8220;]<\/p>\n<p><strong><span style=\"color: #000000;\">mit R\u00fcckschlagventil<\/span><\/strong><br \/> <span style=\"color: #000000;\">Ansaugrohre in verschiedenen L\u00e4ngen mit R\u00fcckschlagventil und Ansaugsiebscheibe<\/span><span style=\"color: #000000;\"><\/span><\/p>\n<p><span style=\"color: #000000;\"><\/span><\/p>\n<p><span style=\"color: #000000;\"><\/span><\/p>\n<p><span style=\"color: #000000;\"><\/span><\/p>\n<p><span style=\"color: #000000;\"><\/span><\/p>\n<p><span style=\"color: #000000;\"><\/span><\/p>\n<p><span style=\"color: #000000;\"><\/span><\/p>\n<p><span style=\"color: #000000;\"><\/span><\/p>\n<p><span style=\"color: #000000;\"><\/span><\/p>\n<p><span style=\"color: #000000;\"><\/span><\/p>\n<p><span style=\"color: #000000;\"><\/span><\/p>\n<p><span style=\"color: #000000;\"><\/span><\/p>\n<p><span style=\"color: #000000;\"><\/span><\/p>\n<p><span style=\"color: #000000;\"><\/span><\/p>\n<p><span style=\"color: #000000;\"><\/span><\/p>\n<p><span style=\"color: #000000;\"><\/span><\/p>\n<p><span style=\"color: #000000;\"><\/span><\/p>\n<p><span style=\"color: #000000;\"><\/span><\/p>\n<p><span style=\"color: #000000;\"><strong>ohne R\u00fcckschlagventil<\/strong><br \/> Ansaugrohre in verschiedenen L\u00e4ngen und Durchmessern, ohne R\u00fcckschlagventil jedoch mit gro\u00dfem Ansaugsiebkorb<\/span><\/p>\n<p>[\/et_pb_text][\/et_pb_column][et_pb_column type=&#8220;1_3&#8243; _builder_version=&#8220;4.0.6&#8243;][et_pb_text _builder_version=&#8220;4.5.1&#8243;][\/et_pb_text][\/et_pb_column][\/et_pb_row][et_pb_row _builder_version=&#8220;4.0.6&#8243; use_background_color_gradient=&#8220;on&#8220;][et_pb_column type=&#8220;4_4&#8243; _builder_version=&#8220;4.0.6&#8243;][et_pb_text _builder_version=&#8220;4.5.1&#8243;]<\/p>\n<p><strong><span style=\"color: #000000;\">Ansaugrohre ohne R\u00fcckschlagventil<\/span><\/strong><\/p>\n<p><span style=\"color: #000000;\">werden haupts\u00e4chlich bei geringen Ansaugh\u00f6hen und in einfachen Handapplikationen eingesetzt und sind vergleichsweise preiswert<\/span><\/p>\n<p><strong><span style=\"color: #000000;\">Ansaugrohre mit R\u00fcckschlagventil<\/span><\/strong><\/p>\n<p><span style=\"color: #000000;\">werden gerne in automatisierten Farversorgungen eingesetzt. Bei einem Gebindewechsel l\u00e4uft das Saugrohr nicht leer wodurch das Einbringen von Luft in das Farbversorgungssystem vermieden wird.<\/span><\/p>\n<p>[\/et_pb_text][\/et_pb_column][\/et_pb_row][et_pb_row _builder_version=&#8220;4.0.9&#8243;][et_pb_column type=&#8220;4_4&#8243; _builder_version=&#8220;4.0.6&#8243;][et_pb_text _builder_version=&#8220;4.0.6&#8243; use_background_color_gradient=&#8220;on&#8220; background_color_gradient_start=&#8220;#000000&#8243; background_color_gradient_end=&#8220;#bec4c3&#8243;]<\/p>\n<h1 style=\"text-align: center;\"><span style=\"color: #ccffff;\">Downloads<\/span><\/h1>\n<p>[\/et_pb_text][et_pb_text _builder_version=&#8220;4.8.2&#8243; use_background_color_gradient=&#8220;on&#8220; background_color_gradient_start=&#8220;#000000&#8243; background_color_gradient_end=&#8220;#c4c4c4&#8243; custom_padding=&#8220;||8px|||&#8220; hover_enabled=&#8220;0&#8243; sticky_enabled=&#8220;0&#8243;]<\/p>\n<p style=\"text-align: center;\"><span style=\"color: #00ffff;\"><span style=\"color: #00ccff;\"><span style=\"color: #00ff00;\"><span style=\"text-decoration: underline;\">ohne<\/span> R\u00fcckschlagventil:<\/span> \u00a0\u00a0\u00a0 \u00a0 \u00a0 \u00a0 \u00a0 \u00a0\u00a0 \u00a0\u00a0\u00a0 <a href=\"https:\/\/kopperschmidt-spritztechnik.de\/wp-content\/uploads\/2026\/03\/ASYS-Rohre-PUe_D_0326.pdf\" style=\"color: #00ccff;\" target=\"_blank\" rel=\"noopener noreferrer\">Druckansicht<\/a><\/span>\u00a0 <\/span>\u00a0 \u00a0\u00a0\u00a0\u00a0\u00a0 <span style=\"color: #808080;\"><span style=\"color: #00ccff;\"><a href=\"https:\/\/kopperschmidt-spritztechnik.de\/wp-content\/uploads\/2026\/03\/ASYS-Rohre-PD_D_0326.pdf\" target=\"_blank\" rel=\"noopener noreferrer\" style=\"color: #00ccff;\">Ersatzteilblatt<\/a><\/span> \u00a0\u00a0\u00a0\u00a0\u00a0\u00a0\u00a0\u00a0 <span style=\"color: #00ccff;\"><a href=\"https:\/\/kopperschmidt-spritztechnik.de\/wp-content\/uploads\/2026\/03\/ASYS-Rohre-MD_D_0326.pdf\" target=\"_blank\" rel=\"noopener noreferrer\" style=\"color: #00ccff;\">Materialdatenblatt<\/a><\/span>\u00a0\u00a0\u00a0\u00a0\u00a0\u00a0\u00a0\u00a0\u00a0 <span style=\"color: #00ccff;\"><a href=\"https:\/\/kopperschmidt-spritztechnik.de\/wp-content\/uploads\/2026\/03\/ASYS-Rohre-PI_D_0326.pdf\" target=\"_blank\" rel=\"noopener noreferrer\" style=\"color: #00ccff;\">Massblatt<\/a><\/span>\u00a0\u00a0\u00a0\u00a0\u00a0\u00a0\u00a0\u00a0\u00a0 <span style=\"color: #00ccff;\"><a href=\"https:\/\/kopperschmidt24.de\/produkt\/ansaugrohre-mit-sieb\/\" target=\"_blank\" rel=\"noopener noreferrer\" style=\"color: #00ccff;\">Preisinfo<\/a><\/span><\/span><\/p>\n<p>[\/et_pb_text][et_pb_text _builder_version=&#8220;4.8.2&#8243; use_background_color_gradient=&#8220;on&#8220; background_color_gradient_start=&#8220;#000000&#8243; background_color_gradient_end=&#8220;#c4c4c4&#8243; custom_padding=&#8220;||8px|||&#8220; hover_enabled=&#8220;0&#8243; sticky_enabled=&#8220;0&#8243;]<\/p>\n<p style=\"text-align: center;\"><span style=\"color: #00ffff;\"><span style=\"color: #00ccff;\"><span style=\"color: #00ff00;\"><span style=\"text-decoration: underline;\">mit<\/span> R\u00fcckschlagventil:<\/span> \u00a0\u00a0\u00a0 \u00a0 \u00a0 \u00a0 \u00a0 \u00a0\u00a0 \u00a0\u00a0\u00a0 <a href=\"https:\/\/kopperschmidt-spritztechnik.de\/wp-content\/uploads\/2026\/03\/ASYS-Rohre-RSV-PUe_D_0326.pdf\" target=\"_blank\" rel=\"noopener noreferrer\" style=\"color: #00ccff;\">Druckansicht<\/a><\/span>\u00a0 <\/span>\u00a0 \u00a0\u00a0\u00a0\u00a0\u00a0 <span style=\"color: #808080;\"><span style=\"color: #00ccff;\"><a href=\"https:\/\/kopperschmidt-spritztechnik.de\/wp-content\/uploads\/2026\/03\/ASYS-Rohre-RSV-PD_D_0326.pdf\" target=\"_blank\" rel=\"noopener noreferrer\" style=\"color: #00ccff;\">Ersatzteilblatt<\/a><\/span> \u00a0\u00a0\u00a0\u00a0\u00a0\u00a0\u00a0\u00a0 <span style=\"color: #00ccff;\"><a href=\"https:\/\/kopperschmidt-spritztechnik.de\/wp-content\/uploads\/2026\/03\/ASYS-Rohre-RSV-MD_D_0326.pdf\" target=\"_blank\" rel=\"noopener noreferrer\" style=\"color: #00ccff;\">Materialdatenblatt<\/a><\/span>\u00a0\u00a0\u00a0\u00a0\u00a0\u00a0\u00a0\u00a0\u00a0 <span style=\"color: #00ccff;\"><a href=\"https:\/\/kopperschmidt-spritztechnik.de\/wp-content\/uploads\/2026\/03\/ASYS-Rohre-RSV-PI_D_0326.pdf\" target=\"_blank\" rel=\"noopener noreferrer\" style=\"color: #00ccff;\">Massblatt<\/a><\/span>\u00a0\u00a0\u00a0\u00a0\u00a0\u00a0\u00a0\u00a0\u00a0 <a href=\"https:\/\/kopperschmidt24.de\/produkt\/ansaugrohre-mit-rs-ventil\/\" target=\"_blank\" rel=\"noopener noreferrer\"><span style=\"color: #00ccff;\">Preisinfo<\/span><\/a><\/span><\/p>\n<p>[\/et_pb_text][et_pb_text _builder_version=&#8220;4.8.2&#8243; use_background_color_gradient=&#8220;on&#8220; background_color_gradient_start=&#8220;#000000&#8243; background_color_gradient_end=&#8220;#c4c4c4&#8243; custom_padding=&#8220;||8px|||&#8220; hover_enabled=&#8220;0&#8243; sticky_enabled=&#8220;0&#8243;]<\/p>\n<p style=\"text-align: center;\"><span style=\"color: #00ffff;\"><span style=\"color: #808080;\"><span style=\"color: #00ff00;\"><span style=\"text-decoration: underline;\">without<\/span> Checkvalve:<\/span> \u00a0\u00a0\u00a0 \u00a0 \u00a0 \u00a0 \u00a0 \u00a0\u00a0 \u00a0\u00a0\u00a0 <span style=\"color: #00ccff;\"><a href=\"https:\/\/kopperschmidt-spritztechnik.de\/wp-content\/uploads\/2026\/03\/ASYS-Rohre-PUe_E_0326.pdf\" target=\"_blank\" rel=\"noopener noreferrer\" style=\"color: #00ccff;\">Printversion<\/a><\/span><\/span>\u00a0 <\/span>\u00a0 \u00a0\u00a0\u00a0\u00a0\u00a0 <span style=\"color: #00ccff;\"><a href=\"https:\/\/kopperschmidt-spritztechnik.de\/wp-content\/uploads\/2026\/03\/ASYS-Rohre-PD_E_0326.pdf\" target=\"_blank\" rel=\"noopener noreferrer\" style=\"color: #00ccff;\">Spareparts<\/a><\/span><span style=\"color: #ccffff;\"> \u00a0\u00a0\u00a0\u00a0\u00a0\u00a0\u00a0\u00a0 <span style=\"color: #808080;\"><span style=\"color: #00ccff;\"><a href=\"https:\/\/kopperschmidt-spritztechnik.de\/wp-content\/uploads\/2026\/03\/ASYS-Rohre-MD_E_0326.pdf\" target=\"_blank\" rel=\"noopener noreferrer\" style=\"color: #00ccff;\">Material Contact Parts<\/a><\/span> \u00a0\u00a0\u00a0<\/span>\u00a0\u00a0\u00a0\u00a0\u00a0 <span style=\"color: #00ccff;\"><a href=\"https:\/\/kopperschmidt-spritztechnik.de\/wp-content\/uploads\/2026\/03\/ASYS-Rohre-PI_E_0326.pdf\" target=\"_blank\" rel=\"noopener noreferrer\" style=\"color: #00ccff;\">Dimensions<\/a><\/span><span style=\"color: #808080;\"> \u00a0\u00a0\u00a0\u00a0\u00a0\u00a0\u00a0\u00a0 <span style=\"color: #00ccff;\"><a href=\"https:\/\/kopperschmidt24.de\/produkt\/ansaugrohre-mit-sieb\/\" style=\"color: #00ccff;\">Prices<\/a><\/span><\/span><\/span><\/p>\n<p>[\/et_pb_text][et_pb_text _builder_version=&#8220;4.8.2&#8243; use_background_color_gradient=&#8220;on&#8220; background_color_gradient_start=&#8220;#000000&#8243; background_color_gradient_end=&#8220;#c4c4c4&#8243; custom_padding=&#8220;||8px|||&#8220; hover_enabled=&#8220;0&#8243; sticky_enabled=&#8220;0&#8243;]<\/p>\n<p style=\"text-align: center;\"><span style=\"color: #00ffff;\"><span style=\"color: #808080;\"><span style=\"color: #00ff00;\"><span style=\"text-decoration: underline;\">with<\/span> Checkvalve:<\/span> \u00a0\u00a0\u00a0 \u00a0 \u00a0 \u00a0 \u00a0\u00a0\u00a0 \u00a0\u00a0 \u00a0\u00a0\u00a0 <span style=\"color: #00ccff;\"><a href=\"https:\/\/kopperschmidt-spritztechnik.de\/wp-content\/uploads\/2026\/03\/ASYS-Rohre-RSV-PUe_E_0326.pdf\" target=\"_blank\" rel=\"noopener noreferrer\" style=\"color: #00ccff;\">Printversion<\/a><\/span><\/span>\u00a0 <\/span>\u00a0 \u00a0\u00a0\u00a0\u00a0\u00a0 <span style=\"color: #00ccff;\"><a href=\"https:\/\/kopperschmidt-spritztechnik.de\/wp-content\/uploads\/2026\/03\/ASYS-Rohre-RSV-PD_E_0326.pdf\" target=\"_blank\" rel=\"noopener noreferrer\" style=\"color: #00ccff;\">Spareparts<\/a><\/span><span style=\"color: #ccffff;\"> \u00a0\u00a0\u00a0\u00a0\u00a0\u00a0\u00a0\u00a0 <span style=\"color: #808080;\"><span style=\"color: #00ccff;\"><a href=\"https:\/\/kopperschmidt-spritztechnik.de\/wp-content\/uploads\/2026\/03\/ASYS-Rohre-RSV-MD_E_0326.pdf\" target=\"_blank\" rel=\"noopener noreferrer\" style=\"color: #00ccff;\">Material Contact Parts<\/a><\/span> \u00a0\u00a0\u00a0<\/span>\u00a0\u00a0\u00a0\u00a0\u00a0 <span style=\"color: #00ccff;\"><a href=\"https:\/\/kopperschmidt-spritztechnik.de\/wp-content\/uploads\/2026\/03\/ASYS-Rohre-RSV-PI_E_0326.pdf\" target=\"_blank\" rel=\"noopener noreferrer\" style=\"color: #00ccff;\">Dimensions<\/a><\/span><span style=\"color: #808080;\"> \u00a0\u00a0\u00a0\u00a0\u00a0\u00a0\u00a0\u00a0 <a href=\"https:\/\/kopperschmidt24.de\/produkt\/ansaugrohre-mit-rs-ventil\/\" target=\"_blank\" rel=\"noopener noreferrer\"><span style=\"color: #00ccff;\">Prices<\/span><\/a><\/span><\/span><\/p>\n<p>[\/et_pb_text][\/et_pb_column][\/et_pb_row][\/et_pb_section]<\/p>\n","protected":false},"excerpt":{"rendered":"<p>[et_pb_section fb_built=&#8220;1&#8243; _builder_version=&#8220;4.0.6&#8243; use_background_color_gradient=&#8220;on&#8220;][et_pb_row _builder_version=&#8220;4.0.6&#8243;][et_pb_column type=&#8220;4_4&#8243; _builder_version=&#8220;4.0.6&#8243;][et_pb_text _builder_version=&#8220;4.5.1&#8243; use_background_color_gradient=&#8220;on&#8220; background_color_gradient_start=&#8220;#000000&#8243; background_color_gradient_end=&#8220;#c4c4c4&#8243;] Ansaugrohre [\/et_pb_text][\/et_pb_column][\/et_pb_row][et_pb_row column_structure=&#8220;1_3,1_3,1_3&#8243; _builder_version=&#8220;4.0.6&#8243; use_background_color_gradient=&#8220;on&#8220;][et_pb_column type=&#8220;1_3&#8243; _builder_version=&#8220;4.0.6&#8243;][et_pb_image src=&#8220;https:\/\/kopperschmidt-spritztechnik.de\/wp-content\/uploads\/2020\/08\/ASYS_SRohr_RSV.jpg&#8220; title_text=&#8220;ASYS_SRohr_RSV&#8220; _builder_version=&#8220;4.5.1&#8243; background_enable_image=&#8220;off&#8220;][\/et_pb_image][et_pb_image src=&#8220;https:\/\/kopperschmidt-spritztechnik.de\/wp-content\/uploads\/2020\/08\/ASYS_SRohr_Siebkorb.jpg&#8220; title_text=&#8220;ASYS_SRohr_Siebkorb&#8220; _builder_version=&#8220;4.5.1&#8243;][\/et_pb_image][\/et_pb_column][et_pb_column type=&#8220;1_3&#8243; _builder_version=&#8220;4.0.6&#8243;][et_pb_text _builder_version=&#8220;4.5.1&#8243; use_background_color_gradient=&#8220;on&#8220; background_color_gradient_start=&#8220;rgba(0,0,0,0)&#8220; background_color_gradient_end=&#8220;rgba(0,0,0,0)&#8220;] mit R\u00fcckschlagventil Ansaugrohre in verschiedenen L\u00e4ngen mit R\u00fcckschlagventil und Ansaugsiebscheibe ohne R\u00fcckschlagventil Ansaugrohre in verschiedenen L\u00e4ngen und Durchmessern, ohne R\u00fcckschlagventil jedoch mit gro\u00dfem Ansaugsiebkorb [&hellip;]<\/p>\n","protected":false},"author":2,"featured_media":0,"parent":0,"menu_order":0,"comment_status":"closed","ping_status":"closed","template":"","meta":{"_seopress_robots_primary_cat":"","_seopress_titles_title":"Ansaugrohre f\u00fcr Kolben- und Membranpumpen","_seopress_titles_desc":"Ansaugrohre f\u00fcr Kolben- und Membranpumpen, mit und ohne R\u00fcckschlagventil","_seopress_robots_index":"","_et_pb_use_builder":"on","_et_pb_old_content":"","_et_gb_content_width":"","footnotes":""},"class_list":["post-4776","page","type-page","status-publish","hentry"],"_links":{"self":[{"href":"https:\/\/kopperschmidt-spritztechnik.de\/index.php\/wp-json\/wp\/v2\/pages\/4776","targetHints":{"allow":["GET"]}}],"collection":[{"href":"https:\/\/kopperschmidt-spritztechnik.de\/index.php\/wp-json\/wp\/v2\/pages"}],"about":[{"href":"https:\/\/kopperschmidt-spritztechnik.de\/index.php\/wp-json\/wp\/v2\/types\/page"}],"author":[{"embeddable":true,"href":"https:\/\/kopperschmidt-spritztechnik.de\/index.php\/wp-json\/wp\/v2\/users\/2"}],"replies":[{"embeddable":true,"href":"https:\/\/kopperschmidt-spritztechnik.de\/index.php\/wp-json\/wp\/v2\/comments?post=4776"}],"version-history":[{"count":30,"href":"https:\/\/kopperschmidt-spritztechnik.de\/index.php\/wp-json\/wp\/v2\/pages\/4776\/revisions"}],"predecessor-version":[{"id":7584,"href":"https:\/\/kopperschmidt-spritztechnik.de\/index.php\/wp-json\/wp\/v2\/pages\/4776\/revisions\/7584"}],"wp:attachment":[{"href":"https:\/\/kopperschmidt-spritztechnik.de\/index.php\/wp-json\/wp\/v2\/media?parent=4776"}],"curies":[{"name":"wp","href":"https:\/\/api.w.org\/{rel}","templated":true}]}}