{"id":4832,"date":"2020-08-25T08:08:32","date_gmt":"2020-08-25T08:08:32","guid":{"rendered":"https:\/\/kopperschmidt-spritztechnik.de\/?page_id=4832"},"modified":"2021-12-15T18:22:34","modified_gmt":"2021-12-15T18:22:34","slug":"pu_airlessduesen","status":"publish","type":"page","link":"https:\/\/kopperschmidt-spritztechnik.de\/index.php\/pu_airlessduesen\/","title":{"rendered":"PU_Airlessd\u00fcsen"},"content":{"rendered":"<p>[et_pb_section fb_built=&#8220;1&#8243; _builder_version=&#8220;4.0.6&#8243; use_background_color_gradient=&#8220;on&#8220;][et_pb_row _builder_version=&#8220;4.0.6&#8243;][et_pb_column type=&#8220;4_4&#8243; _builder_version=&#8220;4.0.6&#8243;][et_pb_text _builder_version=&#8220;4.5.1&#8243; use_background_color_gradient=&#8220;on&#8220; background_color_gradient_start=&#8220;#000000&#8243; background_color_gradient_end=&#8220;#c4c4c4&#8243;]<\/p>\n<h1 style=\"text-align: center;\"><span style=\"color: #ccffff;\"><strong>Airlessd\u00fcsen<br \/> <\/strong><\/span><\/h1>\n<p>[\/et_pb_text][\/et_pb_column][\/et_pb_row][et_pb_row column_structure=&#8220;1_3,1_3,1_3&#8243; _builder_version=&#8220;4.0.6&#8243; use_background_color_gradient=&#8220;on&#8220;][et_pb_column type=&#8220;1_3&#8243; _builder_version=&#8220;4.0.6&#8243;][et_pb_image src=&#8220;https:\/\/kopperschmidt-spritztechnik.de\/wp-content\/uploads\/2019\/12\/Prod_KS-Airless-Standard-Flachstrahld\u00fcse.jpg&#8220; title_text=&#8220;Prod_KS-Airless Standard Flachstrahld\u00fcse&#8220; _builder_version=&#8220;4.5.1&#8243; background_enable_image=&#8220;off&#8220;][\/et_pb_image][et_pb_image src=&#8220;https:\/\/kopperschmidt-spritztechnik.de\/wp-content\/uploads\/2019\/12\/Prod_Verstellduese.jpg&#8220; title_text=&#8220;Prod_Verstellduese&#8220; _builder_version=&#8220;4.5.1&#8243;][\/et_pb_image][et_pb_image src=&#8220;https:\/\/kopperschmidt-spritztechnik.de\/wp-content\/uploads\/2019\/12\/Prod_Aircombi-Flachstrahld\u00fcse-AC.jpg&#8220; title_text=&#8220;Prod_Aircombi-Flachstrahld\u00fcse AC&#8220; _builder_version=&#8220;4.5.1&#8243;][\/et_pb_image][\/et_pb_column][et_pb_column type=&#8220;1_3&#8243; _builder_version=&#8220;4.0.6&#8243;][et_pb_text _builder_version=&#8220;4.5.1&#8243; use_background_color_gradient=&#8220;on&#8220; background_color_gradient_start=&#8220;rgba(0,0,0,0)&#8220; background_color_gradient_end=&#8220;rgba(0,0,0,0)&#8220;]<\/p>\n<p><strong><span style=\"color: #000000;\">Airless-Flachstrahld\u00fcsen<\/span><\/strong><br \/> <span style=\"color: #000000;\">Airless-Flachstrahld\u00fcsen sind die Standardd\u00fcse f\u00fcr die Airless-Applikation fl\u00fcssiger Medien. Sie werden nach Spritzbreite und Spritzwinkel eingeteilt und werden je nach Werkst\u00fcck mal breiter mal schmaler verwendet; m\u00fcssen dazu aber jeweils auf der Pistole ausgetauscht werden. D\u00fcsengr\u00f6\u00dfen von 10\u00b0 bis 140\u00b0 im Spritzwinkel und von 0,18mm bis 1,58mm in der Bohrung sind verf\u00fcgbar<\/span><span style=\"color: #000000;\"><\/span><\/p>\n<p><span style=\"color: #000000;\"><\/span><\/p>\n<p><span style=\"color: #000000;\"><\/span><\/p>\n<p><span style=\"color: #000000;\"><\/span><\/p>\n<p><span style=\"color: #000000;\"><\/span><\/p>\n<p><span style=\"color: #000000;\"><\/span><\/p>\n<p><span style=\"color: #000000;\"><strong>Airless-Verstelld\u00fcsen<\/strong><br \/> Airless-Verstelld\u00fcsen sind ebenfalls Flachstrahld\u00fcsen f\u00fcr die Airless-Applikation fl\u00fcssiger Medien. Sie sind jedoch \u00fcber eine Stellschraube in Spritzbreite und D\u00fcsen\u00f6ffnung verstellbar. Es gibt 6 verschiedene D\u00fcsenvarianten die eine Strahlverstellung zwischen 50mm bis 600mm Spritzbreite und eine Bohrungsgr\u00f6\u00dfe von 0,13mm bis 1,37mm erlauben<br \/> <\/span><\/p>\n<p><span style=\"color: #000000;\"><\/span><\/p>\n<p><span style=\"color: #000000;\"><\/span><\/p>\n<p><span style=\"color: #000000;\"><\/span><\/p>\n<p><span style=\"color: #000000;\"><\/span><\/p>\n<p><span style=\"color: #000000;\"><\/span><\/p>\n<p><span style=\"color: #000000;\"><strong>Airmix-Flachstrahld\u00fcsen<\/strong><br \/> Airmix-Flachstrahld\u00fcsen werden f\u00fcr die luftunterst\u00fctzte Airless-Applikation fl\u00fcssiger Medien. Sie werden nach Spritzbreite und Spritzwinkel eingeteilt und werden je nach Werkst\u00fcck mal breiter mal schmaler verwendet, k\u00f6nnen aber bei der AP2100 Pistole in der Spritzbreite von ann\u00e4hernd Rundstrahl bis zur maximalen Spreitzbreite der D\u00fcse verstellt werden. Durch die zus\u00e4tzliche Zerst\u00e4uberluft erh\u00e4lt man ein feineres Spritzbild als bei der reinen Airless-Applikation<br \/><\/span><\/p>\n<p>[\/et_pb_text][\/et_pb_column][et_pb_column type=&#8220;1_3&#8243; _builder_version=&#8220;4.0.6&#8243;][et_pb_text _builder_version=&#8220;4.5.1&#8243;][\/et_pb_text][\/et_pb_column][\/et_pb_row][et_pb_row _builder_version=&#8220;4.0.6&#8243; use_background_color_gradient=&#8220;on&#8220;][et_pb_column type=&#8220;4_4&#8243; _builder_version=&#8220;4.0.6&#8243;][et_pb_text _builder_version=&#8220;4.5.1&#8243;][\/et_pb_text][\/et_pb_column][\/et_pb_row][et_pb_row _builder_version=&#8220;4.0.9&#8243;][et_pb_column type=&#8220;4_4&#8243; _builder_version=&#8220;4.0.6&#8243;][et_pb_text _builder_version=&#8220;4.0.6&#8243; use_background_color_gradient=&#8220;on&#8220; background_color_gradient_start=&#8220;#000000&#8243; background_color_gradient_end=&#8220;#bec4c3&#8243;]<\/p>\n<h1 style=\"text-align: center;\"><span style=\"color: #ccffff;\">Downloads<\/span><\/h1>\n<p>[\/et_pb_text][et_pb_text _builder_version=&#8220;4.8.2&#8243; use_background_color_gradient=&#8220;on&#8220; background_color_gradient_start=&#8220;#000000&#8243; background_color_gradient_end=&#8220;#c4c4c4&#8243; custom_padding=&#8220;||8px|||&#8220; hover_enabled=&#8220;0&#8243; sticky_enabled=&#8220;0&#8243;]<\/p>\n<p style=\"text-align: center;\"><span style=\"color: #00ffff;\"><span style=\"color: #00ccff;\"><a href=\"https:\/\/kopperschmidt-spritztechnik.de\/wp-content\/uploads\/2020\/08\/Flachstrahld\u00fcsen_S_P\u00dc_D.pdf\" target=\"_blank\" rel=\"noopener noreferrer\" style=\"color: #00ccff;\">D\u00fcsentabelle Airless-D\u00fcsen<\/a><\/span>\u00a0 <\/span>\u00a0 \u00a0\u00a0\u00a0\u00a0\u00a0 <span style=\"color: #808080;\"><span style=\"color: #00ccff;\"><a href=\"https:\/\/kopperschmidt-spritztechnik.de\/wp-content\/uploads\/2020\/08\/Aircombi-Flachstrahl-Verstelld\u00fcsen_P\u00dc_D.pdf\" target=\"_blank\" rel=\"noopener noreferrer\" style=\"color: #00ccff;\">D\u00fcsentabelle Verstelld\u00fcsen<\/a><\/span> \u00a0\u00a0\u00a0\u00a0\u00a0\u00a0\u00a0 <a href=\"https:\/\/kopperschmidt-spritztechnik.de\/wp-content\/uploads\/2020\/08\/Aircombi-Flachstrahl-Verstelld\u00fcsen_P\u00dc_D.pdf\" target=\"_blank\" rel=\"noopener noreferrer\"><span style=\"color: #00ccff;\">D\u00fcsentabelle Airmix-D\u00fcsen<\/span><\/a> \u00a0\u00a0\u00a0\u00a0\u00a0\u00a0\u00a0\u00a0 <span style=\"color: #00ccff;\"><a href=\"https:\/\/kopperschmidt24.de\/produkt\/standard-airlessduesen\/\" target=\"_blank\" rel=\"noopener noreferrer\" style=\"color: #00ccff;\">Preisinfo<\/a><\/span><\/span><\/p>\n<p>[\/et_pb_text][et_pb_text _builder_version=&#8220;4.8.2&#8243; use_background_color_gradient=&#8220;on&#8220; background_color_gradient_start=&#8220;#000000&#8243; background_color_gradient_end=&#8220;#c4c4c4&#8243; custom_padding=&#8220;||8px|||&#8220; hover_enabled=&#8220;0&#8243; sticky_enabled=&#8220;0&#8243;]<\/p>\n<p style=\"text-align: center;\"><span style=\"color: #00ffff;\"><a href=\"https:\/\/kopperschmidt-spritztechnik.de\/wp-content\/uploads\/2020\/08\/Flachstrahld\u00fcsen_S_P\u00dc_E.pdf\" target=\"_blank\" rel=\"noopener noreferrer\"><span style=\"color: #808080;\"><span style=\"color: #00ccff;\">Nozzle Table f\u00fcr Airless nozzles<\/span><\/span><\/a>\u00a0 <\/span>\u00a0 \u00a0\u00a0\u00a0\u00a0\u00a0 <a href=\"https:\/\/kopperschmidt-spritztechnik.de\/wp-content\/uploads\/2020\/08\/Aircombi-Flachstrahl-Verstelld\u00fcsen_P\u00dc_E.pdf\" target=\"_blank\" rel=\"noopener noreferrer\"><span style=\"color: #808080;\"><span style=\"color: #00ccff;\">Nozzle Table for adjustable nozzles<\/span><\/span><\/a><span style=\"color: #ccffff;\"> \u00a0\u00a0\u00a0\u00a0\u00a0\u00a0\u00a0\u00a0 <span style=\"color: #808080;\"><a href=\"https:\/\/kopperschmidt-spritztechnik.de\/wp-content\/uploads\/2020\/08\/Aircombi-Flachstrahl-Verstelld\u00fcsen_P\u00dc_E.pdf\" target=\"_blank\" rel=\"noopener noreferrer\"><span style=\"color: #00ccff;\">Nozzle Table for Airmix Nozzles<\/span><\/a> \u00a0\u00a0\u00a0<\/span>\u00a0\u00a0\u00a0\u00a0\u00a0 <span style=\"color: #808080;\"><span style=\"color: #00ccff;\"><a href=\"https:\/\/kopperschmidt24.de\/produkt\/standard-airlessduesen\/\" target=\"_blank\" rel=\"noopener noreferrer\" style=\"color: #00ccff;\">Prices<\/a><\/span><\/span><\/span><\/p>\n<p>[\/et_pb_text][\/et_pb_column][\/et_pb_row][\/et_pb_section]<\/p>\n","protected":false},"excerpt":{"rendered":"<p>[et_pb_section fb_built=&#8220;1&#8243; _builder_version=&#8220;4.0.6&#8243; use_background_color_gradient=&#8220;on&#8220;][et_pb_row _builder_version=&#8220;4.0.6&#8243;][et_pb_column type=&#8220;4_4&#8243; _builder_version=&#8220;4.0.6&#8243;][et_pb_text _builder_version=&#8220;4.5.1&#8243; use_background_color_gradient=&#8220;on&#8220; background_color_gradient_start=&#8220;#000000&#8243; background_color_gradient_end=&#8220;#c4c4c4&#8243;] Airlessd\u00fcsen [\/et_pb_text][\/et_pb_column][\/et_pb_row][et_pb_row column_structure=&#8220;1_3,1_3,1_3&#8243; _builder_version=&#8220;4.0.6&#8243; use_background_color_gradient=&#8220;on&#8220;][et_pb_column type=&#8220;1_3&#8243; _builder_version=&#8220;4.0.6&#8243;][et_pb_image src=&#8220;https:\/\/kopperschmidt-spritztechnik.de\/wp-content\/uploads\/2019\/12\/Prod_KS-Airless-Standard-Flachstrahld\u00fcse.jpg&#8220; title_text=&#8220;Prod_KS-Airless Standard Flachstrahld\u00fcse&#8220; _builder_version=&#8220;4.5.1&#8243; background_enable_image=&#8220;off&#8220;][\/et_pb_image][et_pb_image src=&#8220;https:\/\/kopperschmidt-spritztechnik.de\/wp-content\/uploads\/2019\/12\/Prod_Verstellduese.jpg&#8220; title_text=&#8220;Prod_Verstellduese&#8220; _builder_version=&#8220;4.5.1&#8243;][\/et_pb_image][et_pb_image src=&#8220;https:\/\/kopperschmidt-spritztechnik.de\/wp-content\/uploads\/2019\/12\/Prod_Aircombi-Flachstrahld\u00fcse-AC.jpg&#8220; title_text=&#8220;Prod_Aircombi-Flachstrahld\u00fcse AC&#8220; _builder_version=&#8220;4.5.1&#8243;][\/et_pb_image][\/et_pb_column][et_pb_column type=&#8220;1_3&#8243; _builder_version=&#8220;4.0.6&#8243;][et_pb_text _builder_version=&#8220;4.5.1&#8243; use_background_color_gradient=&#8220;on&#8220; background_color_gradient_start=&#8220;rgba(0,0,0,0)&#8220; background_color_gradient_end=&#8220;rgba(0,0,0,0)&#8220;] Airless-Flachstrahld\u00fcsen Airless-Flachstrahld\u00fcsen sind die Standardd\u00fcse f\u00fcr die Airless-Applikation fl\u00fcssiger Medien. Sie werden nach Spritzbreite und Spritzwinkel eingeteilt und [&hellip;]<\/p>\n","protected":false},"author":2,"featured_media":0,"parent":0,"menu_order":0,"comment_status":"closed","ping_status":"closed","template":"","meta":{"_seopress_robots_primary_cat":"","_seopress_titles_title":"Airless-D\u00fcsen von Kopperschmidt Spritztechnik","_seopress_titles_desc":"Airless-D\u00fcsen von Kopperschmidt Spritztechnik","_seopress_robots_index":"","_et_pb_use_builder":"on","_et_pb_old_content":"","_et_gb_content_width":"","footnotes":""},"class_list":["post-4832","page","type-page","status-publish","hentry"],"_links":{"self":[{"href":"https:\/\/kopperschmidt-spritztechnik.de\/index.php\/wp-json\/wp\/v2\/pages\/4832","targetHints":{"allow":["GET"]}}],"collection":[{"href":"https:\/\/kopperschmidt-spritztechnik.de\/index.php\/wp-json\/wp\/v2\/pages"}],"about":[{"href":"https:\/\/kopperschmidt-spritztechnik.de\/index.php\/wp-json\/wp\/v2\/types\/page"}],"author":[{"embeddable":true,"href":"https:\/\/kopperschmidt-spritztechnik.de\/index.php\/wp-json\/wp\/v2\/users\/2"}],"replies":[{"embeddable":true,"href":"https:\/\/kopperschmidt-spritztechnik.de\/index.php\/wp-json\/wp\/v2\/comments?post=4832"}],"version-history":[{"count":15,"href":"https:\/\/kopperschmidt-spritztechnik.de\/index.php\/wp-json\/wp\/v2\/pages\/4832\/revisions"}],"predecessor-version":[{"id":5792,"href":"https:\/\/kopperschmidt-spritztechnik.de\/index.php\/wp-json\/wp\/v2\/pages\/4832\/revisions\/5792"}],"wp:attachment":[{"href":"https:\/\/kopperschmidt-spritztechnik.de\/index.php\/wp-json\/wp\/v2\/media?parent=4832"}],"curies":[{"name":"wp","href":"https:\/\/api.w.org\/{rel}","templated":true}]}}