{"id":4905,"date":"2020-08-26T08:09:07","date_gmt":"2020-08-26T08:09:07","guid":{"rendered":"https:\/\/kopperschmidt-spritztechnik.de\/?page_id=4905"},"modified":"2026-03-18T09:18:35","modified_gmt":"2026-03-18T09:18:35","slug":"pumpenzubehoer","status":"publish","type":"page","link":"https:\/\/kopperschmidt-spritztechnik.de\/index.php\/pumpenzubehoer\/","title":{"rendered":"Pumpenzubeh\u00f6r"},"content":{"rendered":"<p>[et_pb_section fb_built=&#8220;1&#8243; _builder_version=&#8220;4.0.6&#8243; use_background_color_gradient=&#8220;on&#8220; background_color_gradient_start=&#8220;#000000&#8243; background_color_gradient_end=&#8220;#c4c4c4&#8243;][et_pb_row column_structure=&#8220;1_4,1_4,1_4,1_4&#8243; _builder_version=&#8220;4.0.6&#8243;][et_pb_column type=&#8220;1_4&#8243; _builder_version=&#8220;4.0.6&#8243;][et_pb_blurb title=&#8220;Filter f\u00fcr Pumpen&#8220; url=&#8220;https:\/\/kopperschmidt-spritztechnik.de\/index.php\/sieb-pn-500\/&#8220; image=&#8220;https:\/\/kopperschmidt-spritztechnik.de\/wp-content\/uploads\/2019\/12\/Prod_PN500.jpg&#8220; _builder_version=&#8220;4.5.1&#8243; text_orientation=&#8220;center&#8220; link_option_url=&#8220;https:\/\/kopperschmidt-spritztechnik.de\/index.php\/sieb-pn-500\/&#8220;]<\/p>\n<p><span style=\"color: #000000;\">Filter &amp; Siebeins\u00e4tze f\u00fcr Pumpen<\/span><\/p>\n<p>[\/et_pb_blurb][\/et_pb_column][et_pb_column type=&#8220;1_4&#8243; _builder_version=&#8220;4.0.6&#8243;][et_pb_blurb title=&#8220;Ansaugrohre starr&#8220; url=&#8220;https:\/\/kopperschmidt-spritztechnik.de\/index.php\/pu_ansaugrohre\/&#8220; image=&#8220;https:\/\/kopperschmidt-spritztechnik.de\/wp-content\/uploads\/2019\/12\/Prod_ASYS-Ansaugrohre-starr.jpg&#8220; _builder_version=&#8220;4.6.0&#8243; text_orientation=&#8220;center&#8220; link_option_url=&#8220;https:\/\/kopperschmidt-spritztechnik.de\/index.php\/pu_ansaugrohre\/&#8220;]<\/p>\n<p><span style=\"color: #000000;\">Ansaugrohre starr<br \/> <\/span><\/p>\n<p>[\/et_pb_blurb][\/et_pb_column][et_pb_column type=&#8220;1_4&#8243; _builder_version=&#8220;4.0.6&#8243;][et_pb_blurb title=&#8220;Ansaugsysteme flexibel&#8220; url=&#8220;https:\/\/kopperschmidt-spritztechnik.de\/index.php\/pu_ansaugsysteme\/&#8220; image=&#8220;https:\/\/kopperschmidt-spritztechnik.de\/wp-content\/uploads\/2019\/12\/Prod_ASYS-Ansaugsysteme-flexibel.jpg&#8220; _builder_version=&#8220;4.5.1&#8243; text_orientation=&#8220;center&#8220; link_option_url=&#8220;https:\/\/kopperschmidt-spritztechnik.de\/index.php\/pu_ansaugsysteme\/&#8220;]<\/p>\n<p><span style=\"color: #000000;\">Ansaugsysteme flexibel<br \/> <\/span><\/p>\n<p>[\/et_pb_blurb][\/et_pb_column][et_pb_column type=&#8220;1_4&#8243; _builder_version=&#8220;4.0.6&#8243;][et_pb_blurb title=&#8220;Ansaugsystem 4.5L Becher&#8220; url=&#8220;https:\/\/kopperschmidt-spritztechnik.de\/index.php\/pu_schwenkbecher\/&#8220; image=&#8220;https:\/\/kopperschmidt-spritztechnik.de\/wp-content\/uploads\/2020\/08\/ASYS-Schwenkbecher.jpg&#8220; _builder_version=&#8220;4.5.1&#8243; text_orientation=&#8220;center&#8220; link_option_url=&#8220;https:\/\/kopperschmidt-spritztechnik.de\/index.php\/pu_schwenkbecher\/&#8220;]<\/p>\n<p><span style=\"color: #000000;\">Ansaugsystem Schwenkbar oder Oberbeh\u00e4lter<br \/> <\/span><\/p>\n<p>[\/et_pb_blurb][\/et_pb_column][\/et_pb_row][\/et_pb_section][et_pb_section fb_built=&#8220;1&#8243; _builder_version=&#8220;4.0.9&#8243; use_background_color_gradient=&#8220;on&#8220; background_color_gradient_start=&#8220;#000000&#8243; background_color_gradient_end=&#8220;#c4c4c4&#8243; hover_enabled=&#8220;0&#8243; sticky_enabled=&#8220;0&#8243;][et_pb_row column_structure=&#8220;1_4,1_4,1_4,1_4&#8243; _builder_version=&#8220;4.0.9&#8243;][et_pb_column type=&#8220;1_4&#8243; _builder_version=&#8220;4.0.9&#8243;][et_pb_blurb title=&#8220;Anschlu\u00dfeinheiten&#8220; url=&#8220;https:\/\/kopperschmidt-spritztechnik.de\/index.php\/pu_anschlusseinheiten-pneum\/&#8220; image=&#8220;https:\/\/kopperschmidt-spritztechnik.de\/wp-content\/uploads\/2026\/03\/pneumatische-Anschlusseinheit-Uebersicht-Mano.jpg&#8220; _builder_version=&#8220;4.8.2&#8243; text_orientation=&#8220;center&#8220; link_option_url=&#8220;https:\/\/kopperschmidt-spritztechnik.de\/index.php\/pu_anschlusseinheiten-pneum\/&#8220; hover_enabled=&#8220;0&#8243; sticky_enabled=&#8220;0&#8243; title_text=&#8220;pneumatische Anschlu\u00dfeinheit \u00dcbersicht Mano&#8220;]<\/p>\n<p><span style=\"color: #000000;\">Pneumatische Anschlu\u00dfeinheiten f\u00fcr Kolben- und Membranpumpen<br \/> <\/span><\/p>\n<p>[\/et_pb_blurb][\/et_pb_column][et_pb_column type=&#8220;1_4&#8243; _builder_version=&#8220;4.0.9&#8243;][et_pb_blurb title=&#8220;Pumpenmontage&#8220; url=&#8220;https:\/\/kopperschmidt-spritztechnik.de\/index.php\/pumpenmontage&#8220; image=&#8220;https:\/\/kopperschmidt-spritztechnik.de\/wp-content\/uploads\/2020\/08\/Montagearten-Pumpen.jpg&#8220; _builder_version=&#8220;4.6.0&#8243; text_orientation=&#8220;center&#8220; link_option_url=&#8220;https:\/\/kopperschmidt-spritztechnik.de\/index.php\/pumpenmontage&#8220;]<\/p>\n<p><span style=\"color: #000000;\">Pumpenkarren, Stativ, Lifter, Wandwinkel, usw.<br \/> <\/span><\/p>\n<p>[\/et_pb_blurb][\/et_pb_column][et_pb_column type=&#8220;1_4&#8243; _builder_version=&#8220;4.0.9&#8243;][et_pb_blurb title=&#8220;Farbschl\u00e4uche&#8220; url_new_window=&#8220;on&#8220; image=&#8220;https:\/\/kopperschmidt-spritztechnik.de\/wp-content\/uploads\/2019\/12\/Prod_HD-Farbschlauch.jpg&#8220; _builder_version=&#8220;4.8.2&#8243; text_orientation=&#8220;center&#8220; link_option_url_new_window=&#8220;on&#8220;]<\/p>\n<p><span style=\"color: #000000;\">Standard Hochdruck-Farbschl\u00e4uche, elektrisch leitf\u00e4hig<br \/> <\/span><\/p>\n<p>[\/et_pb_blurb][\/et_pb_column][et_pb_column type=&#8220;1_4&#8243; _builder_version=&#8220;4.0.9&#8243;][et_pb_blurb title=&#8220;PTFE-Farbschl\u00e4uche&#8220; url_new_window=&#8220;on&#8220; image=&#8220;https:\/\/kopperschmidt-spritztechnik.de\/wp-content\/uploads\/2019\/12\/Prod_PTFE-Schlauch.jpg&#8220; _builder_version=&#8220;4.8.2&#8243; text_orientation=&#8220;center&#8220; link_option_url_new_window=&#8220;on&#8220;]<\/p>\n<p><span style=\"color: #000000;\">PTFE-Hochdruck-Farbschl\u00e4uche, elektrisch leitf\u00e4hig<br \/> <\/span><\/p>\n<p>[\/et_pb_blurb][\/et_pb_column][\/et_pb_row][\/et_pb_section]<\/p>\n","protected":false},"excerpt":{"rendered":"<p>[et_pb_section fb_built=&#8220;1&#8243; _builder_version=&#8220;4.0.6&#8243; use_background_color_gradient=&#8220;on&#8220; background_color_gradient_start=&#8220;#000000&#8243; background_color_gradient_end=&#8220;#c4c4c4&#8243;][et_pb_row column_structure=&#8220;1_4,1_4,1_4,1_4&#8243; _builder_version=&#8220;4.0.6&#8243;][et_pb_column type=&#8220;1_4&#8243; _builder_version=&#8220;4.0.6&#8243;][et_pb_blurb title=&#8220;Filter f\u00fcr Pumpen&#8220; url=&#8220;https:\/\/kopperschmidt-spritztechnik.de\/index.php\/sieb-pn-500\/&#8220; image=&#8220;https:\/\/kopperschmidt-spritztechnik.de\/wp-content\/uploads\/2019\/12\/Prod_PN500.jpg&#8220; _builder_version=&#8220;4.5.1&#8243; text_orientation=&#8220;center&#8220; link_option_url=&#8220;https:\/\/kopperschmidt-spritztechnik.de\/index.php\/sieb-pn-500\/&#8220;] Filter &amp; Siebeins\u00e4tze f\u00fcr Pumpen [\/et_pb_blurb][\/et_pb_column][et_pb_column type=&#8220;1_4&#8243; _builder_version=&#8220;4.0.6&#8243;][et_pb_blurb title=&#8220;Ansaugrohre starr&#8220; url=&#8220;https:\/\/kopperschmidt-spritztechnik.de\/index.php\/pu_ansaugrohre\/&#8220; image=&#8220;https:\/\/kopperschmidt-spritztechnik.de\/wp-content\/uploads\/2019\/12\/Prod_ASYS-Ansaugrohre-starr.jpg&#8220; _builder_version=&#8220;4.6.0&#8243; text_orientation=&#8220;center&#8220; link_option_url=&#8220;https:\/\/kopperschmidt-spritztechnik.de\/index.php\/pu_ansaugrohre\/&#8220;] Ansaugrohre starr [\/et_pb_blurb][\/et_pb_column][et_pb_column type=&#8220;1_4&#8243; _builder_version=&#8220;4.0.6&#8243;][et_pb_blurb title=&#8220;Ansaugsysteme flexibel&#8220; url=&#8220;https:\/\/kopperschmidt-spritztechnik.de\/index.php\/pu_ansaugsysteme\/&#8220; image=&#8220;https:\/\/kopperschmidt-spritztechnik.de\/wp-content\/uploads\/2019\/12\/Prod_ASYS-Ansaugsysteme-flexibel.jpg&#8220; _builder_version=&#8220;4.5.1&#8243; text_orientation=&#8220;center&#8220; link_option_url=&#8220;https:\/\/kopperschmidt-spritztechnik.de\/index.php\/pu_ansaugsysteme\/&#8220;] Ansaugsysteme flexibel [\/et_pb_blurb][\/et_pb_column][et_pb_column type=&#8220;1_4&#8243; _builder_version=&#8220;4.0.6&#8243;][et_pb_blurb title=&#8220;Ansaugsystem 4.5L Becher&#8220; url=&#8220;https:\/\/kopperschmidt-spritztechnik.de\/index.php\/pu_schwenkbecher\/&#8220; image=&#8220;https:\/\/kopperschmidt-spritztechnik.de\/wp-content\/uploads\/2020\/08\/ASYS-Schwenkbecher.jpg&#8220; [&hellip;]<\/p>\n","protected":false},"author":2,"featured_media":0,"parent":0,"menu_order":0,"comment_status":"closed","ping_status":"closed","template":"","meta":{"_seopress_robots_primary_cat":"","_seopress_titles_title":"Pumpenzubeh\u00f6r","_seopress_titles_desc":"Zubeh\u00f6r f\u00fcr Kopperschmidt Pumpen: Filter, Ansaugsysteme, Schl\u00e4uche, Anschlu\u00dfeinheiten, Pumpenmontage, Kugelh\u00e4hne, Manometer, Verschraubungen, usw.","_seopress_robots_index":"","_et_pb_use_builder":"on","_et_pb_old_content":"","_et_gb_content_width":"","footnotes":""},"class_list":["post-4905","page","type-page","status-publish","hentry"],"_links":{"self":[{"href":"https:\/\/kopperschmidt-spritztechnik.de\/index.php\/wp-json\/wp\/v2\/pages\/4905","targetHints":{"allow":["GET"]}}],"collection":[{"href":"https:\/\/kopperschmidt-spritztechnik.de\/index.php\/wp-json\/wp\/v2\/pages"}],"about":[{"href":"https:\/\/kopperschmidt-spritztechnik.de\/index.php\/wp-json\/wp\/v2\/types\/page"}],"author":[{"embeddable":true,"href":"https:\/\/kopperschmidt-spritztechnik.de\/index.php\/wp-json\/wp\/v2\/users\/2"}],"replies":[{"embeddable":true,"href":"https:\/\/kopperschmidt-spritztechnik.de\/index.php\/wp-json\/wp\/v2\/comments?post=4905"}],"version-history":[{"count":24,"href":"https:\/\/kopperschmidt-spritztechnik.de\/index.php\/wp-json\/wp\/v2\/pages\/4905\/revisions"}],"predecessor-version":[{"id":7634,"href":"https:\/\/kopperschmidt-spritztechnik.de\/index.php\/wp-json\/wp\/v2\/pages\/4905\/revisions\/7634"}],"wp:attachment":[{"href":"https:\/\/kopperschmidt-spritztechnik.de\/index.php\/wp-json\/wp\/v2\/media?parent=4905"}],"curies":[{"name":"wp","href":"https:\/\/api.w.org\/{rel}","templated":true}]}}