{"id":506,"date":"2019-11-11T11:33:05","date_gmt":"2019-11-11T11:33:05","guid":{"rendered":"https:\/\/kopperschmidt-spritztechnik.de\/?page_id=506"},"modified":"2025-03-27T10:38:06","modified_gmt":"2025-03-27T10:38:06","slug":"materialhandling","status":"publish","type":"page","link":"https:\/\/kopperschmidt-spritztechnik.de\/index.php\/materialhandling\/","title":{"rendered":"Materialhandling"},"content":{"rendered":"<p>[et_pb_section fb_built=&#8220;1&#8243; _builder_version=&#8220;4.0.6&#8243; use_background_color_gradient=&#8220;on&#8220; background_color_gradient_start=&#8220;#000000&#8243; background_color_gradient_end=&#8220;#c4c4c4&#8243;][et_pb_row column_structure=&#8220;1_4,1_4,1_4,1_4&#8243; _builder_version=&#8220;4.0.6&#8243;][et_pb_column type=&#8220;1_4&#8243; _builder_version=&#8220;4.0.6&#8243;][et_pb_blurb title=&#8220;Materialdruckregler&#8220; url=&#8220;https:\/\/kopperschmidt-spritztechnik.de\/index.php\/materialhandling\/materialdruckregler-manuell\/&#8220; image=&#8220;https:\/\/kopperschmidt-spritztechnik.de\/wp-content\/uploads\/2025\/03\/ProKat_Manuelle_MRegler.jpg&#8220; _builder_version=&#8220;4.8.2&#8243; text_orientation=&#8220;center&#8220; link_option_url=&#8220;https:\/\/kopperschmidt-spritztechnik.de\/index.php\/materialhandling\/materialdruckregler-manuell\/&#8220; hover_enabled=&#8220;0&#8243; sticky_enabled=&#8220;0&#8243;]<\/p>\n<p><span style=\"color: #000000;\">Manuell bet\u00e4tigte Materialdruckregler<\/span><\/p>\n<p>[\/et_pb_blurb][\/et_pb_column][et_pb_column type=&#8220;1_4&#8243; _builder_version=&#8220;4.0.6&#8243;][et_pb_blurb title=&#8220;Materialdruckregler&#8220; url=&#8220;https:\/\/kopperschmidt-spritztechnik.de\/index.php\/automatisierungstechnik\/materialdruckregler-pneumatisch\/&#8220; image=&#8220;https:\/\/kopperschmidt-spritztechnik.de\/wp-content\/uploads\/2019\/12\/ProKat_Pneumatische-Materialdruckregler.jpg&#8220; _builder_version=&#8220;4.0.6&#8243; text_orientation=&#8220;center&#8220; link_option_url=&#8220;https:\/\/kopperschmidt-spritztechnik.de\/index.php\/automatisierungstechnik\/materialdruckregler-pneumatisch\/&#8220;]<\/p>\n<p><span style=\"color: #000000;\">Pneumatisch angesteuerte Materialdruckregler<\/span><br \/> <span style=\"color: #000000;\"><\/span><span style=\"color: #000000;\"><\/span><\/p>\n<p>[\/et_pb_blurb][\/et_pb_column][et_pb_column type=&#8220;1_4&#8243; _builder_version=&#8220;4.0.6&#8243;][et_pb_blurb title=&#8220;Pneumatiklifter&#8220; url=&#8220;https:\/\/kopperschmidt-spritztechnik.de\/index.php\/materialhandling\/pneumatiklifter\/&#8220; image=&#8220;https:\/\/kopperschmidt-spritztechnik.de\/wp-content\/uploads\/2019\/11\/ProKat_Lifter_30l_200l.jpg&#8220; _builder_version=&#8220;4.0.6&#8243; text_orientation=&#8220;center&#8220; link_option_url=&#8220;https:\/\/kopperschmidt-spritztechnik.de\/index.php\/materialhandling\/pneumatiklifter\/&#8220;]<\/p>\n<p><span style=\"color: #000000;\">Druckluftbetriebene Heber f\u00fcr Gebindegr\u00f6\u00dfen 30 liter und 200 Liter<\/span><\/p>\n<p>[\/et_pb_blurb][\/et_pb_column][et_pb_column type=&#8220;1_4&#8243; _builder_version=&#8220;4.0.6&#8243;][et_pb_blurb title=&#8220;R\u00fchrwerke&#8220; url=&#8220;https:\/\/kopperschmidt-spritztechnik.de\/index.php\/materialhandling\/ruehrwerke\/&#8220; image=&#8220;https:\/\/kopperschmidt-spritztechnik.de\/wp-content\/uploads\/2025\/03\/ProKat_Ruehrwerke.jpg&#8220; _builder_version=&#8220;4.8.2&#8243; text_orientation=&#8220;center&#8220; link_option_url=&#8220;https:\/\/kopperschmidt-spritztechnik.de\/index.php\/materialhandling\/ruehrwerke\/&#8220; hover_enabled=&#8220;0&#8243; sticky_enabled=&#8220;0&#8243;]<\/p>\n<p><span style=\"color: #000000;\">Elektrisch und druckluftbetriebene R\u00fchrwerke<\/span><\/p>\n<p>[\/et_pb_blurb][\/et_pb_column][\/et_pb_row][\/et_pb_section][et_pb_section fb_built=&#8220;1&#8243; _builder_version=&#8220;4.0.6&#8243; use_background_color_gradient=&#8220;on&#8220; background_color_gradient_start=&#8220;#000000&#8243; background_color_gradient_end=&#8220;#c4c4c4&#8243;][et_pb_row column_structure=&#8220;1_4,1_4,1_4,1_4&#8243; _builder_version=&#8220;4.0.6&#8243;][et_pb_column type=&#8220;1_4&#8243; _builder_version=&#8220;4.0.6&#8243;][\/et_pb_column][et_pb_column type=&#8220;1_4&#8243; _builder_version=&#8220;4.0.6&#8243;][et_pb_blurb title=&#8220;Hydrospeicher&#8220; url=&#8220;https:\/\/kopperschmidt24.de\/produkt\/pulsationsdaempfer\/&#8220; url_new_window=&#8220;on&#8220; image=&#8220;https:\/\/kopperschmidt-spritztechnik.de\/wp-content\/uploads\/2019\/11\/Prod_Hydrospeicher.jpg&#8220; _builder_version=&#8220;4.8.2&#8243; text_orientation=&#8220;center&#8220; link_option_url=&#8220;https:\/\/kopperschmidt24.de\/produkt\/pulsationsdaempfer\/&#8220; link_option_url_new_window=&#8220;on&#8220;]<\/p>\n<p><span style=\"color: #000000;\">Pulsationsd\u00e4mpfer bis 25 Bar<\/span><\/p>\n<p>[\/et_pb_blurb][\/et_pb_column][et_pb_column type=&#8220;1_4&#8243; _builder_version=&#8220;4.0.6&#8243;][\/et_pb_column][et_pb_column type=&#8220;1_4&#8243; _builder_version=&#8220;4.0.6&#8243;][\/et_pb_column][\/et_pb_row][\/et_pb_section]<\/p>\n","protected":false},"excerpt":{"rendered":"<p>[et_pb_section fb_built=&#8220;1&#8243; _builder_version=&#8220;4.0.6&#8243; use_background_color_gradient=&#8220;on&#8220; background_color_gradient_start=&#8220;#000000&#8243; background_color_gradient_end=&#8220;#c4c4c4&#8243;][et_pb_row column_structure=&#8220;1_4,1_4,1_4,1_4&#8243; _builder_version=&#8220;4.0.6&#8243;][et_pb_column type=&#8220;1_4&#8243; _builder_version=&#8220;4.0.6&#8243;][et_pb_blurb title=&#8220;Materialdruckregler&#8220; url=&#8220;https:\/\/kopperschmidt-spritztechnik.de\/index.php\/materialhandling\/materialdruckregler-manuell\/&#8220; image=&#8220;https:\/\/kopperschmidt-spritztechnik.de\/wp-content\/uploads\/2025\/03\/ProKat_Manuelle_MRegler.jpg&#8220; _builder_version=&#8220;4.8.2&#8243; text_orientation=&#8220;center&#8220; link_option_url=&#8220;https:\/\/kopperschmidt-spritztechnik.de\/index.php\/materialhandling\/materialdruckregler-manuell\/&#8220; hover_enabled=&#8220;0&#8243; sticky_enabled=&#8220;0&#8243;] Manuell bet\u00e4tigte Materialdruckregler [\/et_pb_blurb][\/et_pb_column][et_pb_column type=&#8220;1_4&#8243; _builder_version=&#8220;4.0.6&#8243;][et_pb_blurb title=&#8220;Materialdruckregler&#8220; url=&#8220;https:\/\/kopperschmidt-spritztechnik.de\/index.php\/automatisierungstechnik\/materialdruckregler-pneumatisch\/&#8220; image=&#8220;https:\/\/kopperschmidt-spritztechnik.de\/wp-content\/uploads\/2019\/12\/ProKat_Pneumatische-Materialdruckregler.jpg&#8220; _builder_version=&#8220;4.0.6&#8243; text_orientation=&#8220;center&#8220; link_option_url=&#8220;https:\/\/kopperschmidt-spritztechnik.de\/index.php\/automatisierungstechnik\/materialdruckregler-pneumatisch\/&#8220;] Pneumatisch angesteuerte Materialdruckregler [\/et_pb_blurb][\/et_pb_column][et_pb_column type=&#8220;1_4&#8243; _builder_version=&#8220;4.0.6&#8243;][et_pb_blurb title=&#8220;Pneumatiklifter&#8220; url=&#8220;https:\/\/kopperschmidt-spritztechnik.de\/index.php\/materialhandling\/pneumatiklifter\/&#8220; image=&#8220;https:\/\/kopperschmidt-spritztechnik.de\/wp-content\/uploads\/2019\/11\/ProKat_Lifter_30l_200l.jpg&#8220; _builder_version=&#8220;4.0.6&#8243; text_orientation=&#8220;center&#8220; link_option_url=&#8220;https:\/\/kopperschmidt-spritztechnik.de\/index.php\/materialhandling\/pneumatiklifter\/&#8220;] Druckluftbetriebene Heber f\u00fcr Gebindegr\u00f6\u00dfen 30 liter und 200 Liter [\/et_pb_blurb][\/et_pb_column][et_pb_column type=&#8220;1_4&#8243; _builder_version=&#8220;4.0.6&#8243;][et_pb_blurb title=&#8220;R\u00fchrwerke&#8220; [&hellip;]<\/p>\n","protected":false},"author":1,"featured_media":0,"parent":0,"menu_order":0,"comment_status":"closed","ping_status":"closed","template":"","meta":{"_seopress_robots_primary_cat":"","_seopress_titles_title":"","_seopress_titles_desc":"Anlagenkomponenten von Eurotechnik: Materialdruckregler, Pneumatiklifter, R\u00fchrwerke, Farberhitzer, Materialbeh\u00e4lter, Hydrospeicher","_seopress_robots_index":"","_et_pb_use_builder":"on","_et_pb_old_content":"<!-- wp:divi\/placeholder \/-->","_et_gb_content_width":"","footnotes":""},"class_list":["post-506","page","type-page","status-publish","hentry"],"_links":{"self":[{"href":"https:\/\/kopperschmidt-spritztechnik.de\/index.php\/wp-json\/wp\/v2\/pages\/506","targetHints":{"allow":["GET"]}}],"collection":[{"href":"https:\/\/kopperschmidt-spritztechnik.de\/index.php\/wp-json\/wp\/v2\/pages"}],"about":[{"href":"https:\/\/kopperschmidt-spritztechnik.de\/index.php\/wp-json\/wp\/v2\/types\/page"}],"author":[{"embeddable":true,"href":"https:\/\/kopperschmidt-spritztechnik.de\/index.php\/wp-json\/wp\/v2\/users\/1"}],"replies":[{"embeddable":true,"href":"https:\/\/kopperschmidt-spritztechnik.de\/index.php\/wp-json\/wp\/v2\/comments?post=506"}],"version-history":[{"count":26,"href":"https:\/\/kopperschmidt-spritztechnik.de\/index.php\/wp-json\/wp\/v2\/pages\/506\/revisions"}],"predecessor-version":[{"id":6733,"href":"https:\/\/kopperschmidt-spritztechnik.de\/index.php\/wp-json\/wp\/v2\/pages\/506\/revisions\/6733"}],"wp:attachment":[{"href":"https:\/\/kopperschmidt-spritztechnik.de\/index.php\/wp-json\/wp\/v2\/media?parent=506"}],"curies":[{"name":"wp","href":"https:\/\/api.w.org\/{rel}","templated":true}]}}