{"id":516,"date":"2019-11-11T11:33:46","date_gmt":"2019-11-11T11:33:46","guid":{"rendered":"https:\/\/kopperschmidt-spritztechnik.de\/?page_id=516"},"modified":"2026-03-19T08:47:58","modified_gmt":"2026-03-19T08:47:58","slug":"pumpentechnik","status":"publish","type":"page","link":"https:\/\/kopperschmidt-spritztechnik.de\/index.php\/pumpentechnik\/","title":{"rendered":"Pumpentechnik"},"content":{"rendered":"<p>[et_pb_section fb_built=&#8220;1&#8243; _builder_version=&#8220;4.0.6&#8243; background_color=&#8220;rgba(160,160,160,0)&#8220; use_background_color_gradient=&#8220;on&#8220; background_color_gradient_start=&#8220;#000000&#8243; background_color_gradient_end=&#8220;#c4c4c4&#8243;][et_pb_row column_structure=&#8220;1_3,1_3,1_3&#8243; _builder_version=&#8220;4.0.6&#8243;][et_pb_column type=&#8220;1_3&#8243; _builder_version=&#8220;4.0.6&#8243;][et_pb_blurb title=&#8220;Doppelmembranpumpen&#8220; url=&#8220;https:\/\/kopperschmidt-spritztechnik.de\/index.php\/pumpentechnik\/membranpumpen\/&#8220; image=&#8220;https:\/\/kopperschmidt-spritztechnik.de\/wp-content\/uploads\/2025\/06\/ProKat-MePus.jpg&#8220; _builder_version=&#8220;4.8.2&#8243; text_orientation=&#8220;center&#8220; link_option_url=&#8220;https:\/\/kopperschmidt-spritztechnik.de\/index.php\/pumpentechnik\/membranpumpen\/&#8220;]<\/p>\n<p><span style=\"color: #000000;\">Druckluftbetriebene Doppelmembranpumpen bis 4:1 \u00dcbersetzungsverh\u00e4ltnis in den Baugr\u00f6\u00dfen 3\/8&#8243;, 1\/2&#8243; und 1&#8243;<\/span><\/p>\n<p>[\/et_pb_blurb][\/et_pb_column][et_pb_column type=&#8220;1_3&#8243; _builder_version=&#8220;4.0.6&#8243;][et_pb_blurb title=&#8220;Kolbenpumpen&#8220; url=&#8220;https:\/\/kopperschmidt-spritztechnik.de\/index.php\/pumpentechnik\/kolbenpumpen\/&#8220; image=&#8220;https:\/\/kopperschmidt-spritztechnik.de\/wp-content\/uploads\/2019\/11\/ProKat_KoPu.jpg&#8220; _builder_version=&#8220;4.0.6&#8243; text_orientation=&#8220;center&#8220; link_option_url=&#8220;https:\/\/kopperschmidt-spritztechnik.de\/index.php\/pumpentechnik\/kolbenpumpen\/&#8220;]<\/p>\n<p><span style=\"color: #000000;\">Druckluftbetriebene Kolbenpumpen M2001, P2001 und T2001<\/span><\/p>\n<p>[\/et_pb_blurb][\/et_pb_column][et_pb_column type=&#8220;1_3&#8243; _builder_version=&#8220;4.0.6&#8243;][et_pb_blurb title=&#8220;Hochdruckpumpen TAP&#8220; url=&#8220;https:\/\/kopperschmidt-spritztechnik.de\/index.php\/pumpentechnik\/hochdruckpumpen-tap\/&#8220; image=&#8220;https:\/\/kopperschmidt-spritztechnik.de\/wp-content\/uploads\/2020\/02\/Hochdruckpumpen-TAP-\u00dcbersicht.jpg&#8220; _builder_version=&#8220;4.0.9&#8243; text_orientation=&#8220;center&#8220; link_option_url=&#8220;https:\/\/kopperschmidt-spritztechnik.de\/index.php\/pumpentechnik\/hochdruckpumpen-tap\/f&#8220;]<\/p>\n<p><span style=\"color: #000000;\">Hochdruckpumpen TAP f\u00fcr Druckpr\u00fcfungen bis 600 Bar<\/span><\/p>\n<p>[\/et_pb_blurb][\/et_pb_column][\/et_pb_row][\/et_pb_section][et_pb_section fb_built=&#8220;1&#8243; _builder_version=&#8220;4.0.6&#8243; use_background_color_gradient=&#8220;on&#8220; background_color_gradient_start=&#8220;#000000&#8243; background_color_gradient_end=&#8220;#c4c4c4&#8243;][et_pb_row column_structure=&#8220;1_3,1_3,1_3&#8243; _builder_version=&#8220;4.0.6&#8243;][et_pb_column type=&#8220;1_3&#8243; _builder_version=&#8220;4.0.6&#8243;][et_pb_blurb title=&#8220;Sieb PN 500&#8243; url=&#8220;https:\/\/kopperschmidt-spritztechnik.de\/index.php\/sieb-pn-500\/&#8220; image=&#8220;https:\/\/kopperschmidt-spritztechnik.de\/wp-content\/uploads\/2019\/12\/ProKat_PN500.jpg&#8220; _builder_version=&#8220;4.5.1&#8243; text_orientation=&#8220;center&#8220; link_option_url=&#8220;https:\/\/kopperschmidt-spritztechnik.de\/index.php\/sieb-pn-500\/&#8220;]<\/p>\n<p><span style=\"color: #000000;\">Materialfilter bis 500 Bar<\/span><\/p>\n<p>[\/et_pb_blurb][\/et_pb_column][et_pb_column type=&#8220;1_3&#8243; _builder_version=&#8220;4.0.6&#8243;][\/et_pb_column][et_pb_column type=&#8220;1_3&#8243; _builder_version=&#8220;4.0.6&#8243;][et_pb_blurb title=&#8220;Pumpenzubeh\u00f6r&#8220; url=&#8220;https:\/\/kopperschmidt-spritztechnik.de\/index.php\/pumpenzubehoer\/&#8220; image=&#8220;https:\/\/kopperschmidt-spritztechnik.de\/wp-content\/uploads\/2026\/03\/ProKat_Pumpenzubehoer.jpg&#8220; _builder_version=&#8220;4.8.2&#8243; text_orientation=&#8220;center&#8220; link_option_url=&#8220;https:\/\/kopperschmidt-spritztechnik.de\/index.php\/pumpenzubehoer\/&#8220; hover_enabled=&#8220;0&#8243; title_text=&#8220;ProKat_Pumpenzubeh\u00f6r&#8220; sticky_enabled=&#8220;0&#8243;]<\/p>\n<p><span style=\"color: #000000;\">Pumpenzubeh\u00f6r:<\/span><br \/> <span style=\"color: #000000;\"> Ansaugsysteme, Schl\u00e4uche, Anschlu\u00dfeinheiten, Pumpenaufstellung &amp; Montage<\/span><\/p>\n<p>[\/et_pb_blurb][\/et_pb_column][\/et_pb_row][\/et_pb_section]<\/p>\n","protected":false},"excerpt":{"rendered":"<p>[et_pb_section fb_built=&#8220;1&#8243; _builder_version=&#8220;4.0.6&#8243; background_color=&#8220;rgba(160,160,160,0)&#8220; use_background_color_gradient=&#8220;on&#8220; background_color_gradient_start=&#8220;#000000&#8243; background_color_gradient_end=&#8220;#c4c4c4&#8243;][et_pb_row column_structure=&#8220;1_3,1_3,1_3&#8243; _builder_version=&#8220;4.0.6&#8243;][et_pb_column type=&#8220;1_3&#8243; _builder_version=&#8220;4.0.6&#8243;][et_pb_blurb title=&#8220;Doppelmembranpumpen&#8220; url=&#8220;https:\/\/kopperschmidt-spritztechnik.de\/index.php\/pumpentechnik\/membranpumpen\/&#8220; image=&#8220;https:\/\/kopperschmidt-spritztechnik.de\/wp-content\/uploads\/2025\/06\/ProKat-MePus.jpg&#8220; _builder_version=&#8220;4.8.2&#8243; text_orientation=&#8220;center&#8220; link_option_url=&#8220;https:\/\/kopperschmidt-spritztechnik.de\/index.php\/pumpentechnik\/membranpumpen\/&#8220;] Druckluftbetriebene Doppelmembranpumpen bis 4:1 \u00dcbersetzungsverh\u00e4ltnis in den Baugr\u00f6\u00dfen 3\/8&#8243;, 1\/2&#8243; und 1&#8243; [\/et_pb_blurb][\/et_pb_column][et_pb_column type=&#8220;1_3&#8243; _builder_version=&#8220;4.0.6&#8243;][et_pb_blurb title=&#8220;Kolbenpumpen&#8220; url=&#8220;https:\/\/kopperschmidt-spritztechnik.de\/index.php\/pumpentechnik\/kolbenpumpen\/&#8220; image=&#8220;https:\/\/kopperschmidt-spritztechnik.de\/wp-content\/uploads\/2019\/11\/ProKat_KoPu.jpg&#8220; _builder_version=&#8220;4.0.6&#8243; text_orientation=&#8220;center&#8220; link_option_url=&#8220;https:\/\/kopperschmidt-spritztechnik.de\/index.php\/pumpentechnik\/kolbenpumpen\/&#8220;] Druckluftbetriebene Kolbenpumpen M2001, P2001 und T2001 [\/et_pb_blurb][\/et_pb_column][et_pb_column type=&#8220;1_3&#8243; _builder_version=&#8220;4.0.6&#8243;][et_pb_blurb title=&#8220;Hochdruckpumpen TAP&#8220; url=&#8220;https:\/\/kopperschmidt-spritztechnik.de\/index.php\/pumpentechnik\/hochdruckpumpen-tap\/&#8220; image=&#8220;https:\/\/kopperschmidt-spritztechnik.de\/wp-content\/uploads\/2020\/02\/Hochdruckpumpen-TAP-\u00dcbersicht.jpg&#8220; _builder_version=&#8220;4.0.9&#8243; text_orientation=&#8220;center&#8220; link_option_url=&#8220;https:\/\/kopperschmidt-spritztechnik.de\/index.php\/pumpentechnik\/hochdruckpumpen-tap\/f&#8220;] Hochdruckpumpen [&hellip;]<\/p>\n","protected":false},"author":1,"featured_media":0,"parent":0,"menu_order":0,"comment_status":"closed","ping_status":"closed","template":"","meta":{"_seopress_robots_primary_cat":"","_seopress_titles_title":"","_seopress_titles_desc":"Pumpen Made in Germany: Membranpumpen, Kolbenpumpen, Hochdruckpumpen, Faltenbalgpumpen, Pumpenzubeh\u00f6r, Lackfilter","_seopress_robots_index":"","_et_pb_use_builder":"on","_et_pb_old_content":"<!-- wp:divi\/placeholder \/-->","_et_gb_content_width":"","footnotes":""},"class_list":["post-516","page","type-page","status-publish","hentry"],"_links":{"self":[{"href":"https:\/\/kopperschmidt-spritztechnik.de\/index.php\/wp-json\/wp\/v2\/pages\/516","targetHints":{"allow":["GET"]}}],"collection":[{"href":"https:\/\/kopperschmidt-spritztechnik.de\/index.php\/wp-json\/wp\/v2\/pages"}],"about":[{"href":"https:\/\/kopperschmidt-spritztechnik.de\/index.php\/wp-json\/wp\/v2\/types\/page"}],"author":[{"embeddable":true,"href":"https:\/\/kopperschmidt-spritztechnik.de\/index.php\/wp-json\/wp\/v2\/users\/1"}],"replies":[{"embeddable":true,"href":"https:\/\/kopperschmidt-spritztechnik.de\/index.php\/wp-json\/wp\/v2\/comments?post=516"}],"version-history":[{"count":27,"href":"https:\/\/kopperschmidt-spritztechnik.de\/index.php\/wp-json\/wp\/v2\/pages\/516\/revisions"}],"predecessor-version":[{"id":7644,"href":"https:\/\/kopperschmidt-spritztechnik.de\/index.php\/wp-json\/wp\/v2\/pages\/516\/revisions\/7644"}],"wp:attachment":[{"href":"https:\/\/kopperschmidt-spritztechnik.de\/index.php\/wp-json\/wp\/v2\/media?parent=516"}],"curies":[{"name":"wp","href":"https:\/\/api.w.org\/{rel}","templated":true}]}}