{"id":5230,"date":"2021-01-07T09:03:22","date_gmt":"2021-01-07T09:03:22","guid":{"rendered":"https:\/\/kopperschmidt-spritztechnik.de\/?page_id=5230"},"modified":"2021-05-07T07:52:40","modified_gmt":"2021-05-07T07:52:40","slug":"pumpenmontage","status":"publish","type":"page","link":"https:\/\/kopperschmidt-spritztechnik.de\/index.php\/pumpenmontage\/","title":{"rendered":"Pumpenmontage"},"content":{"rendered":"\n[et_pb_section fb_built=&#8220;1&#8243; _builder_version=&#8220;4.0.6&#8243; use_background_color_gradient=&#8220;on&#8220; background_color_gradient_start=&#8220;#000000&#8243; background_color_gradient_end=&#8220;#c4c4c4&#8243;][et_pb_row column_structure=&#8220;1_4,1_4,1_4,1_4&#8243; _builder_version=&#8220;4.0.6&#8243;][et_pb_column type=&#8220;1_4&#8243; _builder_version=&#8220;4.0.6&#8243;][et_pb_blurb title=&#8220;Pumpenmontage station\u00e4r&#8220; image=&#8220;https:\/\/kopperschmidt-spritztechnik.de\/wp-content\/uploads\/2019\/11\/Shop_KS20853_Wandmontagesatz.jpg&#8220; _builder_version=&#8220;4.6.0&#8243; text_orientation=&#8220;center&#8220;]<p><span style=\"color: #000000;\">Wand-, Deckel- oder Bodenmontage<br \/> <\/span><\/p>\n<p><span style=\"color: #000000;\">f\u00fcr Kolbenpumpen und Membranpumpen<br \/> <\/span><\/p>[\/et_pb_blurb][\/et_pb_column][et_pb_column type=&#8220;1_4&#8243; _builder_version=&#8220;4.0.6&#8243;][et_pb_blurb title=&#8220;Pumpenmontage station\u00e4r mit Hubvorrichtung&#8220; image=&#8220;https:\/\/kopperschmidt-spritztechnik.de\/wp-content\/uploads\/2019\/11\/Shop_Lifter_30L_EHB_Mepu_stand.jpg&#8220; _builder_version=&#8220;4.8.2&#8243; text_orientation=&#8220;center&#8220; hover_enabled=&#8220;0&#8243; url=&#8220;https:\/\/kopperschmidt-spritztechnik.de\/index.php\/materialhandling\/pneumatiklifter\/&#8220; link_option_url=&#8220;https:\/\/kopperschmidt-spritztechnik.de\/index.php\/materialhandling\/pneumatiklifter\/&#8220; sticky_enabled=&#8220;0&#8243;]<p><span style=\"color: #000000;\">station\u00e4re Pneumatiklifter<br \/> <\/span><\/p>\n<p><span style=\"color: #000000;\">f\u00fcr Kolbenpumpen und Membranpumpen<br \/> <\/span><\/p>[\/et_pb_blurb][\/et_pb_column][et_pb_column type=&#8220;1_4&#8243; _builder_version=&#8220;4.0.6&#8243;][et_pb_blurb title=&#8220;Pumpenmontage mobil&#8220; image=&#8220;https:\/\/kopperschmidt-spritztechnik.de\/wp-content\/uploads\/2020\/08\/T2001_300-110_150_200_P-Wagen.jpg&#8220; _builder_version=&#8220;4.6.0&#8243; text_orientation=&#8220;center&#8220;]<p><span style=\"color: #000000;\">Pumpenkarren, Pumpenwagen, mobile Lifter<br \/> <\/span><\/p>\n<p><span style=\"color: #000000;\">f\u00fcr Kolbenpumpen und Membranpumpen<br \/> <\/span><\/p>[\/et_pb_blurb][\/et_pb_column][et_pb_column type=&#8220;1_4&#8243; _builder_version=&#8220;4.0.6&#8243;][et_pb_blurb title=&#8220;Pumpenmontage mobil mit Hubvorrichtung&#8220; image=&#8220;https:\/\/kopperschmidt-spritztechnik.de\/wp-content\/uploads\/2019\/11\/Shop_Lifter_30L_EHB_Mepu_mobil.jpg&#8220; _builder_version=&#8220;4.8.2&#8243; text_orientation=&#8220;center&#8220; hover_enabled=&#8220;0&#8243; url=&#8220;https:\/\/kopperschmidt-spritztechnik.de\/index.php\/materialhandling\/pneumatiklifter\/&#8220; link_option_url=&#8220;https:\/\/kopperschmidt-spritztechnik.de\/index.php\/materialhandling\/pneumatiklifter\/&#8220; sticky_enabled=&#8220;0&#8243;]<p><span style=\"color: #000000;\">mobile Pneumatiklifter<br \/> <\/span><\/p>\n<p><span style=\"color: #000000;\">f\u00fcr Kolbenpumpen und Membranpumpen<br \/> <\/span><\/p>[\/et_pb_blurb][\/et_pb_column][\/et_pb_row][\/et_pb_section]\n","protected":false},"excerpt":{"rendered":"","protected":false},"author":2,"featured_media":0,"parent":0,"menu_order":0,"comment_status":"closed","ping_status":"closed","template":"","meta":{"_seopress_robots_primary_cat":"","_seopress_titles_title":"Montagearten f\u00fcr Pumpen von Kopperschmidt Spritztechnik","_seopress_titles_desc":"Montagearten f\u00fcr Pumpen von Kopperschmidt Spritztechnik, station\u00e4r oder mobil","_seopress_robots_index":"","_et_pb_use_builder":"on","_et_pb_old_content":"","_et_gb_content_width":"","footnotes":""},"class_list":["post-5230","page","type-page","status-publish","hentry"],"_links":{"self":[{"href":"https:\/\/kopperschmidt-spritztechnik.de\/index.php\/wp-json\/wp\/v2\/pages\/5230","targetHints":{"allow":["GET"]}}],"collection":[{"href":"https:\/\/kopperschmidt-spritztechnik.de\/index.php\/wp-json\/wp\/v2\/pages"}],"about":[{"href":"https:\/\/kopperschmidt-spritztechnik.de\/index.php\/wp-json\/wp\/v2\/types\/page"}],"author":[{"embeddable":true,"href":"https:\/\/kopperschmidt-spritztechnik.de\/index.php\/wp-json\/wp\/v2\/users\/2"}],"replies":[{"embeddable":true,"href":"https:\/\/kopperschmidt-spritztechnik.de\/index.php\/wp-json\/wp\/v2\/comments?post=5230"}],"version-history":[{"count":7,"href":"https:\/\/kopperschmidt-spritztechnik.de\/index.php\/wp-json\/wp\/v2\/pages\/5230\/revisions"}],"predecessor-version":[{"id":5590,"href":"https:\/\/kopperschmidt-spritztechnik.de\/index.php\/wp-json\/wp\/v2\/pages\/5230\/revisions\/5590"}],"wp:attachment":[{"href":"https:\/\/kopperschmidt-spritztechnik.de\/index.php\/wp-json\/wp\/v2\/media?parent=5230"}],"curies":[{"name":"wp","href":"https:\/\/api.w.org\/{rel}","templated":true}]}}