{"id":526,"date":"2019-11-11T11:34:15","date_gmt":"2019-11-11T11:34:15","guid":{"rendered":"https:\/\/kopperschmidt-spritztechnik.de\/?page_id=526"},"modified":"2026-03-19T08:49:18","modified_gmt":"2026-03-19T08:49:18","slug":"zubehoer","status":"publish","type":"page","link":"https:\/\/kopperschmidt-spritztechnik.de\/index.php\/zubehoer\/","title":{"rendered":"Zubeh\u00f6r"},"content":{"rendered":"<p>[et_pb_section fb_built=&#8220;1&#8243; _builder_version=&#8220;4.0.6&#8243; use_background_color_gradient=&#8220;on&#8220; background_color_gradient_start=&#8220;#000000&#8243; background_color_gradient_end=&#8220;#c4c4c4&#8243;][et_pb_row column_structure=&#8220;1_3,1_3,1_3&#8243; _builder_version=&#8220;4.0.6&#8243;][et_pb_column type=&#8220;1_3&#8243; _builder_version=&#8220;4.0.6&#8243;][et_pb_blurb title=&#8220;Pumpenzubeh\u00f6r&#8220; url=&#8220;https:\/\/kopperschmidt-spritztechnik.de\/index.php\/pumpenzubehoer\/&#8220; image=&#8220;https:\/\/kopperschmidt-spritztechnik.de\/wp-content\/uploads\/2026\/03\/Kat_Pumpenzubehoer.jpg&#8220; _builder_version=&#8220;4.8.2&#8243; text_orientation=&#8220;center&#8220; link_option_url=&#8220;https:\/\/kopperschmidt-spritztechnik.de\/index.php\/pumpenzubehoer\/&#8220; hover_enabled=&#8220;0&#8243; title_text=&#8220;Kat_Pumpenzubeh\u00f6r&#8220; sticky_enabled=&#8220;0&#8243;]<\/p>\n<p><span style=\"color: #000000;\">Ansaugsysteme, Schl\u00e4uche, Anschlu\u00dfeinheiten, Filter &amp; Siebeins\u00e4tze, Pumpenaufstellung &amp; Montage, usw.<br \/> <\/span><\/p>\n<p>[\/et_pb_blurb][\/et_pb_column][et_pb_column type=&#8220;1_3&#8243; _builder_version=&#8220;4.0.6&#8243;][et_pb_blurb title=&#8220;Pistolenzubeh\u00f6r&#8220; url=&#8220;https:\/\/kopperschmidt-spritztechnik.de\/index.php\/applikationstechnik-2\/pistolenzubehoer\/&#8220; image=&#8220;https:\/\/kopperschmidt-spritztechnik.de\/wp-content\/uploads\/2019\/12\/Prod_Pistolenzubeh\u00f6r.jpg&#8220; _builder_version=&#8220;4.5.1&#8243; text_orientation=&#8220;center&#8220; link_option_url=&#8220;https:\/\/kopperschmidt-spritztechnik.de\/index.php\/applikationstechnik-2\/pistolenzubehoer\/&#8220;]<\/p>\n<p><span style=\"color: #000000;\">Filter, Siebe, D\u00fcsen, Verl\u00e4ngerungen, Reinigungsnadeln, Schl\u00e4uche, Pistolenmontage, usw.<br \/><\/span><\/p>\n<p>[\/et_pb_blurb][\/et_pb_column][et_pb_column type=&#8220;1_3&#8243; _builder_version=&#8220;4.0.6&#8243;][et_pb_blurb title=&#8220;Reglerzubeh\u00f6r&#8220; url=&#8220;https:\/\/kopperschmidt-spritztechnik.de\/index.php\/reglerzubehoer\/&#8220; image=&#8220;https:\/\/kopperschmidt-spritztechnik.de\/wp-content\/uploads\/2019\/12\/Prod_P100-200-270_Steigrohr_Manometer.jpg&#8220; _builder_version=&#8220;4.5.1&#8243; text_orientation=&#8220;center&#8220; link_option_url=&#8220;https:\/\/kopperschmidt-spritztechnik.de\/index.php\/reglerzubehoer\/&#8220;]<\/p>\n<p><span style=\"color: #000000;\">Manometer, Steigrohre, usw.<br \/> <\/span><\/p>\n<p>[\/et_pb_blurb][\/et_pb_column][\/et_pb_row][\/et_pb_section]<\/p>\n","protected":false},"excerpt":{"rendered":"<p>[et_pb_section fb_built=&#8220;1&#8243; _builder_version=&#8220;4.0.6&#8243; use_background_color_gradient=&#8220;on&#8220; background_color_gradient_start=&#8220;#000000&#8243; background_color_gradient_end=&#8220;#c4c4c4&#8243;][et_pb_row column_structure=&#8220;1_3,1_3,1_3&#8243; _builder_version=&#8220;4.0.6&#8243;][et_pb_column type=&#8220;1_3&#8243; _builder_version=&#8220;4.0.6&#8243;][et_pb_blurb title=&#8220;Pumpenzubeh\u00f6r&#8220; url=&#8220;https:\/\/kopperschmidt-spritztechnik.de\/index.php\/pumpenzubehoer\/&#8220; image=&#8220;https:\/\/kopperschmidt-spritztechnik.de\/wp-content\/uploads\/2026\/03\/Kat_Pumpenzubehoer.jpg&#8220; _builder_version=&#8220;4.8.2&#8243; text_orientation=&#8220;center&#8220; link_option_url=&#8220;https:\/\/kopperschmidt-spritztechnik.de\/index.php\/pumpenzubehoer\/&#8220; hover_enabled=&#8220;0&#8243; title_text=&#8220;Kat_Pumpenzubeh\u00f6r&#8220; sticky_enabled=&#8220;0&#8243;] Ansaugsysteme, Schl\u00e4uche, Anschlu\u00dfeinheiten, Filter &amp; Siebeins\u00e4tze, Pumpenaufstellung &amp; Montage, usw. [\/et_pb_blurb][\/et_pb_column][et_pb_column type=&#8220;1_3&#8243; _builder_version=&#8220;4.0.6&#8243;][et_pb_blurb title=&#8220;Pistolenzubeh\u00f6r&#8220; url=&#8220;https:\/\/kopperschmidt-spritztechnik.de\/index.php\/applikationstechnik-2\/pistolenzubehoer\/&#8220; image=&#8220;https:\/\/kopperschmidt-spritztechnik.de\/wp-content\/uploads\/2019\/12\/Prod_Pistolenzubeh\u00f6r.jpg&#8220; _builder_version=&#8220;4.5.1&#8243; text_orientation=&#8220;center&#8220; link_option_url=&#8220;https:\/\/kopperschmidt-spritztechnik.de\/index.php\/applikationstechnik-2\/pistolenzubehoer\/&#8220;] Filter, Siebe, D\u00fcsen, Verl\u00e4ngerungen, Reinigungsnadeln, Schl\u00e4uche, Pistolenmontage, usw. [\/et_pb_blurb][\/et_pb_column][et_pb_column type=&#8220;1_3&#8243; _builder_version=&#8220;4.0.6&#8243;][et_pb_blurb title=&#8220;Reglerzubeh\u00f6r&#8220; url=&#8220;https:\/\/kopperschmidt-spritztechnik.de\/index.php\/reglerzubehoer\/&#8220; image=&#8220;https:\/\/kopperschmidt-spritztechnik.de\/wp-content\/uploads\/2019\/12\/Prod_P100-200-270_Steigrohr_Manometer.jpg&#8220; _builder_version=&#8220;4.5.1&#8243; text_orientation=&#8220;center&#8220; link_option_url=&#8220;https:\/\/kopperschmidt-spritztechnik.de\/index.php\/reglerzubehoer\/&#8220;] [&hellip;]<\/p>\n","protected":false},"author":1,"featured_media":0,"parent":0,"menu_order":0,"comment_status":"closed","ping_status":"closed","template":"","meta":{"_seopress_robots_primary_cat":"","_seopress_titles_title":"","_seopress_titles_desc":"Das Eurotechnik Zubeh\u00f6rprogramm umfa\u00dft Materialfilter, Siebeins\u00e4tze, Ansaugsysteme, D\u00fcsen &amp; D\u00fcsenverl\u00e4ngerungen, Farb- &amp; Luftschl\u00e4uche, Materialkupplungen, usw.","_seopress_robots_index":"","_et_pb_use_builder":"on","_et_pb_old_content":"<!-- wp:divi\/placeholder \/-->","_et_gb_content_width":"","footnotes":""},"class_list":["post-526","page","type-page","status-publish","hentry"],"_links":{"self":[{"href":"https:\/\/kopperschmidt-spritztechnik.de\/index.php\/wp-json\/wp\/v2\/pages\/526","targetHints":{"allow":["GET"]}}],"collection":[{"href":"https:\/\/kopperschmidt-spritztechnik.de\/index.php\/wp-json\/wp\/v2\/pages"}],"about":[{"href":"https:\/\/kopperschmidt-spritztechnik.de\/index.php\/wp-json\/wp\/v2\/types\/page"}],"author":[{"embeddable":true,"href":"https:\/\/kopperschmidt-spritztechnik.de\/index.php\/wp-json\/wp\/v2\/users\/1"}],"replies":[{"embeddable":true,"href":"https:\/\/kopperschmidt-spritztechnik.de\/index.php\/wp-json\/wp\/v2\/comments?post=526"}],"version-history":[{"count":33,"href":"https:\/\/kopperschmidt-spritztechnik.de\/index.php\/wp-json\/wp\/v2\/pages\/526\/revisions"}],"predecessor-version":[{"id":7645,"href":"https:\/\/kopperschmidt-spritztechnik.de\/index.php\/wp-json\/wp\/v2\/pages\/526\/revisions\/7645"}],"wp:attachment":[{"href":"https:\/\/kopperschmidt-spritztechnik.de\/index.php\/wp-json\/wp\/v2\/media?parent=526"}],"curies":[{"name":"wp","href":"https:\/\/api.w.org\/{rel}","templated":true}]}}