{"id":5534,"date":"2021-05-06T10:21:25","date_gmt":"2021-05-06T10:21:25","guid":{"rendered":"https:\/\/kopperschmidt-spritztechnik.de\/?page_id=5534"},"modified":"2021-12-25T09:00:49","modified_gmt":"2021-12-25T09:00:49","slug":"pu_lifter_hobbock_hub500","status":"publish","type":"page","link":"https:\/\/kopperschmidt-spritztechnik.de\/index.php\/pu_lifter_hobbock_hub500\/","title":{"rendered":"PU_Lifter_Hobbock_Hub500"},"content":{"rendered":"<p>[et_pb_section fb_built=&#8220;1&#8243; _builder_version=&#8220;4.0.6&#8243; use_background_color_gradient=&#8220;on&#8220;][et_pb_row _builder_version=&#8220;4.0.6&#8243;][et_pb_column type=&#8220;4_4&#8243; _builder_version=&#8220;4.0.6&#8243;][et_pb_text _builder_version=&#8220;4.8.2&#8243; use_background_color_gradient=&#8220;on&#8220; background_color_gradient_start=&#8220;#000000&#8243; background_color_gradient_end=&#8220;#c4c4c4&#8243;]<\/p>\n<h1 style=\"text-align: center;\"><span style=\"color: #ccffff;\"><strong>Kopperschmidt Pneumatiklifter Light f\u00fcr 30kg Gebinde<br \/> <\/strong><\/span><\/h1>\n<p>[\/et_pb_text][\/et_pb_column][\/et_pb_row][et_pb_row column_structure=&#8220;1_3,1_3,1_3&#8243; _builder_version=&#8220;4.0.6&#8243; use_background_color_gradient=&#8220;on&#8220;][et_pb_column type=&#8220;1_3&#8243; _builder_version=&#8220;4.0.6&#8243;][et_pb_image src=&#8220;https:\/\/kopperschmidt-spritztechnik.de\/wp-content\/uploads\/2021\/05\/Pneumatik-Lifter-light-klapp-Deckel-rund-stand.jpg&#8220; title_text=&#8220;Pneumatik-Lifter light klapp Deckel rund stand&#8220; _builder_version=&#8220;4.8.2&#8243;][\/et_pb_image][et_pb_image src=&#8220;https:\/\/kopperschmidt-spritztechnik.de\/wp-content\/uploads\/2021\/05\/Pneumatik-Lifter-light-Basisversion-Rollensatz.jpg&#8220; title_text=&#8220;Pneumatik-Lifter light Basisversion Rollensatz&#8220; _builder_version=&#8220;4.8.2&#8243; use_background_color_gradient=&#8220;on&#8220; background_color_gradient_start=&#8220;#000000&#8243; background_color_gradient_end=&#8220;#c4c4c4&#8243;][\/et_pb_image][\/et_pb_column][et_pb_column type=&#8220;1_3&#8243; _builder_version=&#8220;4.0.6&#8243;][et_pb_text _builder_version=&#8220;4.8.2&#8243; use_background_color_gradient=&#8220;on&#8220;]<\/p>\n<p><strong><span style=\"color: #000000;\">Technische Daten<\/span><\/strong><br \/> <span style=\"color: #000000;\"> Nutzlast:<\/span><br \/> <span style=\"color: #000000;\"> max. Hub:<\/span><span style=\"color: #000000;\"><\/span><br \/> <span style=\"color: #000000;\"> Lufteingangsdruck max.:<\/span><br \/> <span style=\"color: #000000;\"> Gebindeanschlag:<\/span><br \/> <span style=\"color: #000000;\"> Gewicht:<\/span><br \/> <span style=\"color: #000000;\"> Einhand-Bedienung:<\/span><span style=\"color: #000000;\"><\/span><br \/> <span style=\"color: #000000;\"> Lufteingangsdruck min.:<\/span><br \/> <span style=\"color: #000000;\"> Umgebungstemperatur min.:<\/span><br \/> <span style=\"color: #000000;\"> Umgebungstemperatur max.:<\/span><span style=\"color: #000000;\"><\/span><br \/> <span style=\"color: #000000;\"> Hubgeschwindigkeit &#8222;HEBEN&#8220;:<\/span><br \/> <span style=\"color: #000000;\"> Hubgeschwindigkeit &#8222;SENKEN&#8220;:<\/span><br \/> <span style=\"color: #000000;\"> Deckelausf\u00fchrung 8-kant:<\/span><br \/> <span style=\"color: #000000;\"> Deckelausf\u00fchrung rund, geschlossen:<\/span><br \/> <span style=\"color: #000000;\"> Deckelausf\u00fchrung rund, 1\/3 klappbar:<\/span><br \/> <span style=\"color: #000000;\"> Deckel\u00f6ffnungen standard:<\/span><br \/> <span style=\"color: #000000;\">nicht benutzte Deckel\u00f6ffnungen:<\/span><\/p>\n<p><span style=\"color: #000000;\"><\/span><\/p>\n<p>[\/et_pb_text][\/et_pb_column][et_pb_column type=&#8220;1_3&#8243; _builder_version=&#8220;4.0.6&#8243;][et_pb_text _builder_version=&#8220;4.8.2&#8243;]<\/p>\n<p><strong><span style=\"color: #000000;\">Technische Daten<\/span><\/strong><br \/> <span style=\"color: #000000;\">ca. 25 kg<\/span><br \/> <span style=\"color: #000000;\">500 mm<\/span><span style=\"color: #000000;\"><\/span><br \/> <span style=\"color: #000000;\"> 6 Bar<\/span><br \/> <span style=\"color: #000000;\">JA<\/span><br \/> <span style=\"color: #000000;\"> ca. 20 kg (ohne Pumpe und Deckel)<\/span><br \/> <span style=\"color: #000000;\">Standard<\/span><br \/> <span style=\"color: #000000;\"> 5 Bar<\/span><br \/> <span style=\"color: #000000;\"> + 5 \u00b0C<\/span><br \/> <span style=\"color: #000000;\"> + 40 \u00b0C<\/span><span style=\"color: #000000;\"><\/span><br \/> <span style=\"color: #000000;\">\u00fcber Drosselventil einstellbar<\/span><br \/> <span style=\"color: #000000;\">\u00fcber Drosselventil einstellbar<\/span><br \/> <span style=\"color: #000000;\">Durchmesser ca. 360mm<\/span><br \/> <span style=\"color: #000000;\">Durchmesser ca. 360mm<\/span><br \/> <span style=\"color: #000000;\">Durchmesser ca. 360mm<\/span><br \/> <span style=\"color: #000000;\">3 St\u00fcck (Saugrohr, R\u00fchrwerk, R\u00fccklauf)<\/span><br \/> <span style=\"color: #000000;\"><\/span><span style=\"color: #000000;\">k\u00f6nnen durch optionale Verschlu\u00dfdeckel geschlossen werden<br \/> <\/span><\/p>\n<p><span style=\"color: #000000;\"><\/span><\/p>\n<p>[\/et_pb_text][\/et_pb_column][\/et_pb_row][et_pb_row _builder_version=&#8220;4.0.6&#8243; use_background_color_gradient=&#8220;on&#8220;][et_pb_column type=&#8220;4_4&#8243; _builder_version=&#8220;4.0.6&#8243;][et_pb_text _builder_version=&#8220;4.8.2&#8243;]<\/p>\n<p><span style=\"text-decoration: underline;\"><span style=\"color: #000000; text-decoration: underline;\"><strong>Pneumatisch bet\u00e4tigter Lifter f\u00fcr 30 Liter Gebinde und Anbauger\u00e4te<\/strong><\/span><\/span><\/p>\n<p><span style=\"color: #000000;\">Der Kopperschmidt Pneumatik-Lifter Light f\u00fcr 30 Liter Gebinde ist ein druckluftbetriebenes Hubger\u00e4t in einer kosteng\u00fcnstigen Konstruktion mit Verdrehschutz, konzipiert zum Anheben und Absenken optionaler Anbauger\u00e4te mit oder ohne Deckel.<\/span><\/p>\n<p><span style=\"color: #000000;\"><u>F\u00fcr den Betrieb vorgesehene Anbauten sind:<\/u>\u00a0 druckluftbetriebene R\u00fchrwerke; ein Ansaugrohr mit R\u00fcckschlagventil; ein R\u00fccklaufrohr und\/oder eine Pumpe mit Ansaugsystem.<\/span><\/p>\n<p><span style=\"color: #000000;\">Um die Einsatzm\u00f6glichkeiten besser anzupassen, stehen verschiedene Deckel- sowie Ausstattungsvarianten zur Verf\u00fcgung. Die Basisausf\u00fchrung ist mit Deckelhalterung <\/span><br \/> <span style=\"color: #000000;\"> <em>(ohne Deckel)<\/em> und 1-Handbedienung ausgestattet. Hierzu\u00a0 stehen drei verschiedene standardisierte Deckelvarianten <\/span><br \/> <span style=\"color: #000000;\"> zur Auswahl.<\/span><\/p>\n<p>&nbsp;<\/p>\n<p><span style=\"color: #000000;\"><u>Weitere Optionen sind:<\/u> Pumpenhalterungen und Ansaug-systeme f\u00fcr M2001 bzw. KS2085 \/ KS20853 Pumpen, Anschl\u00e4ge f\u00fcr einfache Fa\u00dfpositionierung, verschiedene R\u00fchrorgane usw..<\/span><\/p>\n<p><span style=\"color: #000000;\">\u00a0<\/span><\/p>\n<p><span style=\"color: #000000;\">F\u00fcr die Montage der optionalen Anbauten stehen verschiedene Flansche f\u00fcr die Deckelmontage zur Verf\u00fcgung.<\/span><\/p>\n<p><span style=\"color: #000000;\">\u00a0<\/span><\/p>\n<p><span style=\"color: #000000;\">Weitere Optionen sind auf Anfrage m\u00f6glich.<\/span><\/p>\n<p>[\/et_pb_text][\/et_pb_column][\/et_pb_row][et_pb_row _builder_version=&#8220;4.0.6&#8243;][et_pb_column type=&#8220;4_4&#8243; _builder_version=&#8220;4.0.6&#8243;][et_pb_text _builder_version=&#8220;4.0.6&#8243; use_background_color_gradient=&#8220;on&#8220; background_color_gradient_start=&#8220;#000000&#8243; background_color_gradient_end=&#8220;#bec4c3&#8243;]<\/p>\n<h1 style=\"text-align: center;\"><span style=\"color: #ccffff;\">Downloads<\/span><\/h1>\n<p>[\/et_pb_text][et_pb_text _builder_version=&#8220;4.8.2&#8243; use_background_color_gradient=&#8220;on&#8220; background_color_gradient_start=&#8220;#000000&#8243; background_color_gradient_end=&#8220;#c4c4c4&#8243; custom_padding=&#8220;1px||8px|||&#8220; hover_enabled=&#8220;0&#8243; sticky_enabled=&#8220;0&#8243;]<\/p>\n<p style=\"text-align: center;\"><span style=\"color: #00ccff;\"><span style=\"color: #ffff00;\"><a href=\"https:\/\/youtu.be\/SmVtY_71L9U%20\" target=\"_blank\" rel=\"noopener noreferrer\" style=\"color: #ffff00;\">Video<\/a><\/span> \u00a0\u00a0\u00a0\u00a0\u00a0 <a href=\"https:\/\/kopperschmidt-spritztechnik.de\/wp-content\/uploads\/2021\/05\/Pneumatik-Lifter-light-30L_PUe_D.pdf\" target=\"_blank\" rel=\"noopener noreferrer\" style=\"color: #00ccff;\">Druckansicht<\/a>\u00a0\u00a0 \u00a0 \u00a0\u00a0\u00a0 <\/span><span style=\"color: #808080;\">Ersatzteilblatt<\/span><span style=\"color: #999999;\"><span style=\"color: #00ccff;\"> \u00a0\u00a0\u00a0\u00a0\u00a0\u00a0\u00a0<a href=\"https:\/\/kopperschmidt-spritztechnik.de\/wp-content\/uploads\/2021\/05\/Pneumatik-Lifter-light-30L_PI_D.pdf\" target=\"_blank\" rel=\"noopener noreferrer\" style=\"color: #00ccff;\">Ausstattungsoptionen<\/a> \u00a0\u00a0\u00a0\u00a0\u00a0\u00a0\u00a0\u00a0\u00a0<a href=\"https:\/\/kopperschmidt-spritztechnik.de\/wp-content\/uploads\/2021\/05\/Pneumatik-Lifter-light-30L_Massblatt_D.pdf\" target=\"_blank\" rel=\"noopener noreferrer\" style=\"color: #00ccff;\">Massblatt 1<\/a> \u00a0\u00a0\u00a0\u00a0\u00a0\u00a0\u00a0<a href=\"https:\/\/kopperschmidt-spritztechnik.de\/wp-content\/uploads\/2021\/05\/Pneumatik-Lifter-light-30L_PI_D.pdf\" target=\"_blank\" rel=\"noopener noreferrer\" style=\"color: #00ccff;\">Deckeloptionen<\/a> \u00a0\u00a0\u00a0\u00a0\u00a0\u00a0 <a href=\"https:\/\/kopperschmidt-spritztechnik.de\/wp-content\/uploads\/2021\/05\/Pneumatik-Lifter-light-30L_PI_D.pdf\" target=\"_blank\" rel=\"noopener noreferrer\" style=\"color: #00ccff;\">Zubeh\u00f6r<\/a> \u00a0\u00a0\u00a0\u00a0\u00a0\u00a0 <\/span><a href=\"https:\/\/kopperschmidt24.de\/produkt-kategorie\/materialhandling\/pneumatik-lifter\/\" target=\"_blank\" rel=\"noopener noreferrer\"><span style=\"color: #00ccff;\">Preisinfo<\/span><\/a><\/span><\/p>\n<p>[\/et_pb_text][et_pb_text _builder_version=&#8220;4.8.2&#8243; use_background_color_gradient=&#8220;on&#8220; background_color_gradient_start=&#8220;#000000&#8243; background_color_gradient_end=&#8220;#c4c4c4&#8243; custom_padding=&#8220;1px||8px|||&#8220; hover_enabled=&#8220;0&#8243; sticky_enabled=&#8220;0&#8243;]<\/p>\n<p style=\"text-align: center;\"><span style=\"color: #00ccff;\"><span style=\"color: #808080;\">Printversion<\/span> \u00a0 \u00a0 \u00a0\u00a0\u00a0 <\/span><span style=\"color: #999999;\"><span style=\"color: #00ccff;\"><span style=\"color: #808080;\">Spareparts<\/span> \u00a0\u00a0\u00a0\u00a0\u00a0\u00a0 <span style=\"color: #808080;\">Lifter-Options<\/span> \u00a0\u00a0\u00a0\u00a0\u00a0\u00a0\u00a0\u00a0 <span style=\"color: #808080;\">Dimensions 1<\/span> \u00a0\u00a0\u00a0\u00a0\u00a0\u00a0 <span style=\"color: #808080;\">Lid-Options<\/span> \u00a0\u00a0\u00a0\u00a0\u00a0\u00a0 <span style=\"color: #808080;\">Accessories<\/span> \u00a0\u00a0\u00a0\u00a0\u00a0\u00a0 <span style=\"color: #808080;\">Mounting<\/span> \u00a0\u00a0\u00a0 <a href=\"https:\/\/kopperschmidt24.de\/produkt-kategorie\/materialhandling\/pneumatik-lifter\/\" target=\"_blank\" rel=\"noopener noreferrer\" style=\"color: #00ccff;\">Prices<\/a><\/span><\/span><\/p>\n<p>[\/et_pb_text][\/et_pb_column][\/et_pb_row][\/et_pb_section]<\/p>\n","protected":false},"excerpt":{"rendered":"<p>[et_pb_section fb_built=&#8220;1&#8243; _builder_version=&#8220;4.0.6&#8243; use_background_color_gradient=&#8220;on&#8220;][et_pb_row _builder_version=&#8220;4.0.6&#8243;][et_pb_column type=&#8220;4_4&#8243; _builder_version=&#8220;4.0.6&#8243;][et_pb_text _builder_version=&#8220;4.8.2&#8243; use_background_color_gradient=&#8220;on&#8220; background_color_gradient_start=&#8220;#000000&#8243; background_color_gradient_end=&#8220;#c4c4c4&#8243;] Kopperschmidt Pneumatiklifter Light f\u00fcr 30kg Gebinde [\/et_pb_text][\/et_pb_column][\/et_pb_row][et_pb_row column_structure=&#8220;1_3,1_3,1_3&#8243; _builder_version=&#8220;4.0.6&#8243; use_background_color_gradient=&#8220;on&#8220;][et_pb_column type=&#8220;1_3&#8243; _builder_version=&#8220;4.0.6&#8243;][et_pb_image src=&#8220;https:\/\/kopperschmidt-spritztechnik.de\/wp-content\/uploads\/2021\/05\/Pneumatik-Lifter-light-klapp-Deckel-rund-stand.jpg&#8220; title_text=&#8220;Pneumatik-Lifter light klapp Deckel rund stand&#8220; _builder_version=&#8220;4.8.2&#8243;][\/et_pb_image][et_pb_image src=&#8220;https:\/\/kopperschmidt-spritztechnik.de\/wp-content\/uploads\/2021\/05\/Pneumatik-Lifter-light-Basisversion-Rollensatz.jpg&#8220; title_text=&#8220;Pneumatik-Lifter light Basisversion Rollensatz&#8220; _builder_version=&#8220;4.8.2&#8243; use_background_color_gradient=&#8220;on&#8220; background_color_gradient_start=&#8220;#000000&#8243; background_color_gradient_end=&#8220;#c4c4c4&#8243;][\/et_pb_image][\/et_pb_column][et_pb_column type=&#8220;1_3&#8243; _builder_version=&#8220;4.0.6&#8243;][et_pb_text _builder_version=&#8220;4.8.2&#8243; use_background_color_gradient=&#8220;on&#8220;] Technische Daten Nutzlast: max. Hub: Lufteingangsdruck max.: Gebindeanschlag: Gewicht: Einhand-Bedienung: Lufteingangsdruck [&hellip;]<\/p>\n","protected":false},"author":2,"featured_media":0,"parent":0,"menu_order":0,"comment_status":"closed","ping_status":"closed","template":"","meta":{"_seopress_robots_primary_cat":"","_seopress_titles_title":"Pneumatklifter Light f\u00fcr 30kg Gebinde","_seopress_titles_desc":"Pneumatiklifter Light f\u00fcr R\u00fchrwerke und Pumpen passend zu 30kg Gebinden, Basisversion inklusive Pneumatik-Steuerventil","_seopress_robots_index":"","_et_pb_use_builder":"on","_et_pb_old_content":"","_et_gb_content_width":"","footnotes":""},"class_list":["post-5534","page","type-page","status-publish","hentry"],"_links":{"self":[{"href":"https:\/\/kopperschmidt-spritztechnik.de\/index.php\/wp-json\/wp\/v2\/pages\/5534","targetHints":{"allow":["GET"]}}],"collection":[{"href":"https:\/\/kopperschmidt-spritztechnik.de\/index.php\/wp-json\/wp\/v2\/pages"}],"about":[{"href":"https:\/\/kopperschmidt-spritztechnik.de\/index.php\/wp-json\/wp\/v2\/types\/page"}],"author":[{"embeddable":true,"href":"https:\/\/kopperschmidt-spritztechnik.de\/index.php\/wp-json\/wp\/v2\/users\/2"}],"replies":[{"embeddable":true,"href":"https:\/\/kopperschmidt-spritztechnik.de\/index.php\/wp-json\/wp\/v2\/comments?post=5534"}],"version-history":[{"count":16,"href":"https:\/\/kopperschmidt-spritztechnik.de\/index.php\/wp-json\/wp\/v2\/pages\/5534\/revisions"}],"predecessor-version":[{"id":5842,"href":"https:\/\/kopperschmidt-spritztechnik.de\/index.php\/wp-json\/wp\/v2\/pages\/5534\/revisions\/5842"}],"wp:attachment":[{"href":"https:\/\/kopperschmidt-spritztechnik.de\/index.php\/wp-json\/wp\/v2\/media?parent=5534"}],"curies":[{"name":"wp","href":"https:\/\/api.w.org\/{rel}","templated":true}]}}