{"id":5581,"date":"2021-05-07T07:21:05","date_gmt":"2021-05-07T07:21:05","guid":{"rendered":"https:\/\/kopperschmidt-spritztechnik.de\/?page_id=5581"},"modified":"2021-12-25T08:18:23","modified_gmt":"2021-12-25T08:18:23","slug":"pu_lifter_hobbock_hub450","status":"publish","type":"page","link":"https:\/\/kopperschmidt-spritztechnik.de\/index.php\/pu_lifter_hobbock_hub450\/","title":{"rendered":"PU_Lifter_Hobbock_Hub450"},"content":{"rendered":"<p>[et_pb_section fb_built=&#8220;1&#8243; _builder_version=&#8220;4.0.6&#8243; use_background_color_gradient=&#8220;on&#8220;][et_pb_row _builder_version=&#8220;4.0.6&#8243;][et_pb_column type=&#8220;4_4&#8243; _builder_version=&#8220;4.0.6&#8243;][et_pb_text _builder_version=&#8220;4.8.2&#8243; use_background_color_gradient=&#8220;on&#8220; background_color_gradient_start=&#8220;#000000&#8243; background_color_gradient_end=&#8220;#c4c4c4&#8243;]<\/p>\n<h1 style=\"text-align: center;\"><span style=\"color: #ccffff;\"><strong>Kopperschmidt Pumpenwagen mit Pneumatiklifter f\u00fcr 30kg Gebinde<br \/> <\/strong><\/span><\/h1>\n<p>[\/et_pb_text][\/et_pb_column][\/et_pb_row][et_pb_row column_structure=&#8220;1_3,1_3,1_3&#8243; _builder_version=&#8220;4.0.6&#8243; use_background_color_gradient=&#8220;on&#8220;][et_pb_column type=&#8220;1_3&#8243; _builder_version=&#8220;4.0.6&#8243;][et_pb_image src=&#8220;https:\/\/kopperschmidt-spritztechnik.de\/wp-content\/uploads\/2021\/01\/P-Wagen-M2001-450-KoPu.jpg&#8220; title_text=&#8220;P-Wagen M2001-450 KoPu&#8220; _builder_version=&#8220;4.8.2&#8243;][\/et_pb_image][et_pb_image src=&#8220;https:\/\/kopperschmidt-spritztechnik.de\/wp-content\/uploads\/2021\/05\/Deckelvariante-8kant-zum-Auflegen.jpg&#8220; title_text=&#8220;Deckelvariante 8kant zum Auflegen&#8220; _builder_version=&#8220;4.8.2&#8243;][\/et_pb_image][\/et_pb_column][et_pb_column type=&#8220;1_3&#8243; _builder_version=&#8220;4.0.6&#8243;][et_pb_text _builder_version=&#8220;4.8.2&#8243; use_background_color_gradient=&#8220;on&#8220;]<\/p>\n<p><strong><span style=\"color: #000000;\">Technische Daten<\/span><\/strong><br \/> <span style=\"color: #000000;\"> Nutzlast:<\/span><br \/> <span style=\"color: #000000;\"> max. Hub:<\/span><span style=\"color: #000000;\"><\/span><br \/> <span style=\"color: #000000;\"> Lufteingangsdruck max.:<\/span><br \/> <span style=\"color: #000000;\"> Gebindeanschlag:<\/span><br \/> <span style=\"color: #000000;\"> Gewicht:<\/span><br \/> <span style=\"color: #000000;\"> Einhand-Bedienung:<\/span><span style=\"color: #000000;\"><\/span><br \/> <span style=\"color: #000000;\"> Lufteingangsdruck min.:<\/span><br \/> <span style=\"color: #000000;\"> Umgebungstemperatur min.:<\/span><br \/> <span style=\"color: #000000;\"> Umgebungstemperatur max.:<\/span><span style=\"color: #000000;\"><\/span><br \/> <span style=\"color: #000000;\"> Hubgeschwindigkeit &#8222;HEBEN&#8220;:<\/span><br \/> <span style=\"color: #000000;\"> Hubgeschwindigkeit &#8222;SENKEN&#8220;:<\/span><br \/> <span style=\"color: #000000;\"> Deckelausf\u00fchrung 8-kant:<\/span><br \/> <span style=\"color: #000000;\">Deckel\u00f6ffnungen:<\/span><\/p>\n<p><span style=\"color: #000000;\"><\/span><\/p>\n<p>[\/et_pb_text][\/et_pb_column][et_pb_column type=&#8220;1_3&#8243; _builder_version=&#8220;4.0.6&#8243;][et_pb_text _builder_version=&#8220;4.8.2&#8243;]<\/p>\n<p><strong><span style=\"color: #000000;\">Technische Daten<\/span><\/strong><br \/> <span style=\"color: #000000;\">ca. 25 kg<\/span><br \/> <span style=\"color: #000000;\">450 mm<\/span><span style=\"color: #000000;\"><\/span><br \/> <span style=\"color: #000000;\"> 6 Bar<\/span><br \/> <span style=\"color: #000000;\">JA<\/span><br \/> <span style=\"color: #000000;\"> ca. 20 kg (ohne Pumpe)<\/span><br \/> <span style=\"color: #000000;\">Standard<\/span><br \/> <span style=\"color: #000000;\"> 5 Bar<\/span><br \/> <span style=\"color: #000000;\"> + 5 \u00b0C<\/span><br \/> <span style=\"color: #000000;\"> + 40 \u00b0C<\/span><span style=\"color: #000000;\"><\/span><br \/> <span style=\"color: #000000;\">\u00fcber Drosselventil einstellbar<\/span><br \/> <span style=\"color: #000000;\">\u00fcber Drosselventil einstellbar<\/span><br \/> <span style=\"color: #000000;\">Durchmesser ca. 360mm<\/span><span style=\"color: #000000;\"><\/span><br \/> <span style=\"color: #000000;\">2 St\u00fcck (Saugrohr, R\u00fchrwerk)<\/span><br \/> <span style=\"color: #000000;\"><br \/> <\/span><\/p>\n<p><span style=\"color: #000000;\"><\/span><\/p>\n<p>[\/et_pb_text][\/et_pb_column][\/et_pb_row][et_pb_row _builder_version=&#8220;4.0.6&#8243; use_background_color_gradient=&#8220;on&#8220;][et_pb_column type=&#8220;4_4&#8243; _builder_version=&#8220;4.0.6&#8243;][et_pb_text _builder_version=&#8220;4.8.2&#8243;]<\/p>\n<p><span style=\"text-decoration: underline;\"><span style=\"color: #000000; text-decoration: underline;\"><strong>Pneumatisch bet\u00e4tigter Lifter f\u00fcr 30 Liter Gebinde und Anbauger\u00e4te<\/strong><\/span><\/span><\/p>\n<p><span style=\"color: #000000;\">Der Kopperschmidt Pumpenwagen mit Pneumatik-Lifter f\u00fcr 30 Liter Gebinde ist ein druckluftbetriebenes Hubger\u00e4t in einer mobilen Ausf\u00fchrung, konzipiert zum Anheben und Absenken optionaler Anbauger\u00e4te ohne Deckel.<\/span><\/p>\n<p>[\/et_pb_text][\/et_pb_column][\/et_pb_row][et_pb_row _builder_version=&#8220;4.0.6&#8243;][et_pb_column type=&#8220;4_4&#8243; _builder_version=&#8220;4.0.6&#8243;][et_pb_text _builder_version=&#8220;4.0.6&#8243; use_background_color_gradient=&#8220;on&#8220; background_color_gradient_start=&#8220;#000000&#8243; background_color_gradient_end=&#8220;#bec4c3&#8243;]<\/p>\n<h1 style=\"text-align: center;\"><span style=\"color: #ccffff;\">Downloads<\/span><\/h1>\n<p>[\/et_pb_text][et_pb_text _builder_version=&#8220;4.8.2&#8243; use_background_color_gradient=&#8220;on&#8220; background_color_gradient_start=&#8220;#000000&#8243; background_color_gradient_end=&#8220;#c4c4c4&#8243; custom_padding=&#8220;1px||8px|||&#8220; hover_enabled=&#8220;0&#8243; sticky_enabled=&#8220;0&#8243;]<\/p>\n<p style=\"text-align: center;\"><span style=\"color: #00ccff;\"><a href=\"https:\/\/kopperschmidt-spritztechnik.de\/wp-content\/uploads\/2021\/05\/P-Wagen_PUe_D.pdf\" target=\"_blank\" rel=\"noopener noreferrer\" style=\"color: #00ccff;\">Druckansicht<\/a>\u00a0\u00a0 \u00a0 \u00a0\u00a0\u00a0 <a href=\"https:\/\/kopperschmidt-spritztechnik.de\/wp-content\/uploads\/2021\/05\/P-Wagen-M2001-450_PD_D.pdf\" target=\"_blank\" rel=\"noopener noreferrer\"><span style=\"color: #00ccff;\">Ersatzteilblatt<\/span><\/a><\/span><span style=\"color: #999999;\"><span style=\"color: #00ccff;\"> \u00a0\u00a0\u00a0\u00a0\u00a0\u00a0\u00a0\u00a0 <span style=\"color: #808080;\">Massblatt 1<\/span> \u00a0\u00a0\u00a0\u00a0\u00a0\u00a0\u00a0<a href=\"https:\/\/kopperschmidt-spritztechnik.de\/wp-content\/uploads\/2021\/05\/Deckelvariante-8kant-zum-Auflegen.jpg\" target=\"_blank\" rel=\"noopener noreferrer\"><span style=\"color: #00ccff;\">Deckeloptionen<\/span><\/a>\u00a0\u00a0\u00a0\u00a0\u00a0\u00a0 <\/span><a href=\"https:\/\/kopperschmidt24.de\/produkt\/pumpenwagen-p-lift\/\" target=\"_blank\" rel=\"noopener noreferrer\"><span style=\"color: #00ccff;\">Preisinfo<\/span><\/a><\/span><\/p>\n<p>[\/et_pb_text][et_pb_text _builder_version=&#8220;4.8.2&#8243; use_background_color_gradient=&#8220;on&#8220; background_color_gradient_start=&#8220;#000000&#8243; background_color_gradient_end=&#8220;#c4c4c4&#8243; custom_padding=&#8220;1px||8px|||&#8220; hover_enabled=&#8220;0&#8243; sticky_enabled=&#8220;0&#8243;]<\/p>\n<p style=\"text-align: center;\"><span style=\"color: #00ccff;\"><a href=\"https:\/\/kopperschmidt-spritztechnik.de\/wp-content\/uploads\/2021\/05\/P-Wagen_PUe_E.pdf\" target=\"_blank\" rel=\"noopener noreferrer\" style=\"color: #00ccff;\">Printversion<\/a> \u00a0 \u00a0 \u00a0\u00a0\u00a0 <\/span><span style=\"color: #999999;\"><span style=\"color: #00ccff;\"><a href=\"https:\/\/kopperschmidt-spritztechnik.de\/wp-content\/uploads\/2021\/05\/P-Wagen-M2001-450_PD_E.pdf\" target=\"_blank\" rel=\"noopener noreferrer\" style=\"color: #00ccff;\">Spareparts<\/a> \u00a0\u00a0\u00a0\u00a0\u00a0\u00a0\u00a0\u00a0 <span style=\"color: #808080;\">Dimensions 1<\/span> \u00a0\u00a0\u00a0\u00a0\u00a0\u00a0 <a href=\"https:\/\/kopperschmidt-spritztechnik.de\/wp-content\/uploads\/2021\/05\/Deckelvariante-8kant-zum-Auflegen.jpg\" target=\"_blank\" rel=\"noopener noreferrer\"><span style=\"color: #808080;\"><span style=\"color: #00ccff;\">Lid-Options<\/span><\/span><\/a> \u00a0\u00a0\u00a0\u00a0\u00a0\u00a0 <a href=\"https:\/\/kopperschmidt24.de\/produkt\/pumpenwagen-p-lift\/\" target=\"_blank\" rel=\"noopener noreferrer\"><span style=\"color: #00ccff;\">Prices<\/span><\/a><\/span><\/span><\/p>\n<p>[\/et_pb_text][\/et_pb_column][\/et_pb_row][\/et_pb_section]<\/p>\n","protected":false},"excerpt":{"rendered":"<p>[et_pb_section fb_built=&#8220;1&#8243; _builder_version=&#8220;4.0.6&#8243; use_background_color_gradient=&#8220;on&#8220;][et_pb_row _builder_version=&#8220;4.0.6&#8243;][et_pb_column type=&#8220;4_4&#8243; _builder_version=&#8220;4.0.6&#8243;][et_pb_text _builder_version=&#8220;4.8.2&#8243; use_background_color_gradient=&#8220;on&#8220; background_color_gradient_start=&#8220;#000000&#8243; background_color_gradient_end=&#8220;#c4c4c4&#8243;] Kopperschmidt Pumpenwagen mit Pneumatiklifter f\u00fcr 30kg Gebinde [\/et_pb_text][\/et_pb_column][\/et_pb_row][et_pb_row column_structure=&#8220;1_3,1_3,1_3&#8243; _builder_version=&#8220;4.0.6&#8243; use_background_color_gradient=&#8220;on&#8220;][et_pb_column type=&#8220;1_3&#8243; _builder_version=&#8220;4.0.6&#8243;][et_pb_image src=&#8220;https:\/\/kopperschmidt-spritztechnik.de\/wp-content\/uploads\/2021\/01\/P-Wagen-M2001-450-KoPu.jpg&#8220; title_text=&#8220;P-Wagen M2001-450 KoPu&#8220; _builder_version=&#8220;4.8.2&#8243;][\/et_pb_image][et_pb_image src=&#8220;https:\/\/kopperschmidt-spritztechnik.de\/wp-content\/uploads\/2021\/05\/Deckelvariante-8kant-zum-Auflegen.jpg&#8220; title_text=&#8220;Deckelvariante 8kant zum Auflegen&#8220; _builder_version=&#8220;4.8.2&#8243;][\/et_pb_image][\/et_pb_column][et_pb_column type=&#8220;1_3&#8243; _builder_version=&#8220;4.0.6&#8243;][et_pb_text _builder_version=&#8220;4.8.2&#8243; use_background_color_gradient=&#8220;on&#8220;] Technische Daten Nutzlast: max. Hub: Lufteingangsdruck max.: Gebindeanschlag: Gewicht: Einhand-Bedienung: Lufteingangsdruck min.: Umgebungstemperatur min.: Umgebungstemperatur max.: [&hellip;]<\/p>\n","protected":false},"author":2,"featured_media":0,"parent":0,"menu_order":0,"comment_status":"closed","ping_status":"closed","template":"","meta":{"_seopress_robots_primary_cat":"","_seopress_titles_title":"Pumpenwagen mit Pneumatiklift","_seopress_titles_desc":"Pumpenwagen mit Pneumatiklift, passend zu 30kg Gebinden, inklusive Pneumatik-Steuerventil","_seopress_robots_index":"","_et_pb_use_builder":"on","_et_pb_old_content":"","_et_gb_content_width":"","footnotes":""},"class_list":["post-5581","page","type-page","status-publish","hentry"],"_links":{"self":[{"href":"https:\/\/kopperschmidt-spritztechnik.de\/index.php\/wp-json\/wp\/v2\/pages\/5581","targetHints":{"allow":["GET"]}}],"collection":[{"href":"https:\/\/kopperschmidt-spritztechnik.de\/index.php\/wp-json\/wp\/v2\/pages"}],"about":[{"href":"https:\/\/kopperschmidt-spritztechnik.de\/index.php\/wp-json\/wp\/v2\/types\/page"}],"author":[{"embeddable":true,"href":"https:\/\/kopperschmidt-spritztechnik.de\/index.php\/wp-json\/wp\/v2\/users\/2"}],"replies":[{"embeddable":true,"href":"https:\/\/kopperschmidt-spritztechnik.de\/index.php\/wp-json\/wp\/v2\/comments?post=5581"}],"version-history":[{"count":13,"href":"https:\/\/kopperschmidt-spritztechnik.de\/index.php\/wp-json\/wp\/v2\/pages\/5581\/revisions"}],"predecessor-version":[{"id":5840,"href":"https:\/\/kopperschmidt-spritztechnik.de\/index.php\/wp-json\/wp\/v2\/pages\/5581\/revisions\/5840"}],"wp:attachment":[{"href":"https:\/\/kopperschmidt-spritztechnik.de\/index.php\/wp-json\/wp\/v2\/media?parent=5581"}],"curies":[{"name":"wp","href":"https:\/\/api.w.org\/{rel}","templated":true}]}}