{"id":6061,"date":"2022-03-22T09:27:51","date_gmt":"2022-03-22T09:27:51","guid":{"rendered":"https:\/\/kopperschmidt-spritztechnik.de\/?page_id=6061"},"modified":"2025-06-12T12:19:07","modified_gmt":"2025-06-12T12:19:07","slug":"jobangebote","status":"publish","type":"page","link":"https:\/\/kopperschmidt-spritztechnik.de\/index.php\/jobangebote\/","title":{"rendered":"Jobangebote"},"content":{"rendered":"<p>[et_pb_section fb_built=&#8220;1&#8243; _builder_version=&#8220;4.8.2&#8243; use_background_color_gradient=&#8220;on&#8220; background_color_gradient_start=&#8220;#000000&#8243; background_color_gradient_end=&#8220;#ffffff&#8220;][et_pb_row _builder_version=&#8220;4.0.6&#8243; background_enable_color=&#8220;off&#8220;][et_pb_column type=&#8220;4_4&#8243; _builder_version=&#8220;4.0.5&#8243;][et_pb_text _builder_version=&#8220;4.8.2&#8243; background_color=&#8220;rgba(0,0,0,0)&#8220;]<\/p>\n<h1 style=\"text-align: left;\"><span style=\"color: #00ccff;\"><b>Aktuelle Jobangebote<\/b><\/span><\/h1>\n<p>&nbsp;<\/p>\n<p>&nbsp;<\/p>\n<p>&nbsp;<\/p>\n<p>&nbsp;<\/p>\n<p>[\/et_pb_text][\/et_pb_column][\/et_pb_row][et_pb_row column_structure=&#8220;2_5,3_5&#8243; _builder_version=&#8220;4.8.2&#8243; background_enable_color=&#8220;off&#8220; border_radii=&#8220;on|2px|2px|2px|2px&#8220; border_width_all=&#8220;1px&#8220; border_color_all=&#8220;#1FD7E0&#8243; box_shadow_style=&#8220;preset1&#8243; box_shadow_blur=&#8220;48px&#8220; box_shadow_color=&#8220;#007FE0&#8243;][et_pb_column type=&#8220;2_5&#8243; _builder_version=&#8220;4.0.5&#8243;][et_pb_text _builder_version=&#8220;4.8.2&#8243; background_color=&#8220;rgba(0,0,0,0)&#8220; custom_margin=&#8220;50px||||false|false&#8220; custom_padding=&#8220;|||50px|false|false&#8220; border_radii=&#8220;on|1px|1px|1px|1px&#8220; border_color_all=&#8220;#007FE0&#8243;]<\/p>\n<h1 style=\"text-align: center;\"><span style=\"color: #00ccff;\"><b>Karrierechancen bei <\/b><\/span><span style=\"color: #00ccff;\"><b>EUROTECHNIK GmbH<br \/><\/b><\/span><\/h1>\n<p>[\/et_pb_text][\/et_pb_column][et_pb_column type=&#8220;3_5&#8243; _builder_version=&#8220;4.8.2&#8243; _module_preset=&#8220;default&#8220;][et_pb_text _builder_version=&#8220;4.8.2&#8243; background_color=&#8220;rgba(0,0,0,0)&#8220; custom_padding=&#8220;|||5px|false|false&#8220; border_width_left=&#8220;2px&#8220; border_color_left=&#8220;#0D91DE&#8220;]<\/p>\n<h4 style=\"text-align: center;\"><span style=\"color: #00ccff;\">Die L. R. Eurotechnik GmbH ist ein familiengef\u00fchrtes Unternehmen im Bereich Maschinenbau und <\/span><span style=\"color: #00ccff;\">Versandgro\u00dfhandel mit Sitz in Euskirchen. <\/span><\/h4>\n<h4 style=\"text-align: center;\"><span style=\"color: #00ccff;\">F\u00fcr verschiedene T\u00e4tigkeitsbereiche bieten wir interessante und abwechslungsreiche Stellen in Vollzeit, Teilzeit oder auf 538\u20ac Basis. <\/span><\/h4>\n<h4 style=\"text-align: center;\"><span style=\"color: #00ccff;\">Sprechen Sie uns bei Interesse gerne an!<br \/> <\/span><\/h4>\n<p>&nbsp;<\/p>\n<p>[\/et_pb_text][\/et_pb_column][\/et_pb_row][et_pb_row column_structure=&#8220;2_5,3_5&#8243; _builder_version=&#8220;4.8.2&#8243; background_enable_color=&#8220;off&#8220; custom_margin=&#8220;50px|auto|124px|auto|false|false&#8220; hover_enabled=&#8220;0&#8243; border_radii=&#8220;on|2px|2px|2px|2px&#8220; border_width_all=&#8220;1px&#8220; border_color_all=&#8220;#1FD7E0&#8243; box_shadow_style=&#8220;preset1&#8243; box_shadow_blur=&#8220;48px&#8220; box_shadow_color=&#8220;#007FE0&#8243; sticky_enabled=&#8220;0&#8243; disabled_on=&#8220;on|on|on&#8220; disabled=&#8220;on&#8220;][et_pb_column type=&#8220;2_5&#8243; _builder_version=&#8220;4.0.5&#8243;][et_pb_text _builder_version=&#8220;4.8.2&#8243; background_color=&#8220;rgba(0,0,0,0)&#8220; custom_margin=&#8220;50px||||false|false&#8220; custom_padding=&#8220;|||50px|false|false&#8220; border_radii=&#8220;on|1px|1px|1px|1px&#8220; border_color_all=&#8220;#007FE0&#8243;]<\/p>\n<h1 style=\"text-align: center;\"><span style=\"color: #00ccff;\"><b>Karrierechancen bei <\/b><\/span><span style=\"color: #00ccff;\"><b>EUROTECHNIK GmbH<br \/><\/b><\/span><\/h1>\n<p>[\/et_pb_text][\/et_pb_column][et_pb_column type=&#8220;3_5&#8243; _builder_version=&#8220;4.8.2&#8243; _module_preset=&#8220;default&#8220; custom_padding=&#8220;||||false|false&#8220;][et_pb_text disabled_on=&#8220;on|on|on&#8220; _builder_version=&#8220;4.8.2&#8243; background_color=&#8220;rgba(0,0,0,0)&#8220; custom_padding=&#8220;||130px|5px|false|false&#8220; border_width_left=&#8220;2px&#8220; border_color_left=&#8220;#0D91DE&#8220; disabled=&#8220;on&#8220;]<\/p>\n<h4 style=\"text-align: center;\"><span style=\"color: #00ccff;\">Aktuell haben wir folgende Stellen zu besetzen:<br \/> <\/span><\/h4>\n<p><span style=\"color: #00ccff;\"><\/span><\/p>\n<p><span style=\"color: #00ccff;\"><\/span><\/p>\n<ul>\n<li><span style=\"text-decoration: underline; color: #00ccff;\"><strong>Marketingassistenz &amp; Mediengestaltung<\/strong> <\/span><\/li>\n<\/ul>\n<p style=\"padding-left: 30px;\"><span style=\"color: #00ccff;\">mit Kenntnissen in Englisch, PhotoShop, MS-Word und MS-Excel<\/span><span style=\"color: #00ccff;\"><\/span><\/p>\n<ul>\n<li><strong><span style=\"text-decoration: underline;\"><span style=\"color: #00ccff; text-decoration: underline;\">Gro\u00df- und Einzelhandelskaufmann\/Kauffrau bzw. B\u00fcrokaufmann\/Frau<br \/><\/span><\/span><\/strong><\/li>\n<\/ul>\n<p style=\"padding-left: 30px;\"><span style=\"color: #00ccff;\">zur Unterst\u00fctzung unserer Ein- und Verkaufsabteilung<br \/><\/span><\/p>\n<ul>\n<li><strong><span style=\"text-decoration: underline;\"><span style=\"color: #00ccff; text-decoration: underline;\">Werkstatthelfer mit handwerklichem Geschick <\/span><\/span><\/strong><\/li>\n<\/ul>\n<p style=\"padding-left: 30px;\"><span style=\"color: #00ccff;\">zur Unterst\u00fctzung unserer Feinwerkmechaniker in der Teilebearbeitung und Lagerorganisation<\/span><\/p>\n<p>&nbsp;<\/p>\n<p>[\/et_pb_text][\/et_pb_column][\/et_pb_row][et_pb_row _builder_version=&#8220;4.8.2&#8243; background_enable_color=&#8220;off&#8220; custom_margin=&#8220;100px||||false|false&#8220; custom_padding=&#8220;||||false|false&#8220;][et_pb_column type=&#8220;4_4&#8243; _builder_version=&#8220;4.0.5&#8243;][et_pb_image src=&#8220;https:\/\/kopperschmidt-spritztechnik.de\/wp-content\/uploads\/2023\/04\/25-Jahre_Eurotechnik_E6_final.jpg&#8220; title_text=&#8220;25 Jahre_Eurotechnik_E6_final&#8220; _builder_version=&#8220;4.8.2&#8243;][\/et_pb_image][\/et_pb_column][\/et_pb_row][\/et_pb_section]<\/p>\n","protected":false},"excerpt":{"rendered":"<p>[et_pb_section fb_built=&#8220;1&#8243; _builder_version=&#8220;4.8.2&#8243; use_background_color_gradient=&#8220;on&#8220; background_color_gradient_start=&#8220;#000000&#8243; background_color_gradient_end=&#8220;#ffffff&#8220;][et_pb_row _builder_version=&#8220;4.0.6&#8243; background_enable_color=&#8220;off&#8220;][et_pb_column type=&#8220;4_4&#8243; _builder_version=&#8220;4.0.5&#8243;][et_pb_text _builder_version=&#8220;4.8.2&#8243; background_color=&#8220;rgba(0,0,0,0)&#8220;] Aktuelle Jobangebote &nbsp; &nbsp; &nbsp; &nbsp; [\/et_pb_text][\/et_pb_column][\/et_pb_row][et_pb_row column_structure=&#8220;2_5,3_5&#8243; _builder_version=&#8220;4.8.2&#8243; background_enable_color=&#8220;off&#8220; border_radii=&#8220;on|2px|2px|2px|2px&#8220; border_width_all=&#8220;1px&#8220; border_color_all=&#8220;#1FD7E0&#8243; box_shadow_style=&#8220;preset1&#8243; box_shadow_blur=&#8220;48px&#8220; box_shadow_color=&#8220;#007FE0&#8243;][et_pb_column type=&#8220;2_5&#8243; _builder_version=&#8220;4.0.5&#8243;][et_pb_text _builder_version=&#8220;4.8.2&#8243; background_color=&#8220;rgba(0,0,0,0)&#8220; custom_margin=&#8220;50px||||false|false&#8220; custom_padding=&#8220;|||50px|false|false&#8220; border_radii=&#8220;on|1px|1px|1px|1px&#8220; border_color_all=&#8220;#007FE0&#8243;] Karrierechancen bei EUROTECHNIK GmbH [\/et_pb_text][\/et_pb_column][et_pb_column type=&#8220;3_5&#8243; _builder_version=&#8220;4.8.2&#8243; _module_preset=&#8220;default&#8220;][et_pb_text _builder_version=&#8220;4.8.2&#8243; background_color=&#8220;rgba(0,0,0,0)&#8220; custom_padding=&#8220;|||5px|false|false&#8220; border_width_left=&#8220;2px&#8220; border_color_left=&#8220;#0D91DE&#8220;] Die L. R. Eurotechnik GmbH ist [&hellip;]<\/p>\n","protected":false},"author":1,"featured_media":0,"parent":0,"menu_order":0,"comment_status":"closed","ping_status":"closed","template":"","meta":{"_seopress_robots_primary_cat":"","_seopress_titles_title":"Jobangebote bei Eurotechnik","_seopress_titles_desc":"Jobangebot;Stellenausschreibung;Jobb\u00f6rse;Arbeitsangebot;Lagerist;B\u00fcrokaufmann;B\u00fcrokauffrau;Mediengestaltung","_seopress_robots_index":"","_et_pb_use_builder":"on","_et_pb_old_content":"","_et_gb_content_width":"","footnotes":""},"class_list":["post-6061","page","type-page","status-publish","hentry"],"_links":{"self":[{"href":"https:\/\/kopperschmidt-spritztechnik.de\/index.php\/wp-json\/wp\/v2\/pages\/6061","targetHints":{"allow":["GET"]}}],"collection":[{"href":"https:\/\/kopperschmidt-spritztechnik.de\/index.php\/wp-json\/wp\/v2\/pages"}],"about":[{"href":"https:\/\/kopperschmidt-spritztechnik.de\/index.php\/wp-json\/wp\/v2\/types\/page"}],"author":[{"embeddable":true,"href":"https:\/\/kopperschmidt-spritztechnik.de\/index.php\/wp-json\/wp\/v2\/users\/1"}],"replies":[{"embeddable":true,"href":"https:\/\/kopperschmidt-spritztechnik.de\/index.php\/wp-json\/wp\/v2\/comments?post=6061"}],"version-history":[{"count":40,"href":"https:\/\/kopperschmidt-spritztechnik.de\/index.php\/wp-json\/wp\/v2\/pages\/6061\/revisions"}],"predecessor-version":[{"id":7208,"href":"https:\/\/kopperschmidt-spritztechnik.de\/index.php\/wp-json\/wp\/v2\/pages\/6061\/revisions\/7208"}],"wp:attachment":[{"href":"https:\/\/kopperschmidt-spritztechnik.de\/index.php\/wp-json\/wp\/v2\/media?parent=6061"}],"curies":[{"name":"wp","href":"https:\/\/api.w.org\/{rel}","templated":true}]}}