{"id":952,"date":"2019-11-15T17:47:38","date_gmt":"2019-11-15T17:47:38","guid":{"rendered":"https:\/\/kopperschmidt-spritztechnik.de\/?page_id=952"},"modified":"2024-11-15T09:49:07","modified_gmt":"2024-11-15T09:49:07","slug":"pistolenzubehoer","status":"publish","type":"page","link":"https:\/\/kopperschmidt-spritztechnik.de\/index.php\/applikationstechnik-2\/pistolenzubehoer\/","title":{"rendered":"Pistolenzubeh\u00f6r"},"content":{"rendered":"<p>[et_pb_section fb_built=&#8220;1&#8243; _builder_version=&#8220;4.0.9&#8243; use_background_color_gradient=&#8220;on&#8220; background_color_gradient_start=&#8220;#000000&#8243; background_color_gradient_end=&#8220;#c4c4c4&#8243;][et_pb_row column_structure=&#8220;1_3,1_3,1_3&#8243; _builder_version=&#8220;4.0.6&#8243;][et_pb_column type=&#8220;1_3&#8243; _builder_version=&#8220;4.0.6&#8243;][et_pb_blurb title=&#8220;Pistolensiebeins\u00e4tze&#8220; url=&#8220;https:\/\/kopperschmidt24.de\/produkt-kategorie\/applikationstechnik\/ks-pistolenzubehoer\/&#8220; url_new_window=&#8220;on&#8220; image=&#8220;https:\/\/kopperschmidt-spritztechnik.de\/wp-content\/uploads\/2019\/12\/Prod_Pistolensiebeins\u00e4tze.jpg&#8220; _builder_version=&#8220;4.8.2&#8243; text_orientation=&#8220;center&#8220; link_option_url=&#8220;https:\/\/kopperschmidt24.de\/produkt-kategorie\/applikationstechnik\/ks-pistolenzubehoer\/&#8220; link_option_url_new_window=&#8220;on&#8220;]<\/p>\n<p><span style=\"color: #000000;\">Pistolensiebeins\u00e4tze zum Stecken und Schrauben<\/span><\/p>\n<p>[\/et_pb_blurb][\/et_pb_column][et_pb_column type=&#8220;1_3&#8243; _builder_version=&#8220;4.0.6&#8243;][et_pb_blurb title=&#8220;D\u00fcsen&#8220; url=&#8220;https:\/\/kopperschmidt24.de\/produkt-kategorie\/applikationstechnik\/ks-pistolenzubehoer\/&#8220; url_new_window=&#8220;on&#8220; image=&#8220;https:\/\/kopperschmidt-spritztechnik.de\/wp-content\/uploads\/2019\/12\/Prod_D\u00fcsen.jpg&#8220; _builder_version=&#8220;4.8.2&#8243; text_orientation=&#8220;center&#8220; link_option_url=&#8220;https:\/\/kopperschmidt24.de\/produkt-kategorie\/applikationstechnik\/ks-pistolenzubehoer\/&#8220; link_option_url_new_window=&#8220;on&#8220;]<\/p>\n<p><span style=\"color: #000000;\">Flach- und Rundstrahld\u00fcsen, Verstelld\u00fcsen<\/span><\/p>\n<p>[\/et_pb_blurb][\/et_pb_column][et_pb_column type=&#8220;1_3&#8243; _builder_version=&#8220;4.0.6&#8243;][et_pb_blurb title=&#8220;D\u00fcsenverl\u00e4ngerungen&#8220; url=&#8220;https:\/\/kopperschmidt24.de\/produkt-kategorie\/applikationstechnik\/ks-pistolenzubehoer\/&#8220; url_new_window=&#8220;on&#8220; image=&#8220;https:\/\/kopperschmidt-spritztechnik.de\/wp-content\/uploads\/2019\/12\/Prod_D\u00fcsenverl\u00e4ngerungen.jpg&#8220; admin_label=&#8220;Informationstext&#8220; _builder_version=&#8220;4.8.2&#8243; text_orientation=&#8220;center&#8220; link_option_url=&#8220;https:\/\/kopperschmidt24.de\/produkt-kategorie\/applikationstechnik\/ks-pistolenzubehoer\/&#8220; link_option_url_new_window=&#8220;on&#8220;]<\/p>\n<p><span style=\"color: #000000;\">Verl\u00e4ngerungen f\u00fcr Airless-D\u00fcsen<\/span><\/p>\n<p>[\/et_pb_blurb][\/et_pb_column][\/et_pb_row][\/et_pb_section][et_pb_section fb_built=&#8220;1&#8243; _builder_version=&#8220;4.0.9&#8243; use_background_color_gradient=&#8220;on&#8220; background_color_gradient_start=&#8220;#000000&#8243; background_color_gradient_end=&#8220;#c4c4c4&#8243;][et_pb_row column_structure=&#8220;1_3,1_3,1_3&#8243; _builder_version=&#8220;4.0.9&#8243;][et_pb_column type=&#8220;1_3&#8243; _builder_version=&#8220;4.0.9&#8243;][et_pb_blurb title=&#8220;Drehgelenke&#8220; url=&#8220;https:\/\/kopperschmidt24.de\/produkt\/drehgelenke1\/&#8220; url_new_window=&#8220;on&#8220; image=&#8220;https:\/\/kopperschmidt-spritztechnik.de\/wp-content\/uploads\/2020\/01\/Prod_Drehgelenk.jpg&#8220; _builder_version=&#8220;4.8.2&#8243; text_orientation=&#8220;center&#8220; link_option_url=&#8220;https:\/\/kopperschmidt24.de\/produkt\/drehgelenke1\/&#8220; link_option_url_new_window=&#8220;on&#8220;]<\/p>\n<p><span style=\"color: #000000;\">Pistolen-Drehgelenke bis 500 Bar<\/span><\/p>\n<p>[\/et_pb_blurb][\/et_pb_column][et_pb_column type=&#8220;1_3&#8243; _builder_version=&#8220;4.0.9&#8243;][et_pb_blurb title=&#8220;Pistolenfilter&#8220; url=&#8220;https:\/\/kopperschmidt24.de\/produkt-kategorie\/applikationstechnik\/ks-pistolenzubehoer\/&#8220; url_new_window=&#8220;on&#8220; image=&#8220;https:\/\/kopperschmidt-spritztechnik.de\/wp-content\/uploads\/2019\/12\/Prod_Schlauchfilter.jpg&#8220; _builder_version=&#8220;4.8.2&#8243; text_orientation=&#8220;center&#8220; link_option_url=&#8220;https:\/\/kopperschmidt24.de\/produkt-kategorie\/applikationstechnik\/ks-pistolenzubehoer\/&#8220; link_option_url_new_window=&#8220;on&#8220;]<\/p>\n<p><span style=\"color: #000000;\">Pistolenfilter bis 250 Bar<\/span><\/p>\n<p>[\/et_pb_blurb][\/et_pb_column][et_pb_column type=&#8220;1_3&#8243; _builder_version=&#8220;4.0.9&#8243;][et_pb_blurb title=&#8220;Materialkupplungen&#8220; url=&#8220;https:\/\/kopperschmidt24.de\/produkt-kategorie\/applikationstechnik\/ks-pistolenzubehoer\/&#8220; url_new_window=&#8220;on&#8220; image=&#8220;https:\/\/kopperschmidt-spritztechnik.de\/wp-content\/uploads\/2019\/12\/Prod_Materialkupplungen.jpg&#8220; _builder_version=&#8220;4.8.2&#8243; text_orientation=&#8220;center&#8220; link_option_url=&#8220;https:\/\/kopperschmidt24.de\/produkt-kategorie\/applikationstechnik\/ks-pistolenzubehoer\/&#8220; link_option_url_new_window=&#8220;on&#8220;]<\/p>\n<p><span style=\"color: #000000;\">Materialkupplungen bis 250 Bar<\/span><\/p>\n<p>[\/et_pb_blurb][\/et_pb_column][\/et_pb_row][\/et_pb_section][et_pb_section fb_built=&#8220;1&#8243; _builder_version=&#8220;4.0.9&#8243; use_background_color_gradient=&#8220;on&#8220; background_color_gradient_start=&#8220;#000000&#8243; background_color_gradient_end=&#8220;#c4c4c4&#8243;][et_pb_row column_structure=&#8220;1_4,1_4,1_4,1_4&#8243; _builder_version=&#8220;4.0.9&#8243;][et_pb_column type=&#8220;1_4&#8243; _builder_version=&#8220;4.0.9&#8243;][et_pb_blurb title=&#8220;D\u00fcsenreinigungsnadeln&#8220; url_new_window=&#8220;on&#8220; image=&#8220;https:\/\/kopperschmidt-spritztechnik.de\/wp-content\/uploads\/2020\/01\/Prod_Duesenreinigungsnadeln-kantige-Sonden-Griff-12er.jpg&#8220; _builder_version=&#8220;4.8.2&#8243; header_text_align=&#8220;center&#8220; link_option_url_new_window=&#8220;on&#8220;]<\/p>\n<p style=\"text-align: center;\"><span style=\"color: #000000;\">Glatte und kantige Sonden f\u00fcr die D\u00fcsenreinigung<\/span><\/p>\n<p>[\/et_pb_blurb][\/et_pb_column][et_pb_column type=&#8220;1_4&#8243; _builder_version=&#8220;4.0.9&#8243;][et_pb_blurb title=&#8220;Farbschl\u00e4uche&#8220; url=&#8220;https:\/\/kopperschmidt24.de\/produkt\/hochdruck-ptfe-farbschlauch\/&#8220; url_new_window=&#8220;on&#8220; image=&#8220;https:\/\/kopperschmidt-spritztechnik.de\/wp-content\/uploads\/2019\/12\/Prod_PTFE-Schlauch.jpg&#8220; _builder_version=&#8220;4.8.2&#8243; text_orientation=&#8220;center&#8220; link_option_url=&#8220;https:\/\/kopperschmidt24.de\/produkt\/hochdruck-ptfe-farbschlauch\/&#8220; link_option_url_new_window=&#8220;on&#8220;]<\/p>\n<p><span style=\"color: #000000;\">PTFE-Farbschl\u00e4uche f\u00fcr Hoch- und Niederdruck<\/span><\/p>\n<p>[\/et_pb_blurb][\/et_pb_column][et_pb_column _builder_version=&#8220;4.8.2&#8243; _module_preset=&#8220;default&#8220; type=&#8220;1_4&#8243;][et_pb_blurb title=&#8220;Farbschl\u00e4uche&#8220; url=&#8220;https:\/\/kopperschmidt24.de\/produkt\/hochdruck-farbschlauch-schwarz\/&#8220; url_new_window=&#8220;on&#8220; image=&#8220;https:\/\/kopperschmidt-spritztechnik.de\/wp-content\/uploads\/2019\/12\/Prod_HD-Farbschlauch.jpg&#8220; _builder_version=&#8220;4.8.2&#8243; text_orientation=&#8220;center&#8220; link_option_url=&#8220;https:\/\/kopperschmidt24.de\/produkt\/hochdruck-farbschlauch-schwarz\/&#8220; link_option_url_new_window=&#8220;on&#8220;]<\/p>\n<p><span style=\"color: #000000;\">Standard-Farbschl\u00e4uche f\u00fcr Hoch- und Niederdruck<\/span><\/p>\n<p>[\/et_pb_blurb][\/et_pb_column][et_pb_column type=&#8220;1_4&#8243; _builder_version=&#8220;4.0.9&#8243;][et_pb_blurb title=&#8220;Pistolenmontage&#8220; url=&#8220;https:\/\/kopperschmidt24.de\/produkt-kategorie\/applikationstechnik\/ks-pistolenzubehoer\/&#8220; url_new_window=&#8220;on&#8220; image=&#8220;https:\/\/kopperschmidt-spritztechnik.de\/wp-content\/uploads\/2020\/08\/KS-AKA_421_Zubeh\u00f6r.jpg&#8220; _builder_version=&#8220;4.8.2&#8243; text_orientation=&#8220;center&#8220; link_option_url=&#8220;https:\/\/kopperschmidt24.de\/produkt-kategorie\/applikationstechnik\/ks-pistolenzubehoer\/&#8220; link_option_url_new_window=&#8220;on&#8220;]<\/p>\n<p><span style=\"color: #000000;\">Montagematerial f\u00fcr Spritzautomaten<br \/> <\/span><\/p>\n<p>[\/et_pb_blurb][\/et_pb_column][\/et_pb_row][\/et_pb_section]<\/p>\n","protected":false},"excerpt":{"rendered":"<p>[et_pb_section fb_built=&#8220;1&#8243; _builder_version=&#8220;4.0.9&#8243; use_background_color_gradient=&#8220;on&#8220; background_color_gradient_start=&#8220;#000000&#8243; background_color_gradient_end=&#8220;#c4c4c4&#8243;][et_pb_row column_structure=&#8220;1_3,1_3,1_3&#8243; _builder_version=&#8220;4.0.6&#8243;][et_pb_column type=&#8220;1_3&#8243; _builder_version=&#8220;4.0.6&#8243;][et_pb_blurb title=&#8220;Pistolensiebeins\u00e4tze&#8220; url=&#8220;https:\/\/kopperschmidt24.de\/produkt-kategorie\/applikationstechnik\/ks-pistolenzubehoer\/&#8220; url_new_window=&#8220;on&#8220; image=&#8220;https:\/\/kopperschmidt-spritztechnik.de\/wp-content\/uploads\/2019\/12\/Prod_Pistolensiebeins\u00e4tze.jpg&#8220; _builder_version=&#8220;4.8.2&#8243; text_orientation=&#8220;center&#8220; link_option_url=&#8220;https:\/\/kopperschmidt24.de\/produkt-kategorie\/applikationstechnik\/ks-pistolenzubehoer\/&#8220; link_option_url_new_window=&#8220;on&#8220;] Pistolensiebeins\u00e4tze zum Stecken und Schrauben [\/et_pb_blurb][\/et_pb_column][et_pb_column type=&#8220;1_3&#8243; _builder_version=&#8220;4.0.6&#8243;][et_pb_blurb title=&#8220;D\u00fcsen&#8220; url=&#8220;https:\/\/kopperschmidt24.de\/produkt-kategorie\/applikationstechnik\/ks-pistolenzubehoer\/&#8220; url_new_window=&#8220;on&#8220; image=&#8220;https:\/\/kopperschmidt-spritztechnik.de\/wp-content\/uploads\/2019\/12\/Prod_D\u00fcsen.jpg&#8220; _builder_version=&#8220;4.8.2&#8243; text_orientation=&#8220;center&#8220; link_option_url=&#8220;https:\/\/kopperschmidt24.de\/produkt-kategorie\/applikationstechnik\/ks-pistolenzubehoer\/&#8220; link_option_url_new_window=&#8220;on&#8220;] Flach- und Rundstrahld\u00fcsen, Verstelld\u00fcsen [\/et_pb_blurb][\/et_pb_column][et_pb_column type=&#8220;1_3&#8243; _builder_version=&#8220;4.0.6&#8243;][et_pb_blurb title=&#8220;D\u00fcsenverl\u00e4ngerungen&#8220; url=&#8220;https:\/\/kopperschmidt24.de\/produkt-kategorie\/applikationstechnik\/ks-pistolenzubehoer\/&#8220; url_new_window=&#8220;on&#8220; image=&#8220;https:\/\/kopperschmidt-spritztechnik.de\/wp-content\/uploads\/2019\/12\/Prod_D\u00fcsenverl\u00e4ngerungen.jpg&#8220; admin_label=&#8220;Informationstext&#8220; _builder_version=&#8220;4.8.2&#8243; text_orientation=&#8220;center&#8220; link_option_url=&#8220;https:\/\/kopperschmidt24.de\/produkt-kategorie\/applikationstechnik\/ks-pistolenzubehoer\/&#8220; link_option_url_new_window=&#8220;on&#8220;] Verl\u00e4ngerungen f\u00fcr Airless-D\u00fcsen [\/et_pb_blurb][\/et_pb_column][\/et_pb_row][\/et_pb_section][et_pb_section fb_built=&#8220;1&#8243; [&hellip;]<\/p>\n","protected":false},"author":1,"featured_media":0,"parent":487,"menu_order":0,"comment_status":"closed","ping_status":"closed","template":"","meta":{"_seopress_robots_primary_cat":"","_seopress_titles_title":"","_seopress_titles_desc":"Pistolenzubeh\u00f6r wie: Pistolensieb, Airlessd\u00fcsen, D\u00fcsenverl\u00e4ngerung, Drehgelenk, Pistolenfilter, Materialkupplung, Farbschlauch, Luftschlauch, Schlauchpaket, ","_seopress_robots_index":"","_et_pb_use_builder":"on","_et_pb_old_content":"","_et_gb_content_width":"","footnotes":""},"class_list":["post-952","page","type-page","status-publish","hentry"],"_links":{"self":[{"href":"https:\/\/kopperschmidt-spritztechnik.de\/index.php\/wp-json\/wp\/v2\/pages\/952","targetHints":{"allow":["GET"]}}],"collection":[{"href":"https:\/\/kopperschmidt-spritztechnik.de\/index.php\/wp-json\/wp\/v2\/pages"}],"about":[{"href":"https:\/\/kopperschmidt-spritztechnik.de\/index.php\/wp-json\/wp\/v2\/types\/page"}],"author":[{"embeddable":true,"href":"https:\/\/kopperschmidt-spritztechnik.de\/index.php\/wp-json\/wp\/v2\/users\/1"}],"replies":[{"embeddable":true,"href":"https:\/\/kopperschmidt-spritztechnik.de\/index.php\/wp-json\/wp\/v2\/comments?post=952"}],"version-history":[{"count":35,"href":"https:\/\/kopperschmidt-spritztechnik.de\/index.php\/wp-json\/wp\/v2\/pages\/952\/revisions"}],"predecessor-version":[{"id":6264,"href":"https:\/\/kopperschmidt-spritztechnik.de\/index.php\/wp-json\/wp\/v2\/pages\/952\/revisions\/6264"}],"up":[{"embeddable":true,"href":"https:\/\/kopperschmidt-spritztechnik.de\/index.php\/wp-json\/wp\/v2\/pages\/487"}],"wp:attachment":[{"href":"https:\/\/kopperschmidt-spritztechnik.de\/index.php\/wp-json\/wp\/v2\/media?parent=952"}],"curies":[{"name":"wp","href":"https:\/\/api.w.org\/{rel}","templated":true}]}}