{"id":985,"date":"2019-11-15T18:37:20","date_gmt":"2019-11-15T18:37:20","guid":{"rendered":"https:\/\/kopperschmidt-spritztechnik.de\/?page_id=985"},"modified":"2025-07-18T08:11:28","modified_gmt":"2025-07-18T08:11:28","slug":"doppelmembranpumpe-ks-20853","status":"publish","type":"page","link":"https:\/\/kopperschmidt-spritztechnik.de\/index.php\/doppelmembranpumpe-ks-20853\/","title":{"rendered":"PU_Doppelmembranpumpe KS-20853"},"content":{"rendered":"<p>[et_pb_section fb_built=&#8220;1&#8243; _builder_version=&#8220;4.0.6&#8243; use_background_color_gradient=&#8220;on&#8220;][et_pb_row _builder_version=&#8220;4.0.6&#8243;][et_pb_column type=&#8220;4_4&#8243; _builder_version=&#8220;4.0.6&#8243;][et_pb_text _builder_version=&#8220;4.0.6&#8243; use_background_color_gradient=&#8220;on&#8220; background_color_gradient_start=&#8220;#000000&#8243; background_color_gradient_end=&#8220;#c4c4c4&#8243;]<\/p>\n<h1 style=\"text-align: center;\"><span style=\"color: #ccffff;\"><strong>Die Kopperschmidt 3:1 Doppelmembranpumpe KS20853<\/strong><\/span><\/h1>\n<p>[\/et_pb_text][\/et_pb_column][\/et_pb_row][et_pb_row column_structure=&#8220;1_3,1_3,1_3&#8243; _builder_version=&#8220;4.0.6&#8243; use_background_color_gradient=&#8220;on&#8220;][et_pb_column type=&#8220;1_3&#8243; _builder_version=&#8220;4.0.6&#8243;][et_pb_image src=&#8220;https:\/\/kopperschmidt-spritztechnik.de\/wp-content\/uploads\/2019\/11\/Shop_KS20853_Wandkonsole.jpg&#8220; _builder_version=&#8220;4.0.6&#8243;][\/et_pb_image][et_pb_image src=&#8220;https:\/\/kopperschmidt-spritztechnik.de\/wp-content\/uploads\/2019\/11\/Prod_KS20853_Winkel.jpg&#8220; _builder_version=&#8220;4.0.6&#8243; use_background_color_gradient=&#8220;on&#8220; background_color_gradient_start=&#8220;#000000&#8243; background_color_gradient_end=&#8220;#c4c4c4&#8243;][\/et_pb_image][\/et_pb_column][et_pb_column type=&#8220;1_3&#8243; _builder_version=&#8220;4.0.6&#8243;][et_pb_text _builder_version=&#8220;4.0.9&#8243; use_background_color_gradient=&#8220;on&#8220;]<\/p>\n<p><strong><span style=\"color: #000000;\">Technische Daten<\/span><\/strong><br \/> <span style=\"color: #000000;\"> \u00dc-Verh\u00e4ltnis:<\/span><br \/> <span style=\"color: #000000;\"> F\u00f6rdermenge max.:<\/span><br \/> <span style=\"color: #000000;\"> zul. Betriebs\u00fcberdruck:<\/span><br \/> <span style=\"color: #000000;\"> Lufteingangsdruck max.:<\/span><br \/> <span style=\"color: #000000;\"> Volumen pro Zyklus (Doppelhub):<\/span><br \/> <span style=\"color: #000000;\"> Gewicht:<\/span><br \/> <span style=\"color: #000000;\"> Saugh\u00f6he (leere Pumpe):<\/span><br \/> <span style=\"color: #000000;\"> Saugh\u00f6he (gef\u00fcllte Pumpe):<\/span><br \/> <span style=\"color: #000000;\"> Lufteingangsdruck min.:<\/span><br \/> <span style=\"color: #000000;\"> Umgebungstemperatur min.:<\/span><br \/> <span style=\"color: #000000;\"> Umgebungstemperatur max.:<\/span><br \/> <span style=\"color: #000000;\"> Mediumstemperatur min.:<\/span><br \/> <span style=\"color: #000000;\"> Mediumstemperatur max.:<\/span><br \/> <span style=\"color: #000000;\"> Hubfrequenz max. (kurz):<\/span><br \/> <span style=\"color: #000000;\"> Hubfrequenz max. (Dauer):<\/span><br \/> <span style=\"color: #000000;\"> Schalldruckpegel*:<\/span><br \/> <span style=\"color: #000000;\"> Luftanschluss:<\/span><br \/> <span style=\"color: #000000;\"> Materialausgang:<\/span><br \/> <span style=\"color: #000000;\"> Materialeingang:<\/span><br \/> <span style=\"color: #000000;\"> oder optional:<\/span><br \/> <span style=\"color: #000000;\"> Medienber\u00fchrten Teile aus:<\/span><\/p>\n<p><span style=\"color: #000000;\">*Messung aus 1 Meter Entfernung<\/span><\/p>\n<p>[\/et_pb_text][\/et_pb_column][et_pb_column type=&#8220;1_3&#8243; _builder_version=&#8220;4.0.6&#8243;][et_pb_text _builder_version=&#8220;4.0.9&#8243;]<\/p>\n<p><strong><span style=\"color: #000000;\">Technische Daten<\/span><\/strong><br \/> <span style=\"color: #000000;\"> 3:1<\/span><br \/> <span style=\"color: #000000;\"> 3,0 l\/min<\/span><br \/> <span style=\"color: #000000;\"> 21 Bar<\/span><br \/> <span style=\"color: #000000;\"> 7 Bar<\/span><br \/> <span style=\"color: #000000;\"> 150 ccm<\/span><br \/> <span style=\"color: #000000;\"> 23 kg<\/span><br \/> <span style=\"color: #000000;\"> 1,5 mWS<\/span><br \/> <span style=\"color: #000000;\"> 6,5 mWS<\/span><br \/> <span style=\"color: #000000;\"> 0,8 bis 1,5 Bar<\/span><br \/> <span style=\"color: #000000;\"> + 5 \u00b0C<\/span><br \/> <span style=\"color: #000000;\"> + 40 \u00b0C<\/span><br \/> <span style=\"color: #000000;\"> +10 \u00b0C<\/span><br \/> <span style=\"color: #000000;\"> +70 \u00b0C<\/span><br \/> <span style=\"color: #000000;\"> 20 DH\/min.<\/span><br \/> <span style=\"color: #000000;\"> 10 DH\/min.<\/span><br \/> <span style=\"color: #000000;\"> 82 dB(A)<\/span><br \/> <span style=\"color: #000000;\"> G1\/4\u201c<\/span><br \/> <span style=\"color: #000000;\"> G3\/8\u201c<\/span><br \/> <span style=\"color: #000000;\"> M26x1,5mm (-M)<\/span><br \/> <span style=\"color: #000000;\"> G3\/4&#8243; (-Z)<\/span><br \/> <span style=\"color: #000000;\"> Edelstahl<\/span><\/p>\n<p>[\/et_pb_text][\/et_pb_column][\/et_pb_row][et_pb_row _builder_version=&#8220;4.0.6&#8243; use_background_color_gradient=&#8220;on&#8220;][et_pb_column type=&#8220;4_4&#8243; _builder_version=&#8220;4.0.6&#8243;][et_pb_text _builder_version=&#8220;4.0.9&#8243;]<\/p>\n<p><span style=\"color: #000000;\">Die KS20853 ist eine robust konstruierte Doppelmembranpumpe entwickelt zum F\u00f6rdern und Lackieren.<\/span><\/p>\n<p><span style=\"color: #000000;\">KS20853 Edelstahl Art.-Nr.: 20853 000005-x mit ATEX<\/span><br \/> <span style=\"color: #000000;\"> Sie ist vielseitig einsetzbar durch Edelstahl im Materialbereich und in Kombination mit der PTFE Membrane<\/span><br \/> <span style=\"color: #000000;\"> bietet sie viele Vorteile:<\/span><\/p>\n<p><span style=\"color: #000000;\">Minimale Pulsation f\u00fcr gleichm\u00e4\u00dfigen Materialstrom beim F\u00f6rdern und Spritzen<\/span><\/p>\n<ul>\n<li><span style=\"color: #000000;\">Vielseitig einsetzbar durch PTFE beschichtete Membrane<\/span><\/li>\n<li><span style=\"color: #000000;\">F\u00fcr wasserbasierende Materialien geeignet durch Edelstahlgeh\u00e4use<\/span><\/li>\n<li><span style=\"color: #000000;\">Einfache Inbetriebnahme durch selbstansaugendes System<\/span><\/li>\n<li><span style=\"color: #000000;\">Wartungsfreies Ger\u00e4t, keine Schmierung erforderlich<\/span><\/li>\n<li><span style=\"color: #000000;\">Integriertes Sicherheitsventil entsprechend den Unfallverh\u00fctungsvorschriften<\/span><\/li>\n<\/ul>\n<p><span style=\"color: #000000;\">Diese Vorteile zusammen mit einer Vielzahl an Zubeh\u00f6r, machen die KS20853 zu einer universell einsetzbaren Pumpe f\u00fcr Materialdr\u00fccke bis 21 Bar und F\u00f6rdermengen bis 3,0 l\/min.<\/span><\/p>\n<p> <span style=\"color: #000000;\"> F\u00fcr die KS20853 steht folgendes Zubeh\u00f6r zu Verf\u00fcgung: <\/span><\/p>\n<ul>\n<li><span style=\"color: #000000;\">Wand- oder Deckelmontage<\/span><\/li>\n<li><span style=\"color: #000000;\">fahrbare Versionen auf Pumpenwagen mit verschiedenen Ansaugsystemen starr, flexibel oder mit Oberbeh\u00e4lter<br \/> <\/span><\/li>\n<li><span style=\"color: #000000;\">f\u00fcr mobile oder station\u00e4re Farbversorgungseinrichtungen auf Pneumatikliftern f\u00fcr Hobbock oder 200L Gebinde.<\/span><\/li>\n<\/ul>\n<p><span style=\"color: #000000;\">\u00a0<\/span><\/p>\n<p>[\/et_pb_text][\/et_pb_column][\/et_pb_row][et_pb_row _builder_version=&#8220;4.0.6&#8243;][et_pb_column type=&#8220;4_4&#8243; _builder_version=&#8220;4.0.6&#8243;][et_pb_text _builder_version=&#8220;4.0.6&#8243; use_background_color_gradient=&#8220;on&#8220; background_color_gradient_start=&#8220;#000000&#8243; background_color_gradient_end=&#8220;#bec4c3&#8243;]<\/p>\n<h1 style=\"text-align: center;\"><span style=\"color: #ccffff;\">Downloads<\/span><\/h1>\n<p>[\/et_pb_text][et_pb_text _builder_version=&#8220;4.8.2&#8243; use_background_color_gradient=&#8220;on&#8220; background_color_gradient_start=&#8220;#000000&#8243; background_color_gradient_end=&#8220;#c4c4c4&#8243; custom_padding=&#8220;||8px|||&#8220; hover_enabled=&#8220;0&#8243; sticky_enabled=&#8220;0&#8243;]<\/p>\n<p style=\"text-align: center;\"><span style=\"color: #00ccff;\"><a href=\"https:\/\/kopperschmidt-spritztechnik.de\/wp-content\/uploads\/2025\/07\/KS20853_PUe_D_0725.pdf\" target=\"_blank\" rel=\"noopener noreferrer\" title=\"Druckansicht\" style=\"color: #00ccff;\">Druckansicht<\/a> \u00a0 \u00a0 \u00a0\u00a0\u00a0\u00a0<a href=\"https:\/\/kopperschmidt-spritztechnik.de\/wp-content\/uploads\/2025\/07\/KS20853_PD_D_e_0725.pdf\" rel=\"attachment wp-att-1438 noopener noreferrer\" target=\"_blank\" style=\"color: #00ccff;\">Ersatzteilblatt<\/a> \u00a0\u00a0\u00a0\u00a0\u00a0\u00a0\u00a0<a href=\"https:\/\/kopperschmidt-spritztechnik.de\/wp-content\/uploads\/2025\/07\/KS20853_MD_D_0725.pdf\" rel=\"attachment wp-att-1436 noopener noreferrer\" target=\"_blank\" style=\"color: #00ccff;\">Materialdatenblatt<\/a> \u00a0\u00a0\u00a0\u00a0\u00a0\u00a0\u00a0\u00a0 <a href=\"https:\/\/kopperschmidt-spritztechnik.de\/wp-content\/uploads\/2025\/07\/KS20853_Massblatt_Winkel_Wandmontagewinkel_D_0725.pdf\" rel=\"attachment wp-att-1435 noopener noreferrer\" target=\"_blank\" style=\"color: #00ccff;\">Massblatt 1<\/a> \u00a0\u00a0\u00a0\u00a0\u00a0\u00a0<a href=\"https:\/\/kopperschmidt-spritztechnik.de\/wp-content\/uploads\/2025\/07\/KS20853_Massblatt_Winkel_D_0725.pdf\" rel=\"attachment wp-att-1434 noopener noreferrer\" target=\"_blank\" style=\"color: #00ccff;\">Massblatt 2<\/a> \u00a0\u00a0\u00a0\u00a0\u00a0 <a href=\"https:\/\/kopperschmidt-spritztechnik.de\/wp-content\/uploads\/2025\/07\/KS20850-KS20853_Wandmontage_PI_D_0725.pdf\" rel=\"attachment wp-att-1433 noopener noreferrer\" target=\"_blank\" style=\"color: #00ccff;\">Wandmontage<\/a> \u00a0\u00a0\u00a0\u00a0\u00a0\u00a0 <a href=\"https:\/\/kopperschmidt-spritztechnik.de\/wp-content\/uploads\/2025\/07\/KS20853_Montagearten_D_0725.pdf\" rel=\"attachment wp-att-1437 noopener noreferrer\" target=\"_blank\" style=\"color: #00ccff;\">Montagearten<\/a> \u00a0\u00a0\u00a0 <a href=\"https:\/\/kopperschmidt24.de\/produkt\/membranpumpe-31-38zoll\/\" target=\"_blank\" rel=\"noopener noreferrer\" style=\"color: #00ccff;\">Preisinfo<\/a><\/span><\/p>\n<p>[\/et_pb_text][et_pb_text _builder_version=&#8220;4.8.2&#8243; use_background_color_gradient=&#8220;on&#8220; background_color_gradient_start=&#8220;#000000&#8243; background_color_gradient_end=&#8220;#c4c4c4&#8243; custom_padding=&#8220;||8px|||&#8220; hover_enabled=&#8220;0&#8243; sticky_enabled=&#8220;0&#8243;]<\/p>\n<p style=\"text-align: center;\"><span style=\"color: #00ccff;\"><a href=\"https:\/\/kopperschmidt-spritztechnik.de\/wp-content\/uploads\/2025\/07\/KS20853_PUe_E_0725.pdf\" target=\"_blank\" rel=\"noopener noreferrer\" style=\"color: #00ccff;\">Printversion<\/a> \u00a0 \u00a0 \u00a0\u00a0\u00a0 <a href=\"https:\/\/kopperschmidt-spritztechnik.de\/wp-content\/uploads\/2025\/07\/KS20853_PD_E_e_0725.pdf\" target=\"_blank\" rel=\"noopener noreferrer\" style=\"color: #00ccff;\">Spareparts<\/a> \u00a0\u00a0\u00a0\u00a0\u00a0\u00a0 <a href=\"https:\/\/kopperschmidt-spritztechnik.de\/wp-content\/uploads\/2025\/07\/KS20853_MD_E_0725.pdf\" target=\"_blank\" rel=\"noopener noreferrer\"><span style=\"color: #00ccff;\">Material Contact Parts<\/span><\/a> \u00a0\u00a0\u00a0\u00a0\u00a0\u00a0\u00a0\u00a0 <a href=\"https:\/\/kopperschmidt-spritztechnik.de\/wp-content\/uploads\/2025\/07\/KS20853_Massblatt_Winkel_Wandmontagewinkel_E_0725.pdf\" rel=\"attachment wp-att-1435 noopener noreferrer\" target=\"_blank\" style=\"color: #00ccff;\">Dimensions 1<\/a> \u00a0\u00a0\u00a0\u00a0\u00a0\u00a0<a href=\"https:\/\/kopperschmidt-spritztechnik.de\/wp-content\/uploads\/2025\/07\/KS20853_Massblatt_Winkel_E_0725.pdf\" rel=\"attachment wp-att-1434 noopener noreferrer\" target=\"_blank\" style=\"color: #00ccff;\">Dimensions 2<\/a> \u00a0\u00a0\u00a0\u00a0\u00a0 <a href=\"https:\/\/kopperschmidt-spritztechnik.de\/wp-content\/uploads\/2025\/07\/KS20850-KS20853_Wandmontage_PI_E_0725.pdf\" target=\"_blank\" rel=\"noopener noreferrer\" style=\"color: #00ccff;\">Wall Mount parts<\/a> \u00a0\u00a0\u00a0\u00a0\u00a0\u00a0 <a href=\"https:\/\/kopperschmidt-spritztechnik.de\/wp-content\/uploads\/2025\/07\/KS20853_Montagearten_E_0725.pdf\" target=\"_blank\" rel=\"noopener noreferrer\" style=\"color: #00ccff;\">Pump Installation<\/a> \u00a0\u00a0\u00a0 <a href=\"https:\/\/kopperschmidt24.de\/produkt\/membranpumpe-31-38zoll\/\" target=\"_blank\" rel=\"noopener noreferrer\" style=\"color: #00ccff;\">Prices<\/a><\/span><\/p>\n<p>[\/et_pb_text][\/et_pb_column][\/et_pb_row][\/et_pb_section]<\/p>\n","protected":false},"excerpt":{"rendered":"<p>[et_pb_section fb_built=&#8220;1&#8243; _builder_version=&#8220;4.0.6&#8243; use_background_color_gradient=&#8220;on&#8220;][et_pb_row _builder_version=&#8220;4.0.6&#8243;][et_pb_column type=&#8220;4_4&#8243; _builder_version=&#8220;4.0.6&#8243;][et_pb_text _builder_version=&#8220;4.0.6&#8243; use_background_color_gradient=&#8220;on&#8220; background_color_gradient_start=&#8220;#000000&#8243; background_color_gradient_end=&#8220;#c4c4c4&#8243;] Die Kopperschmidt 3:1 Doppelmembranpumpe KS20853 [\/et_pb_text][\/et_pb_column][\/et_pb_row][et_pb_row column_structure=&#8220;1_3,1_3,1_3&#8243; _builder_version=&#8220;4.0.6&#8243; use_background_color_gradient=&#8220;on&#8220;][et_pb_column type=&#8220;1_3&#8243; _builder_version=&#8220;4.0.6&#8243;][et_pb_image src=&#8220;https:\/\/kopperschmidt-spritztechnik.de\/wp-content\/uploads\/2019\/11\/Shop_KS20853_Wandkonsole.jpg&#8220; _builder_version=&#8220;4.0.6&#8243;][\/et_pb_image][et_pb_image src=&#8220;https:\/\/kopperschmidt-spritztechnik.de\/wp-content\/uploads\/2019\/11\/Prod_KS20853_Winkel.jpg&#8220; _builder_version=&#8220;4.0.6&#8243; use_background_color_gradient=&#8220;on&#8220; background_color_gradient_start=&#8220;#000000&#8243; background_color_gradient_end=&#8220;#c4c4c4&#8243;][\/et_pb_image][\/et_pb_column][et_pb_column type=&#8220;1_3&#8243; _builder_version=&#8220;4.0.6&#8243;][et_pb_text _builder_version=&#8220;4.0.9&#8243; use_background_color_gradient=&#8220;on&#8220;] Technische Daten \u00dc-Verh\u00e4ltnis: F\u00f6rdermenge max.: zul. Betriebs\u00fcberdruck: Lufteingangsdruck max.: Volumen pro Zyklus (Doppelhub): Gewicht: Saugh\u00f6he (leere Pumpe): Saugh\u00f6he (gef\u00fcllte Pumpe): Lufteingangsdruck min.: [&hellip;]<\/p>\n","protected":false},"author":1,"featured_media":0,"parent":0,"menu_order":0,"comment_status":"closed","ping_status":"closed","template":"","meta":{"_seopress_robots_primary_cat":"","_seopress_titles_title":"","_seopress_titles_desc":"Die KS20853 ist eine robust konstruierte Doppelmembranpumpe entwickelt zum F\u00f6rdern und Lackieren fl\u00fcssiger Medien. ","_seopress_robots_index":"","_et_pb_use_builder":"on","_et_pb_old_content":"<!-- wp:divi\/placeholder \/-->","_et_gb_content_width":"","footnotes":""},"class_list":["post-985","page","type-page","status-publish","hentry"],"_links":{"self":[{"href":"https:\/\/kopperschmidt-spritztechnik.de\/index.php\/wp-json\/wp\/v2\/pages\/985","targetHints":{"allow":["GET"]}}],"collection":[{"href":"https:\/\/kopperschmidt-spritztechnik.de\/index.php\/wp-json\/wp\/v2\/pages"}],"about":[{"href":"https:\/\/kopperschmidt-spritztechnik.de\/index.php\/wp-json\/wp\/v2\/types\/page"}],"author":[{"embeddable":true,"href":"https:\/\/kopperschmidt-spritztechnik.de\/index.php\/wp-json\/wp\/v2\/users\/1"}],"replies":[{"embeddable":true,"href":"https:\/\/kopperschmidt-spritztechnik.de\/index.php\/wp-json\/wp\/v2\/comments?post=985"}],"version-history":[{"count":26,"href":"https:\/\/kopperschmidt-spritztechnik.de\/index.php\/wp-json\/wp\/v2\/pages\/985\/revisions"}],"predecessor-version":[{"id":7298,"href":"https:\/\/kopperschmidt-spritztechnik.de\/index.php\/wp-json\/wp\/v2\/pages\/985\/revisions\/7298"}],"wp:attachment":[{"href":"https:\/\/kopperschmidt-spritztechnik.de\/index.php\/wp-json\/wp\/v2\/media?parent=985"}],"curies":[{"name":"wp","href":"https:\/\/api.w.org\/{rel}","templated":true}]}}